{"id":2105,"date":"2018-09-24T13:04:53","date_gmt":"2018-09-24T12:04:53","guid":{"rendered":"http:\/\/blogsaverroes.juntadeandalucia.es\/ceipdonana\/?page_id=2105"},"modified":"2020-09-11T12:54:28","modified_gmt":"2020-09-11T11:54:28","slug":"bienvenida","status":"publish","type":"page","link":"https:\/\/blogsaverroes.juntadeandalucia.es\/ceipdonana\/bienvenida\/","title":{"rendered":"Bienvenida"},"content":{"rendered":"<h1 id=\"cc-m-header-9124848699\" class=\"\">Bienvenida de la Direcci\u00f3n:<\/h1>\n<p><a href=\"http:\/\/blogsaverroes.juntadeandalucia.es\/ceipdonana\/files\/2015\/03\/foto-carmen.jpg\"><img loading=\"lazy\" decoding=\"async\" class=\"alignnone wp-image-2096\" src=\"http:\/\/blogsaverroes.juntadeandalucia.es\/ceipdonana\/files\/2015\/03\/foto-carmen.jpg\" alt=\"foto carmen\" width=\"134\" height=\"190\" srcset=\"https:\/\/blogsaverroes.juntadeandalucia.es\/ceipdonana\/files\/2015\/03\/foto-carmen.jpg 170w, https:\/\/blogsaverroes.juntadeandalucia.es\/ceipdonana\/files\/2015\/03\/foto-carmen-17x24.jpg 17w, https:\/\/blogsaverroes.juntadeandalucia.es\/ceipdonana\/files\/2015\/03\/foto-carmen-25x36.jpg 25w, https:\/\/blogsaverroes.juntadeandalucia.es\/ceipdonana\/files\/2015\/03\/foto-carmen-34x48.jpg 34w\" sizes=\"(max-width: 134px) 100vw, 134px\" \/><\/a><\/p>\n<p><strong>CARTA DE PRINCIPIO DEL CURSO &nbsp;2020\/21 A NUESTRAS FAMILIAS<\/strong><\/p>\n<p>&nbsp;<\/p>\n<p>Queridas familias:<\/p>\n<p style=\"text-align: center\">Un a\u00f1o m\u00e1s comenzamos por estas fechas un nuevo curso escolar; un curso en el que, nos van a tocar vivir unas circunstancias muy especiales a ra\u00edz de la pandemia COVID19, de la que deseamos, poder afirmar pronto, que se da por finalizada y por ende, retomar nuestras rutinas y compromisos escolares como era habitual.<\/p>\n<p style=\"text-align: center\">Dicho esto, todo el profesorado que compone nuestro centro deseamos que, pese a esta situaci\u00f3n sanitaria, podamos hacer del presente a\u00f1o acad\u00e9mico, un per\u00edodo fruct\u00edfero y provechoso para todos\/as.<\/p>\n<p style=\"text-align: center\">Tras conseguir el desdoble de 3 y 4 a\u00f1os para el curso pasado, retomamos la uni\u00f3n de estas dos unidades por el n\u00famero de alumnado matriculado que de nuevo se ha visto reducido, en relaci\u00f3n a las ratios esperadas por la Delegaci\u00f3n.<\/p>\n<p style=\"text-align: center\">Del mismo modo, ocurre con los cursos de 5\u00ba y 6\u00ba de Educaci\u00f3n Primaria que, para el presente curso estar\u00e1n unidos, mientras que, se separan los cursos de 1\u00ba y 2\u00ba de Educaci\u00f3n Primaria, en aulas y grupos diferentes.<\/p>\n<p style=\"text-align: center\">Comenzamos como cada curso escolar, con ilusi\u00f3n y con ganas de poner en marcha todo lo que nos sea posible dentro de esta etapa sanitaria tan complicada que merma y reduce nuestros planes, ideas y metodolog\u00edas educativas. Aun as\u00ed, dentro del cumplimiento estricto de las medidas relativas a la pandemia COVID-19, procuraremos aunque sea a nivel de aulas y grupos de convivencia, seguir aplicando entre otros, el trabajo basado en ABP (Aprendizaje basado en Proyecto) o la inclusi\u00f3n en mayor medida de conocimientos tecnol\u00f3gicos de la mano de nuestro renovado proyecto TIC, como prevenci\u00f3n de posibles situaciones similares a las ya vividas hace pocos meses.<\/p>\n<p style=\"text-align: center\">Mi deseo, junto con el de mi equipo y compa\u00f1eros\/as, es seguir trabajando por los\/as ni\u00f1os\/as de El Roc\u00edo y hacerlo lo mejor posible, con ese fin nos ponemos a vuestra entera disposici\u00f3n, aunque en este curso ser\u00e1 de forma telem\u00e1tica o bajo cita previa y siguiendo las medidas estipuladas por nuestro protocolo COVID19.<\/p>\n<p style=\"text-align: center\">Durante la primera semana de Septiembre, el profesorado ha estado trabajando para que todo est\u00e9 a punto cuando venga nuestro alumnado, tanto a nivel educativo, curricular, organizativo y sanitario.<\/p>\n<p style=\"text-align: center\">Durante este tiempo se han organizado aulas, horarios, grupos de convivencia, espacios, recreos, aseos, carteler\u00eda, se\u00f1alizaciones, etc., reflexion\u00e1ndose tambi\u00e9n sobre nuestros planes y proyectos, y nuestra manera de ense\u00f1ar que, aunque no ser\u00e1 la misma por todo lo acontecido a nivel mundial, llevar\u00e1 impl\u00edcito el mayor de nuestros esfuerzos, cari\u00f1o, profesionalidad y buen hacer, ante quienes m\u00e1s nos importa, nuestro alumnado.<\/p>\n<p style=\"text-align: center\">Hemos realizado una valoraci\u00f3n del tan peculiar, curso precedente, plante\u00e1ndonos los objetivos prioritarios para el actual.<\/p>\n<p style=\"text-align: center\">Un curso m\u00e1s considero que, para cumplir con nuestros objetivos de educar y ense\u00f1ar, necesitamos vuestra ayuda y colaboraci\u00f3n, pues sin ellos, nuestro trabajo estar\u00eda muy limitado y los resultados obtenidos no ser\u00edan los mismos.<\/p>\n<p style=\"text-align: center\">Hoy m\u00e1s que nunca, debemos remar en la misma direcci\u00f3n, pues son tiempos de incertidumbre para todos\/as nosotros\/as, adultos\/as, as\u00ed que, pong\u00e1monos en la \u201cpiel\u201d de nuestros\/as ni\u00f1os\/as y, procuremos aunar todas las fuerzas posibles, por su bien.<\/p>\n<p style=\"text-align: center\">Queremos transmitirles a todos\/as ustedes el deseo de que estemos en perfecta coordinaci\u00f3n el colegio y las familias y, para ello debemos todos\/as esforzarnos al m\u00e1ximo.<\/p>\n<p style=\"text-align: center\">Entre los objetivos que el colegio se ha planteado para este a\u00f1o acad\u00e9mico est\u00e1n continuar el trabajo de educaci\u00f3n ambiental dentro de nuestro proyecto de Ecoescuela, proseguir con el trabajo de Animaci\u00f3n a la lectoescritura dentro de nuestro Plan de Lectura y Biblioteca, seguir trabajando la educaci\u00f3n en h\u00e1bitos saludables de alimentaci\u00f3n e higiene a trav\u00e9s del Proyecto Creciendo en salud, educar a nuestros alumnos y alumnas en valores de respeto mutuo, equidad, solidaridad\u2026mediante el anterior proyecto y los Proyectos de Igualdad y de Escuela: Espacio de Paz.<\/p>\n<p style=\"text-align: center\">Seguiremos nuestro Proyecto T.I.C., el cual, adem\u00e1s de ser renovado, adquiere un especial protagonismo e importancia este curso m\u00e1s que nunca, mejorando la pr\u00e1ctica docente con la utilizaci\u00f3n de las nuevas tecnolog\u00edas.<\/p>\n<p style=\"text-align: center\">Aprovecho el momento para invitaros una ocasi\u00f3n m\u00e1s, a que visit\u00e9is nuestra p\u00e1gina WEB: <strong>https:\/\/blogsaverroes.juntadeandalucia.es\/ceipdonana\/.<\/strong> Otra forma de llegar a ella es entrando en el buscador de Internet \u201cGoogle\u201d y poniendo en la barra de b\u00fasqueda: CEIP Do\u00f1ana.<\/p>\n<p style=\"text-align: center\">El primer enlace que salga ser\u00e1 nuestra p\u00e1gina web, donde podr\u00e9is consultar todos los documentos importantes de centro, as\u00ed como, actividades realizadas, proyectos, normas de convivencia, protocolos COVID19, etc\u2026<\/p>\n<p style=\"text-align: center\">De la misma manera, estamos presentes desde el curso pasado en la red social \u201cFacebook\u201d, en la que os insto a buscar nuestro perfil y haceros seguidores\/as para estar al d\u00eda de todos los acontecimientos, noticias e informaciones que necesitemos transmitiros.<\/p>\n<p style=\"text-align: center\">Durante muchos cursos atr\u00e1s, venimos desarrollando los programas de apoyo y refuerzo en horario de tarde, organizados y financiados por la Consejer\u00eda de Educaci\u00f3n de la Junta de Andaluc\u00eda &nbsp;en los que se atiende a aquel alumnado que, previo informe de los\/as tutores\/as, lo necesite.<\/p>\n<p style=\"text-align: center\">Dada la importancia de este recurso, siempre os rogamos que desde las familias motiv\u00e9is a vuestros hijos\/as para que asistan a dichas clases. En el momento que nos encontramos, este programa educativo est\u00e1 a\u00fan por determinar. Por lo que, en cuanto tengamos noticias sobre el mismo, os lo haremos llegar por todas las v\u00edas posibles.<\/p>\n<p style=\"text-align: center\">Entre los retos que nuestro colegio se plantea anualmente, est\u00e1 la inquietud de mejorar los resultados acad\u00e9micos y de convivencia del alumnado. Tras lo ocurrido en el mes de marzo con la declaraci\u00f3n del Estado de Alarma, y la forma en la que desde ese momento tuvimos que ejercer el hecho educativo, consideramos fundamental comenzar por repasar y priorizar los contenidos que de una forma u otra, han quedado m\u00e1s aparcados, antes de alcanzar o proponernos otras metas; as\u00ed como en el \u00e1mbito de la convivencia, que ser\u00e1 una ense\u00f1anza modificada y totalmente adaptada a la \u201cnueva normalidad\u201d actual.<\/p>\n<p style=\"text-align: center\">Seguiremos nuestro Plan de trabajo sobre la mejora del razonamiento l\u00f3gico, el desarrollo lectoescritor, incidiendo para ello en la importancia de la lectura y la comprensi\u00f3n lectora, y programas de modificaci\u00f3n de conducta, entre otros, aunque con las medidas ya comentadas en p\u00e1rrafos anteriores.<\/p>\n<p style=\"text-align: center\">Siempre os invitamos, padres y madres, a que form\u00e9is parte activa de la vida escolar de vuestros\/as hijos\/as, pues el colegio ha estado abierto a vuestra participaci\u00f3n en cuantas actividades se han organizado, tanto escolares como complementarias y extraescolares. Haciendo que esta participaci\u00f3n se pudiera hacer efectiva de muchas maneras: desde el Consejo Escolar, a trav\u00e9s de las tutor\u00edas, desde el A.M.P.A., etc.<\/p>\n<p style=\"text-align: center\">Este curso, como ya conoc\u00e9is, la entrada para las familias al centro es inviable, por el tema sanitario, conociendo ya, como os hemos hecho p\u00fablico en distintos foros, las formas de contacto con el equipo directivo, tutores\/as y\/o claustro.<\/p>\n<p style=\"text-align: center\">De nuevo en este curso se har\u00e1 elecci\u00f3n de delegados de padres y madres por clase con el fin de que teng\u00e1is representaci\u00f3n en la organizaci\u00f3n de actividades y decisiones que podamos tomar.<\/p>\n<p style=\"text-align: center\">Desde aqu\u00ed os env\u00edo toda la fuerza y \u00e1nimo, as\u00ed como os pido responsabilidad con las medidas a tomar en casa y en el centro, pues depende de todos\/as, poder frenar esta situaci\u00f3n.<\/p>\n<p style=\"text-align: center\">Despidi\u00e9ndome, en nombre del claustro de profesores\/as al que represento, con los mejores deseos para todas nuestras familias, os env\u00edo un cordial saludo.<\/p>\n<p style=\"text-align: center\"><strong>La Directora<\/strong><\/p>\n<p style=\"text-align: center\"><strong>Fdo: Carmen Roc\u00edo Fern\u00e1ndez Moreno.<\/strong><\/p>\n<p>&nbsp;<\/p>\n","protected":false},"excerpt":{"rendered":"<p>Bienvenida de la Direcci\u00f3n: CARTA DE PRINCIPIO DEL CURSO &nbsp;2020\/21 A NUESTRAS FAMILIAS &nbsp; Queridas familias: Un a\u00f1o m\u00e1s comenzamos por estas fechas un nuevo curso escolar; un curso en el que, nos van&#46;&#46;&#46;<\/p>\n","protected":false},"author":4714,"featured_media":0,"parent":0,"menu_order":0,"comment_status":"open","ping_status":"open","template":"","meta":{"ngg_post_thumbnail":0,"footnotes":"","_mc_calendar":[]},"aioseo_notices":[],"_links":{"self":[{"href":"https:\/\/blogsaverroes.juntadeandalucia.es\/ceipdonana\/wp-json\/wp\/v2\/pages\/2105"}],"collection":[{"href":"https:\/\/blogsaverroes.juntadeandalucia.es\/ceipdonana\/wp-json\/wp\/v2\/pages"}],"about":[{"href":"https:\/\/blogsaverroes.juntadeandalucia.es\/ceipdonana\/wp-json\/wp\/v2\/types\/page"}],"author":[{"embeddable":true,"href":"https:\/\/blogsaverroes.juntadeandalucia.es\/ceipdonana\/wp-json\/wp\/v2\/users\/4714"}],"replies":[{"embeddable":true,"href":"https:\/\/blogsaverroes.juntadeandalucia.es\/ceipdonana\/wp-json\/wp\/v2\/comments?post=2105"}],"version-history":[{"count":5,"href":"https:\/\/blogsaverroes.juntadeandalucia.es\/ceipdonana\/wp-json\/wp\/v2\/pages\/2105\/revisions"}],"predecessor-version":[{"id":7954,"href":"https:\/\/blogsaverroes.juntadeandalucia.es\/ceipdonana\/wp-json\/wp\/v2\/pages\/2105\/revisions\/7954"}],"wp:attachment":[{"href":"https:\/\/blogsaverroes.juntadeandalucia.es\/ceipdonana\/wp-json\/wp\/v2\/media?parent=2105"}],"curies":[{"name":"wp","href":"https:\/\/api.w.org\/{rel}","templated":true}]}}