{"id":2114,"date":"2017-02-09T11:52:13","date_gmt":"2017-02-09T10:52:13","guid":{"rendered":"http:\/\/blogsaverroes.juntadeandalucia.es\/ceipdonana\/?page_id=2114"},"modified":"2020-10-06T07:56:56","modified_gmt":"2020-10-06T06:56:56","slug":"administracion-y-servicios","status":"publish","type":"page","link":"https:\/\/blogsaverroes.juntadeandalucia.es\/ceipdonana\/administracion-y-servicios\/","title":{"rendered":"Administraci\u00f3n y Servicios"},"content":{"rendered":"<div id=\"cc-m-10726234599\" class=\"j-module n j-text \">\n<p><strong>Administrativo:<\/strong>&nbsp;<strong>Alejandro Maraver L\u00f3pez<\/strong><\/p>\n<\/div>\n<div id=\"cc-m-10726237999\" class=\"j-module n j-text \">\n<p><strong>Conserje: Manuel Sim\u00f3n Caro Mart\u00edn<br \/>\n<\/strong><\/p>\n<\/div>\n","protected":false},"excerpt":{"rendered":"<p>Administrativo:&nbsp;Alejandro Maraver L\u00f3pez Conserje: Manuel Sim\u00f3n Caro Mart\u00edn<\/p>\n","protected":false},"author":4714,"featured_media":0,"parent":0,"menu_order":0,"comment_status":"open","ping_status":"open","template":"","meta":{"ngg_post_thumbnail":0,"footnotes":"","_mc_calendar":[]},"aioseo_notices":[],"_links":{"self":[{"href":"https:\/\/blogsaverroes.juntadeandalucia.es\/ceipdonana\/wp-json\/wp\/v2\/pages\/2114"}],"collection":[{"href":"https:\/\/blogsaverroes.juntadeandalucia.es\/ceipdonana\/wp-json\/wp\/v2\/pages"}],"about":[{"href":"https:\/\/blogsaverroes.juntadeandalucia.es\/ceipdonana\/wp-json\/wp\/v2\/types\/page"}],"author":[{"embeddable":true,"href":"https:\/\/blogsaverroes.juntadeandalucia.es\/ceipdonana\/wp-json\/wp\/v2\/users\/4714"}],"replies":[{"embeddable":true,"href":"https:\/\/blogsaverroes.juntadeandalucia.es\/ceipdonana\/wp-json\/wp\/v2\/comments?post=2114"}],"version-history":[{"count":7,"href":"https:\/\/blogsaverroes.juntadeandalucia.es\/ceipdonana\/wp-json\/wp\/v2\/pages\/2114\/revisions"}],"predecessor-version":[{"id":8047,"href":"https:\/\/blogsaverroes.juntadeandalucia.es\/ceipdonana\/wp-json\/wp\/v2\/pages\/2114\/revisions\/8047"}],"wp:attachment":[{"href":"https:\/\/blogsaverroes.juntadeandalucia.es\/ceipdonana\/wp-json\/wp\/v2\/media?parent=2114"}],"curies":[{"name":"wp","href":"https:\/\/api.w.org\/{rel}","templated":true}]}}