{"id":2121,"date":"2017-02-14T10:50:51","date_gmt":"2017-02-14T09:50:51","guid":{"rendered":"http:\/\/blogsaverroes.juntadeandalucia.es\/ceipdonana\/?page_id=2121"},"modified":"2020-10-09T08:46:35","modified_gmt":"2020-10-09T07:46:35","slug":"ecoescuela","status":"publish","type":"page","link":"https:\/\/blogsaverroes.juntadeandalucia.es\/ceipdonana\/ecoescuela\/","title":{"rendered":"Aldea. Educaci\u00f3n Ambiental para la Comunidad Educativa. Modalidad A \u00abRed Andaluza de Ecoescuelas\u00bb."},"content":{"rendered":"<h1 id=\"cc-m-header-11067132099\" class=\"\" style=\"text-align: center\">&nbsp;Proyecto de Ecoescuela<\/h1>\n<p style=\"text-align: justify\">Ecoescuelas es un programa de \u00e1mbito internacional&nbsp;<strong>coordinado por la Fundaci\u00f3n Europea de Educaci\u00f3n Ambiental (FEE) y desarrollado en Espa\u00f1a por la Asociaci\u00f3n de Educaci\u00f3n Ambiental y el Consumidor (ADEAC), miembro de FEE.<\/strong><\/p>\n<p style=\"text-align: justify\">Est\u00e1 dirigido a la gesti\u00f3n y certificaci\u00f3n medioambiental y a la educaci\u00f3n para el desarrollo sostenible en los centros educativos, para aquellos centros que desean trabajar en torno a un proyecto global que suponga educar en el respeto, la responsabilidad, en la convivencia, en la solidaridad, en la generosidad, en la resoluci\u00f3n y an\u00e1lisis de problemas&#8230;<\/p>\n<p style=\"text-align: justify\">La Red Andaluza de Ecoescuelas la conforman 341 centros educativos, de los cuales 61 est\u00e1n galardonados con la \u201cBandera Verde\u201d, que los identifica como modelo de calidad educativa por su coherencia ambiental.<\/p>\n<p><a href=\"http:\/\/blogsaverroes.juntadeandalucia.es\/ceipdonana\/files\/2017\/02\/image-1.jpg\"><img loading=\"lazy\" decoding=\"async\" class=\"aligncenter wp-image-2123 size-full\" src=\"https:\/\/blogsaverroes.juntadeandalucia.es\/ceipdonana\/files\/2017\/02\/image-1.jpg\" alt=\"image (1)\" width=\"254\" height=\"267\" srcset=\"https:\/\/blogsaverroes.juntadeandalucia.es\/ceipdonana\/files\/2017\/02\/image-1.jpg 254w, https:\/\/blogsaverroes.juntadeandalucia.es\/ceipdonana\/files\/2017\/02\/image-1-24x24.jpg 24w, https:\/\/blogsaverroes.juntadeandalucia.es\/ceipdonana\/files\/2017\/02\/image-1-34x36.jpg 34w, https:\/\/blogsaverroes.juntadeandalucia.es\/ceipdonana\/files\/2017\/02\/image-1-46x48.jpg 46w\" sizes=\"(max-width: 254px) 100vw, 254px\" \/><\/a><\/p>\n<p><em><strong>Entre sus objetivos<\/strong><\/em> est\u00e1n:<\/p>\n<ul>\n<li>Hacer del centro educativo un proyecto susceptible de cambios y mejoras, tanto a nivel ecol\u00f3gico como social, coherentemente con los principios de la Educaci\u00f3n Ambiental e impulsado por su propia comunidad educativa.<\/li>\n<li>Sensibilizar, formar y educar sobre la importancia del desarrollo sostenible, haciendo a los individuos m\u00e1s participativos y conscientes, a trav\u00e9s de la mejora de la gesti\u00f3n ambiental de los centros educativos.<\/li>\n<li>Crear una red de centros educativos donde se favorezcan los intercambios y la cooperaci\u00f3n.<\/li>\n<\/ul>\n<p style=\"text-align: justify\">Cada curso escolar, nuestros planes y proyectos del centro son actualizados y dise\u00f1ados para el a\u00f1o acad\u00e9mico, p<span style=\"font-family: 'Open Sans', sans-serif;font-size: 15px;font-style: normal;font-weight: 400;text-align: center\">inchando en el enlace inferior, encontrar\u00e1s nuestro Plan de actuaci\u00f3n (pendiente de actualizaci\u00f3n para el presente curso), en materia de Educaci\u00f3n ambiental-Ecoescuela. De esta forma podr\u00e1s conocer todo lo que llevamos a cabo en nuestro colegio en relaci\u00f3n a ello. La persona encargada de estas actuaciones desde hace varios cursos en nuestro centro es nuestra coordinadora de ecoescuela <\/span><strong style=\"font-family: 'Open Sans', sans-serif;font-size: 15px;font-style: normal\">M\u00aa Patrocinio&nbsp;<\/strong><strong style=\"font-family: 'Open Sans', sans-serif;font-size: 15px;font-style: normal;text-align: center\">Valdera Dom\u00ednguez.&nbsp;<\/strong><\/p>\n<h2 id=\"cc-m-header-10759467299\" style=\"text-align: center\"><a href=\"https:\/\/blogsaverroes.juntadeandalucia.es\/ceipdonana\/files\/2020\/10\/PLAN-DE-ACTUACION-201920.pdf\">PLAN DE ACTUACION 2019-20<\/a><\/h2>\n<p style=\"text-align: center\"><a href=\"https:\/\/blogsaverroes.juntadeandalucia.es\/ceipdonana\/files\/2015\/11\/20151204_131748.jpg\"><img loading=\"lazy\" decoding=\"async\" class=\"alignnone wp-image-3162\" src=\"https:\/\/blogsaverroes.juntadeandalucia.es\/ceipdonana\/files\/2015\/11\/20151204_131748-300x169.jpg\" alt=\"\" width=\"383\" height=\"216\" srcset=\"https:\/\/blogsaverroes.juntadeandalucia.es\/ceipdonana\/files\/2015\/11\/20151204_131748-300x169.jpg 300w, https:\/\/blogsaverroes.juntadeandalucia.es\/ceipdonana\/files\/2015\/11\/20151204_131748-768x432.jpg 768w, https:\/\/blogsaverroes.juntadeandalucia.es\/ceipdonana\/files\/2015\/11\/20151204_131748-1024x576.jpg 1024w, https:\/\/blogsaverroes.juntadeandalucia.es\/ceipdonana\/files\/2015\/11\/20151204_131748-24x14.jpg 24w, https:\/\/blogsaverroes.juntadeandalucia.es\/ceipdonana\/files\/2015\/11\/20151204_131748-36x20.jpg 36w, https:\/\/blogsaverroes.juntadeandalucia.es\/ceipdonana\/files\/2015\/11\/20151204_131748-48x27.jpg 48w, https:\/\/blogsaverroes.juntadeandalucia.es\/ceipdonana\/files\/2015\/11\/20151204_131748.jpg 1600w\" sizes=\"(max-width: 383px) 100vw, 383px\" \/><\/a><\/p>\n<p style=\"text-align: center\">Entre las <em><strong>actuaciones que llevamos<\/strong> <\/em>a cabo en el centro en relaci\u00f3n a este plan\/programa:<\/p>\n<ul>\n<li style=\"text-align: left\">Las llamadas \u00abpatrullas verdes\u00bb.<\/li>\n<li>Reciclaje de desechos del centro.<\/li>\n<li>Alumnado eco-encargado.<\/li>\n<li>Desarrollo de medidas de ahorro.<\/li>\n<li>Ecohuerto.<\/li>\n<li>Alimentaci\u00f3n saludable.<\/li>\n<li>Sensibilizaci\u00f3n como agentes de cambio.<\/li>\n<li>Comit\u00e9 Ambiental.<\/li>\n<li>Efem\u00e9rides relacionadas con la tem\u00e1tica.<\/li>\n<\/ul>\n<p style=\"text-align: center\">Para el presente curso escolar, se habr\u00e1 de tener en cuenta las <strong>medidas y protocolo COVID19,<\/strong> por lo que muchas de estas actividades se ver\u00e1n reducidas, adaptadas, cambiadas y\/o eliminadas&#8230;esperamos pronto retomar nuestra pr\u00e1ctica educativa con una verdadera normalidad, lo antes posible.<\/p>\n","protected":false},"excerpt":{"rendered":"<p>&nbsp;Proyecto de Ecoescuela Ecoescuelas es un programa de \u00e1mbito internacional&nbsp;coordinado por la Fundaci\u00f3n Europea de Educaci\u00f3n Ambiental (FEE) y desarrollado en Espa\u00f1a por la Asociaci\u00f3n de Educaci\u00f3n Ambiental y el Consumidor (ADEAC), miembro de&#46;&#46;&#46;<\/p>\n","protected":false},"author":4714,"featured_media":0,"parent":0,"menu_order":0,"comment_status":"open","ping_status":"open","template":"","meta":{"ngg_post_thumbnail":0,"footnotes":"","_mc_calendar":[]},"aioseo_notices":[],"_links":{"self":[{"href":"https:\/\/blogsaverroes.juntadeandalucia.es\/ceipdonana\/wp-json\/wp\/v2\/pages\/2121"}],"collection":[{"href":"https:\/\/blogsaverroes.juntadeandalucia.es\/ceipdonana\/wp-json\/wp\/v2\/pages"}],"about":[{"href":"https:\/\/blogsaverroes.juntadeandalucia.es\/ceipdonana\/wp-json\/wp\/v2\/types\/page"}],"author":[{"embeddable":true,"href":"https:\/\/blogsaverroes.juntadeandalucia.es\/ceipdonana\/wp-json\/wp\/v2\/users\/4714"}],"replies":[{"embeddable":true,"href":"https:\/\/blogsaverroes.juntadeandalucia.es\/ceipdonana\/wp-json\/wp\/v2\/comments?post=2121"}],"version-history":[{"count":11,"href":"https:\/\/blogsaverroes.juntadeandalucia.es\/ceipdonana\/wp-json\/wp\/v2\/pages\/2121\/revisions"}],"predecessor-version":[{"id":8070,"href":"https:\/\/blogsaverroes.juntadeandalucia.es\/ceipdonana\/wp-json\/wp\/v2\/pages\/2121\/revisions\/8070"}],"wp:attachment":[{"href":"https:\/\/blogsaverroes.juntadeandalucia.es\/ceipdonana\/wp-json\/wp\/v2\/media?parent=2121"}],"curies":[{"name":"wp","href":"https:\/\/api.w.org\/{rel}","templated":true}]}}