{"id":2524,"date":"2017-09-21T16:59:06","date_gmt":"2017-09-21T15:59:06","guid":{"rendered":"https:\/\/blogsaverroes.juntadeandalucia.es\/ceipdonana\/?page_id=2524"},"modified":"2023-11-10T10:23:04","modified_gmt":"2023-11-10T09:23:04","slug":"consejo-escolar","status":"publish","type":"page","link":"https:\/\/blogsaverroes.juntadeandalucia.es\/ceipdonana\/consejo-escolar\/","title":{"rendered":"Consejo Escolar"},"content":{"rendered":"<p>El Consejo Escolar del CEIP Do\u00f1ana para el curso escolar 2023\/2024, est\u00e1 compuesto por los siguientes miembros:<\/p>\n<p><strong><u>Equipo Directivo:<\/u><\/strong><\/p>\n<p>D\u00f1a. Carmen Roc\u00edo Fern\u00e1ndez Moreno<\/p>\n<p>D\u00f1a. Nuria Salas Camacho<\/p>\n<p>D. Diego Jes\u00fas Ben\u00edtez Vega<\/p>\n<p>&nbsp;<\/p>\n<p><strong><u>Sector Profesorado:<\/u><\/strong><\/p>\n<p>&nbsp;<\/p>\n<p>D\u00f1a. Carolina L\u00f3pez Mart\u00edn<\/p>\n<p>D. Javier Delgado Espinosa<\/p>\n<p>D\u00f1a. M\u00aa Dolores Mora Rebollo<\/p>\n<p>D: Sebasti\u00e1n Valladolid Mart\u00edn<\/p>\n<p>&nbsp;<\/p>\n<p><strong>Coordinador\/a del Plan de Igualdad:<\/strong><\/p>\n<p>D\u00f1a. Roc\u00edo Maraver Mart\u00edn<\/p>\n<p>&nbsp;<\/p>\n<p><strong><u>Sector padres\/madres:<\/u><\/strong><\/p>\n<p>D\u00f1a. Cristina Joaqu\u00edn N\u00fa\u00f1ez<\/p>\n<p>D\u00f1a. Mar\u00eda Jos\u00e9 Laino M\u00e1rquez<\/p>\n<p>D\u00f1a. Mar\u00eda Let Montoto<\/p>\n<p>D\u00f1a. Juana Mar\u00eda Mart\u00ednez M\u00e1rquez<\/p>\n<p>D\u00f1a. Ileana Adriana Toma<\/p>\n<p>&nbsp;<\/p>\n<p>&nbsp;<\/p>\n<p><strong>Representante AMPA:<\/strong><\/p>\n<p>D\u00f1a. Mar\u00eda Jos\u00e9 Vega Arias<\/p>\n<p>&nbsp;<\/p>\n<p><strong><u>Sector Personal de Administraci\u00f3n y Servicio:<\/u><\/strong><\/p>\n<p>&nbsp;<\/p>\n<p><strong><u>Representante del Ayuntamiento:<\/u><\/strong><\/p>\n<p>D\u00f1a. Ana Roc\u00edo Saavedra P\u00e9rez<\/p>\n<p>&nbsp;<\/p>\n","protected":false},"excerpt":{"rendered":"<p>El Consejo Escolar del CEIP Do\u00f1ana para el curso escolar 2023\/2024, est\u00e1 compuesto por los siguientes miembros: Equipo Directivo: D\u00f1a. Carmen Roc\u00edo Fern\u00e1ndez Moreno D\u00f1a. Nuria Salas Camacho D. Diego Jes\u00fas Ben\u00edtez Vega &nbsp;&#46;&#46;&#46;<\/p>\n","protected":false},"author":4714,"featured_media":0,"parent":0,"menu_order":0,"comment_status":"closed","ping_status":"closed","template":"","meta":{"ngg_post_thumbnail":0,"footnotes":"","_mc_calendar":[]},"aioseo_notices":[],"_links":{"self":[{"href":"https:\/\/blogsaverroes.juntadeandalucia.es\/ceipdonana\/wp-json\/wp\/v2\/pages\/2524"}],"collection":[{"href":"https:\/\/blogsaverroes.juntadeandalucia.es\/ceipdonana\/wp-json\/wp\/v2\/pages"}],"about":[{"href":"https:\/\/blogsaverroes.juntadeandalucia.es\/ceipdonana\/wp-json\/wp\/v2\/types\/page"}],"author":[{"embeddable":true,"href":"https:\/\/blogsaverroes.juntadeandalucia.es\/ceipdonana\/wp-json\/wp\/v2\/users\/4714"}],"replies":[{"embeddable":true,"href":"https:\/\/blogsaverroes.juntadeandalucia.es\/ceipdonana\/wp-json\/wp\/v2\/comments?post=2524"}],"version-history":[{"count":13,"href":"https:\/\/blogsaverroes.juntadeandalucia.es\/ceipdonana\/wp-json\/wp\/v2\/pages\/2524\/revisions"}],"predecessor-version":[{"id":11145,"href":"https:\/\/blogsaverroes.juntadeandalucia.es\/ceipdonana\/wp-json\/wp\/v2\/pages\/2524\/revisions\/11145"}],"wp:attachment":[{"href":"https:\/\/blogsaverroes.juntadeandalucia.es\/ceipdonana\/wp-json\/wp\/v2\/media?parent=2524"}],"curies":[{"name":"wp","href":"https:\/\/api.w.org\/{rel}","templated":true}]}}