{"id":2587,"date":"2017-09-04T09:05:13","date_gmt":"2017-09-04T08:05:13","guid":{"rendered":"https:\/\/blogsaverroes.juntadeandalucia.es\/ceipdonana\/?page_id=2587"},"modified":"2020-10-02T18:32:32","modified_gmt":"2020-10-02T17:32:32","slug":"transporte-escolar","status":"publish","type":"page","link":"https:\/\/blogsaverroes.juntadeandalucia.es\/ceipdonana\/transporte-escolar\/","title":{"rendered":"Transporte Escolar"},"content":{"rendered":"<p>Uno de los servicios complementarios ofertados en nuestro centro educativo es el de transporte escolar. A continuaci\u00f3n pod\u00e9is encontrar la solicitud necesaria para hacer uso del servicio, que debes rellenar y entregar en la secretar\u00eda del centro, as\u00ed como las principales normas de uso:<\/p>\n<p style=\"text-align: center\"><strong><span style=\"text-decoration: underline\">SOLICITUD DE TRANSPORTE ESCOLAR<\/span>: <a href=\"https:\/\/blogsaverroes.juntadeandalucia.es\/ceipdonana\/files\/2019\/09\/SolicitudTransporte.pdf\" target=\"_blank\" rel=\"noopener noreferrer\">Descargar aqu\u00ed<\/a><\/strong><\/p>\n<p>&nbsp;<\/p>\n<p style=\"text-align: center\"><span style=\"text-decoration: underline\"><strong>NORMAS PARA EL USO TRANSPORTE ESCOLAR<\/strong><\/span><\/p>\n<p style=\"text-align: center\"><strong>Las siguientes normas han sido elaboradas por el Centro con el objet<\/strong><img loading=\"lazy\" decoding=\"async\" class=\"wp-image-7140 alignright\" src=\"https:\/\/blogsaverroes.juntadeandalucia.es\/ceipdonana\/files\/2019\/09\/transporte-300x295.jpg\" alt=\"\" width=\"221\" height=\"217\" srcset=\"https:\/\/blogsaverroes.juntadeandalucia.es\/ceipdonana\/files\/2019\/09\/transporte-300x295.jpg 300w, https:\/\/blogsaverroes.juntadeandalucia.es\/ceipdonana\/files\/2019\/09\/transporte-768x755.jpg 768w, https:\/\/blogsaverroes.juntadeandalucia.es\/ceipdonana\/files\/2019\/09\/transporte-1024x1007.jpg 1024w, https:\/\/blogsaverroes.juntadeandalucia.es\/ceipdonana\/files\/2019\/09\/transporte-24x24.jpg 24w, https:\/\/blogsaverroes.juntadeandalucia.es\/ceipdonana\/files\/2019\/09\/transporte-36x36.jpg 36w, https:\/\/blogsaverroes.juntadeandalucia.es\/ceipdonana\/files\/2019\/09\/transporte-48x48.jpg 48w, https:\/\/blogsaverroes.juntadeandalucia.es\/ceipdonana\/files\/2019\/09\/transporte.jpg 1600w\" sizes=\"(max-width: 221px) 100vw, 221px\" \/><strong>ivo de conseguir un TRANSPORTE ESCOLAR seguro con un funcionamiento \u00f3ptimo para todos\/as los\/as escolares.<\/strong><strong>&nbsp;<\/strong><\/p>\n<ul>\n<li>Las entradas y salidas del autob\u00fas escolar se har\u00e1 en orden.<\/li>\n<li>En el autob\u00fas se ir\u00e1 en todo momento sentado y cada alumno\/a ocupar\u00e1 el asiento que le ha sido asignado.<\/li>\n<li>Dentro del autob\u00fas no se podr\u00e1 comer ni tirar papeles o desperdicio alguno.<\/li>\n<li>Hay que estar puntuales en las diferentes paradas del autob\u00fas.<\/li>\n<li>Dentro del autob\u00fas se mantendr\u00e1 una actitud de compa\u00f1erismo y respeto evitando ri\u00f1as y peleas.<\/li>\n<li>A la salida del recinto escolar el alumnado se colocar\u00e1 al lado del autob\u00fas escolar en espera&nbsp; de que la monitora (monitora de transporte D\u00aa M\u00f3nica Bejarano) le facilite la entrada al mismo.<\/li>\n<li>Se atender\u00e1 las indicaciones que tanto la monitora como el conductor del autob\u00fas hagan, ya que estar\u00e1n encaminadas a velar por la seguridad de todos\/as.<\/li>\n<\/ul>\n<p style=\"text-align: center\">Estas normas son de obligado cumplimiento ya que el transporte escolar es un servicio educativo m\u00e1s y por tanto en caso de un uso indebido de \u00e9ste, se aplicar\u00e1 el decreto de derechos y deberes y se proceder\u00e1 a aplicar la sanci\u00f3n correspondiente que en este caso ser\u00e1 la <strong><em>no utilizaci\u00f3n del transporte escolar durante los d\u00edas que se determine.<\/em><\/strong><\/p>\n<p style=\"text-align: center\">Asimismo, este curso, se deber\u00e1 prestar especial atenci\u00f3n a las nuevas medidas de seguridad derivadas del <a title=\"COVID-19\" href=\"https:\/\/blogsaverroes.juntadeandalucia.es\/ceipdonana\/covid-19\/\" target=\"_blank\" rel=\"noopener noreferrer\"><strong>PROTOCOLO COVID DE NUESTRO CENTRO<\/strong><\/a> as\u00ed como las propias del transporte escolar, entre \u00e9stas, el uso de la mascarilla en todo momento durante el citado transporte.<\/p>\n","protected":false},"excerpt":{"rendered":"<p>Uno de los servicios complementarios ofertados en nuestro centro educativo es el de transporte escolar. A continuaci\u00f3n pod\u00e9is encontrar la solicitud necesaria para hacer uso del servicio, que debes rellenar y entregar en la&#46;&#46;&#46;<\/p>\n","protected":false},"author":4714,"featured_media":0,"parent":0,"menu_order":0,"comment_status":"closed","ping_status":"closed","template":"","meta":{"ngg_post_thumbnail":0,"footnotes":"","_mc_calendar":[]},"aioseo_notices":[],"_links":{"self":[{"href":"https:\/\/blogsaverroes.juntadeandalucia.es\/ceipdonana\/wp-json\/wp\/v2\/pages\/2587"}],"collection":[{"href":"https:\/\/blogsaverroes.juntadeandalucia.es\/ceipdonana\/wp-json\/wp\/v2\/pages"}],"about":[{"href":"https:\/\/blogsaverroes.juntadeandalucia.es\/ceipdonana\/wp-json\/wp\/v2\/types\/page"}],"author":[{"embeddable":true,"href":"https:\/\/blogsaverroes.juntadeandalucia.es\/ceipdonana\/wp-json\/wp\/v2\/users\/4714"}],"replies":[{"embeddable":true,"href":"https:\/\/blogsaverroes.juntadeandalucia.es\/ceipdonana\/wp-json\/wp\/v2\/comments?post=2587"}],"version-history":[{"count":6,"href":"https:\/\/blogsaverroes.juntadeandalucia.es\/ceipdonana\/wp-json\/wp\/v2\/pages\/2587\/revisions"}],"predecessor-version":[{"id":7997,"href":"https:\/\/blogsaverroes.juntadeandalucia.es\/ceipdonana\/wp-json\/wp\/v2\/pages\/2587\/revisions\/7997"}],"wp:attachment":[{"href":"https:\/\/blogsaverroes.juntadeandalucia.es\/ceipdonana\/wp-json\/wp\/v2\/media?parent=2587"}],"curies":[{"name":"wp","href":"https:\/\/api.w.org\/{rel}","templated":true}]}}