{"id":2657,"date":"2018-05-04T10:53:39","date_gmt":"2018-05-04T09:53:39","guid":{"rendered":"https:\/\/blogsaverroes.juntadeandalucia.es\/ceipdonana\/?page_id=2657"},"modified":"2018-06-04T10:58:21","modified_gmt":"2018-06-04T09:58:21","slug":"documentos-del-centro","status":"publish","type":"page","link":"https:\/\/blogsaverroes.juntadeandalucia.es\/ceipdonana\/documentos-del-centro\/","title":{"rendered":"Documentos del centro"},"content":{"rendered":"<p style=\"text-align: center\">En el presente curso, nos encontramos en plena fase de renovaci\u00f3n y actualizaci\u00f3n de los documentos del centro, por lo que, \u00e9stos, ser\u00e1n subidos a la web cuando est\u00e9 finalizada su revisi\u00f3n y aprobada su validez.<\/p>\n<p style=\"text-align: center\"><strong>\u00a1DISCULPEN LAS MOLESTIAS!<\/strong><\/p>\n","protected":false},"excerpt":{"rendered":"<p>En el presente curso, nos encontramos en plena fase de renovaci\u00f3n y actualizaci\u00f3n de los documentos del centro, por lo que, \u00e9stos, ser\u00e1n subidos a la web cuando est\u00e9 finalizada su revisi\u00f3n y aprobada&#46;&#46;&#46;<\/p>\n","protected":false},"author":4714,"featured_media":0,"parent":0,"menu_order":0,"comment_status":"closed","ping_status":"closed","template":"","meta":{"ngg_post_thumbnail":0,"footnotes":"","_mc_calendar":[]},"aioseo_notices":[],"_links":{"self":[{"href":"https:\/\/blogsaverroes.juntadeandalucia.es\/ceipdonana\/wp-json\/wp\/v2\/pages\/2657"}],"collection":[{"href":"https:\/\/blogsaverroes.juntadeandalucia.es\/ceipdonana\/wp-json\/wp\/v2\/pages"}],"about":[{"href":"https:\/\/blogsaverroes.juntadeandalucia.es\/ceipdonana\/wp-json\/wp\/v2\/types\/page"}],"author":[{"embeddable":true,"href":"https:\/\/blogsaverroes.juntadeandalucia.es\/ceipdonana\/wp-json\/wp\/v2\/users\/4714"}],"replies":[{"embeddable":true,"href":"https:\/\/blogsaverroes.juntadeandalucia.es\/ceipdonana\/wp-json\/wp\/v2\/comments?post=2657"}],"version-history":[{"count":1,"href":"https:\/\/blogsaverroes.juntadeandalucia.es\/ceipdonana\/wp-json\/wp\/v2\/pages\/2657\/revisions"}],"predecessor-version":[{"id":2658,"href":"https:\/\/blogsaverroes.juntadeandalucia.es\/ceipdonana\/wp-json\/wp\/v2\/pages\/2657\/revisions\/2658"}],"wp:attachment":[{"href":"https:\/\/blogsaverroes.juntadeandalucia.es\/ceipdonana\/wp-json\/wp\/v2\/media?parent=2657"}],"curies":[{"name":"wp","href":"https:\/\/api.w.org\/{rel}","templated":true}]}}