{"id":330,"date":"2015-03-18T07:11:43","date_gmt":"2015-03-18T07:11:43","guid":{"rendered":"http:\/\/blogsaverroes.juntadeandalucia.es\/pre\/ceip\/?page_id=330"},"modified":"2021-10-25T12:43:40","modified_gmt":"2021-10-25T11:43:40","slug":"bibliop","status":"publish","type":"page","link":"https:\/\/blogsaverroes.juntadeandalucia.es\/ceipdonana\/biblioteca\/bibliop\/","title":{"rendered":"Cat\u00e1logo de ejemplares de la Biblioteca del centro"},"content":{"rendered":"<p style=\"text-align: center\"><strong>&nbsp;<\/strong><\/p>\n<p><a href=\"https:\/\/blogsaverroes.juntadeandalucia.es\/ceipdonana\/biblioteca\/bibliop\/8-libros-que-debes-leer-antes-de-ver-su-pelicula\/\" rel=\"attachment wp-att-2570\"><img loading=\"lazy\" decoding=\"async\" class=\"size-medium wp-image-2570 aligncenter\" src=\"https:\/\/blogsaverroes.juntadeandalucia.es\/ceipdonana\/files\/2015\/03\/8-libros-que-debes-leer-antes-de-ver-su-pelicula-300x147.jpg\" alt=\"\" width=\"300\" height=\"147\" srcset=\"https:\/\/blogsaverroes.juntadeandalucia.es\/ceipdonana\/files\/2015\/03\/8-libros-que-debes-leer-antes-de-ver-su-pelicula-300x147.jpg 300w, https:\/\/blogsaverroes.juntadeandalucia.es\/ceipdonana\/files\/2015\/03\/8-libros-que-debes-leer-antes-de-ver-su-pelicula-24x12.jpg 24w, https:\/\/blogsaverroes.juntadeandalucia.es\/ceipdonana\/files\/2015\/03\/8-libros-que-debes-leer-antes-de-ver-su-pelicula-36x18.jpg 36w, https:\/\/blogsaverroes.juntadeandalucia.es\/ceipdonana\/files\/2015\/03\/8-libros-que-debes-leer-antes-de-ver-su-pelicula-48x24.jpg 48w, https:\/\/blogsaverroes.juntadeandalucia.es\/ceipdonana\/files\/2015\/03\/8-libros-que-debes-leer-antes-de-ver-su-pelicula.jpg 712w\" sizes=\"(max-width: 300px) 100vw, 300px\" \/><\/a><\/p>\n<p style=\"text-align: center\">&nbsp;<\/p>\n<p style=\"text-align: center\"><strong>*Ante la alerta sanitaria, este servicio queda suspendido temporalmente. Asimismo, nos encontramos en proceso de actualizaci\u00f3n del cat\u00e1logo de ejemplares de nuestra biblioteca del centro, debido a la renovaci\u00f3n de este espacio, cambios de ubicaci\u00f3n y compra de material nuevo. Cuando se retome este servicio, todo ser\u00e1 publicado con la normalidad anterior.<\/strong><\/p>\n<p style=\"text-align: center\"><strong><span style=\"color: #339966\">Gracias por la comprensi\u00f3n<\/span><\/strong><\/p>\n<p style=\"text-align: center\"><a href=\"https:\/\/blogsaverroes.juntadeandalucia.es\/ceipdonana\/biblioteca\/bibliop\/wpid-carteldialibro2012_1600\/\" rel=\"attachment wp-att-2575\"><img loading=\"lazy\" decoding=\"async\" class=\"alignnone size-medium wp-image-2575\" src=\"https:\/\/blogsaverroes.juntadeandalucia.es\/ceipdonana\/files\/2015\/03\/wpid-carteldialibro2012_1600-300x214.jpg\" alt=\"\" width=\"300\" height=\"214\" srcset=\"https:\/\/blogsaverroes.juntadeandalucia.es\/ceipdonana\/files\/2015\/03\/wpid-carteldialibro2012_1600-300x214.jpg 300w, https:\/\/blogsaverroes.juntadeandalucia.es\/ceipdonana\/files\/2015\/03\/wpid-carteldialibro2012_1600-768x549.jpg 768w, https:\/\/blogsaverroes.juntadeandalucia.es\/ceipdonana\/files\/2015\/03\/wpid-carteldialibro2012_1600-1024x732.jpg 1024w, https:\/\/blogsaverroes.juntadeandalucia.es\/ceipdonana\/files\/2015\/03\/wpid-carteldialibro2012_1600-24x17.jpg 24w, https:\/\/blogsaverroes.juntadeandalucia.es\/ceipdonana\/files\/2015\/03\/wpid-carteldialibro2012_1600-36x26.jpg 36w, https:\/\/blogsaverroes.juntadeandalucia.es\/ceipdonana\/files\/2015\/03\/wpid-carteldialibro2012_1600-48x34.jpg 48w, https:\/\/blogsaverroes.juntadeandalucia.es\/ceipdonana\/files\/2015\/03\/wpid-carteldialibro2012_1600.jpg 1600w\" sizes=\"(max-width: 300px) 100vw, 300px\" \/><\/a> <a href=\"https:\/\/blogsaverroes.juntadeandalucia.es\/ceipdonana\/biblioteca\/bibliop\/leer\/\" rel=\"attachment wp-att-2574\"><img loading=\"lazy\" decoding=\"async\" class=\"alignnone wp-image-2574\" src=\"https:\/\/blogsaverroes.juntadeandalucia.es\/ceipdonana\/files\/2015\/03\/leer-240x300.jpg\" alt=\"\" width=\"158\" height=\"198\" srcset=\"https:\/\/blogsaverroes.juntadeandalucia.es\/ceipdonana\/files\/2015\/03\/leer-240x300.jpg 240w, https:\/\/blogsaverroes.juntadeandalucia.es\/ceipdonana\/files\/2015\/03\/leer-19x24.jpg 19w, https:\/\/blogsaverroes.juntadeandalucia.es\/ceipdonana\/files\/2015\/03\/leer-29x36.jpg 29w, https:\/\/blogsaverroes.juntadeandalucia.es\/ceipdonana\/files\/2015\/03\/leer-38x48.jpg 38w, https:\/\/blogsaverroes.juntadeandalucia.es\/ceipdonana\/files\/2015\/03\/leer.jpg 430w\" sizes=\"(max-width: 158px) 100vw, 158px\" \/><\/a> <a href=\"https:\/\/blogsaverroes.juntadeandalucia.es\/ceipdonana\/biblioteca\/bibliop\/images\/\" rel=\"attachment wp-att-2573\"><img loading=\"lazy\" decoding=\"async\" class=\"alignnone wp-image-2573\" src=\"https:\/\/blogsaverroes.juntadeandalucia.es\/ceipdonana\/files\/2015\/03\/images.jpg\" alt=\"\" width=\"272\" height=\"181\" srcset=\"https:\/\/blogsaverroes.juntadeandalucia.es\/ceipdonana\/files\/2015\/03\/images.jpg 275w, https:\/\/blogsaverroes.juntadeandalucia.es\/ceipdonana\/files\/2015\/03\/images-24x16.jpg 24w, https:\/\/blogsaverroes.juntadeandalucia.es\/ceipdonana\/files\/2015\/03\/images-36x24.jpg 36w, https:\/\/blogsaverroes.juntadeandalucia.es\/ceipdonana\/files\/2015\/03\/images-48x32.jpg 48w\" sizes=\"(max-width: 272px) 100vw, 272px\" \/><\/a> <a href=\"https:\/\/blogsaverroes.juntadeandalucia.es\/ceipdonana\/biblioteca\/bibliop\/d13c9bd47dbc458e599a3e1e2b08baeb\/\" rel=\"attachment wp-att-2572\"><img loading=\"lazy\" decoding=\"async\" class=\"alignnone wp-image-2572\" src=\"https:\/\/blogsaverroes.juntadeandalucia.es\/ceipdonana\/files\/2015\/03\/d13c9bd47dbc458e599a3e1e2b08baeb-198x300.jpg\" alt=\"\" width=\"153\" height=\"232\" srcset=\"https:\/\/blogsaverroes.juntadeandalucia.es\/ceipdonana\/files\/2015\/03\/d13c9bd47dbc458e599a3e1e2b08baeb-198x300.jpg 198w, https:\/\/blogsaverroes.juntadeandalucia.es\/ceipdonana\/files\/2015\/03\/d13c9bd47dbc458e599a3e1e2b08baeb-16x24.jpg 16w, https:\/\/blogsaverroes.juntadeandalucia.es\/ceipdonana\/files\/2015\/03\/d13c9bd47dbc458e599a3e1e2b08baeb-24x36.jpg 24w, https:\/\/blogsaverroes.juntadeandalucia.es\/ceipdonana\/files\/2015\/03\/d13c9bd47dbc458e599a3e1e2b08baeb-32x48.jpg 32w, https:\/\/blogsaverroes.juntadeandalucia.es\/ceipdonana\/files\/2015\/03\/d13c9bd47dbc458e599a3e1e2b08baeb.jpg 495w\" sizes=\"(max-width: 153px) 100vw, 153px\" \/><\/a> <a href=\"https:\/\/blogsaverroes.juntadeandalucia.es\/ceipdonana\/biblioteca\/bibliop\/bf89fcc083e484ddeea78d22f07d7880\/\" rel=\"attachment wp-att-2571\"><img loading=\"lazy\" decoding=\"async\" class=\"alignnone size-medium wp-image-2571\" src=\"https:\/\/blogsaverroes.juntadeandalucia.es\/ceipdonana\/files\/2015\/03\/bf89fcc083e484ddeea78d22f07d7880-300x225.jpg\" alt=\"\" width=\"300\" height=\"225\" srcset=\"https:\/\/blogsaverroes.juntadeandalucia.es\/ceipdonana\/files\/2015\/03\/bf89fcc083e484ddeea78d22f07d7880-300x225.jpg 300w, https:\/\/blogsaverroes.juntadeandalucia.es\/ceipdonana\/files\/2015\/03\/bf89fcc083e484ddeea78d22f07d7880-24x18.jpg 24w, https:\/\/blogsaverroes.juntadeandalucia.es\/ceipdonana\/files\/2015\/03\/bf89fcc083e484ddeea78d22f07d7880-36x27.jpg 36w, https:\/\/blogsaverroes.juntadeandalucia.es\/ceipdonana\/files\/2015\/03\/bf89fcc083e484ddeea78d22f07d7880-48x36.jpg 48w, https:\/\/blogsaverroes.juntadeandalucia.es\/ceipdonana\/files\/2015\/03\/bf89fcc083e484ddeea78d22f07d7880.jpg 720w\" sizes=\"(max-width: 300px) 100vw, 300px\" \/><\/a><\/p>\n","protected":false},"excerpt":{"rendered":"<p>&nbsp; &nbsp; *Ante la alerta sanitaria, este servicio queda suspendido temporalmente. Asimismo, nos encontramos en proceso de actualizaci\u00f3n del cat\u00e1logo de ejemplares de nuestra biblioteca del centro, debido a la renovaci\u00f3n de este espacio,&#46;&#46;&#46;<\/p>\n","protected":false},"author":1,"featured_media":0,"parent":113,"menu_order":0,"comment_status":"open","ping_status":"open","template":"","meta":{"ngg_post_thumbnail":0,"footnotes":"","_mc_calendar":[]},"aioseo_notices":[],"_links":{"self":[{"href":"https:\/\/blogsaverroes.juntadeandalucia.es\/ceipdonana\/wp-json\/wp\/v2\/pages\/330"}],"collection":[{"href":"https:\/\/blogsaverroes.juntadeandalucia.es\/ceipdonana\/wp-json\/wp\/v2\/pages"}],"about":[{"href":"https:\/\/blogsaverroes.juntadeandalucia.es\/ceipdonana\/wp-json\/wp\/v2\/types\/page"}],"author":[{"embeddable":true,"href":"https:\/\/blogsaverroes.juntadeandalucia.es\/ceipdonana\/wp-json\/wp\/v2\/users\/1"}],"replies":[{"embeddable":true,"href":"https:\/\/blogsaverroes.juntadeandalucia.es\/ceipdonana\/wp-json\/wp\/v2\/comments?post=330"}],"version-history":[{"count":10,"href":"https:\/\/blogsaverroes.juntadeandalucia.es\/ceipdonana\/wp-json\/wp\/v2\/pages\/330\/revisions"}],"predecessor-version":[{"id":10327,"href":"https:\/\/blogsaverroes.juntadeandalucia.es\/ceipdonana\/wp-json\/wp\/v2\/pages\/330\/revisions\/10327"}],"up":[{"embeddable":true,"href":"https:\/\/blogsaverroes.juntadeandalucia.es\/ceipdonana\/wp-json\/wp\/v2\/pages\/113"}],"wp:attachment":[{"href":"https:\/\/blogsaverroes.juntadeandalucia.es\/ceipdonana\/wp-json\/wp\/v2\/media?parent=330"}],"curies":[{"name":"wp","href":"https:\/\/api.w.org\/{rel}","templated":true}]}}