{"id":44,"date":"2015-03-13T08:42:15","date_gmt":"2015-03-13T08:42:15","guid":{"rendered":"http:\/\/blogsaverroes.juntadeandalucia.es\/pre\/ceip\/?page_id=44"},"modified":"2020-10-05T17:55:05","modified_gmt":"2020-10-05T16:55:05","slug":"planes-y-proyectos","status":"publish","type":"page","link":"https:\/\/blogsaverroes.juntadeandalucia.es\/ceipdonana\/planes-y-proyectos\/","title":{"rendered":"Planes y Programas"},"content":{"rendered":"<p style=\"text-align: center\">Cada centro personaliza y adapta su Proyecto Educativo adheri\u00e9ndose a diferentes <strong>Planes y Programas<\/strong> promovidos desde la Consejer\u00eda de Educaci\u00f3n, Cultura y Deporte.<\/p>\n<p style=\"text-align: center\">Este apartado recoge la descripci\u00f3n, finalidades, actividades, coordinador\/a, etc. de estos Planes y Programas desarrollados por nuestro centro. A continuaci\u00f3n se muestran algunos de ellos.<\/p>\n<ul>\n<li><a title=\"Plan de Igualdad de g\u00e9nero en educaci\u00f3n\" href=\"https:\/\/blogsaverroes.juntadeandalucia.es\/ceipdonana\/plan-de-igualdad\/\" target=\"_blank\" rel=\"noopener noreferrer\"><strong>Plan de igualdad de g\u00e9nero en educaci\u00f3n<\/strong><\/a><\/li>\n<li><a title=\"Aldea. Educaci\u00f3n Ambiental para la Comunidad Educativa. Modalidad A \u00abRed Andaluza de Ecoescuelas\u00bb.\" href=\"https:\/\/blogsaverroes.juntadeandalucia.es\/ceipdonana\/ecoescuela\/\" target=\"_blank\" rel=\"noopener noreferrer\"><strong>Aldea. Educaci\u00f3n Ambiental para la Comunidad Educativa. Modalidad A \u00abRed Andaluza de Ecoescuelas\u00bb<\/strong><\/a><\/li>\n<li><a title=\"Escuela Espacio de Paz\" href=\"https:\/\/blogsaverroes.juntadeandalucia.es\/ceipdonana\/escuela-espacio-de-paz\/\" target=\"_blank\" rel=\"noopener noreferrer\"><strong>Red Andaluza Escuela: \u00abEspacio de Paz\u00bb<\/strong><\/a><\/li>\n<li><a title=\"Plan de Convivencia\" href=\"https:\/\/blogsaverroes.juntadeandalucia.es\/ceipdonana\/plan-de-convivencia\/\" target=\"_blank\" rel=\"noopener noreferrer\"><strong>Convivencia Escolar<\/strong><\/a><\/li>\n<li><a title=\"AulaDjaque\" href=\"https:\/\/blogsaverroes.juntadeandalucia.es\/ceipdonana\/auladjaque\/\" target=\"_blank\" rel=\"noopener noreferrer\"><strong>AulaDJaque<\/strong><\/a><\/li>\n<li><a title=\"Creciendo en Salud\" href=\"https:\/\/blogsaverroes.juntadeandalucia.es\/ceipdonana\/creciendo-en-salud\/\" target=\"_blank\" rel=\"noopener noreferrer\"><strong>Creciendo en Salud<\/strong><\/a><\/li>\n<li><a title=\"Biblioteca Escolar\" href=\"https:\/\/blogsaverroes.juntadeandalucia.es\/ceipdonana\/biblioteca\/\" target=\"_blank\" rel=\"noopener noreferrer\"><strong>Bibliotecas Escolares<\/strong><\/a><\/li>\n<li><a title=\"Educaci\u00f3n Compensatoria\" href=\"https:\/\/blogsaverroes.juntadeandalucia.es\/ceipdonana\/educacion-compensatoria\/\" target=\"_blank\" rel=\"noopener noreferrer\"><strong>Planes de Compensaci\u00f3n Educativa<\/strong><\/a><\/li>\n<\/ul>\n<p style=\"text-align: justify\">La mayor parte de \u00e9stos puedes consultarlos, pinchando en cada uno de ellos. As\u00ed, conocer\u00e1s m\u00e1s de cerca las finalidades que nos marcamos, actividades, plan anual, etc., que aplicamos en el centro con la intenci\u00f3n de hacerle llegar al alumnado una educaci\u00f3n m\u00e1s completa y basada en valores y cuestiones similares.<\/p>\n<p style=\"text-align: justify\">Por \u00faltimo se\u00f1alar tambi\u00e9n que, participamos en el <strong>Plan de Salud Laboral y P.R.L. (autoprotecci\u00f3n)<\/strong> que coordina la Jefatura de Estudios (Nuria Salas Camacho) y el <strong>Pr\u00e1cticum de maestros\/as<\/strong> que coordina la direcci\u00f3n (Carmen Roc\u00edo Fern\u00e1ndez Moreno).<\/p>\n","protected":false},"excerpt":{"rendered":"<p>Cada centro personaliza y adapta su Proyecto Educativo adheri\u00e9ndose a diferentes Planes y Programas promovidos desde la Consejer\u00eda de Educaci\u00f3n, Cultura y Deporte. Este apartado recoge la descripci\u00f3n, finalidades, actividades, coordinador\/a, etc. de estos&#46;&#46;&#46;<\/p>\n","protected":false},"author":1,"featured_media":0,"parent":0,"menu_order":0,"comment_status":"open","ping_status":"closed","template":"","meta":{"ngg_post_thumbnail":0,"footnotes":"","_mc_calendar":[]},"aioseo_notices":[],"_links":{"self":[{"href":"https:\/\/blogsaverroes.juntadeandalucia.es\/ceipdonana\/wp-json\/wp\/v2\/pages\/44"}],"collection":[{"href":"https:\/\/blogsaverroes.juntadeandalucia.es\/ceipdonana\/wp-json\/wp\/v2\/pages"}],"about":[{"href":"https:\/\/blogsaverroes.juntadeandalucia.es\/ceipdonana\/wp-json\/wp\/v2\/types\/page"}],"author":[{"embeddable":true,"href":"https:\/\/blogsaverroes.juntadeandalucia.es\/ceipdonana\/wp-json\/wp\/v2\/users\/1"}],"replies":[{"embeddable":true,"href":"https:\/\/blogsaverroes.juntadeandalucia.es\/ceipdonana\/wp-json\/wp\/v2\/comments?post=44"}],"version-history":[{"count":11,"href":"https:\/\/blogsaverroes.juntadeandalucia.es\/ceipdonana\/wp-json\/wp\/v2\/pages\/44\/revisions"}],"predecessor-version":[{"id":8043,"href":"https:\/\/blogsaverroes.juntadeandalucia.es\/ceipdonana\/wp-json\/wp\/v2\/pages\/44\/revisions\/8043"}],"wp:attachment":[{"href":"https:\/\/blogsaverroes.juntadeandalucia.es\/ceipdonana\/wp-json\/wp\/v2\/media?parent=44"}],"curies":[{"name":"wp","href":"https:\/\/api.w.org\/{rel}","templated":true}]}}