{"id":7108,"date":"2019-09-13T12:51:34","date_gmt":"2019-09-13T11:51:34","guid":{"rendered":"https:\/\/blogsaverroes.juntadeandalucia.es\/ceipdonana\/?page_id=7108"},"modified":"2020-10-02T11:22:20","modified_gmt":"2020-10-02T10:22:20","slug":"criterios-de-evaluacion","status":"publish","type":"page","link":"https:\/\/blogsaverroes.juntadeandalucia.es\/ceipdonana\/criterios-de-evaluacion\/","title":{"rendered":"Criterios de Evaluaci\u00f3n"},"content":{"rendered":"<header class=\"portlet-topper\">\n<h1 class=\"portlet-title\" style=\"text-align: center\"><span class=\"portlet-title-text\">\u00bfQu\u00e9, c\u00f3mo y cu\u00e1ndo evaluar?<\/span><\/h1>\n<menu id=\"portlet-topper-toolbar_ABACO_WEB_WAR_abacoportlet_INSTANCE_OxCuDKrl7STQ\" class=\"portlet-topper-toolbar\" type=\"toolbar\"><\/menu>\n<\/header>\n<div class=\"portlet-content\">\n<div class=\" portlet-content-container\">\n<div class=\"portlet-body\">\n<div class=\"contenido_portlet \">\n<div class=\"portlet_web\">\n<div class=\"detalle web\">\n<div class=\"contenido_detalle\">\n<section class=\"cuerpo detalle_html\">\n<div class=\"inner_cuerpo\">\n<p><strong>\u00bfQu\u00e9 evaluar en el proceso de aprendizaje?<\/strong><\/p>\n<p style=\"text-align: center\">El referente espec\u00edfico para evaluar los procesos de aprendizaje del alumnado ser\u00e1 los criterios de evaluaci\u00f3n regulados en la normativa estatal y auton\u00f3mica. Estos criterios se concretan en est\u00e1ndares de aprendizaje que permiten definir los resultados de aprendizaje, marc\u00e1ndonos lo que el alumnado debe saber, comprender y saber hacer; deben ser observables, medibles y evaluables y permitir graduar el rendimiento o logro.<\/p>\n<p><strong>\u00bfCu\u00e1ndo y c\u00f3mo evaluar el proceso de aprendizaje?<\/strong><\/p>\n<p style=\"text-align: center\">La evaluaci\u00f3n del aprendizaje del alumnado es continua y la realiza el equipo docente mediante la observaci\u00f3n continuada del aprendizaje y de su maduraci\u00f3n personal. En funci\u00f3n de los criterios de evaluaci\u00f3n que quiera evaluar, as\u00ed como de las caracter\u00edsticas y necesidades espec\u00edficas del alumnado el profesorado utilizar\u00e1 diferentes instrumentos de evaluaci\u00f3n: portfolio, pruebas objetivas, cuaderno de clase, resoluci\u00f3n de problemas, mapas conceptuales, debates, preguntas, etc., que, valorar\u00e1 sirvi\u00e9ndose de distintas herramientas de evaluaci\u00f3n en funci\u00f3n del momento del aprendizaje: listas de cotejo, rubricas y escalas de calificaci\u00f3n.<\/p>\n<p style=\"text-align: center\">Con el fin de facilitar el manejo de la evaluaci\u00f3n de los aprendizajes del alumnado, se presenta el <a href=\"https:\/\/portals.ced.junta-andalucia.es\/educacion\/portals\/web\/evaluacion-educativa\/-que-como-y-cuando-evaluar-\" target=\"_blank\" rel=\"noopener noreferrer\">marco normativo<\/a> del mismo diferenciado por etapas educativas.<\/p>\n<\/div>\n<\/section>\n<\/div>\n<\/div>\n<\/div>\n<\/div>\n<\/div>\n<\/div>\n<\/div>\n","protected":false},"excerpt":{"rendered":"<p>\u00bfQu\u00e9, c\u00f3mo y cu\u00e1ndo evaluar? \u00bfQu\u00e9 evaluar en el proceso de aprendizaje? El referente espec\u00edfico para evaluar los procesos de aprendizaje del alumnado ser\u00e1 los criterios de evaluaci\u00f3n regulados en la normativa estatal y&#46;&#46;&#46;<\/p>\n","protected":false},"author":4714,"featured_media":0,"parent":0,"menu_order":0,"comment_status":"closed","ping_status":"closed","template":"","meta":{"ngg_post_thumbnail":0,"footnotes":"","_mc_calendar":[]},"aioseo_notices":[],"_links":{"self":[{"href":"https:\/\/blogsaverroes.juntadeandalucia.es\/ceipdonana\/wp-json\/wp\/v2\/pages\/7108"}],"collection":[{"href":"https:\/\/blogsaverroes.juntadeandalucia.es\/ceipdonana\/wp-json\/wp\/v2\/pages"}],"about":[{"href":"https:\/\/blogsaverroes.juntadeandalucia.es\/ceipdonana\/wp-json\/wp\/v2\/types\/page"}],"author":[{"embeddable":true,"href":"https:\/\/blogsaverroes.juntadeandalucia.es\/ceipdonana\/wp-json\/wp\/v2\/users\/4714"}],"replies":[{"embeddable":true,"href":"https:\/\/blogsaverroes.juntadeandalucia.es\/ceipdonana\/wp-json\/wp\/v2\/comments?post=7108"}],"version-history":[{"count":11,"href":"https:\/\/blogsaverroes.juntadeandalucia.es\/ceipdonana\/wp-json\/wp\/v2\/pages\/7108\/revisions"}],"predecessor-version":[{"id":7991,"href":"https:\/\/blogsaverroes.juntadeandalucia.es\/ceipdonana\/wp-json\/wp\/v2\/pages\/7108\/revisions\/7991"}],"wp:attachment":[{"href":"https:\/\/blogsaverroes.juntadeandalucia.es\/ceipdonana\/wp-json\/wp\/v2\/media?parent=7108"}],"curies":[{"name":"wp","href":"https:\/\/api.w.org\/{rel}","templated":true}]}}