{"id":77,"date":"2015-03-16T06:54:56","date_gmt":"2015-03-16T06:54:56","guid":{"rendered":"http:\/\/blogsaverroes.juntadeandalucia.es\/pre\/ceip\/?page_id=77"},"modified":"2023-11-10T09:58:15","modified_gmt":"2023-11-10T08:58:15","slug":"secretaria","status":"publish","type":"page","link":"https:\/\/blogsaverroes.juntadeandalucia.es\/ceipdonana\/secretaria\/","title":{"rendered":"ETCP"},"content":{"rendered":"<h2 id=\"cc-m-header-10489938899\">Equipo T\u00e9cnico de Coordinaci\u00f3n Pedag\u00f3gica (ETCP)<\/h2>\n<p><span class=\"introduccion_documento\">El ETCP es un \u00f3rgano fundamental en la vida del Centro. Coordina de forma habitual y permanente la labores docentes del profesorado, de los ciclos, de los tutores y especialistas, de las actividades lectivas: docentes, complementarias, extraescolares&#8230; Coordina todos los trabajos acad\u00e9micos y la actividad lectiva del Centro.<\/span><\/p>\n<p>El ETCP de nuestro centro, para el curso escolar 2023\/2024 est\u00e1 formado por:<\/p>\n<p><strong>Direcci\u00f3n<\/strong>:<\/p>\n<p>Carmen Roc\u00edo Fern\u00e1ndez Moreno.<\/p>\n<p><strong>Jefa de Estudios:<\/strong><\/p>\n<p>Nuria Salas Camacho.<\/p>\n<p><strong>Secretario: <\/strong>Diego J. Ben\u00edtez Vega<\/p>\n<p><strong>Coordinadora de Infantil:<\/strong><\/p>\n<p>M\u00aa Dolores Mora Rebollo<\/p>\n<p><strong>Coordinadora de Primer Ciclo de Primaria:<\/strong><\/p>\n<p>Isabel Saavedra Torres.<\/p>\n<p align=\"justify\"><strong>Cordinadora del EO:<\/strong><\/p>\n<p align=\"justify\">Amelia S\u00e1nchez Garc\u00eda-Miguel<\/p>\n<p align=\"justify\">&nbsp;<\/p>\n<p align=\"justify\"><em><strong>Entre las competencias del E.T.C.P. destacan fundamentalmente:<\/strong><\/em><\/p>\n<p align=\"justify\">a) Establecer las directrices generales para la elaboraci\u00f3n del Proyecto Curricular de Centro y sus modificaciones.<\/p>\n<p align=\"justify\">b) Coordinar la elaboraci\u00f3n del Proyecto Curricular de Centro y su posible modificaci\u00f3n, y asegurar su coherencia con el Proyecto de Centro y sus modificaciones.<\/p>\n<p align=\"justify\">c) Elaborar la propuesta de organizaci\u00f3n de la orientaci\u00f3n escolar, del plan de acci\u00f3n tutorial y del plan de formaci\u00f3n del profesorado.<\/p>\n<p align=\"justify\">d) Organizar la realizaci\u00f3n de las actividades de perfeccionamiento del profesorado de acuerdo con el plan de formaci\u00f3n.<\/p>\n<p align=\"justify\">e) Elaborar la propuesta de criterios y procedimientos previstos para realizar las adaptaciones curriculares adecuadas al alumnado con necesidades educativas especiales.<\/p>\n<p align=\"justify\">f) Proponer al Claustro de Profesores el Proyecto Curricular de Centro para su aprobaci\u00f3n.<\/p>\n<p align=\"justify\">g) Velar por el cumplimiento y posterior evaluaci\u00f3n del Proyecto Curricular de Centro.<\/p>\n<p align=\"justify\">h) Proponer al Claustro de Profesores la planificaci\u00f3n general de las sesiones de evaluaci\u00f3n de acuerdo con la jefatura de estudios.<\/p>\n<p align=\"justify\">i) Proponer al Claustro de Profesores el plan para evaluar el Proyecto Curricular de Centro, los aspectos docentes del Proyecto de Centro y del Plan Anual del mismo, la evoluci\u00f3n del aprendizaje y el proceso de ense\u00f1anza.<\/p>\n<p align=\"justify\">j) Fomentar la evaluaci\u00f3n de todas las actividades y proyectos que el Centro realice, colaborar con las evaluaciones que se lleven a cabo a iniciativa de los \u00f3rganos de gobierno o de la Administraci\u00f3n Educativa e impulsar planes de mejora en caso de que se estime necesario, como resultado de dichas evaluaciones.<\/p>\n","protected":false},"excerpt":{"rendered":"<p>Equipo T\u00e9cnico de Coordinaci\u00f3n Pedag\u00f3gica (ETCP) El ETCP es un \u00f3rgano fundamental en la vida del Centro. Coordina de forma habitual y permanente la labores docentes del profesorado, de los ciclos, de los tutores&#46;&#46;&#46;<\/p>\n","protected":false},"author":1,"featured_media":0,"parent":0,"menu_order":0,"comment_status":"open","ping_status":"open","template":"","meta":{"ngg_post_thumbnail":0,"footnotes":"","_mc_calendar":[]},"aioseo_notices":[],"_links":{"self":[{"href":"https:\/\/blogsaverroes.juntadeandalucia.es\/ceipdonana\/wp-json\/wp\/v2\/pages\/77"}],"collection":[{"href":"https:\/\/blogsaverroes.juntadeandalucia.es\/ceipdonana\/wp-json\/wp\/v2\/pages"}],"about":[{"href":"https:\/\/blogsaverroes.juntadeandalucia.es\/ceipdonana\/wp-json\/wp\/v2\/types\/page"}],"author":[{"embeddable":true,"href":"https:\/\/blogsaverroes.juntadeandalucia.es\/ceipdonana\/wp-json\/wp\/v2\/users\/1"}],"replies":[{"embeddable":true,"href":"https:\/\/blogsaverroes.juntadeandalucia.es\/ceipdonana\/wp-json\/wp\/v2\/comments?post=77"}],"version-history":[{"count":15,"href":"https:\/\/blogsaverroes.juntadeandalucia.es\/ceipdonana\/wp-json\/wp\/v2\/pages\/77\/revisions"}],"predecessor-version":[{"id":11143,"href":"https:\/\/blogsaverroes.juntadeandalucia.es\/ceipdonana\/wp-json\/wp\/v2\/pages\/77\/revisions\/11143"}],"wp:attachment":[{"href":"https:\/\/blogsaverroes.juntadeandalucia.es\/ceipdonana\/wp-json\/wp\/v2\/media?parent=77"}],"curies":[{"name":"wp","href":"https:\/\/api.w.org\/{rel}","templated":true}]}}