{"id":7884,"date":"2020-05-13T16:55:49","date_gmt":"2020-05-13T15:55:49","guid":{"rendered":"https:\/\/blogsaverroes.juntadeandalucia.es\/ceipdonana\/?page_id=7884"},"modified":"2022-03-18T11:24:52","modified_gmt":"2022-03-18T10:24:52","slug":"solicitud-telematica","status":"publish","type":"page","link":"https:\/\/blogsaverroes.juntadeandalucia.es\/ceipdonana\/solicitud-telematica\/","title":{"rendered":"Solicitud Telem\u00e1tica"},"content":{"rendered":"<p>En el siguiente v\u00eddeo explicativo puedes ver c\u00f3mo hacerlo:<\/p>\n<p><a href=\"https:\/\/www.youtube.com\/watch?v=ksm-g4kbVnQ\"><strong>V\u00cdDEO TUTORIAL<\/strong><\/a>&nbsp;<\/p>\n<p>&nbsp;<\/p>\n<p><a href=\"https:\/\/www.juntadeandalucia.es\/educacion\/secretariavirtual\/accesoTramite\/543\/\" target=\"_blank\" rel=\"noopener noreferrer\">PINCHE AQU\u00cd<\/a> para acceder a la cumplimentaci\u00f3n telem\u00e1tica, sin necesidad de acudir al centro.&nbsp;<\/p>\n<p><a href=\"https:\/\/blogsaverroes.juntadeandalucia.es\/ceipdonana\/files\/2020\/05\/secretariavirtual.jpg\"><img loading=\"lazy\" decoding=\"async\" class=\"aligncenter wp-image-7887 size-full\" src=\"https:\/\/blogsaverroes.juntadeandalucia.es\/ceipdonana\/files\/2020\/05\/secretariavirtual.jpg\" alt=\"\" width=\"280\" height=\"150\" srcset=\"https:\/\/blogsaverroes.juntadeandalucia.es\/ceipdonana\/files\/2020\/05\/secretariavirtual.jpg 280w, https:\/\/blogsaverroes.juntadeandalucia.es\/ceipdonana\/files\/2020\/05\/secretariavirtual-24x13.jpg 24w, https:\/\/blogsaverroes.juntadeandalucia.es\/ceipdonana\/files\/2020\/05\/secretariavirtual-36x19.jpg 36w, https:\/\/blogsaverroes.juntadeandalucia.es\/ceipdonana\/files\/2020\/05\/secretariavirtual-48x26.jpg 48w\" sizes=\"(max-width: 280px) 100vw, 280px\" \/><\/a><\/p>\n","protected":false},"excerpt":{"rendered":"<p>En el siguiente v\u00eddeo explicativo puedes ver c\u00f3mo hacerlo: V\u00cdDEO TUTORIAL&nbsp; &nbsp; PINCHE AQU\u00cd para acceder a la cumplimentaci\u00f3n telem\u00e1tica, sin necesidad de acudir al centro.&nbsp;<\/p>\n","protected":false},"author":4714,"featured_media":0,"parent":0,"menu_order":0,"comment_status":"closed","ping_status":"closed","template":"","meta":{"ngg_post_thumbnail":0,"footnotes":"","_mc_calendar":[]},"aioseo_notices":[],"_links":{"self":[{"href":"https:\/\/blogsaverroes.juntadeandalucia.es\/ceipdonana\/wp-json\/wp\/v2\/pages\/7884"}],"collection":[{"href":"https:\/\/blogsaverroes.juntadeandalucia.es\/ceipdonana\/wp-json\/wp\/v2\/pages"}],"about":[{"href":"https:\/\/blogsaverroes.juntadeandalucia.es\/ceipdonana\/wp-json\/wp\/v2\/types\/page"}],"author":[{"embeddable":true,"href":"https:\/\/blogsaverroes.juntadeandalucia.es\/ceipdonana\/wp-json\/wp\/v2\/users\/4714"}],"replies":[{"embeddable":true,"href":"https:\/\/blogsaverroes.juntadeandalucia.es\/ceipdonana\/wp-json\/wp\/v2\/comments?post=7884"}],"version-history":[{"count":8,"href":"https:\/\/blogsaverroes.juntadeandalucia.es\/ceipdonana\/wp-json\/wp\/v2\/pages\/7884\/revisions"}],"predecessor-version":[{"id":10560,"href":"https:\/\/blogsaverroes.juntadeandalucia.es\/ceipdonana\/wp-json\/wp\/v2\/pages\/7884\/revisions\/10560"}],"wp:attachment":[{"href":"https:\/\/blogsaverroes.juntadeandalucia.es\/ceipdonana\/wp-json\/wp\/v2\/media?parent=7884"}],"curies":[{"name":"wp","href":"https:\/\/api.w.org\/{rel}","templated":true}]}}