{"id":7965,"date":"2020-09-29T10:53:08","date_gmt":"2020-09-29T09:53:08","guid":{"rendered":"https:\/\/blogsaverroes.juntadeandalucia.es\/ceipdonana\/?page_id=7965"},"modified":"2020-10-02T08:10:43","modified_gmt":"2020-10-02T07:10:43","slug":"covid-19","status":"publish","type":"page","link":"https:\/\/blogsaverroes.juntadeandalucia.es\/ceipdonana\/covid-19\/","title":{"rendered":"COVID-19"},"content":{"rendered":"<p><b>\u00bfQu\u00e9 es COVID-19?<\/b><\/p>\n<div class=\"hgKElc PZY7Gb\">\n<p style=\"text-align: center\">COVID-19 es una enfermedad infecciosa causada por el coronavirus que se ha descubierto recientemente. Tanto el nuevo virus como la enfermedad eran desconocidos antes de que estallara el brote en Wuhan (China) en diciembre de 2019.<\/p>\n<p style=\"text-align: center\">Ante esta pandemia que ha afectado a nivel mundial, los centros educativos hemos tenido que elaborar un protocolo de actuaci\u00f3n para una vuelta segura a las aulas, garantizando todas las medidas posibles de protecci\u00f3n.<\/p>\n<p style=\"text-align: center\">De esta forma, compartimos en el siguiente enlace, el protocolo elaborado por nuestro equipo directivo, adaptado, consensuado y pensado para nuestro centro y su comunidad educativa, en funci\u00f3n de las caracter\u00edsticas del mismo, del alumnado, as\u00ed como del personal docente y no docente.<\/p>\n<p style=\"text-align: center\">Desde el centro no s\u00f3lo recomendamos sino que, pedimos que, se cumplan estrictamente todas las medidas acordadas, pues esto <span style=\"color: #ff9900\"><strong>lo FRENAMOS ENTRE TODOS\/AS.<\/strong><\/span><\/p>\n<h1 style=\"text-align: center\"><a href=\"https:\/\/blogsaverroes.juntadeandalucia.es\/ceipdonana\/files\/2020\/09\/PROTOCOLO-COVID-19-CEIP-DO\u00d1ANA.pdf\" target=\"_blank\" rel=\"noopener noreferrer\">PROTOCOLO-COVID-19-CEIP DO\u00d1ANA<\/a><\/h1>\n<p>&nbsp;<\/p>\n<\/div>\n","protected":false},"excerpt":{"rendered":"<p>\u00bfQu\u00e9 es COVID-19? COVID-19 es una enfermedad infecciosa causada por el coronavirus que se ha descubierto recientemente. Tanto el nuevo virus como la enfermedad eran desconocidos antes de que estallara el brote en Wuhan&#46;&#46;&#46;<\/p>\n","protected":false},"author":4714,"featured_media":0,"parent":0,"menu_order":0,"comment_status":"closed","ping_status":"closed","template":"","meta":{"ngg_post_thumbnail":0,"footnotes":"","_mc_calendar":[]},"aioseo_notices":[],"_links":{"self":[{"href":"https:\/\/blogsaverroes.juntadeandalucia.es\/ceipdonana\/wp-json\/wp\/v2\/pages\/7965"}],"collection":[{"href":"https:\/\/blogsaverroes.juntadeandalucia.es\/ceipdonana\/wp-json\/wp\/v2\/pages"}],"about":[{"href":"https:\/\/blogsaverroes.juntadeandalucia.es\/ceipdonana\/wp-json\/wp\/v2\/types\/page"}],"author":[{"embeddable":true,"href":"https:\/\/blogsaverroes.juntadeandalucia.es\/ceipdonana\/wp-json\/wp\/v2\/users\/4714"}],"replies":[{"embeddable":true,"href":"https:\/\/blogsaverroes.juntadeandalucia.es\/ceipdonana\/wp-json\/wp\/v2\/comments?post=7965"}],"version-history":[{"count":5,"href":"https:\/\/blogsaverroes.juntadeandalucia.es\/ceipdonana\/wp-json\/wp\/v2\/pages\/7965\/revisions"}],"predecessor-version":[{"id":7982,"href":"https:\/\/blogsaverroes.juntadeandalucia.es\/ceipdonana\/wp-json\/wp\/v2\/pages\/7965\/revisions\/7982"}],"wp:attachment":[{"href":"https:\/\/blogsaverroes.juntadeandalucia.es\/ceipdonana\/wp-json\/wp\/v2\/media?parent=7965"}],"curies":[{"name":"wp","href":"https:\/\/api.w.org\/{rel}","templated":true}]}}