{"id":80,"date":"2017-09-01T12:57:36","date_gmt":"2017-09-01T11:57:36","guid":{"rendered":"http:\/\/blogsaverroes.juntadeandalucia.es\/pre\/ceip\/?page_id=80"},"modified":"2020-10-02T08:59:21","modified_gmt":"2020-10-02T07:59:21","slug":"curso-escolar","status":"publish","type":"page","link":"https:\/\/blogsaverroes.juntadeandalucia.es\/ceipdonana\/curso-escolar\/","title":{"rendered":"Curso escolar"},"content":{"rendered":"<p style=\"text-align: center\">Bienvenidos\/as al nuevo curso escolar 2020\/2021. El calendario escolar provincial para el presente curso, puede ser consultado aqu\u00ed <a title=\"Calendario Escolar\" href=\"https:\/\/blogsaverroes.juntadeandalucia.es\/ceipdonana\/calendario-escolar\/\" target=\"_blank\" rel=\"noopener noreferrer\">Calendario Escolar 20-21<\/a>.<\/p>\n<ul>\n<li>El curso escolar comenzar\u00e1 el d\u00eda 10 de Septiembre para Educaci\u00f3n Infantil y Primaria y finalizar\u00e1 el 22 de Junio de 2021.<\/li>\n<li>La festividad de El Roc\u00edo se celebrar\u00e1 desde el d\u00eda 19 al 25 de mayo, ambos inclusive.<\/li>\n<\/ul>\n<h3 style=\"text-align: center\"><strong>Sin m\u00e1s, os deseamos un buen inicio y desarrollo de curso<\/strong><\/h3>\n<h3 style=\"text-align: center\"><strong>*Relativo a las fechas publicadas de inicio y fin de curso, as\u00ed como la festividad de la romer\u00eda de El Roc\u00edo, habr\u00e1 de tenerse en cuenta las circunstancias <span style=\"color: #ff0000\">relacionadas con la COVID19<\/span> que ha implicado un cambio y modificaci\u00f3n en las fechas de inicio. Estando adem\u00e1s pendiente de conocer si habr\u00e1 romer\u00eda. <\/strong><\/h3>\n<h3 style=\"text-align: center\"><strong>En cualquier caso, toda la informaci\u00f3n de \u00faltima hora sobre las fechas, horario de inicio, periodos de adaptaci\u00f3n y dem\u00e1s cambios afectados directamente por el protocolo COVID19, ser\u00e1n publicados en esta misma p\u00e1gina web del centro y en nuestras redes sociales (Facebook).<\/strong><\/h3>\n<h4 style=\"text-align: center\"><strong><span style=\"color: #008000\">Gracias por la comprensi\u00f3n \ud83d\ude00&nbsp;<\/span><\/strong><\/h4>\n<p>&nbsp;<\/p>\n","protected":false},"excerpt":{"rendered":"<p>Bienvenidos\/as al nuevo curso escolar 2020\/2021. El calendario escolar provincial para el presente curso, puede ser consultado aqu\u00ed Calendario Escolar 20-21. El curso escolar comenzar\u00e1 el d\u00eda 10 de Septiembre para Educaci\u00f3n Infantil y&#46;&#46;&#46;<\/p>\n","protected":false},"author":1,"featured_media":0,"parent":0,"menu_order":0,"comment_status":"open","ping_status":"open","template":"","meta":{"ngg_post_thumbnail":0,"footnotes":"","_mc_calendar":[]},"aioseo_notices":[],"_links":{"self":[{"href":"https:\/\/blogsaverroes.juntadeandalucia.es\/ceipdonana\/wp-json\/wp\/v2\/pages\/80"}],"collection":[{"href":"https:\/\/blogsaverroes.juntadeandalucia.es\/ceipdonana\/wp-json\/wp\/v2\/pages"}],"about":[{"href":"https:\/\/blogsaverroes.juntadeandalucia.es\/ceipdonana\/wp-json\/wp\/v2\/types\/page"}],"author":[{"embeddable":true,"href":"https:\/\/blogsaverroes.juntadeandalucia.es\/ceipdonana\/wp-json\/wp\/v2\/users\/1"}],"replies":[{"embeddable":true,"href":"https:\/\/blogsaverroes.juntadeandalucia.es\/ceipdonana\/wp-json\/wp\/v2\/comments?post=80"}],"version-history":[{"count":4,"href":"https:\/\/blogsaverroes.juntadeandalucia.es\/ceipdonana\/wp-json\/wp\/v2\/pages\/80\/revisions"}],"predecessor-version":[{"id":7990,"href":"https:\/\/blogsaverroes.juntadeandalucia.es\/ceipdonana\/wp-json\/wp\/v2\/pages\/80\/revisions\/7990"}],"wp:attachment":[{"href":"https:\/\/blogsaverroes.juntadeandalucia.es\/ceipdonana\/wp-json\/wp\/v2\/media?parent=80"}],"curies":[{"name":"wp","href":"https:\/\/api.w.org\/{rel}","templated":true}]}}