{"id":8136,"date":"2020-11-19T09:00:48","date_gmt":"2020-11-19T08:00:48","guid":{"rendered":"https:\/\/blogsaverroes.juntadeandalucia.es\/ceipdonana\/?page_id=8136"},"modified":"2022-11-02T12:15:39","modified_gmt":"2022-11-02T11:15:39","slug":"instagram","status":"publish","type":"page","link":"https:\/\/blogsaverroes.juntadeandalucia.es\/ceipdonana\/instagram\/","title":{"rendered":"Uso de dispositivos electr\u00f3nicos"},"content":{"rendered":"<p>Nuestro centro cuenta con un n\u00famero de dispositivos electr\u00f3nicos, principalmente tablets y ordenadores port\u00e1tiles, que est\u00e1n al servicio del alumnado, repartidos por los distintos cursos. A continuaci\u00f3n, mostramos una infograf\u00eda con consejos de buenas pr\u00e1cticas para la prolongaci\u00f3n de la vida \u00fatil de los mismos:<\/p>\n<p><img loading=\"lazy\" decoding=\"async\" class=\"aligncenter size-large wp-image-10768\" src=\"https:\/\/blogsaverroes.juntadeandalucia.es\/ceipdonana\/files\/2022\/11\/Normas-de-usos-de-dispositivos-electr\u00f3nicos-724x1024.png\" alt=\"\" width=\"724\" height=\"1024\" srcset=\"https:\/\/blogsaverroes.juntadeandalucia.es\/ceipdonana\/files\/2022\/11\/Normas-de-usos-de-dispositivos-electr\u00f3nicos-724x1024.png 724w, https:\/\/blogsaverroes.juntadeandalucia.es\/ceipdonana\/files\/2022\/11\/Normas-de-usos-de-dispositivos-electr\u00f3nicos-212x300.png 212w, https:\/\/blogsaverroes.juntadeandalucia.es\/ceipdonana\/files\/2022\/11\/Normas-de-usos-de-dispositivos-electr\u00f3nicos-768x1086.png 768w, https:\/\/blogsaverroes.juntadeandalucia.es\/ceipdonana\/files\/2022\/11\/Normas-de-usos-de-dispositivos-electr\u00f3nicos-1086x1536.png 1086w, https:\/\/blogsaverroes.juntadeandalucia.es\/ceipdonana\/files\/2022\/11\/Normas-de-usos-de-dispositivos-electr\u00f3nicos-1448x2048.png 1448w, https:\/\/blogsaverroes.juntadeandalucia.es\/ceipdonana\/files\/2022\/11\/Normas-de-usos-de-dispositivos-electr\u00f3nicos.png 1131w\" sizes=\"(max-width: 724px) 100vw, 724px\" \/><\/p>\n","protected":false},"excerpt":{"rendered":"<p>Nuestro centro cuenta con un n\u00famero de dispositivos electr\u00f3nicos, principalmente tablets y ordenadores port\u00e1tiles, que est\u00e1n al servicio del alumnado, repartidos por los distintos cursos. A continuaci\u00f3n, mostramos una infograf\u00eda con consejos de buenas&#46;&#46;&#46;<\/p>\n","protected":false},"author":4714,"featured_media":0,"parent":0,"menu_order":0,"comment_status":"closed","ping_status":"closed","template":"","meta":{"ngg_post_thumbnail":0,"footnotes":"","_mc_calendar":[]},"aioseo_notices":[],"_links":{"self":[{"href":"https:\/\/blogsaverroes.juntadeandalucia.es\/ceipdonana\/wp-json\/wp\/v2\/pages\/8136"}],"collection":[{"href":"https:\/\/blogsaverroes.juntadeandalucia.es\/ceipdonana\/wp-json\/wp\/v2\/pages"}],"about":[{"href":"https:\/\/blogsaverroes.juntadeandalucia.es\/ceipdonana\/wp-json\/wp\/v2\/types\/page"}],"author":[{"embeddable":true,"href":"https:\/\/blogsaverroes.juntadeandalucia.es\/ceipdonana\/wp-json\/wp\/v2\/users\/4714"}],"replies":[{"embeddable":true,"href":"https:\/\/blogsaverroes.juntadeandalucia.es\/ceipdonana\/wp-json\/wp\/v2\/comments?post=8136"}],"version-history":[{"count":5,"href":"https:\/\/blogsaverroes.juntadeandalucia.es\/ceipdonana\/wp-json\/wp\/v2\/pages\/8136\/revisions"}],"predecessor-version":[{"id":10769,"href":"https:\/\/blogsaverroes.juntadeandalucia.es\/ceipdonana\/wp-json\/wp\/v2\/pages\/8136\/revisions\/10769"}],"wp:attachment":[{"href":"https:\/\/blogsaverroes.juntadeandalucia.es\/ceipdonana\/wp-json\/wp\/v2\/media?parent=8136"}],"curies":[{"name":"wp","href":"https:\/\/api.w.org\/{rel}","templated":true}]}}