{"id":132,"date":"2023-10-30T08:53:41","date_gmt":"2023-10-30T08:53:41","guid":{"rendered":"https:\/\/blogsaverroes.juntadeandalucia.es\/ceipdulcenombre\/?page_id=132"},"modified":"2025-02-06T12:22:11","modified_gmt":"2025-02-06T12:22:11","slug":"datos-del-centro","status":"publish","type":"page","link":"https:\/\/blogsaverroes.juntadeandalucia.es\/ceipdulcenombre\/datos-del-centro\/","title":{"rendered":"Datos del Centro"},"content":{"rendered":"<p style=\"text-align: center\"><strong>DATOS DE CONTACTO<\/strong><\/p>\n<p style=\"text-align: center\">CEIP Dulce Nombre<\/p>\n<p style=\"text-align: center\"><strong>Direcci\u00f3n:<\/strong> c\/ Huerta del Soto, 3<\/p>\n<p style=\"text-align: center\"><strong>Tel\u00e9fono:<\/strong> 957618557 &#8211; 671597157<\/p>\n<p style=\"text-align: center\"><strong>Correo electr\u00f3nico:<\/strong> 14007994.edu@juntadeandalucia.es<\/p>\n<p><img loading=\"lazy\" decoding=\"async\" class=\"alignnone size-medium wp-image-50 aligncenter\" src=\"https:\/\/blogsaverroes.juntadeandalucia.es\/ceipdulcenombre\/files\/2023\/02\/Cabecera-300x111.jpg\" alt=\"\" width=\"300\" height=\"111\" srcset=\"https:\/\/blogsaverroes.juntadeandalucia.es\/ceipdulcenombre\/files\/2023\/02\/Cabecera-300x111.jpg 300w, https:\/\/blogsaverroes.juntadeandalucia.es\/ceipdulcenombre\/files\/2023\/02\/Cabecera-600x220.jpg 600w, https:\/\/blogsaverroes.juntadeandalucia.es\/ceipdulcenombre\/files\/2023\/02\/Cabecera.jpg 735w\" sizes=\"(max-width: 300px) 100vw, 300px\" \/><\/p>\n<p>&nbsp;<\/p>\n<p>&nbsp;<\/p>\n<p style=\"text-align: center\"><strong>Horario de SECRETAR\u00cdA<\/strong><\/p>\n<p style=\"text-align: center\">&nbsp;El horario de atenci\u00f3n, tanto presencial como telef\u00f3nico, ser\u00e1 de 09:00 a&nbsp; 14:00 horas.<\/p>\n<p><img loading=\"lazy\" decoding=\"async\" class=\"alignnone size-medium wp-image-136 aligncenter\" src=\"https:\/\/blogsaverroes.juntadeandalucia.es\/ceipdulcenombre\/files\/2023\/10\/WhatsApp-Image-2023-10-30-at-10.03.05-300x225.jpeg\" alt=\"\" width=\"300\" height=\"225\" srcset=\"https:\/\/blogsaverroes.juntadeandalucia.es\/ceipdulcenombre\/files\/2023\/10\/WhatsApp-Image-2023-10-30-at-10.03.05-300x225.jpeg 300w, https:\/\/blogsaverroes.juntadeandalucia.es\/ceipdulcenombre\/files\/2023\/10\/WhatsApp-Image-2023-10-30-at-10.03.05-1024x768.jpeg 1024w, https:\/\/blogsaverroes.juntadeandalucia.es\/ceipdulcenombre\/files\/2023\/10\/WhatsApp-Image-2023-10-30-at-10.03.05-768x576.jpeg 768w, https:\/\/blogsaverroes.juntadeandalucia.es\/ceipdulcenombre\/files\/2023\/10\/WhatsApp-Image-2023-10-30-at-10.03.05-1536x1152.jpeg 1536w, https:\/\/blogsaverroes.juntadeandalucia.es\/ceipdulcenombre\/files\/2023\/10\/WhatsApp-Image-2023-10-30-at-10.03.05.jpeg 2048w\" sizes=\"(max-width: 300px) 100vw, 300px\" \/><\/p>\n<p>&nbsp;<\/p>\n<p style=\"text-align: center\"><strong>\u00bfD\u00d3NDE ESTAMOS?<\/strong><\/p>\n<p style=\"text-align: center\"><iframe loading=\"lazy\" src=\"https:\/\/www.google.com\/maps\/embed?pb=!1m18!1m12!1m3!1d3170.0275079234893!2d-4.784437625131614!3d37.38918173427974!2m3!1f0!2f0!3f0!3m2!1i1024!2i768!4f13.1!3m3!1m2!1s0xd6d433ce96cd65d%3A0xddd2de0aeea2a97b!2sColegio%20P%C3%BAblico%20Dulce%20Nombre!5e0!3m2!1ses!2ses!4v1738844299651!5m2!1ses!2ses\" width=\"400\" height=\"300\"><\/iframe><\/p>\n","protected":false},"excerpt":{"rendered":"<p>DATOS DE CONTACTO CEIP Dulce Nombre Direcci\u00f3n: c\/ Huerta del Soto, 3 Tel\u00e9fono: 957618557 &#8211; 671597157 Correo electr\u00f3nico: 14007994.edu@juntadeandalucia.es &nbsp; &nbsp; Horario de SECRETAR\u00cdA &nbsp;El horario de atenci\u00f3n, tanto presencial como telef\u00f3nico, ser\u00e1 de&#46;&#46;&#46;<\/p>\n","protected":false},"author":15897,"featured_media":0,"parent":0,"menu_order":0,"comment_status":"closed","ping_status":"closed","template":"","meta":{"ngg_post_thumbnail":0,"footnotes":""},"aioseo_notices":[],"_links":{"self":[{"href":"https:\/\/blogsaverroes.juntadeandalucia.es\/ceipdulcenombre\/wp-json\/wp\/v2\/pages\/132"}],"collection":[{"href":"https:\/\/blogsaverroes.juntadeandalucia.es\/ceipdulcenombre\/wp-json\/wp\/v2\/pages"}],"about":[{"href":"https:\/\/blogsaverroes.juntadeandalucia.es\/ceipdulcenombre\/wp-json\/wp\/v2\/types\/page"}],"author":[{"embeddable":true,"href":"https:\/\/blogsaverroes.juntadeandalucia.es\/ceipdulcenombre\/wp-json\/wp\/v2\/users\/15897"}],"replies":[{"embeddable":true,"href":"https:\/\/blogsaverroes.juntadeandalucia.es\/ceipdulcenombre\/wp-json\/wp\/v2\/comments?post=132"}],"version-history":[{"count":5,"href":"https:\/\/blogsaverroes.juntadeandalucia.es\/ceipdulcenombre\/wp-json\/wp\/v2\/pages\/132\/revisions"}],"predecessor-version":[{"id":183,"href":"https:\/\/blogsaverroes.juntadeandalucia.es\/ceipdulcenombre\/wp-json\/wp\/v2\/pages\/132\/revisions\/183"}],"wp:attachment":[{"href":"https:\/\/blogsaverroes.juntadeandalucia.es\/ceipdulcenombre\/wp-json\/wp\/v2\/media?parent=132"}],"curies":[{"name":"wp","href":"https:\/\/api.w.org\/{rel}","templated":true}]}}