{"id":250,"date":"2025-02-18T11:04:09","date_gmt":"2025-02-18T11:04:09","guid":{"rendered":"https:\/\/blogsaverroes.juntadeandalucia.es\/ceipdulcenombre\/?page_id=250"},"modified":"2025-02-18T11:16:46","modified_gmt":"2025-02-18T11:16:46","slug":"instalaciones","status":"publish","type":"page","link":"https:\/\/blogsaverroes.juntadeandalucia.es\/ceipdulcenombre\/instalaciones\/","title":{"rendered":"Instalaciones"},"content":{"rendered":"<p>En nuestro centro podemos encontrar las mejores instalaciones encaminadas a facilitar el proceso de ense\u00f1anza-aprendizaje en nuestro alumnado.<\/p>\n<p>Contamos con la cesi\u00f3n, por parte del ayuntamiento, de la Sala de Deportes \u00abLa Galana\u00bb, situada justo en frente de nuestro edificio, para poder desarrollar las sesiones de Educaci\u00f3n F\u00edsica durante aquellos d\u00edas en los que las condiciones meteorol\u00f3gicas no acompa\u00f1en. Adem\u00e1s, tenemos una pista de f\u00fatbol sala y un patio de Educaci\u00f3n Infantil, as\u00ed como una zona de amplia arboleda, donde se llevan a cabo actividades al aire libre.<\/p>\n<p>Contamos con un aula para cada unidad, una biblioteca, sala de profesores, sala del equipo directivo y una sala de refuerzo.<\/p>\n<p>\u00a1Os invitamos a que conozc\u00e1is nuestro colegio!<\/p>\n<p>&nbsp;<\/p>\n<p><img loading=\"lazy\" decoding=\"async\" class=\"alignnone size-medium wp-image-255\" src=\"https:\/\/blogsaverroes.juntadeandalucia.es\/ceipdulcenombre\/files\/2025\/02\/IMG_7469-300x225.jpg\" alt=\"\" width=\"300\" height=\"225\" srcset=\"https:\/\/blogsaverroes.juntadeandalucia.es\/ceipdulcenombre\/files\/2025\/02\/IMG_7469-300x225.jpg 300w, https:\/\/blogsaverroes.juntadeandalucia.es\/ceipdulcenombre\/files\/2025\/02\/IMG_7469-1024x768.jpg 1024w, https:\/\/blogsaverroes.juntadeandalucia.es\/ceipdulcenombre\/files\/2025\/02\/IMG_7469-768x576.jpg 768w, https:\/\/blogsaverroes.juntadeandalucia.es\/ceipdulcenombre\/files\/2025\/02\/IMG_7469-1536x1152.jpg 1536w, https:\/\/blogsaverroes.juntadeandalucia.es\/ceipdulcenombre\/files\/2025\/02\/IMG_7469-2048x1536.jpg 2048w\" sizes=\"(max-width: 300px) 100vw, 300px\" \/><img loading=\"lazy\" decoding=\"async\" class=\"alignnone size-medium wp-image-256\" src=\"https:\/\/blogsaverroes.juntadeandalucia.es\/ceipdulcenombre\/files\/2025\/02\/IMG_7470-300x225.jpg\" alt=\"\" width=\"300\" height=\"225\" srcset=\"https:\/\/blogsaverroes.juntadeandalucia.es\/ceipdulcenombre\/files\/2025\/02\/IMG_7470-300x225.jpg 300w, https:\/\/blogsaverroes.juntadeandalucia.es\/ceipdulcenombre\/files\/2025\/02\/IMG_7470-1024x768.jpg 1024w, https:\/\/blogsaverroes.juntadeandalucia.es\/ceipdulcenombre\/files\/2025\/02\/IMG_7470-768x576.jpg 768w, https:\/\/blogsaverroes.juntadeandalucia.es\/ceipdulcenombre\/files\/2025\/02\/IMG_7470-1536x1152.jpg 1536w, https:\/\/blogsaverroes.juntadeandalucia.es\/ceipdulcenombre\/files\/2025\/02\/IMG_7470-2048x1536.jpg 2048w\" sizes=\"(max-width: 300px) 100vw, 300px\" \/> <img loading=\"lazy\" decoding=\"async\" class=\"alignnone size-medium wp-image-257\" src=\"https:\/\/blogsaverroes.juntadeandalucia.es\/ceipdulcenombre\/files\/2025\/02\/IMG_7471-300x225.jpg\" alt=\"\" width=\"300\" height=\"225\" srcset=\"https:\/\/blogsaverroes.juntadeandalucia.es\/ceipdulcenombre\/files\/2025\/02\/IMG_7471-300x225.jpg 300w, https:\/\/blogsaverroes.juntadeandalucia.es\/ceipdulcenombre\/files\/2025\/02\/IMG_7471-1024x768.jpg 1024w, https:\/\/blogsaverroes.juntadeandalucia.es\/ceipdulcenombre\/files\/2025\/02\/IMG_7471-768x576.jpg 768w, https:\/\/blogsaverroes.juntadeandalucia.es\/ceipdulcenombre\/files\/2025\/02\/IMG_7471-1536x1152.jpg 1536w, https:\/\/blogsaverroes.juntadeandalucia.es\/ceipdulcenombre\/files\/2025\/02\/IMG_7471-2048x1536.jpg 2048w\" sizes=\"(max-width: 300px) 100vw, 300px\" \/> <img loading=\"lazy\" decoding=\"async\" class=\"alignnone size-medium wp-image-258\" src=\"https:\/\/blogsaverroes.juntadeandalucia.es\/ceipdulcenombre\/files\/2025\/02\/IMG_7472-300x225.jpg\" alt=\"\" width=\"300\" height=\"225\" srcset=\"https:\/\/blogsaverroes.juntadeandalucia.es\/ceipdulcenombre\/files\/2025\/02\/IMG_7472-300x225.jpg 300w, https:\/\/blogsaverroes.juntadeandalucia.es\/ceipdulcenombre\/files\/2025\/02\/IMG_7472-1024x768.jpg 1024w, https:\/\/blogsaverroes.juntadeandalucia.es\/ceipdulcenombre\/files\/2025\/02\/IMG_7472-768x576.jpg 768w, https:\/\/blogsaverroes.juntadeandalucia.es\/ceipdulcenombre\/files\/2025\/02\/IMG_7472-1536x1152.jpg 1536w, https:\/\/blogsaverroes.juntadeandalucia.es\/ceipdulcenombre\/files\/2025\/02\/IMG_7472-2048x1536.jpg 2048w\" sizes=\"(max-width: 300px) 100vw, 300px\" \/> <img loading=\"lazy\" decoding=\"async\" class=\"alignnone size-medium wp-image-259\" src=\"https:\/\/blogsaverroes.juntadeandalucia.es\/ceipdulcenombre\/files\/2025\/02\/IMG_7473-225x300.jpg\" alt=\"\" width=\"225\" height=\"300\" srcset=\"https:\/\/blogsaverroes.juntadeandalucia.es\/ceipdulcenombre\/files\/2025\/02\/IMG_7473-225x300.jpg 225w, https:\/\/blogsaverroes.juntadeandalucia.es\/ceipdulcenombre\/files\/2025\/02\/IMG_7473-768x1024.jpg 768w, https:\/\/blogsaverroes.juntadeandalucia.es\/ceipdulcenombre\/files\/2025\/02\/IMG_7473-1152x1536.jpg 1152w, https:\/\/blogsaverroes.juntadeandalucia.es\/ceipdulcenombre\/files\/2025\/02\/IMG_7473-1536x2048.jpg 1536w, https:\/\/blogsaverroes.juntadeandalucia.es\/ceipdulcenombre\/files\/2025\/02\/IMG_7473-scaled.jpg 1920w\" sizes=\"(max-width: 225px) 100vw, 225px\" \/> <img loading=\"lazy\" decoding=\"async\" class=\"alignnone size-medium wp-image-260\" src=\"https:\/\/blogsaverroes.juntadeandalucia.es\/ceipdulcenombre\/files\/2025\/02\/IMG_7476-300x225.jpg\" alt=\"\" width=\"300\" height=\"225\" srcset=\"https:\/\/blogsaverroes.juntadeandalucia.es\/ceipdulcenombre\/files\/2025\/02\/IMG_7476-300x225.jpg 300w, https:\/\/blogsaverroes.juntadeandalucia.es\/ceipdulcenombre\/files\/2025\/02\/IMG_7476-1024x768.jpg 1024w, https:\/\/blogsaverroes.juntadeandalucia.es\/ceipdulcenombre\/files\/2025\/02\/IMG_7476-768x576.jpg 768w, https:\/\/blogsaverroes.juntadeandalucia.es\/ceipdulcenombre\/files\/2025\/02\/IMG_7476-1536x1152.jpg 1536w, https:\/\/blogsaverroes.juntadeandalucia.es\/ceipdulcenombre\/files\/2025\/02\/IMG_7476-2048x1536.jpg 2048w\" sizes=\"(max-width: 300px) 100vw, 300px\" \/> <img loading=\"lazy\" decoding=\"async\" class=\"alignnone size-medium wp-image-261\" src=\"https:\/\/blogsaverroes.juntadeandalucia.es\/ceipdulcenombre\/files\/2025\/02\/IMG_7474-300x225.jpg\" alt=\"\" width=\"300\" height=\"225\" srcset=\"https:\/\/blogsaverroes.juntadeandalucia.es\/ceipdulcenombre\/files\/2025\/02\/IMG_7474-300x225.jpg 300w, https:\/\/blogsaverroes.juntadeandalucia.es\/ceipdulcenombre\/files\/2025\/02\/IMG_7474-1024x768.jpg 1024w, https:\/\/blogsaverroes.juntadeandalucia.es\/ceipdulcenombre\/files\/2025\/02\/IMG_7474-768x576.jpg 768w, https:\/\/blogsaverroes.juntadeandalucia.es\/ceipdulcenombre\/files\/2025\/02\/IMG_7474-1536x1152.jpg 1536w, https:\/\/blogsaverroes.juntadeandalucia.es\/ceipdulcenombre\/files\/2025\/02\/IMG_7474-2048x1536.jpg 2048w\" sizes=\"(max-width: 300px) 100vw, 300px\" \/><\/p>\n","protected":false},"excerpt":{"rendered":"<p>En nuestro centro podemos encontrar las mejores instalaciones encaminadas a facilitar el proceso de ense\u00f1anza-aprendizaje en nuestro alumnado. Contamos con la cesi\u00f3n, por parte del ayuntamiento, de la Sala de Deportes \u00abLa Galana\u00bb, situada&#46;&#46;&#46;<\/p>\n","protected":false},"author":3970,"featured_media":0,"parent":0,"menu_order":0,"comment_status":"closed","ping_status":"closed","template":"","meta":{"ngg_post_thumbnail":0,"footnotes":""},"aioseo_notices":[],"_links":{"self":[{"href":"https:\/\/blogsaverroes.juntadeandalucia.es\/ceipdulcenombre\/wp-json\/wp\/v2\/pages\/250"}],"collection":[{"href":"https:\/\/blogsaverroes.juntadeandalucia.es\/ceipdulcenombre\/wp-json\/wp\/v2\/pages"}],"about":[{"href":"https:\/\/blogsaverroes.juntadeandalucia.es\/ceipdulcenombre\/wp-json\/wp\/v2\/types\/page"}],"author":[{"embeddable":true,"href":"https:\/\/blogsaverroes.juntadeandalucia.es\/ceipdulcenombre\/wp-json\/wp\/v2\/users\/3970"}],"replies":[{"embeddable":true,"href":"https:\/\/blogsaverroes.juntadeandalucia.es\/ceipdulcenombre\/wp-json\/wp\/v2\/comments?post=250"}],"version-history":[{"count":4,"href":"https:\/\/blogsaverroes.juntadeandalucia.es\/ceipdulcenombre\/wp-json\/wp\/v2\/pages\/250\/revisions"}],"predecessor-version":[{"id":262,"href":"https:\/\/blogsaverroes.juntadeandalucia.es\/ceipdulcenombre\/wp-json\/wp\/v2\/pages\/250\/revisions\/262"}],"wp:attachment":[{"href":"https:\/\/blogsaverroes.juntadeandalucia.es\/ceipdulcenombre\/wp-json\/wp\/v2\/media?parent=250"}],"curies":[{"name":"wp","href":"https:\/\/api.w.org\/{rel}","templated":true}]}}