{"id":2482,"date":"2020-09-08T16:22:35","date_gmt":"2020-09-08T16:22:35","guid":{"rendered":"https:\/\/blogsaverroes.juntadeandalucia.es\/ceipduquederivas\/?page_id=2482"},"modified":"2020-11-25T18:57:34","modified_gmt":"2020-11-25T18:57:34","slug":"educacion-fisica","status":"publish","type":"page","link":"https:\/\/blogsaverroes.juntadeandalucia.es\/ceipduquederivas\/especialistas\/educacion-fisica\/","title":{"rendered":"Educaci\u00f3n F\u00edsica"},"content":{"rendered":"<p>\u00a1Hola mi querido alumnado!&nbsp;&nbsp;<\/p>\n<p>Este curso escolar 2020\/2021, est\u00e1 marcado por la pandemia de la COVID-19 y como hab\u00e9is podido comprobar ,han cambiado muchas cosas, entre otras ,la manera de trabajar en Educaci\u00f3n F\u00edsica. No podemos&nbsp; dar la clase como est\u00e1is acostumbrados. As\u00ed que seguiremos unas normas muy muy sencillitas:<\/p>\n<ol>\n<li>Tenemos que ir con la mascarilla&nbsp; y si el desarrollo de la clase lo permite, yo os avisar\u00e9 y podr\u00e9is quit\u00e1rosla. En ese caso, ten\u00e9is que mantener siempre la distancia de tres metros. Habr\u00e1 algunas actividades en las que no se pueda estar a esa distancia, entonces deber\u00e9is usarla.<\/li>\n<li>Traer\u00e9is vuestra botella de agua, y por supuesto no pod\u00e9is compartirla.<\/li>\n<li>El material que vamos a necesitar es muy poco,&nbsp; la raqueta de b\u00e1dminton&nbsp; (la vamos a necesitar en el segundo trimestre), que tendr\u00e9is que desinfectar antes y despu\u00e9s del uso. Tambi\u00e9n vais a fabricar unas palas, con material reciclado, para practicar un juego que se llama Palad\u00f3s (en el segundo trimestre), y haremos unas pelotas para desarrollar los <strong>malabares<\/strong>. Toda la informaci\u00f3n para hacer esto est\u00e1 en el siguiente enlace:&nbsp; &nbsp;&nbsp;<\/li>\n<\/ol>\n<ol start=\"4\">\n<li>Es obligatorio&nbsp; lavaros las manos ANTES de clase. No empezar\u00e9is el calentamiento sin lavaros las manos adecuadamente.<\/li>\n<li>Si la ENSE\u00d1ANZA&nbsp; NO FUESE PRESENCIAL, sab\u00e9is que se trabaja desde casa. En Educaci\u00f3n F\u00edsica es IMPOSIBLE, hacer lo que se hacen en otras materias. Por eso, la hora de Educaci\u00f3n F\u00edsica&nbsp; en casa, deb\u00e9is poneros a trabajar los proyectos, a fabricaros las palas o los malabares. Los&nbsp; ejemplos de proyectos los ten\u00e9is en la siguiente entrada:<\/li>\n<\/ol>\n<p>\u200b<\/p>\n<p><iframe title=\"PALAD\u00d3S Patio (JDA)\" width=\"500\" height=\"281\" src=\"https:\/\/www.youtube.com\/embed\/--1Rljyxh-4?feature=oembed&#038;wmode=opaque\" frameborder=\"0\" allow=\"accelerometer; autoplay; clipboard-write; encrypted-media; gyroscope; picture-in-picture\" allowfullscreen><\/iframe><\/p>\n<p>Estas horas tambi\u00e9n las pod\u00e9is usar para realizar actividad f\u00edsica y obtener un positivo. Para ello ten\u00e9is que enviarme un video con la actividad que hab\u00e9is realizado a Classroom. Se recomienda que realic\u00e9is actividades individuales como <strong>saltar a la comba, el frisbi (disco volador) o baile, y la mayor presencia posible al aire libre<\/strong>&nbsp; para adaptar la asignatura de <a title=\"Educaci\u00f3n f\u00edsica\" href=\"https:\/\/cadenaser.com\/tag\/educacion_fisica\/a\/\"><strong>Educaci\u00f3n F\u00edsica<\/strong><\/a>&nbsp;a la situaci\u00f3n de pandemia por&nbsp;<a title=\"Coronavirus Covid-19\" href=\"https:\/\/cadenaser.com\/tag\/covid_19\/a\/\"><strong>coronavirus<\/strong><\/a>, frente a otros deportes de equipo y de contacto como el f\u00fatbol o el judo.<\/p>\n<table style=\"width: 94.8627%;height: 283px\" width=\"0\">\n<tbody>\n<tr style=\"height: 23px\">\n<td style=\"width: 149.583%;height: 23px\" colspan=\"3\" width=\"605\"><span style=\"color: #ff0000\"><strong>Temporalizaci\u00f3n de contenidos<\/strong><\/span><\/td>\n<\/tr>\n<tr style=\"height: 23px\">\n<td style=\"width: 30.3514%;height: 23px\" width=\"187\"><strong>PRIMER TRIMESTRE<\/strong><\/td>\n<td style=\"width: 43.131%;height: 23px\" width=\"265\"><strong>SEGUNDO TRIMESTRE<\/strong><\/td>\n<td style=\"width: 76.1009%;height: 23px\" width=\"153\"><strong>TERCER TRIMESTRE<\/strong><\/td>\n<\/tr>\n<tr style=\"height: 23px\">\n<td style=\"width: 30.3514%;height: 23px\" width=\"187\"><strong>UNI 1. Test de condici\u00f3n f\u00edsica.<\/strong><\/td>\n<td style=\"width: 43.131%;height: 23px\" width=\"265\"><strong>UNI 6. Test de condici\u00f3n f\u00edsica.<\/strong><\/td>\n<td style=\"width: 76.1009%;height: 23px\" width=\"153\"><strong>UNI 10. Test de condici\u00f3n f\u00edsica.<\/strong><\/td>\n<\/tr>\n<tr style=\"height: 95px\">\n<td style=\"width: 30.3514%;height: 95px\" width=\"187\"><strong>UNI 2.&nbsp; Juegos de condici\u00f3n f\u00edsica y coordinaci\u00f3n.<\/strong><\/p>\n<p><a href=\"https:\/\/youtu.be\/jeuMuq-ni4o\">https:\/\/youtu.be\/jeuMuq-ni4o?t=9<\/a><\/td>\n<td style=\"width: 43.131%;height: 95px\" width=\"265\"><strong>UNI 7.&nbsp; PALAS. <\/strong><\/p>\n<p><strong>&nbsp; &nbsp; <a href=\"https:\/\/youtu.be\/Xhzs8oUxAp8\">https:\/\/youtu.be\/Xhzs8oUxAp8?t=11<\/a><\/strong><\/p>\n<p>&nbsp;<\/td>\n<td style=\"width: 76.1009%;height: 95px\" width=\"153\"><strong>UNI 11. BAILES.<\/strong><\/td>\n<\/tr>\n<tr style=\"height: 119px\">\n<td style=\"width: 30.3514%;height: 119px\" width=\"187\"><strong>UNI 3. AEROBIC. <a href=\"https:\/\/youtu.be\/ndJf_MeLqmg\">www.youtube.com\/watch?v=ndJf_MeLqmg<\/a><\/strong><\/td>\n<td style=\"width: 43.131%;height: 119px\" width=\"265\"><strong>UNI 8: BADMINTON.<\/strong><\/p>\n<p><a href=\"https:\/\/youtu.be\/YFpnBNdAs3U?t=48\"><strong>https:\/\/youtu.be\/YF<\/strong><\/a><strong><a href=\"https:\/\/youtu.be\/YFpnBNdAs3U?t=48\" target=\"_blank\" rel=\"noopener noreferrer\">youtu.be\/YFpnBNdAs3U<\/a>pnBNdAs3U?t=54<\/strong><\/td>\n<td style=\"width: 76.1009%;height: 119px\" width=\"153\"><strong>UNI&nbsp; 12: STEP<\/strong><\/td>\n<\/tr>\n<\/tbody>\n<\/table>\n<p>&nbsp;<\/p>\n<table style=\"width: 94.9425%\" width=\"0\">\n<tbody>\n<tr>\n<td style=\"width: 30.3514%\" width=\"187\"><strong>UNI&nbsp; 4: MALABARES.<\/strong><\/p>\n<p><a href=\"https:\/\/youtu.be\/MjIsIg7Lp80\">https:\/\/www.youtube.com\/channel\/UCkUXs7dtOJOXRG7lTPTZebQ?view_as=subscriber<\/a><\/td>\n<td style=\"width: 43.131%\" width=\"265\"><strong>UNI 9:EXPOSICI\u00d3N DE PROYECTOS.<\/strong><\/td>\n<td style=\"width: 75.8786%\" width=\"153\"><strong>UNI 13: FUTBEISBOL.<\/strong><\/td>\n<\/tr>\n<tr>\n<td style=\"width: 30.3514%\" width=\"187\"><strong>UNI 5: EXPOSICI\u00d3N DE PROYECTOS.<\/strong><\/td>\n<td style=\"width: 43.131%\" width=\"265\">&nbsp;<\/td>\n<td style=\"width: 75.8786%\" width=\"153\"><strong>UNI 14. VOLLEYBALL. Voleibol.<\/strong><\/td>\n<\/tr>\n<tr>\n<td style=\"width: 30.3514%\" width=\"187\">&nbsp;<\/td>\n<td style=\"width: 43.131%\" width=\"265\">&nbsp;<\/td>\n<td style=\"width: 75.8786%\" width=\"153\"><strong>UNI 15:&nbsp; EXPOSICI\u00d3N DE PROYECTOS.<\/strong><\/td>\n<\/tr>\n<\/tbody>\n<\/table>\n<p><strong>EVALUACI\u00d3N<\/strong><\/p>\n<p><span style=\"color: #ff0000\"><strong>PRIMER TRIMESTRE.<\/strong><\/span><\/p>\n<p><strong>TRABAJO 3 PUNTOS (30%):<\/strong><\/p>\n<ul>\n<li>1,5 PUNTOS EL MURAL&nbsp; (ORIGINALIDAD, LIMPIEZA, RESPONDES AL CONTENIDO).<\/li>\n<li>1,5 PUNTOS LA PRESENTACI\u00d3N (UTILIZAS DE FORMA ADECUADA EL LENGUAJE, ACTITUD)<\/li>\n<\/ul>\n<p><strong>ASPECTOS M\u00c1S PR\u00c1CTICOS (40%).&nbsp;<\/strong><\/p>\n<ul>\n<li>1 PUNTO LOS TEST DE CONDICI\u00d3N F\u00cdSICA (TE ESFUERZAS, TE SUPERAS, RESULTADOS).<\/li>\n<li>1 PUNTO LOS JUEGOS DE CONDICI\u00d3N F\u00cdSICA (PRACTICAS ADECUADAMENTE, TE ESFUERZAS, NIVEL DE DESTREZA).<\/li>\n<li>1 PUNTO AEROBIC.<\/li>\n<li>1 PUNTO MALABARES.<\/li>\n<\/ul>\n<p><strong>ASPECTOS M\u00c1S ACTITUDINALES (30%).&nbsp;<\/strong><\/p>\n<ul>\n<li>HACES LOS CALENTAMIENTOS ADECUADAMENTE, COMPA\u00d1ERISMO Y DEPORTIVIDAD, MEDIDAS DE HIGIENE (AGUA, TE LAVAS LAS MANOS Y TE&nbsp; APLICAS HIDROGEL ANTES DE LAS CLASES Y DESPU\u00c9S, etc).<\/li>\n<\/ul>\n<p><strong><span style=\"color: #ff0000\">SEGUNDO TRIMESTRE<\/span>.<\/strong><\/p>\n<p><strong>TRABAJO 3 PUNTOS (30%).<\/strong><\/p>\n<ul>\n<li>1,5 PUNTOS LA CARTULINA, EL V\u00cdDEO O EL POWER POINT&nbsp; (ORIGINALIDAD, LIMPIEZA, RESPONDE AL CONTENIDO).<\/li>\n<li>1,5 PUNTOS LA PRESENTACI\u00d3N (UTILIZAS DE FORMA ADECUADA EL LENGUAJE, NO LEES LA CARTULINA, ACTITUD)<\/li>\n<\/ul>\n<p><strong>ASPECTOS M\u00c1S PR\u00c1CTICOS (40%).<\/strong><\/p>\n<ul>\n<li>1 PUNTO TEST DE CONDICI\u00d3N F\u00cdSICA.<\/li>\n<li>1 PUNTO PALAS (T\u00c9CNICA, T\u00c1CTICA, REGLAMENTO, CAMPEONATOS).<\/li>\n<li>1 PUNTO FABRICACI\u00d3N DE PALAS.<\/li>\n<li>1 PUNTO B\u00c1DMINTON (T\u00c9CNICA, T\u00c1CTICA, REGLAMENTO).<\/li>\n<\/ul>\n<p><strong>ASPECTOS&nbsp; ACTITUDINALES (30%).<\/strong><\/p>\n<ul>\n<li>HACES LOS CALENTAMIENTOS ADECUADAMENTE, COMPA\u00d1ERISMO Y DEPORTIVIDAD, MEDIDAS DE HIGIENE (TE TRAES AGUA, TE LAVAS LAS MANOS Y APLICAS&nbsp; HIDROGEL ANTES DE LAS CLASES Y DESPU\u00c9S, etc).<\/li>\n<\/ul>\n<p><span style=\"color: #ff0000\"><strong>TERCER TRIMESTRE.<\/strong><\/span><\/p>\n<p><strong>TRABAJO 3 PUNTOS (30%):<\/strong><\/p>\n<ul>\n<li>1,5 PUNTOS&nbsp; EL MURAL O EL V\u00cdDEO&nbsp; (ORIGINALIDAD, LIMPIEZA, RESPONDE AL CONTENIDO).<\/li>\n<li>1,5 PUNTOS LA PRESENTACI\u00d3N (UTILIZAS DE FORMA ADECUADA EL LENGUAJE, ACTITUD)<\/li>\n<\/ul>\n<p><strong>ASPECTOS M\u00c1S PR\u00c1CTICOS (40%):<\/strong><\/p>\n<ul>\n<li>1 PUNTO TEST DE CONDICI\u00d3N F\u00cdSICA.<\/li>\n<li>1 PUNTO BAILES (ORIGINALIDAD, RITMO, INTERPRETACI\u00d3N).<\/li>\n<li>1 PUNTO FUTBEISBOL.<\/li>\n<li>1 PUNTO VOLEIBOL.<\/li>\n<\/ul>\n<p><strong>ASPECTOS&nbsp; ACTITUDINALES (30%):<\/strong><\/p>\n<ul>\n<li>HACES LOS CALENTAMIENTOS ADECUADAMENTE, COMPA\u00d1ERISMO Y DEPORTIVIDAD, MEDIDAS DE HIGIENE (TE TRAES ROPA DE CAMBIO, AGUA, TE LAVAS LAS MANOS&nbsp; Y APLICAS HIDROGEL ANTES DE LAS CLASES Y DESPU\u00c9S, etc).<\/li>\n<\/ul>\n<p><strong>Otras observaciones<\/strong>.<\/p>\n<p>&nbsp;<\/p>\n<ol>\n<li>Los contenidos programados est\u00e1n sujetos a la evoluci\u00f3n de la pandemia, por lo que podr\u00e1n ser modificados.<\/li>\n<li>En la ense\u00f1anza en casa, deber\u00e1s dedicarte a hacer los proyectos que tienen que entregar para ganar positivos.&nbsp; Esas actividades de positivos debes subirlas a Classroom y avisadme de que la has realizado.<\/li>\n<li>En caso de no poderse hacer presencialmente las exposiciones, se har\u00e1n con un v\u00eddeo desde casa, de forma individual .<\/li>\n<\/ol>\n<p>&nbsp; &nbsp; &nbsp; &nbsp; \u00a1Mucho \u00e1nimo para seguir aprendiendo !<\/p>\n<p>&nbsp; &nbsp; &nbsp; &nbsp; Auxi.<\/p>\n<p><a href=\"https:\/\/1drv.ms\/u\/s!Apovs8Rs48BnoyJmqPQ7uQq49scw?e=Ek5cEM\">Programaci\u00f3n no COVID 19:<\/a><\/p>\n<p>https:\/\/1drv.ms\/u\/s!Apovs8Rs48BnoyJmqPQ7uQq49scw?e=Ek5cEM<\/p>\n<p>&nbsp;<\/p>\n","protected":false},"excerpt":{"rendered":"<p>\u00a1Hola mi querido alumnado!&nbsp;&nbsp; Este curso escolar 2020\/2021, est\u00e1 marcado por la pandemia de la COVID-19 y como hab\u00e9is podido comprobar ,han cambiado muchas cosas, entre otras ,la manera de trabajar en Educaci\u00f3n F\u00edsica.&#46;&#46;&#46;<\/p>\n","protected":false},"author":9751,"featured_media":0,"parent":2477,"menu_order":0,"comment_status":"closed","ping_status":"closed","template":"","meta":{"ngg_post_thumbnail":0,"footnotes":"","_mc_calendar":[]},"aioseo_notices":[],"_links":{"self":[{"href":"https:\/\/blogsaverroes.juntadeandalucia.es\/ceipduquederivas\/wp-json\/wp\/v2\/pages\/2482"}],"collection":[{"href":"https:\/\/blogsaverroes.juntadeandalucia.es\/ceipduquederivas\/wp-json\/wp\/v2\/pages"}],"about":[{"href":"https:\/\/blogsaverroes.juntadeandalucia.es\/ceipduquederivas\/wp-json\/wp\/v2\/types\/page"}],"author":[{"embeddable":true,"href":"https:\/\/blogsaverroes.juntadeandalucia.es\/ceipduquederivas\/wp-json\/wp\/v2\/users\/9751"}],"replies":[{"embeddable":true,"href":"https:\/\/blogsaverroes.juntadeandalucia.es\/ceipduquederivas\/wp-json\/wp\/v2\/comments?post=2482"}],"version-history":[{"count":7,"href":"https:\/\/blogsaverroes.juntadeandalucia.es\/ceipduquederivas\/wp-json\/wp\/v2\/pages\/2482\/revisions"}],"predecessor-version":[{"id":3206,"href":"https:\/\/blogsaverroes.juntadeandalucia.es\/ceipduquederivas\/wp-json\/wp\/v2\/pages\/2482\/revisions\/3206"}],"up":[{"embeddable":true,"href":"https:\/\/blogsaverroes.juntadeandalucia.es\/ceipduquederivas\/wp-json\/wp\/v2\/pages\/2477"}],"wp:attachment":[{"href":"https:\/\/blogsaverroes.juntadeandalucia.es\/ceipduquederivas\/wp-json\/wp\/v2\/media?parent=2482"}],"curies":[{"name":"wp","href":"https:\/\/api.w.org\/{rel}","templated":true}]}}