{"id":2765,"date":"2020-09-20T11:30:56","date_gmt":"2020-09-20T11:30:56","guid":{"rendered":"https:\/\/blogsaverroes.juntadeandalucia.es\/ceipduquederivas\/?page_id=2765"},"modified":"2020-11-13T11:05:01","modified_gmt":"2020-11-13T11:05:01","slug":"1o-eso","status":"publish","type":"page","link":"https:\/\/blogsaverroes.juntadeandalucia.es\/ceipduquederivas\/1o-eso\/","title":{"rendered":"1\u00ba ESO"},"content":{"rendered":"<p style=\"text-align: center\"><strong>MATEM\u00c1TICAS<\/strong><\/p>\n<p style=\"text-align: center\"><span style=\"text-decoration: underline\"><strong>Los n\u00fameros Naturales<\/strong><\/span><\/p>\n<p style=\"text-align: center\">\u00bf\u00bf\u00bfTe lo explicamos???<\/p>\n<p><a href=\"https:\/\/blogsaverroes.juntadeandalucia.es\/ceipduquederivas\/files\/2020\/11\/84484695-dibujo-de-dibujos-animados-ninja-en-estilo-chibi-manga-ilustraci\u00f3n-de-vector-lindo-.jpg\"><img fetchpriority=\"high\" decoding=\"async\" class=\"size-medium wp-image-3375 aligncenter\" src=\"https:\/\/blogsaverroes.juntadeandalucia.es\/ceipduquederivas\/files\/2020\/11\/84484695-dibujo-de-dibujos-animados-ninja-en-estilo-chibi-manga-ilustraci\u00f3n-de-vector-lindo--300x300.jpg\" alt=\"\" width=\"300\" height=\"300\" srcset=\"https:\/\/blogsaverroes.juntadeandalucia.es\/ceipduquederivas\/files\/2020\/11\/84484695-dibujo-de-dibujos-animados-ninja-en-estilo-chibi-manga-ilustraci\u00f3n-de-vector-lindo--300x300.jpg 300w, https:\/\/blogsaverroes.juntadeandalucia.es\/ceipduquederivas\/files\/2020\/11\/84484695-dibujo-de-dibujos-animados-ninja-en-estilo-chibi-manga-ilustraci\u00f3n-de-vector-lindo--1024x1024.jpg 1024w, https:\/\/blogsaverroes.juntadeandalucia.es\/ceipduquederivas\/files\/2020\/11\/84484695-dibujo-de-dibujos-animados-ninja-en-estilo-chibi-manga-ilustraci\u00f3n-de-vector-lindo--150x150.jpg 150w, https:\/\/blogsaverroes.juntadeandalucia.es\/ceipduquederivas\/files\/2020\/11\/84484695-dibujo-de-dibujos-animados-ninja-en-estilo-chibi-manga-ilustraci\u00f3n-de-vector-lindo--768x768.jpg 768w, https:\/\/blogsaverroes.juntadeandalucia.es\/ceipduquederivas\/files\/2020\/11\/84484695-dibujo-de-dibujos-animados-ninja-en-estilo-chibi-manga-ilustraci\u00f3n-de-vector-lindo--100x100.jpg 100w, https:\/\/blogsaverroes.juntadeandalucia.es\/ceipduquederivas\/files\/2020\/11\/84484695-dibujo-de-dibujos-animados-ninja-en-estilo-chibi-manga-ilustraci\u00f3n-de-vector-lindo--80x80.jpg 80w, https:\/\/blogsaverroes.juntadeandalucia.es\/ceipduquederivas\/files\/2020\/11\/84484695-dibujo-de-dibujos-animados-ninja-en-estilo-chibi-manga-ilustraci\u00f3n-de-vector-lindo--320x320.jpg 320w, https:\/\/blogsaverroes.juntadeandalucia.es\/ceipduquederivas\/files\/2020\/11\/84484695-dibujo-de-dibujos-animados-ninja-en-estilo-chibi-manga-ilustraci\u00f3n-de-vector-lindo--24x24.jpg 24w, https:\/\/blogsaverroes.juntadeandalucia.es\/ceipduquederivas\/files\/2020\/11\/84484695-dibujo-de-dibujos-animados-ninja-en-estilo-chibi-manga-ilustraci\u00f3n-de-vector-lindo--36x36.jpg 36w, https:\/\/blogsaverroes.juntadeandalucia.es\/ceipduquederivas\/files\/2020\/11\/84484695-dibujo-de-dibujos-animados-ninja-en-estilo-chibi-manga-ilustraci\u00f3n-de-vector-lindo--48x48.jpg 48w, https:\/\/blogsaverroes.juntadeandalucia.es\/ceipduquederivas\/files\/2020\/11\/84484695-dibujo-de-dibujos-animados-ninja-en-estilo-chibi-manga-ilustraci\u00f3n-de-vector-lindo-.jpg 1300w\" sizes=\"(max-width: 300px) 100vw, 300px\" \/><\/a><\/p>\n<p>[youtube https:\/\/www.youtube.com\/watch?v=6ksSkHgcKd0]<\/p>\n<p>&nbsp;<\/p>\n<p style=\"text-align: center\"><strong>!Practiquemos lo aprendido!<\/strong><\/p>\n<p style=\"text-align: center\">!Ayudemos a este chaval!<\/p>\n<p style=\"text-align: center\">!Pincha en \u00e9l y ay\u00fadalo!<\/p>\n<p><a href=\"https:\/\/drive.google.com\/file\/d\/1SmGhiuuJklFthBYnTiM2F89elavAFXet\/view?usp=sharing\"><img decoding=\"async\" class=\"size-medium wp-image-3377 aligncenter\" src=\"https:\/\/blogsaverroes.juntadeandalucia.es\/ceipduquederivas\/files\/2020\/11\/source-300x226.gif\" alt=\"\" width=\"300\" height=\"226\" srcset=\"https:\/\/blogsaverroes.juntadeandalucia.es\/ceipduquederivas\/files\/2020\/11\/source-300x226.gif 300w, https:\/\/blogsaverroes.juntadeandalucia.es\/ceipduquederivas\/files\/2020\/11\/source-24x18.gif 24w, https:\/\/blogsaverroes.juntadeandalucia.es\/ceipduquederivas\/files\/2020\/11\/source-36x27.gif 36w, https:\/\/blogsaverroes.juntadeandalucia.es\/ceipduquederivas\/files\/2020\/11\/source-48x36.gif 48w\" sizes=\"(max-width: 300px) 100vw, 300px\" \/><\/a><\/p>\n<p>&nbsp;<\/p>\n<hr \/>\n<p>&nbsp;<\/p>\n<p><strong>Hola a todos!!!!<\/strong><\/p>\n<p>Estas semanas en 1\u00ba de la ESO estamos trabajando el universo y nuestro planeta tierra.<\/p>\n<p>&nbsp;<\/p>\n<p>Aqu\u00ed os dejo una ficha interactiva de repaso:<\/p>\n<div id=\"liveworksheet354809\" style=\"width: 100%\" align=\"center\">\n<p><span id=\"lwslink354809\"><span style=\"font-family: Arial;font-size: small\"><a href=\"https:\/\/es.liveworksheets.com\/worksheets\/es\/Ciencias_Sociales\/El_universo\/El_universos_vi354809hq\">El universos<\/a>, una ficha interactiva de <a href=\"https:\/\/es.liveworksheets.com\/user\/merymikeletes\">merymikeletes<\/a><\/span><\/span><\/p>\n<p><a style=\"text-decoration: none\" href=\"https:\/\/es.liveworksheets.com\"><span style=\"font-family: Century Gothic;font-size: large\">live<b>worksheets.com<\/b><\/span><\/a><\/p>\n<\/div>\n<p style=\"text-align: center\"><a href=\"https:\/\/files.liveworksheets.com\/embed\/embed.js\">https:\/\/files.liveworksheets.com\/embed\/embed.js<\/a><\/p>\n<p>&nbsp;<\/p>\n<p><strong>\u00a0Espero que saqu\u00e9is un diez!!!<\/strong><\/p>\n<p style=\"text-align: center\"><strong>Y ahora unos juegos sobre planetas ^^ PINCHA los planetas!<\/strong><\/p>\n<p style=\"text-align: center\"><a href=\"https:\/\/juegosinfantiles.bosquedefantasias.com\/ciencias-naturales\/materia-energia\/universo-planetas\"><img decoding=\"async\" class=\"alignnone size-medium wp-image-3372\" src=\"https:\/\/blogsaverroes.juntadeandalucia.es\/ceipduquederivas\/files\/2020\/11\/bf8ebee18dfb8414053487c5a2421f2e-216x300.jpg\" alt=\"\" width=\"216\" height=\"300\" srcset=\"https:\/\/blogsaverroes.juntadeandalucia.es\/ceipduquederivas\/files\/2020\/11\/bf8ebee18dfb8414053487c5a2421f2e-216x300.jpg 216w, https:\/\/blogsaverroes.juntadeandalucia.es\/ceipduquederivas\/files\/2020\/11\/bf8ebee18dfb8414053487c5a2421f2e-17x24.jpg 17w, https:\/\/blogsaverroes.juntadeandalucia.es\/ceipduquederivas\/files\/2020\/11\/bf8ebee18dfb8414053487c5a2421f2e-26x36.jpg 26w, https:\/\/blogsaverroes.juntadeandalucia.es\/ceipduquederivas\/files\/2020\/11\/bf8ebee18dfb8414053487c5a2421f2e-34x48.jpg 34w, https:\/\/blogsaverroes.juntadeandalucia.es\/ceipduquederivas\/files\/2020\/11\/bf8ebee18dfb8414053487c5a2421f2e.jpg 324w\" sizes=\"(max-width: 216px) 100vw, 216px\" \/><\/a><\/p>\n<p>&nbsp;<\/p>\n<p style=\"text-align: center\"><span style=\"text-decoration: underline\">Y finalmente un video!<\/span><\/p>\n<p>[youtube https:\/\/www.youtube.com\/watch?v=ZykXgSqet6A]<\/p>\n<hr \/>\n<p>&nbsp;<\/p>\n<p>Atenci\u00f3n un extra\u00f1o fen\u00f3meno est\u00e1 ocurriendo en el cole, MAESTROS Y ALUMNOS EST\u00c1N SIENDO ATACADOS POR EL ESP\u00cdRITU DEL DUQUE. MUUUUUUUUUUUUUUUCHO CUIDADO POR EL PASILLO DE 1\u00ba DE ESO.<br \/>\nNO TE CONF\u00cdES, A T\u00cd TAMBI\u00c9N PUEDE ACECHARTE<\/p>\n<p><a href=\"https:\/\/blogsaverroes.juntadeandalucia.es\/ceipduquederivas\/files\/2020\/10\/2020-10-29_11-27-47.jpg\"><img loading=\"lazy\" decoding=\"async\" class=\"alignnone size-medium wp-image-3264\" src=\"https:\/\/blogsaverroes.juntadeandalucia.es\/ceipduquederivas\/files\/2020\/10\/2020-10-29_11-27-47-205x300.jpg\" alt=\"\" width=\"205\" height=\"300\" srcset=\"https:\/\/blogsaverroes.juntadeandalucia.es\/ceipduquederivas\/files\/2020\/10\/2020-10-29_11-27-47-205x300.jpg 205w, https:\/\/blogsaverroes.juntadeandalucia.es\/ceipduquederivas\/files\/2020\/10\/2020-10-29_11-27-47-701x1024.jpg 701w, https:\/\/blogsaverroes.juntadeandalucia.es\/ceipduquederivas\/files\/2020\/10\/2020-10-29_11-27-47-768x1122.jpg 768w, https:\/\/blogsaverroes.juntadeandalucia.es\/ceipduquederivas\/files\/2020\/10\/2020-10-29_11-27-47-1051x1536.jpg 1051w, https:\/\/blogsaverroes.juntadeandalucia.es\/ceipduquederivas\/files\/2020\/10\/2020-10-29_11-27-47-16x24.jpg 16w, https:\/\/blogsaverroes.juntadeandalucia.es\/ceipduquederivas\/files\/2020\/10\/2020-10-29_11-27-47-25x36.jpg 25w, https:\/\/blogsaverroes.juntadeandalucia.es\/ceipduquederivas\/files\/2020\/10\/2020-10-29_11-27-47-33x48.jpg 33w, https:\/\/blogsaverroes.juntadeandalucia.es\/ceipduquederivas\/files\/2020\/10\/2020-10-29_11-27-47.jpg 1080w\" sizes=\"(max-width: 205px) 100vw, 205px\" \/><\/a><a href=\"https:\/\/blogsaverroes.juntadeandalucia.es\/ceipduquederivas\/files\/2020\/10\/2020-10-29_11-26-44.jpg\"><img loading=\"lazy\" decoding=\"async\" class=\"alignnone size-medium wp-image-3263\" src=\"https:\/\/blogsaverroes.juntadeandalucia.es\/ceipduquederivas\/files\/2020\/10\/2020-10-29_11-26-44-205x300.jpg\" alt=\"\" width=\"205\" height=\"300\" srcset=\"https:\/\/blogsaverroes.juntadeandalucia.es\/ceipduquederivas\/files\/2020\/10\/2020-10-29_11-26-44-205x300.jpg 205w, https:\/\/blogsaverroes.juntadeandalucia.es\/ceipduquederivas\/files\/2020\/10\/2020-10-29_11-26-44-701x1024.jpg 701w, https:\/\/blogsaverroes.juntadeandalucia.es\/ceipduquederivas\/files\/2020\/10\/2020-10-29_11-26-44-768x1122.jpg 768w, https:\/\/blogsaverroes.juntadeandalucia.es\/ceipduquederivas\/files\/2020\/10\/2020-10-29_11-26-44-1051x1536.jpg 1051w, https:\/\/blogsaverroes.juntadeandalucia.es\/ceipduquederivas\/files\/2020\/10\/2020-10-29_11-26-44-16x24.jpg 16w, https:\/\/blogsaverroes.juntadeandalucia.es\/ceipduquederivas\/files\/2020\/10\/2020-10-29_11-26-44-25x36.jpg 25w, https:\/\/blogsaverroes.juntadeandalucia.es\/ceipduquederivas\/files\/2020\/10\/2020-10-29_11-26-44-33x48.jpg 33w, https:\/\/blogsaverroes.juntadeandalucia.es\/ceipduquederivas\/files\/2020\/10\/2020-10-29_11-26-44.jpg 1080w\" sizes=\"(max-width: 205px) 100vw, 205px\" \/><\/a><a href=\"https:\/\/blogsaverroes.juntadeandalucia.es\/ceipduquederivas\/files\/2020\/10\/2020-10-29_11-25-20.jpg\"><img loading=\"lazy\" decoding=\"async\" class=\"alignnone size-medium wp-image-3262\" src=\"https:\/\/blogsaverroes.juntadeandalucia.es\/ceipduquederivas\/files\/2020\/10\/2020-10-29_11-25-20-205x300.jpg\" alt=\"\" width=\"205\" height=\"300\" srcset=\"https:\/\/blogsaverroes.juntadeandalucia.es\/ceipduquederivas\/files\/2020\/10\/2020-10-29_11-25-20-205x300.jpg 205w, https:\/\/blogsaverroes.juntadeandalucia.es\/ceipduquederivas\/files\/2020\/10\/2020-10-29_11-25-20-701x1024.jpg 701w, https:\/\/blogsaverroes.juntadeandalucia.es\/ceipduquederivas\/files\/2020\/10\/2020-10-29_11-25-20-768x1122.jpg 768w, https:\/\/blogsaverroes.juntadeandalucia.es\/ceipduquederivas\/files\/2020\/10\/2020-10-29_11-25-20-1051x1536.jpg 1051w, https:\/\/blogsaverroes.juntadeandalucia.es\/ceipduquederivas\/files\/2020\/10\/2020-10-29_11-25-20-16x24.jpg 16w, https:\/\/blogsaverroes.juntadeandalucia.es\/ceipduquederivas\/files\/2020\/10\/2020-10-29_11-25-20-25x36.jpg 25w, https:\/\/blogsaverroes.juntadeandalucia.es\/ceipduquederivas\/files\/2020\/10\/2020-10-29_11-25-20-33x48.jpg 33w, https:\/\/blogsaverroes.juntadeandalucia.es\/ceipduquederivas\/files\/2020\/10\/2020-10-29_11-25-20.jpg 1080w\" sizes=\"(max-width: 205px) 100vw, 205px\" \/><\/a><\/p>\n<p>&nbsp;<\/p>\n<p>&nbsp;<\/p>\n<p>Seguimos con el repaso de contenidos del tema,pincha e el enlace para poder verla actividad<\/p>\n<p><a href=\"http:\/\/www3.gobiernodecanarias.org\/medusa\/ecoescuela\/recursosdigitales\/2014\/11\/16\/la-representacion-de-la-tierra\/\">http:\/\/www3.gobiernodecanarias.org\/medusa\/ecoescuela\/recursosdigitales\/2014\/11\/16\/la-representacion-de-la-tierra\/<\/a><\/p>\n<p>Hola aqui os dejo un video para repasar el movimiento de traslaci\u00f3n<\/p>\n<p><iframe title=\"La Eduteca - El movimiento de traslaci\u00f3n\" width=\"500\" height=\"375\" src=\"https:\/\/www.youtube.com\/embed\/7vM_1N_BjK8?feature=oembed&#038;wmode=opaque\" frameborder=\"0\" allow=\"accelerometer; autoplay; clipboard-write; encrypted-media; gyroscope; picture-in-picture\" allowfullscreen><\/iframe><\/p>\n<p>&nbsp;<\/p>\n<p>&nbsp;<\/p>\n<p>&nbsp;<\/p>\n<p><strong>Buenos d\u00edas, soy Vanesa Ruiz Roncero, la tutora de 1\u00ba E.S.O . Este a\u00f1o comparto tutor\u00eda con la se\u00f1o M\u00aa Carmen, una se\u00f1o muy apa\u00f1ada que ya conoc\u00e9is de cursos anteriores <\/strong><\/p>\n<p><strong>Este a\u00f1o imparto en este cole clases de Lengua , Matem\u00e1ticas, Biolog\u00eda y Geolog\u00eda y Geograf\u00eda e Historia a este grupo. <\/strong><\/p>\n<p><b>A continuaci\u00f3n, pod\u00e9is observar el horario del grupo de 1. E.S.O<\/b><\/p>\n<p><a href=\"https:\/\/blogsaverroes.juntadeandalucia.es\/ceipduquederivas\/files\/2020\/10\/HORARIO-BLOG-1.-.E.S.0-convertido.pdf\">HORARIO BLOG 1. .E.S.0-convertido<\/a><\/p>\n","protected":false},"excerpt":{"rendered":"<p>MATEM\u00c1TICAS Los n\u00fameros Naturales \u00bf\u00bf\u00bfTe lo explicamos??? [youtube https:\/\/www.youtube.com\/watch?v=6ksSkHgcKd0] &nbsp; !Practiquemos lo aprendido! !Ayudemos a este chaval! !Pincha en \u00e9l y ay\u00fadalo! &nbsp; &nbsp; Hola a todos!!!! Estas semanas en 1\u00ba de la ESO&#46;&#46;&#46;<\/p>\n","protected":false},"author":9751,"featured_media":0,"parent":0,"menu_order":0,"comment_status":"closed","ping_status":"closed","template":"","meta":{"ngg_post_thumbnail":0,"footnotes":"","_mc_calendar":[]},"aioseo_notices":[],"_links":{"self":[{"href":"https:\/\/blogsaverroes.juntadeandalucia.es\/ceipduquederivas\/wp-json\/wp\/v2\/pages\/2765"}],"collection":[{"href":"https:\/\/blogsaverroes.juntadeandalucia.es\/ceipduquederivas\/wp-json\/wp\/v2\/pages"}],"about":[{"href":"https:\/\/blogsaverroes.juntadeandalucia.es\/ceipduquederivas\/wp-json\/wp\/v2\/types\/page"}],"author":[{"embeddable":true,"href":"https:\/\/blogsaverroes.juntadeandalucia.es\/ceipduquederivas\/wp-json\/wp\/v2\/users\/9751"}],"replies":[{"embeddable":true,"href":"https:\/\/blogsaverroes.juntadeandalucia.es\/ceipduquederivas\/wp-json\/wp\/v2\/comments?post=2765"}],"version-history":[{"count":13,"href":"https:\/\/blogsaverroes.juntadeandalucia.es\/ceipduquederivas\/wp-json\/wp\/v2\/pages\/2765\/revisions"}],"predecessor-version":[{"id":3379,"href":"https:\/\/blogsaverroes.juntadeandalucia.es\/ceipduquederivas\/wp-json\/wp\/v2\/pages\/2765\/revisions\/3379"}],"wp:attachment":[{"href":"https:\/\/blogsaverroes.juntadeandalucia.es\/ceipduquederivas\/wp-json\/wp\/v2\/media?parent=2765"}],"curies":[{"name":"wp","href":"https:\/\/api.w.org\/{rel}","templated":true}]}}