{"id":3710,"date":"2021-01-24T19:29:37","date_gmt":"2021-01-24T19:29:37","guid":{"rendered":"https:\/\/blogsaverroes.juntadeandalucia.es\/ceipduquederivas\/?page_id=3710"},"modified":"2023-09-26T09:34:26","modified_gmt":"2023-09-26T09:34:26","slug":"cuadernos-interactivos","status":"publish","type":"page","link":"https:\/\/blogsaverroes.juntadeandalucia.es\/ceipduquederivas\/cuadernos-interactivos\/","title":{"rendered":"CUADERNOS INTERACTIVOS"},"content":{"rendered":"<p>&nbsp;<\/p>\n<p>&nbsp;<\/p>\n<p>&nbsp;<\/p>\n<h1><span style=\"color: #800080\"><strong>HOLA A TODOS\/AS: En esta p\u00e1gina vais a encontrar algunas actividades. Con ellas adem\u00e1s de aprender vais a divertiros mucho.<\/strong><\/span><\/h1>\n<p>CUADERNO DE ACTIVIDADES DE EDUCACI\u00d3N INFANTIL.<\/p>\n<p><a href=\"https:\/\/www.liveworksheets.com\/\">CUADERNO INTERACTIVO DE ACTIVIDADES&nbsp; DE PRIMARIA<\/a><\/p>\n<div align=\"center\"><span style=\"color: #000000;font-family: Arial;font-size: large\"><b>Student log in<\/b><\/span><\/p>\n<p><span style=\"color: #000000;font-family: Arial;font-size: small\">Username or email:&nbsp;<\/p>\n<p>Password:&nbsp;<\/p>\n<p>Provided by&nbsp;<a title=\"Interactive worksheets\" href=\"https:\/\/www.liveworksheets.com\/\">Live Worksheets<\/a><\/span><\/div>\n<p>&nbsp;<\/p>\n<p>&nbsp;<\/p>\n<p>CUADERNOS INTERACTIVOS DE ACTIVIDADES DE 1\u00ba&nbsp; Y 2\u00ba ESO<\/p>\n<p><a href=\"https:\/\/es.liveworksheets.com\/myworkbooks\/index.asp\" rel=\"sponsored \">CUADERNO DE ACTIVIDADES APOYO MAR\u00cdA JES\u00daS<\/a><\/p>\n<p>&nbsp;<\/p>\n","protected":false},"excerpt":{"rendered":"<p>&nbsp; &nbsp; &nbsp; HOLA A TODOS\/AS: En esta p\u00e1gina vais a encontrar algunas actividades. Con ellas adem\u00e1s de aprender vais a divertiros mucho. CUADERNO DE ACTIVIDADES DE EDUCACI\u00d3N INFANTIL. CUADERNO INTERACTIVO DE ACTIVIDADES&nbsp; DE&#46;&#46;&#46;<\/p>\n","protected":false},"author":9751,"featured_media":0,"parent":0,"menu_order":0,"comment_status":"closed","ping_status":"closed","template":"","meta":{"ngg_post_thumbnail":0,"footnotes":"","_mc_calendar":[]},"aioseo_notices":[],"_links":{"self":[{"href":"https:\/\/blogsaverroes.juntadeandalucia.es\/ceipduquederivas\/wp-json\/wp\/v2\/pages\/3710"}],"collection":[{"href":"https:\/\/blogsaverroes.juntadeandalucia.es\/ceipduquederivas\/wp-json\/wp\/v2\/pages"}],"about":[{"href":"https:\/\/blogsaverroes.juntadeandalucia.es\/ceipduquederivas\/wp-json\/wp\/v2\/types\/page"}],"author":[{"embeddable":true,"href":"https:\/\/blogsaverroes.juntadeandalucia.es\/ceipduquederivas\/wp-json\/wp\/v2\/users\/9751"}],"replies":[{"embeddable":true,"href":"https:\/\/blogsaverroes.juntadeandalucia.es\/ceipduquederivas\/wp-json\/wp\/v2\/comments?post=3710"}],"version-history":[{"count":13,"href":"https:\/\/blogsaverroes.juntadeandalucia.es\/ceipduquederivas\/wp-json\/wp\/v2\/pages\/3710\/revisions"}],"predecessor-version":[{"id":5859,"href":"https:\/\/blogsaverroes.juntadeandalucia.es\/ceipduquederivas\/wp-json\/wp\/v2\/pages\/3710\/revisions\/5859"}],"wp:attachment":[{"href":"https:\/\/blogsaverroes.juntadeandalucia.es\/ceipduquederivas\/wp-json\/wp\/v2\/media?parent=3710"}],"curies":[{"name":"wp","href":"https:\/\/api.w.org\/{rel}","templated":true}]}}