{"id":42,"date":"2015-03-13T08:40:47","date_gmt":"2015-03-13T08:40:47","guid":{"rendered":"http:\/\/blogsaverroes.juntadeandalucia.es\/pre\/ceip\/?page_id=42"},"modified":"2023-09-17T17:13:34","modified_gmt":"2023-09-17T17:13:34","slug":"equipo-directivo","status":"publish","type":"page","link":"https:\/\/blogsaverroes.juntadeandalucia.es\/ceipduquederivas\/equipo-directivo\/","title":{"rendered":"Equipo directivo"},"content":{"rendered":"<p><strong>Este curso el Equipo Directivo lo compone la Directora que tambi\u00e9n asume las funciones de Secretaria y&nbsp; Jefa de Estudios.<\/strong><\/p>\n<p><strong><a href=\"https:\/\/blogsaverroes.juntadeandalucia.es\/ceipduquederivas\/files\/2023\/09\/images-1.jpeg\"><img fetchpriority=\"high\" decoding=\"async\" class=\"wp-image-5764 alignleft\" src=\"https:\/\/blogsaverroes.juntadeandalucia.es\/ceipduquederivas\/files\/2023\/09\/images-1-117x300.jpeg\" alt=\"\" width=\"173\" height=\"444\" srcset=\"https:\/\/blogsaverroes.juntadeandalucia.es\/ceipduquederivas\/files\/2023\/09\/images-1-117x300.jpeg 117w, https:\/\/blogsaverroes.juntadeandalucia.es\/ceipduquederivas\/files\/2023\/09\/images-1.jpeg 140w\" sizes=\"(max-width: 173px) 100vw, 173px\" \/><\/a> Llevamos muchos a\u00f1os en el Colegio y creemos en lo que hacemos porque comprendemos la situaci\u00f3n de nuestro alumnado y nuestras familias dado el contexto social y econ\u00f3mico.&nbsp;<\/strong><\/p>\n<p><span style=\"color: #ff0000\"><strong>Direcci\u00f3n, Jefatura y Secretar\u00eda<\/strong><\/span>:<strong> D\u00f1a. Mar\u00eda Auxiliadora Blasco L\u00f3pez <a href=\"https:\/\/blogsaverroes.juntadeandalucia.es\/ceipduquederivas\/files\/2020\/08\/AUXI.jpg\"><img decoding=\"async\" class=\" wp-image-2295 alignleft\" src=\"https:\/\/blogsaverroes.juntadeandalucia.es\/ceipduquederivas\/files\/2020\/08\/AUXI-300x225.jpg\" alt=\"\" width=\"353\" height=\"265\" srcset=\"https:\/\/blogsaverroes.juntadeandalucia.es\/ceipduquederivas\/files\/2020\/08\/AUXI-300x225.jpg 300w, https:\/\/blogsaverroes.juntadeandalucia.es\/ceipduquederivas\/files\/2020\/08\/AUXI-768x576.jpg 768w, https:\/\/blogsaverroes.juntadeandalucia.es\/ceipduquederivas\/files\/2020\/08\/AUXI-1024x768.jpg 1024w, https:\/\/blogsaverroes.juntadeandalucia.es\/ceipduquederivas\/files\/2020\/08\/AUXI-24x18.jpg 24w, https:\/\/blogsaverroes.juntadeandalucia.es\/ceipduquederivas\/files\/2020\/08\/AUXI-36x27.jpg 36w, https:\/\/blogsaverroes.juntadeandalucia.es\/ceipduquederivas\/files\/2020\/08\/AUXI-48x36.jpg 48w, https:\/\/blogsaverroes.juntadeandalucia.es\/ceipduquederivas\/files\/2020\/08\/AUXI.jpg 1600w\" sizes=\"(max-width: 353px) 100vw, 353px\" \/><\/a><\/strong><\/p>\n<p>&nbsp;<\/p>\n<p>&nbsp;<\/p>\n<p>&nbsp;<\/p>\n<p>&nbsp;<\/p>\n<p>&nbsp;<\/p>\n","protected":false},"excerpt":{"rendered":"<p>Este curso el Equipo Directivo lo compone la Directora que tambi\u00e9n asume las funciones de Secretaria y&nbsp; Jefa de Estudios. Llevamos muchos a\u00f1os en el Colegio y creemos en lo que hacemos porque comprendemos&#46;&#46;&#46;<\/p>\n","protected":false},"author":1,"featured_media":0,"parent":0,"menu_order":0,"comment_status":"open","ping_status":"open","template":"page-templates\/child-menu.php","meta":{"ngg_post_thumbnail":0,"footnotes":"","_mc_calendar":[]},"aioseo_notices":[],"_links":{"self":[{"href":"https:\/\/blogsaverroes.juntadeandalucia.es\/ceipduquederivas\/wp-json\/wp\/v2\/pages\/42"}],"collection":[{"href":"https:\/\/blogsaverroes.juntadeandalucia.es\/ceipduquederivas\/wp-json\/wp\/v2\/pages"}],"about":[{"href":"https:\/\/blogsaverroes.juntadeandalucia.es\/ceipduquederivas\/wp-json\/wp\/v2\/types\/page"}],"author":[{"embeddable":true,"href":"https:\/\/blogsaverroes.juntadeandalucia.es\/ceipduquederivas\/wp-json\/wp\/v2\/users\/1"}],"replies":[{"embeddable":true,"href":"https:\/\/blogsaverroes.juntadeandalucia.es\/ceipduquederivas\/wp-json\/wp\/v2\/comments?post=42"}],"version-history":[{"count":10,"href":"https:\/\/blogsaverroes.juntadeandalucia.es\/ceipduquederivas\/wp-json\/wp\/v2\/pages\/42\/revisions"}],"predecessor-version":[{"id":5836,"href":"https:\/\/blogsaverroes.juntadeandalucia.es\/ceipduquederivas\/wp-json\/wp\/v2\/pages\/42\/revisions\/5836"}],"wp:attachment":[{"href":"https:\/\/blogsaverroes.juntadeandalucia.es\/ceipduquederivas\/wp-json\/wp\/v2\/media?parent=42"}],"curies":[{"name":"wp","href":"https:\/\/api.w.org\/{rel}","templated":true}]}}