{"id":430,"date":"2015-03-20T07:07:04","date_gmt":"2015-03-20T07:07:04","guid":{"rendered":"http:\/\/blogsaverroes.juntadeandalucia.es\/pre\/ceip\/?page_id=430"},"modified":"2024-03-09T18:27:09","modified_gmt":"2024-03-09T18:27:09","slug":"materiales-recursos","status":"publish","type":"page","link":"https:\/\/blogsaverroes.juntadeandalucia.es\/ceipduquederivas\/ed-primaria-1o-ciclo\/materiales-recursos\/","title":{"rendered":"Educaci\u00f3n Primaria Curso 23\/24. Materiales, recursos, clases de inform\u00e1tica&#8230;.."},"content":{"rendered":"<h4>&nbsp;<\/h4>\n<h4>Hola somo<a href=\"https:\/\/blogsaverroes.juntadeandalucia.es\/ceipduquederivas\/files\/2021\/02\/bienvenidos.jpg\"><img decoding=\"async\" class=\"wp-image-3892 alignleft\" src=\"https:\/\/blogsaverroes.juntadeandalucia.es\/ceipduquederivas\/files\/2021\/02\/bienvenidos-300x204.jpg\" alt=\"\" width=\"237\" height=\"161\" srcset=\"https:\/\/blogsaverroes.juntadeandalucia.es\/ceipduquederivas\/files\/2021\/02\/bienvenidos-300x204.jpg 300w, https:\/\/blogsaverroes.juntadeandalucia.es\/ceipduquederivas\/files\/2021\/02\/bienvenidos.jpg 642w\" sizes=\"(max-width: 237px) 100vw, 237px\" \/><\/a>s el maestro Bartolom\u00e9 y el maestro Antonio. Os damos nuestra <span style=\"color: #993300\">Bienvenida<\/span> a este nuevo curso en el que , seguro, vamos a aprender much\u00edsimo y sobre todo lo vamos a pasar bien.<\/h4>\n<p>El horario de nuestro curso es el siguiente: (falta concretar algunos tramos)<\/p>\n<p>&nbsp;<\/p>\n<p>&nbsp;<\/p>\n<h3>Ya hemos creado nuestro <span style=\"font-family: arial, helvetica, sans-serif\"><strong>Classroom<\/strong> <\/span>donde poco a poco iremos poniendo algunas actividades:<a href=\"https:\/\/classroom.google.com\/c\/NDkxNTk0NjA0NTc1?cjc=px5bqev\"><img decoding=\"async\" class=\"alignnone wp-image-5684\" src=\"https:\/\/blogsaverroes.juntadeandalucia.es\/ceipduquederivas\/files\/2023\/05\/images-2.jpeg\" alt=\"\" width=\"40\" height=\"40\" srcset=\"https:\/\/blogsaverroes.juntadeandalucia.es\/ceipduquederivas\/files\/2023\/05\/images-2.jpeg 225w, https:\/\/blogsaverroes.juntadeandalucia.es\/ceipduquederivas\/files\/2023\/05\/images-2-150x150.jpeg 150w, https:\/\/blogsaverroes.juntadeandalucia.es\/ceipduquederivas\/files\/2023\/05\/images-2-80x80.jpeg 80w\" sizes=\"(max-width: 40px) 100vw, 40px\" \/><\/a><\/h3>\n<p><a href=\"https:\/\/classroom.google.com\/c\/NDkxNTk0NjA0NTc1?cjc=px5bqev\"><img decoding=\"async\" class=\"wp-image-5848 size-full aligncenter\" title=\"Classroom CLASE DE PRIMARIA\" src=\"https:\/\/blogsaverroes.juntadeandalucia.es\/ceipduquederivas\/files\/2023\/09\/descarga-1.jpeg\" alt=\"\" width=\"224\" height=\"126\"><\/a><\/p>\n<h3>Tambi\u00e9n hemos creado nuestra clase de <strong>ClassDojo<\/strong> para que tod@s tengamos nuestro registro de comportamiento en clase y por supuesto nuestros premios\u00a1\u00a1\u00a1\u00a1<\/h3>\n<p><a href=\"https:\/\/teach.classdojo.com\/#\/classes\/650aaa8bf3180737da7156c7\/points\"><img loading=\"lazy\" decoding=\"async\" class=\"size-medium wp-image-5851 aligncenter\" src=\"https:\/\/blogsaverroes.juntadeandalucia.es\/ceipduquederivas\/files\/2023\/09\/descarga-2-300x125.jpeg\" alt=\"\" width=\"300\" height=\"125\" srcset=\"https:\/\/blogsaverroes.juntadeandalucia.es\/ceipduquederivas\/files\/2023\/09\/descarga-2-300x125.jpeg 300w, https:\/\/blogsaverroes.juntadeandalucia.es\/ceipduquederivas\/files\/2023\/09\/descarga-2.jpeg 348w\" sizes=\"(max-width: 300px) 100vw, 300px\" \/><\/a><\/p>\n<p>Aqu\u00ed os dejo los c\u00f3digos<strong> QR<\/strong> para poder entrar desde los dipositivos de<strong> clase y en casa<\/strong>:<\/p>\n<p><iframe src=\"https:\/\/drive.google.com\/file\/d\/189ycBzibmpa5QMe2Qh-1uAHlw4Ym47qx\/preview\" width=\"640\" height=\"480\"><\/iframe>&nbsp;<\/p>\n<h3>Y como no, este a\u00f1o tambi\u00e9n vamos a trabajar con los cuadernos interactivos. Aqu\u00ed os dejo el inicio de sesi\u00f3n:<\/h3>\n<div align=\"center\">\n<p><span style=\"color: #000000;font-family: Arial;font-size: large\"><b>Student log in<\/b><\/span><\/p>\n<p><span style=\"color: #000000;font-family: Arial;font-size: small\">Username or email:&nbsp;<\/span><\/p>\n<p>Password:&nbsp;<\/p>\n<p>Provided by&nbsp;<a title=\"Interactive worksheets\" href=\"https:\/\/www.liveworksheets.com\/\">Live Worksheets<\/a><\/p>\n<\/div>\n<p>Las clases de inform\u00e1tica van dando resultados y los alumnos\/as del tercer ciclo ya dominan el acceso a las cuentas corporativas con sus contrase\u00f1as, entran en sus cuadernos interactivos, participan en el concurso escolar Consum\u00f3polis y utilizan aplicaciones cono Classroom, Canva, Genially, Edpuzzle, etc. Aqu\u00ed os dejo con algunas im\u00e1genes que reflejan su desarrollo.<\/p>\nngg_shortcode_0_placeholder\n","protected":false},"excerpt":{"rendered":"<p>&nbsp; Hola somos el maestro Bartolom\u00e9 y el maestro Antonio. Os damos nuestra Bienvenida a este nuevo curso en el que , seguro, vamos a aprender much\u00edsimo y sobre todo lo vamos a pasar&#46;&#46;&#46;<\/p>\n","protected":false},"author":1,"featured_media":0,"parent":428,"menu_order":0,"comment_status":"open","ping_status":"open","template":"page-templates\/child-menu.php","meta":{"ngg_post_thumbnail":0,"footnotes":"","_mc_calendar":[]},"aioseo_notices":[],"_links":{"self":[{"href":"https:\/\/blogsaverroes.juntadeandalucia.es\/ceipduquederivas\/wp-json\/wp\/v2\/pages\/430"}],"collection":[{"href":"https:\/\/blogsaverroes.juntadeandalucia.es\/ceipduquederivas\/wp-json\/wp\/v2\/pages"}],"about":[{"href":"https:\/\/blogsaverroes.juntadeandalucia.es\/ceipduquederivas\/wp-json\/wp\/v2\/types\/page"}],"author":[{"embeddable":true,"href":"https:\/\/blogsaverroes.juntadeandalucia.es\/ceipduquederivas\/wp-json\/wp\/v2\/users\/1"}],"replies":[{"embeddable":true,"href":"https:\/\/blogsaverroes.juntadeandalucia.es\/ceipduquederivas\/wp-json\/wp\/v2\/comments?post=430"}],"version-history":[{"count":25,"href":"https:\/\/blogsaverroes.juntadeandalucia.es\/ceipduquederivas\/wp-json\/wp\/v2\/pages\/430\/revisions"}],"predecessor-version":[{"id":6119,"href":"https:\/\/blogsaverroes.juntadeandalucia.es\/ceipduquederivas\/wp-json\/wp\/v2\/pages\/430\/revisions\/6119"}],"up":[{"embeddable":true,"href":"https:\/\/blogsaverroes.juntadeandalucia.es\/ceipduquederivas\/wp-json\/wp\/v2\/pages\/428"}],"wp:attachment":[{"href":"https:\/\/blogsaverroes.juntadeandalucia.es\/ceipduquederivas\/wp-json\/wp\/v2\/media?parent=430"}],"curies":[{"name":"wp","href":"https:\/\/api.w.org\/{rel}","templated":true}]}}