{"id":436,"date":"2015-03-20T07:08:17","date_gmt":"2015-03-20T07:08:17","guid":{"rendered":"http:\/\/blogsaverroes.juntadeandalucia.es\/pre\/ceip\/?page_id=436"},"modified":"2022-12-20T09:48:12","modified_gmt":"2022-12-20T09:48:12","slug":"ed-primaria-3o-ciclo","status":"publish","type":"page","link":"https:\/\/blogsaverroes.juntadeandalucia.es\/ceipduquederivas\/ed-primaria-3o-ciclo\/","title":{"rendered":"Ed. Primaria. 3\u00ba ciclo"},"content":{"rendered":"<h2><span style=\"font-family: 'comic sans ms', sans-serif\"><strong>\u00a1Hola a todos!\u00a0<\/strong><\/span><\/h2>\n<p><span style=\"font-family: 'comic sans ms', sans-serif\">Mi nombre es Gloria , llegu\u00e9 la semana pasada al centro y voy a ser la tutora del tercer ciclo el resto del curso.\u00a0 Utilizar\u00e9 esta plataforma para ir mostrando nuestro d\u00eda a d\u00eda en clase y algunas de nuestras actividades m\u00e1s interesantes.\u00a0<\/span><\/p>\n<p><span style=\"font-family: 'comic sans ms', sans-serif\">Para empezar, aqu\u00ed tenemos nuestro horario de este a\u00f1o.<\/span><\/p>\n<p><a href=\"https:\/\/blogsaverroes.juntadeandalucia.es\/ceipduquederivas\/files\/2022\/11\/Horario-semanal-cursillo-campamento-verano-organicohorizontal-1.jpg\"><img fetchpriority=\"high\" decoding=\"async\" class=\"alignnone wp-image-5247\" src=\"https:\/\/blogsaverroes.juntadeandalucia.es\/ceipduquederivas\/files\/2022\/11\/Horario-semanal-cursillo-campamento-verano-organicohorizontal-1-300x212.jpg\" alt=\"\" width=\"592\" height=\"418\" srcset=\"https:\/\/blogsaverroes.juntadeandalucia.es\/ceipduquederivas\/files\/2022\/11\/Horario-semanal-cursillo-campamento-verano-organicohorizontal-1-300x212.jpg 300w, https:\/\/blogsaverroes.juntadeandalucia.es\/ceipduquederivas\/files\/2022\/11\/Horario-semanal-cursillo-campamento-verano-organicohorizontal-1-1024x724.jpg 1024w, https:\/\/blogsaverroes.juntadeandalucia.es\/ceipduquederivas\/files\/2022\/11\/Horario-semanal-cursillo-campamento-verano-organicohorizontal-1-768x543.jpg 768w, https:\/\/blogsaverroes.juntadeandalucia.es\/ceipduquederivas\/files\/2022\/11\/Horario-semanal-cursillo-campamento-verano-organicohorizontal-1-1536x1086.jpg 1536w, https:\/\/blogsaverroes.juntadeandalucia.es\/ceipduquederivas\/files\/2022\/11\/Horario-semanal-cursillo-campamento-verano-organicohorizontal-1.jpg 2000w\" sizes=\"(max-width: 592px) 100vw, 592px\" \/><\/a><\/p>\n<p>&nbsp;<\/p>\n<p><span style=\"font-family: 'comic sans ms', sans-serif\">\u00a1Comenzamos!\u00a0<\/span><\/p>\n<p>&nbsp;<\/p>\n<h2><span style=\"font-family: 'comic sans ms', sans-serif\"><strong>\u00a1Bienvenido diciembre!<\/strong><\/span><\/h2>\n<p>Este \u00faltimo mes del curso ha estado repleto de actividades:\u00a0 D\u00eda de la Constituci\u00f3n, la Gymkana por la Diversidad Funcional, decoraci\u00f3n de la clase de Navidad, concurso de Christmas Navide\u00f1os&#8230;. y\u00a0 \u00a1Fiesta de Navidad! Nos lo hemos pasado en grande y hemos aprendido mucho. Nos vamos de vacaciones con muchas ganas de disfrutar de las fiestas.<\/p>\n<p>&nbsp;<\/p>\n<p><a href=\"https:\/\/blogsaverroes.juntadeandalucia.es\/ceipduquederivas\/files\/2022\/12\/Bienvenido-diciembre-historia-instagram-acuarela-fondo.jpg\"><img decoding=\"async\" class=\"alignnone  wp-image-5363\" src=\"https:\/\/blogsaverroes.juntadeandalucia.es\/ceipduquederivas\/files\/2022\/12\/Bienvenido-diciembre-historia-instagram-acuarela-fondo-169x300.jpg\" alt=\"\" width=\"476\" height=\"845\" srcset=\"https:\/\/blogsaverroes.juntadeandalucia.es\/ceipduquederivas\/files\/2022\/12\/Bienvenido-diciembre-historia-instagram-acuarela-fondo-169x300.jpg 169w, https:\/\/blogsaverroes.juntadeandalucia.es\/ceipduquederivas\/files\/2022\/12\/Bienvenido-diciembre-historia-instagram-acuarela-fondo-576x1024.jpg 576w, https:\/\/blogsaverroes.juntadeandalucia.es\/ceipduquederivas\/files\/2022\/12\/Bienvenido-diciembre-historia-instagram-acuarela-fondo-768x1365.jpg 768w, https:\/\/blogsaverroes.juntadeandalucia.es\/ceipduquederivas\/files\/2022\/12\/Bienvenido-diciembre-historia-instagram-acuarela-fondo-864x1536.jpg 864w, https:\/\/blogsaverroes.juntadeandalucia.es\/ceipduquederivas\/files\/2022\/12\/Bienvenido-diciembre-historia-instagram-acuarela-fondo.jpg 1080w\" sizes=\"(max-width: 476px) 100vw, 476px\" \/><\/a><\/p>\n<p>&nbsp;<\/p>\n<h1 style=\"text-align: center\"><span style=\"font-family: 'arial black', sans-serif\">\u00a1Feliz Navidad a todos!\u00a0<\/span><\/h1>\n<p>&nbsp;<\/p>\n","protected":false},"excerpt":{"rendered":"<p>\u00a1Hola a todos!\u00a0 Mi nombre es Gloria , llegu\u00e9 la semana pasada al centro y voy a ser la tutora del tercer ciclo el resto del curso.\u00a0 Utilizar\u00e9 esta plataforma para ir mostrando nuestro&#46;&#46;&#46;<\/p>\n","protected":false},"author":1,"featured_media":0,"parent":0,"menu_order":0,"comment_status":"open","ping_status":"open","template":"page-templates\/child-menu.php","meta":{"ngg_post_thumbnail":0,"footnotes":"","_mc_calendar":[]},"aioseo_notices":[],"_links":{"self":[{"href":"https:\/\/blogsaverroes.juntadeandalucia.es\/ceipduquederivas\/wp-json\/wp\/v2\/pages\/436"}],"collection":[{"href":"https:\/\/blogsaverroes.juntadeandalucia.es\/ceipduquederivas\/wp-json\/wp\/v2\/pages"}],"about":[{"href":"https:\/\/blogsaverroes.juntadeandalucia.es\/ceipduquederivas\/wp-json\/wp\/v2\/types\/page"}],"author":[{"embeddable":true,"href":"https:\/\/blogsaverroes.juntadeandalucia.es\/ceipduquederivas\/wp-json\/wp\/v2\/users\/1"}],"replies":[{"embeddable":true,"href":"https:\/\/blogsaverroes.juntadeandalucia.es\/ceipduquederivas\/wp-json\/wp\/v2\/comments?post=436"}],"version-history":[{"count":11,"href":"https:\/\/blogsaverroes.juntadeandalucia.es\/ceipduquederivas\/wp-json\/wp\/v2\/pages\/436\/revisions"}],"predecessor-version":[{"id":5364,"href":"https:\/\/blogsaverroes.juntadeandalucia.es\/ceipduquederivas\/wp-json\/wp\/v2\/pages\/436\/revisions\/5364"}],"wp:attachment":[{"href":"https:\/\/blogsaverroes.juntadeandalucia.es\/ceipduquederivas\/wp-json\/wp\/v2\/media?parent=436"}],"curies":[{"name":"wp","href":"https:\/\/api.w.org\/{rel}","templated":true}]}}