{"id":44,"date":"2015-03-13T08:42:15","date_gmt":"2015-03-13T08:42:15","guid":{"rendered":"http:\/\/blogsaverroes.juntadeandalucia.es\/pre\/ceip\/?page_id=44"},"modified":"2022-02-07T22:09:45","modified_gmt":"2022-02-07T22:09:45","slug":"planes-y-proyectos","status":"publish","type":"page","link":"https:\/\/blogsaverroes.juntadeandalucia.es\/ceipduquederivas\/planes-y-proyectos\/","title":{"rendered":"Planes y Programas"},"content":{"rendered":"<p><img decoding=\"async\" class=\"alignnone size-medium wp-image-1667\" src=\"http:\/\/blogsaverroes.juntadeandalucia.es\/temahueman\/files\/2015\/03\/planes-300x150.png\" alt=\"planes\" width=\"300\" height=\"150\" srcset=\"https:\/\/blogsaverroes.juntadeandalucia.es\/ceipduquederivas\/files\/2015\/03\/planes-300x150.png 300w, https:\/\/blogsaverroes.juntadeandalucia.es\/ceipduquederivas\/files\/2015\/03\/planes.png 640w\" sizes=\"(max-width: 300px) 100vw, 300px\" \/><\/p>\n<p>Cada centro personaliza y adapta su Proyecto Educativo adheriendose a diferentes <strong>Planes y Programas<\/strong> promovidos desde la Consejer\u00eda de Educaci\u00f3n, Cultura y Deporte.<\/p>\n<p>En este apartado recogemos la descripci\u00f3n, finalidades, actividades, coordinador\/a, etc. de estos Planes y Programas desarrollados por el centro. Este curso&nbsp;<strong> 2021\/22<\/strong>&nbsp;el Centro desarrolla los siguientes planes:<\/p>\n<ul>\n<li><a title=\"Igualdad entre hombres y mujeres\" href=\"https:\/\/blogsaverroes.juntadeandalucia.es\/ceipduquederivas\/igualdad-entre-hombres-y-mujeres\/\"><strong>Plan de igualdad.<\/strong><\/a><\/li>\n<li><strong><a title=\"Biblioteca\" href=\"https:\/\/blogsaverroes.juntadeandalucia.es\/ceipduquederivas\/biblioteca\/\">Plan de lectura y Bibliotecas escolares.<\/a><\/strong><\/li>\n<li><strong>Plan de apertura:<a title=\"Aula Matinal\" href=\"https:\/\/blogsaverroes.juntadeandalucia.es\/ceipduquederivas\/aula-matinal\/\"> Aula matinal<\/a>, <a title=\"Comedor escolar\" href=\"https:\/\/blogsaverroes.juntadeandalucia.es\/ceipduquederivas\/comedor-escolar\/\">comedor<\/a>, <a title=\"Actividades extraescolares\" href=\"https:\/\/blogsaverroes.juntadeandalucia.es\/ceipduquederivas\/actividades-extraescolares\/\">actividades extraescolares<\/a>.&nbsp;<\/strong><\/li>\n<li><a title=\"Transformaci\u00f3n Digital Educativa\" href=\"https:\/\/blogsaverroes.juntadeandalucia.es\/ceipduquederivas\/transformacion-digital-educativa\/\"><strong>Transformaci\u00f3n Digital Educativa (TDE)<\/strong><\/a><\/li>\n<li><a title=\"Impulsa\" href=\"https:\/\/blogsaverroes.juntadeandalucia.es\/ceipduquederivas\/impulsa\/\"><strong>IMPULSA<\/strong><\/a><\/li>\n<li><strong><a href=\"https:\/\/portals.ced.junta-andalucia.es\/educacion\/portals\/web\/innicia\/innicia\/que-es-y-para-que-sirve\">INNICIA.<\/a><\/strong><\/li>\n<li><a href=\"https:\/\/wp.me\/Pcko8T-Ft\"><strong>Escuela: Espacio de Paz.<\/strong><\/a><\/li>\n<li><a title=\"Plan de prevenci\u00f3n de riesgos laborares\" href=\"https:\/\/blogsaverroes.juntadeandalucia.es\/ceipduquederivas\/plan-de-prevencion-de-riesgos-laborares\/\"><strong>Plan de Prevenci\u00f3n de Riesgos Laborales<\/strong><\/a><\/li>\n<li><a title=\"Creciendo en Salud\" href=\"https:\/\/blogsaverroes.juntadeandalucia.es\/ceipduquederivas\/creciendo-en-salud\/\"><strong>Creciendo en Salud<\/strong><\/a><\/li>\n<li><strong><a href=\"https:\/\/blogsaverroes.juntadeandalucia.es\/ceipduquederivas\/comunica-2021-22\/\">ComunicA.<\/a><\/strong><\/li>\n<\/ul>\n<p>&nbsp;<\/p>\n","protected":false},"excerpt":{"rendered":"<p>Cada centro personaliza y adapta su Proyecto Educativo adheriendose a diferentes Planes y Programas promovidos desde la Consejer\u00eda de Educaci\u00f3n, Cultura y Deporte. En este apartado recogemos la descripci\u00f3n, finalidades, actividades, coordinador\/a, etc. de&#46;&#46;&#46;<\/p>\n","protected":false},"author":1,"featured_media":0,"parent":0,"menu_order":0,"comment_status":"open","ping_status":"closed","template":"page-templates\/child-menu.php","meta":{"ngg_post_thumbnail":0,"footnotes":"","_mc_calendar":[]},"aioseo_notices":[],"_links":{"self":[{"href":"https:\/\/blogsaverroes.juntadeandalucia.es\/ceipduquederivas\/wp-json\/wp\/v2\/pages\/44"}],"collection":[{"href":"https:\/\/blogsaverroes.juntadeandalucia.es\/ceipduquederivas\/wp-json\/wp\/v2\/pages"}],"about":[{"href":"https:\/\/blogsaverroes.juntadeandalucia.es\/ceipduquederivas\/wp-json\/wp\/v2\/types\/page"}],"author":[{"embeddable":true,"href":"https:\/\/blogsaverroes.juntadeandalucia.es\/ceipduquederivas\/wp-json\/wp\/v2\/users\/1"}],"replies":[{"embeddable":true,"href":"https:\/\/blogsaverroes.juntadeandalucia.es\/ceipduquederivas\/wp-json\/wp\/v2\/comments?post=44"}],"version-history":[{"count":14,"href":"https:\/\/blogsaverroes.juntadeandalucia.es\/ceipduquederivas\/wp-json\/wp\/v2\/pages\/44\/revisions"}],"predecessor-version":[{"id":4530,"href":"https:\/\/blogsaverroes.juntadeandalucia.es\/ceipduquederivas\/wp-json\/wp\/v2\/pages\/44\/revisions\/4530"}],"wp:attachment":[{"href":"https:\/\/blogsaverroes.juntadeandalucia.es\/ceipduquederivas\/wp-json\/wp\/v2\/media?parent=44"}],"curies":[{"name":"wp","href":"https:\/\/api.w.org\/{rel}","templated":true}]}}