{"id":5041,"date":"2022-07-02T15:47:10","date_gmt":"2022-07-02T15:47:10","guid":{"rendered":"https:\/\/blogsaverroes.juntadeandalucia.es\/ceipduquederivas\/?page_id=5041"},"modified":"2023-02-21T21:13:02","modified_gmt":"2023-02-21T21:13:02","slug":"radio-el-duque-de-rivas-en-las-ondas-2","status":"publish","type":"page","link":"https:\/\/blogsaverroes.juntadeandalucia.es\/ceipduquederivas\/radio-el-duque-de-rivas-en-las-ondas-2\/","title":{"rendered":"RADIO \u00abEl Duque de Rivas en las ondas\u00bb"},"content":{"rendered":"<p>En esta p\u00e1gina vamos a poner todos los programas de radio que se han desarrollado desde el comienzo de este proyecto en nuestro centro.<\/p>\n<p>Todo comenz\u00f3 con una colaboraci\u00f3n con la radio del barrio \u00abOnda Palmeras\u00bb, que han sido los que han apoyado en todo momento y nos ha proporcionado un espacio en Ivoox para albergar todos los programas realizados.<\/p>\n<p><strong>Pillabichos en las Ondas<\/strong>: Colaboraciones.<\/p>\n<p><iframe src=\"https:\/\/www.ivoox.com\/player_ej_4238485_6_1.html\" height=\"200\" frameborder=\"0\" scrolling=\"no\"><\/iframe><br \/>\n<iframe src=\"https:\/\/www.ivoox.com\/player_ej_4451610_6_1.html\" height=\"200\" frameborder=\"0\" scrolling=\"no\"><\/iframe><br \/>\n<iframe src=\"https:\/\/www.ivoox.com\/player_ej_4069918_6_1.html\" height=\"200\" frameborder=\"0\" scrolling=\"no\"><\/iframe><br \/>\n&nbsp;<\/p>\n<p><strong>Luego pasamos a tener nuestro propio programa, \u00abEL DUQUE DE RIVAS EN LAS ONDAS\u00bb.&nbsp;<\/strong><\/p>\n<p>Los inicios no fueron f\u00e1ciles, y podemos decir que este proyecto naci\u00f3 de una necesidad que surgi\u00f3 al empezar a desarrollar un programa educativo llamado \u00abCOMUNICA-ACCI\u00d3N\u00bb, que en su l\u00ednea de radio nos hizo comenzar un grupo de trabajo en el centro durante tres a\u00f1os que permiti\u00f3 adquirir los materiales b\u00e1sicos para empezar nuestra andadura, siendo actualmente uno de los proyectos m\u00e1s importantes de nuestro centro para el desarrollo de la oralidad.&nbsp;<\/p>\n<p><em><strong>CURSO 2016\/17:<\/strong><\/em><\/p>\n<p><iframe src=\"https:\/\/www.ivoox.com\/player_ej_13875043_6_1.html\" height=\"200\" frameborder=\"0\" scrolling=\"no\"><\/iframe><br \/>\n<iframe src=\"https:\/\/www.ivoox.com\/player_ej_17173449_6_1.html\" height=\"200\" frameborder=\"0\" scrolling=\"no\"><\/iframe><br \/>\n<iframe src=\"https:\/\/www.ivoox.com\/player_ej_17989480_6_1.html\" height=\"200\" frameborder=\"0\" scrolling=\"no\"><\/iframe><br \/>\n<iframe src=\"https:\/\/www.ivoox.com\/player_ej_18865721_6_1.html\" height=\"200\" frameborder=\"0\" scrolling=\"no\"><\/iframe><br \/>\n<strong>CURSO 2017\/18:<\/strong><\/p>\n<p><iframe src=\"https:\/\/www.ivoox.com\/player_ej_22744041_6_1.html\" height=\"200\" frameborder=\"0\" scrolling=\"no\"><\/iframe><br \/>\n&nbsp;<br \/>\n<iframe src=\"https:\/\/www.ivoox.com\/player_ej_23857398_6_1.html\" height=\"200\" frameborder=\"0\" scrolling=\"no\"><\/iframe><br \/>\n<iframe src=\"https:\/\/www.ivoox.com\/player_ej_24293811_6_1.html\" height=\"200\" frameborder=\"0\" scrolling=\"no\"><\/iframe><\/p>\n<p><iframe src=\"https:\/\/www.ivoox.com\/player_ej_25752016_6_1.html\" height=\"200\" frameborder=\"0\" scrolling=\"no\"><\/iframe><\/p>\n<p><em><strong>2018\/19<\/strong><\/em><\/p>\n<p><iframe src=\"https:\/\/www.ivoox.com\/player_ej_30232007_6_1.html\" height=\"200\" frameborder=\"0\" scrolling=\"no\"><\/iframe><br \/>\n&nbsp;<br \/>\n<iframe src=\"https:\/\/www.ivoox.com\/player_ej_33045480_6_1.html\" height=\"200\" frameborder=\"0\" scrolling=\"no\"><\/iframe><br \/>\n<iframe src=\"https:\/\/www.ivoox.com\/player_ej_33719116_6_1.html\" height=\"200\" frameborder=\"0\" scrolling=\"no\"><\/iframe><br \/>\n<iframe src=\"https:\/\/www.ivoox.com\/player_ej_35273925_6_1.html\" height=\"200\" frameborder=\"0\" scrolling=\"no\"><\/iframe><\/p>\n<p>2019\/20<\/p>\n<p><iframe src=\"https:\/\/www.ivoox.com\/player_ej_43348268_6_1.html\" height=\"200\" frameborder=\"0\" scrolling=\"no\"><\/iframe><br \/>\n<iframe src=\"https:\/\/www.ivoox.com\/player_ej_45130577_6_1.html\" height=\"200\" frameborder=\"0\" scrolling=\"no\"><\/iframe><\/p>\n<p><iframe src=\"https:\/\/www.ivoox.com\/player_ej_51850635_6_1.html\" height=\"200\" frameborder=\"0\" scrolling=\"no\"><\/iframe><\/p>\n<p><strong>2020\/21:<\/strong><\/p>\n<p><iframe src=\"https:\/\/www.ivoox.com\/player_ej_66340890_6_1.html\" height=\"200\" frameborder=\"0\" scrolling=\"no\"><\/iframe><br \/>\n<iframe src=\"https:\/\/www.ivoox.com\/player_ej_71882761_6_1.html\" height=\"200\" frameborder=\"0\" scrolling=\"no\"><\/iframe><\/p>\n<p><em><strong>2021\/22:<\/strong><\/em><\/p>\n<p>&nbsp;<br \/>\n<iframe src=\"https:\/\/www.ivoox.com\/player_ej_78265725_6_1.html\" height=\"200\" frameborder=\"0\" scrolling=\"no\"><\/iframe><br \/>\n<iframe src=\"https:\/\/www.ivoox.com\/player_ej_81793448_6_1.html\" height=\"200\" frameborder=\"0\" scrolling=\"no\"><\/iframe><br \/>\n<iframe src=\"https:\/\/www.ivoox.com\/player_ej_86965495_2_1.html?data=mZummJqYfZahhpywj5WdaZS1lJmah5yncZKhhpywj5WRaZi3jpWah5yncaXp0trSjcrSb83V1JDc0MnFt4anopC6w97Tb5Okk5eah5yncbDixcaYssbQscbmwtiYpYqnd4a2lNfR0cfFcYarpJKh&amp;\" width=\"100%\" height=\"200\" frameborder=\"0\" scrolling=\"no\"><\/iframe><\/p>\n<h3>2022\/23<\/h3>\n<blockquote class=\"wp-embedded-content\" data-secret=\"UZe8cARiFo\"><p><a href=\"https:\/\/blogsaverroes.juntadeandalucia.es\/ceipduquederivas\/dia-13-de-febrero-dia-mundial-de-la-radio-vuelve-el-duque-de-rivas-en-las-ondas\/\">D\u00eda 13 de febrero D\u00eda Mundial de la Radio. Vuelve \u00abEl Duque de Rivas en las Ondas\u00bb<\/a><\/p><\/blockquote>\n<p><iframe class=\"wp-embedded-content\" sandbox=\"allow-scripts\" security=\"restricted\" style=\"position: absolute; clip: rect(1px, 1px, 1px, 1px);\" title=\"\u00abD\u00eda 13 de febrero D\u00eda Mundial de la Radio. Vuelve \u00abEl Duque de Rivas en las Ondas\u00bb\u00bb \u2014 CEIP Duque de Rivas\" src=\"https:\/\/blogsaverroes.juntadeandalucia.es\/ceipduquederivas\/dia-13-de-febrero-dia-mundial-de-la-radio-vuelve-el-duque-de-rivas-en-las-ondas\/embed\/#?secret=UZe8cARiFo\" data-secret=\"UZe8cARiFo\" width=\"500\" height=\"282\" frameborder=\"0\" marginwidth=\"0\" marginheight=\"0\" scrolling=\"no\"><\/iframe><\/p>\n<p>Tambi\u00e9n hemos participado en la <a href=\"https:\/\/www.cope.es\/emisoras\/andalucia\/cordoba-provincia\/cordoba\/escuela-de-radio\/audios\/escuela-radio-cope-ceip-duque-rivas-20181214_596031\">escuela de radio de la cadena COPE<\/a>.<\/p>\n<div id=\"attachment_5396\" style=\"width: 222px\" class=\"wp-caption aligncenter\"><a href=\"https:\/\/blogsaverroes.juntadeandalucia.es\/ceipduquederivas\/files\/2022\/12\/recorte-foto-001.jpg\"><img fetchpriority=\"high\" decoding=\"async\" aria-describedby=\"caption-attachment-5396\" class=\"wp-image-5396 size-medium\" src=\"https:\/\/blogsaverroes.juntadeandalucia.es\/ceipduquederivas\/files\/2022\/12\/recorte-foto-001-212x300.jpg\" alt=\"\" width=\"212\" height=\"300\" srcset=\"https:\/\/blogsaverroes.juntadeandalucia.es\/ceipduquederivas\/files\/2022\/12\/recorte-foto-001-212x300.jpg 212w, https:\/\/blogsaverroes.juntadeandalucia.es\/ceipduquederivas\/files\/2022\/12\/recorte-foto-001-724x1024.jpg 724w, https:\/\/blogsaverroes.juntadeandalucia.es\/ceipduquederivas\/files\/2022\/12\/recorte-foto-001-768x1087.jpg 768w, https:\/\/blogsaverroes.juntadeandalucia.es\/ceipduquederivas\/files\/2022\/12\/recorte-foto-001-1085x1536.jpg 1085w, https:\/\/blogsaverroes.juntadeandalucia.es\/ceipduquederivas\/files\/2022\/12\/recorte-foto-001.jpg 1190w\" sizes=\"(max-width: 212px) 100vw, 212px\" \/><\/a><p id=\"caption-attachment-5396\" class=\"wp-caption-text\">Diciembre 2018<\/p><\/div>\n<p>&nbsp;<\/p>\n<!--[if lt IE 9]><script>document.createElement('audio');<\/script><![endif]-->\n<audio class=\"wp-audio-shortcode\" id=\"audio-5041-1\" preload=\"none\" style=\"width: 100%;\" controls=\"controls\"><source type=\"audio\/mpeg\" src=\"https:\/\/blogsaverroes.juntadeandalucia.es\/ceipduquederivas\/files\/2022\/12\/1544787243243.mp3?_=1\" \/><a href=\"https:\/\/blogsaverroes.juntadeandalucia.es\/ceipduquederivas\/files\/2022\/12\/1544787243243.mp3\">https:\/\/blogsaverroes.juntadeandalucia.es\/ceipduquederivas\/files\/2022\/12\/1544787243243.mp3<\/a><\/audio>\n<p>&nbsp;<\/p>\n<p>Aqu\u00ed os dejo con algunos art\u00edculos de prensa en el cual se habla de la<a href=\"https:\/\/www.diariocordoba.com\/educacion\/2018\/03\/14\/radio-motivacion-36459723.html\"> radio como motivaci\u00f3n .<\/a><\/p>\n<p>y como <a href=\"https:\/\/cadenaser.com\/emisora\/2019\/03\/21\/radio_cordoba\/1553168119_492721.html\">herramienta para cambiar el barrio.<\/a><\/p>\n<p>Tambi\u00e9n aparecemos en <a href=\"http:\/\/guiadelaradio.com\/el-ceip-duque-de-rivas-de-cordoba-emite-el-duque-en-las-ondas-desde-onda-palmeras\">gu\u00eda de la radio.<\/a><\/p>\n<p>BUENO HASTA AQU\u00cd HEMOS LLEGADO.<\/p>\n<p>LO PROXIMO Y CON M\u00c1S TIEMPO SER\u00c1 DESARROLLAR UNA GALER\u00cdA DE IM\u00c1GENES QUE MUESTRE EL DESARROLLO DE ESTE PROYECTO.<\/p>\n<p>&nbsp;<\/p>\n<p>&nbsp;<\/p>\n<p>&nbsp;<\/p>\n","protected":false},"excerpt":{"rendered":"<p>En esta p\u00e1gina vamos a poner todos los programas de radio que se han desarrollado desde el comienzo de este proyecto en nuestro centro. Todo comenz\u00f3 con una colaboraci\u00f3n con la radio del barrio&#46;&#46;&#46;<\/p>\n","protected":false},"author":9751,"featured_media":0,"parent":0,"menu_order":0,"comment_status":"closed","ping_status":"closed","template":"","meta":{"ngg_post_thumbnail":0,"footnotes":"","_mc_calendar":[]},"aioseo_notices":[],"_links":{"self":[{"href":"https:\/\/blogsaverroes.juntadeandalucia.es\/ceipduquederivas\/wp-json\/wp\/v2\/pages\/5041"}],"collection":[{"href":"https:\/\/blogsaverroes.juntadeandalucia.es\/ceipduquederivas\/wp-json\/wp\/v2\/pages"}],"about":[{"href":"https:\/\/blogsaverroes.juntadeandalucia.es\/ceipduquederivas\/wp-json\/wp\/v2\/types\/page"}],"author":[{"embeddable":true,"href":"https:\/\/blogsaverroes.juntadeandalucia.es\/ceipduquederivas\/wp-json\/wp\/v2\/users\/9751"}],"replies":[{"embeddable":true,"href":"https:\/\/blogsaverroes.juntadeandalucia.es\/ceipduquederivas\/wp-json\/wp\/v2\/comments?post=5041"}],"version-history":[{"count":17,"href":"https:\/\/blogsaverroes.juntadeandalucia.es\/ceipduquederivas\/wp-json\/wp\/v2\/pages\/5041\/revisions"}],"predecessor-version":[{"id":5534,"href":"https:\/\/blogsaverroes.juntadeandalucia.es\/ceipduquederivas\/wp-json\/wp\/v2\/pages\/5041\/revisions\/5534"}],"wp:attachment":[{"href":"https:\/\/blogsaverroes.juntadeandalucia.es\/ceipduquederivas\/wp-json\/wp\/v2\/media?parent=5041"}],"curies":[{"name":"wp","href":"https:\/\/api.w.org\/{rel}","templated":true}]}}