{"id":5114,"date":"2022-10-22T15:38:35","date_gmt":"2022-10-22T15:38:35","guid":{"rendered":"https:\/\/blogsaverroes.juntadeandalucia.es\/ceipduquederivas\/?page_id=5114"},"modified":"2023-01-24T07:31:36","modified_gmt":"2023-01-24T07:31:36","slug":"clases-de-informatoca","status":"publish","type":"page","link":"https:\/\/blogsaverroes.juntadeandalucia.es\/ceipduquederivas\/clases-de-informatoca\/","title":{"rendered":"Clases de inform\u00e1tica"},"content":{"rendered":"<p>RESERVA DEL AULA DE INFORM\u00c1TICA <\/p>\n<p>OCUPACI\u00d3N DEL AULA DE INFORM\u00c1TICA<br \/>\n<!-- Google Calendar Appointment Scheduling begin --><br \/>\n<iframe src=\"https:\/\/calendar.google.com\/calendar\/appointments\/AcZssZ0zhXWQjWxol_crsjX3qaXMhbD655URPK5qebg=?gv=true\" width=\"100%\" height=\"600\" frameborder=\"0\"><\/iframe><br \/>\n<!-- end Google Calendar Appointment Scheduling --><\/p>\n<h2 style=\"text-align: center\">En esta p\u00e1gina vamos a ir poniendo las actividades que vamos realizando en el aula de inform\u00e1tica.<\/h2>\n<h2 style=\"text-align: center\"><span style=\"color: #ff0000\">PRIMER Y SEGUNDO CICLO DE PRIMARIA<\/span><\/h2>\n<p><div class=\"h5p-content\" data-content-id=\"12\"><\/div>Los alumn@s del primer y segundo ciclo de primaria de nuestro cole han comenzado la aventura de la inform\u00e1tica y est\u00e1n familiariz\u00e1ndose con tablets, ordenadores portatiles y ordenadores de sobremesa del centro. El centro de inter\u00e9s sigue siendo el juego y lo importante de estas clases es que se lo pasen bien, superen las barreras de una alfabetizaci\u00f3n digital cada vez m\u00e1s necesaria&nbsp; y encuentren soluciones a los problemas que se les plantean a lo largo de las clases que son innumerables. Muchos de ellos derivados de su falta de familiarizaci\u00f3n y de confianza en sus propias posibilidades. Vamos muchas veces rozando el l\u00edmite de lo permitido (queriendo entrar en youtube) ya que para ellos es lo m\u00e1s familiar y f\u00e1cil, pero poco a poco, y gracias a la colaboraci\u00f3n de los maestr@s que apoyan en las clases vamos consiguiendo que encuentren otras aplicaciones educativas que les permiten afianzar conocimientos y adquirir confianza en ellos mismos.<\/p>\n<p>Algunos de estos juegos son por ejemplo este juego de <a href=\"https:\/\/arbolabc.com\/juegos-del-abecedario\/bingo-alfabeto\">bingo&nbsp;<\/a> o este otro juego de <a href=\"https:\/\/arbolabc.com\/juegos-de-sumas\/labratorio-del-ogro-1\">sumas<\/a>&nbsp; &nbsp;o este canci\u00f3n infantil que hoy han disfrutado tanto<a href=\"https:\/\/arbolabc.com\/canciones-infantiles\/estaba-el-se%C3%B1or-don-gato\"> El se\u00f1or Don Gato<\/a><\/p>\n<div class=\"h5p-content\" data-content-id=\"11\"><\/div>\n<h2 style=\"text-align: center\"><span style=\"color: #ff0000\"><strong>&nbsp;<\/strong><\/span>Nos vamos a presentar a trav\u00e9s de este genially que estamos realizando en el refuerzo de inform\u00e1tica en nuestra nueva aula de inform\u00e1tica.&nbsp;<\/h2>\n<div style=\"width: 100%\">\n<div style=\"padding-bottom: 56.25%;padding-top: 0;height: 0\"><iframe src=\"https:\/\/view.genial.ly\/637e101bef21b80019d01772\" width=\"1200\" height=\"675\" frameborder=\"0\" scrolling=\"yes\"><\/iframe><\/div>\n<\/div>\n<h2 style=\"text-align: center\"><span style=\"color: #ff0000\"><strong>Los ni\u00f1@s del tercer ciclo:<\/strong><\/span><\/h2>\n<p>&nbsp;<\/p>\n<div style=\"width: 100%\">\n<div style=\"padding-bottom: 56.25%;padding-top: 0;height: 0\"><iframe src=\"https:\/\/view.genial.ly\/636d605042764a0011a4fecf\" width=\"1200px\" height=\"675px\" frameborder=\"0\" scrolling=\"yes\"><\/iframe><\/div>\n<\/div>\n<h2 style=\"text-align: center\"><span style=\"color: #ff0000\"><strong>Los ni\u00f1@s de 1\u00ba de ESO<\/strong><\/span><\/h2>\n<div style=\"width: 100%\">\n<div style=\"padding-bottom: 56.25%;padding-top: 0;height: 0\">\n<p><iframe src=\"https:\/\/view.genial.ly\/636d63c71836620012cbd9d0\" width=\"1200\" height=\"675\" frameborder=\"0\" scrolling=\"yes\"><\/iframe><\/p>\n<h2>&nbsp;<\/h2>\n<h2 style=\"text-align: center\"><span style=\"color: #ff0000\">Los ni\u00f1@s de 2\u00ba ESO<\/span><\/h2>\n<p>&nbsp;<\/p>\n<p>&nbsp;<\/p>\n<h2 style=\"text-align: center\">&nbsp;<\/h2>\n<\/div>\n<h2>&nbsp;<\/h2>\n<h2>&nbsp;<\/h2>\n<h2>&nbsp;<\/h2>\n<p><iframe src=\"https:\/\/view.genial.ly\/6374d4b32ebc1d0011ffd3b2\" width=\"1200\" height=\"675\" frameborder=\"0\" scrolling=\"yes\"><\/iframe>&nbsp;<\/p>\n<\/div>\n<p>&nbsp;<\/p>\n<h2><img fetchpriority=\"high\" decoding=\"async\" class=\"alignleft\" src=\"https:\/\/educo.org.sv\/wp-content\/uploads\/2020\/09\/Google-Classroom-07-scaled.jpg\" alt=\"Google Classroom \u2013 Educo El Salvador\" width=\"265\" height=\"199\"><a href=\"https:\/\/classroom.google.com\/c\/NDkxNTk0NjA0NTc1?cjc=px5bqev\">&nbsp; &nbsp; Classroom del primer y segundo ciclo<\/a>:<\/h2>\n<p>&nbsp;<\/p>\n<h2><a href=\"https:\/\/classroom.google.com\/c\/NTU1MzczMzMwNjUy?cjc=c62h4lg\">&nbsp; &nbsp; Classroom del Tercer ciclo y 1\u00ba ESO<\/a>:<\/h2>\n<h5><strong>Recordad que ten\u00e9is que entrar a trav\u00e9s de vuestro correo electr\u00f3nico EDUCAAND.<\/strong><\/h5>\n<p>&nbsp;<\/p>\n<p>&nbsp;<\/p>\n<p>&nbsp;<\/p>\n<p>&nbsp;<\/p>\n<h2 style=\"text-align: center\"><span style=\"color: #ff6600\"><a style=\"color: #ff6600\" href=\"https:\/\/es.liveworksheets.com\/\">Cuadernos interactivos:<\/a><\/span><a href=\"https:\/\/blogsaverroes.juntadeandalucia.es\/ceipduquederivas\/files\/2022\/10\/images.jpg\"><img decoding=\"async\" class=\"size-full wp-image-5151 alignright\" src=\"https:\/\/blogsaverroes.juntadeandalucia.es\/ceipduquederivas\/files\/2022\/10\/images.jpg\" alt=\"\" width=\"225\" height=\"225\" srcset=\"https:\/\/blogsaverroes.juntadeandalucia.es\/ceipduquederivas\/files\/2022\/10\/images.jpg 225w, https:\/\/blogsaverroes.juntadeandalucia.es\/ceipduquederivas\/files\/2022\/10\/images-150x150.jpg 150w, https:\/\/blogsaverroes.juntadeandalucia.es\/ceipduquederivas\/files\/2022\/10\/images-80x80.jpg 80w\" sizes=\"(max-width: 225px) 100vw, 225px\" \/><\/a><\/h2>\n<div align=\"center\">\n<p><span style=\"color: #000000;font-family: Arial;font-size: large\"><b>Identificaci\u00f3n de alumno\/a<\/b><\/span><\/p>\n<p><span style=\"color: #000000;font-family: Arial;font-size: small\">Usuario:&nbsp;<\/span><\/p>\n<p>Contrase\u00f1a:&nbsp;<\/p>\n<p>Proporcionado por&nbsp;<a title=\"Fichas interactivas\" href=\"https:\/\/es.liveworksheets.com\">Live Worksheets<\/a><\/p>\n<\/div>\n<p>&nbsp;<\/p>\n<p><iframe src=\"https:\/\/drive.google.com\/file\/d\/1HTArCJ2RiJmkcDJJjl4-ACpe4tNIpTKC\/preview\" width=\"320\" height=\"240\"><\/iframe><iframe src=\"https:\/\/drive.google.com\/file\/d\/1i3XHMK-69ITb5uujQLwRGqpP2edu4csc\/preview\" width=\"320\" height=\"240\"><\/iframe><\/p>\n<p>&nbsp;<\/p>\n<h3><a href=\"https:\/\/blogsaverroes.juntadeandalucia.es\/ceipduquederivas\/files\/2022\/10\/IMAGEN-1.jpg\"><img decoding=\"async\" class=\"size-medium wp-image-5149 alignleft\" src=\"https:\/\/blogsaverroes.juntadeandalucia.es\/ceipduquederivas\/files\/2022\/10\/IMAGEN-1-300x144.jpg\" alt=\"\" width=\"300\" height=\"144\" srcset=\"https:\/\/blogsaverroes.juntadeandalucia.es\/ceipduquederivas\/files\/2022\/10\/IMAGEN-1-300x144.jpg 300w, https:\/\/blogsaverroes.juntadeandalucia.es\/ceipduquederivas\/files\/2022\/10\/IMAGEN-1.jpg 324w\" sizes=\"(max-width: 300px) 100vw, 300px\" \/><\/a><span style=\"color: #ff0000\"><strong>25\/10\/2022. EL TERCER CICLO Y PRIMERO DE ESO SE&nbsp; HA INSCRITO UN GRUPO EN EL CONCURSO ESCOLAR CONSUMOPOLIS.&nbsp;<\/strong><\/span><\/h3>\n<p><a href=\"https:\/\/consumopolis.consumo.gob.es\/concurso\/index.html\">CONSUMOPOLIS<\/a><\/p>\n<p>&nbsp;<\/p>\n<p><a href=\"https:\/\/blogsaverroes.juntadeandalucia.es\/ceipduquederivas\/files\/2022\/10\/descarga.jpg\"><img loading=\"lazy\" decoding=\"async\" class=\"size-full wp-image-5150 alignleft\" src=\"https:\/\/blogsaverroes.juntadeandalucia.es\/ceipduquederivas\/files\/2022\/10\/descarga.jpg\" alt=\"\" width=\"269\" height=\"188\"><\/a><\/p>\n<p><iframe src=\"https:\/\/www.youtube.com\/embed\/Lar7UX5mAfE\" width=\"560\" height=\"315\" frameborder=\"0\"><\/iframe><br \/>\n&nbsp;<\/p>\n<p>&nbsp;<\/p>\n<p>&nbsp;<\/p>\n<p><iframe src=\"https:\/\/drive.google.com\/file\/d\/1dB0b6k5C8qyScLRNjSZYQ3W9VTg3BVv5\/preview\" width=\"320\" height=\"240\"><\/iframe><iframe src=\"https:\/\/drive.google.com\/file\/d\/1uPyq_QemMVVt6sik24OP6uB7TfeglrMV\/preview\" width=\"320\" height=\"240\"><\/iframe><\/p>\n<p>&nbsp;<\/p>\n<p>&nbsp;<\/p>\n<p>&nbsp;<br \/>\n<iframe src=\"https:\/\/docs.google.com\/forms\/d\/e\/1FAIpQLSf_YuprZkCuCWgyQ0gX4INmrx5SgJJ3yrLkhgk_pgAolKvGmQ\/viewform?embedded=true\" width=\"640\" height=\"7677\" frameborder=\"0\" marginwidth=\"0\" marginheight=\"0\">Cargando\u2026<\/iframe><\/p>\n<h2>Para terminar este trimestre vamos a proponer realizar una felicitaci\u00f3n de navidad utilizando la aplicaci\u00f3n Canva. Lo hemos organizado en este bonito calendario de adviento para visualizarlas todas<\/h2>\n<p>&nbsp;<br \/>\n<iframe src=\"https:\/\/blogsaverroes.juntadeandalucia.es\/ceipduquederivas\/wp-admin\/admin-ajax.php?action=h5p_embed&amp;id=13\" width=\"958\" height=\"689\" frameborder=\"0\"><\/iframe><\/p>\n","protected":false},"excerpt":{"rendered":"<p>RESERVA DEL AULA DE INFORM\u00c1TICA OCUPACI\u00d3N DEL AULA DE INFORM\u00c1TICA En esta p\u00e1gina vamos a ir poniendo las actividades que vamos realizando en el aula de inform\u00e1tica. PRIMER Y SEGUNDO CICLO DE PRIMARIA Los&#46;&#46;&#46;<\/p>\n","protected":false},"author":9751,"featured_media":0,"parent":0,"menu_order":0,"comment_status":"closed","ping_status":"closed","template":"","meta":{"ngg_post_thumbnail":0,"footnotes":"","_mc_calendar":[]},"aioseo_notices":[],"_links":{"self":[{"href":"https:\/\/blogsaverroes.juntadeandalucia.es\/ceipduquederivas\/wp-json\/wp\/v2\/pages\/5114"}],"collection":[{"href":"https:\/\/blogsaverroes.juntadeandalucia.es\/ceipduquederivas\/wp-json\/wp\/v2\/pages"}],"about":[{"href":"https:\/\/blogsaverroes.juntadeandalucia.es\/ceipduquederivas\/wp-json\/wp\/v2\/types\/page"}],"author":[{"embeddable":true,"href":"https:\/\/blogsaverroes.juntadeandalucia.es\/ceipduquederivas\/wp-json\/wp\/v2\/users\/9751"}],"replies":[{"embeddable":true,"href":"https:\/\/blogsaverroes.juntadeandalucia.es\/ceipduquederivas\/wp-json\/wp\/v2\/comments?post=5114"}],"version-history":[{"count":63,"href":"https:\/\/blogsaverroes.juntadeandalucia.es\/ceipduquederivas\/wp-json\/wp\/v2\/pages\/5114\/revisions"}],"predecessor-version":[{"id":5429,"href":"https:\/\/blogsaverroes.juntadeandalucia.es\/ceipduquederivas\/wp-json\/wp\/v2\/pages\/5114\/revisions\/5429"}],"wp:attachment":[{"href":"https:\/\/blogsaverroes.juntadeandalucia.es\/ceipduquederivas\/wp-json\/wp\/v2\/media?parent=5114"}],"curies":[{"name":"wp","href":"https:\/\/api.w.org\/{rel}","templated":true}]}}