{"id":5838,"date":"2023-09-22T11:19:20","date_gmt":"2023-09-22T11:19:20","guid":{"rendered":"https:\/\/blogsaverroes.juntadeandalucia.es\/ceipduquederivas\/?page_id=5838"},"modified":"2024-03-08T22:38:15","modified_gmt":"2024-03-08T22:38:15","slug":"clase-de-educacion-primaria-conocimiento-del-medio","status":"publish","type":"page","link":"https:\/\/blogsaverroes.juntadeandalucia.es\/ceipduquederivas\/clase-de-educacion-primaria-conocimiento-del-medio\/","title":{"rendered":"CLASE DE EDUCACI\u00d3N PRIMARIA CONOCIMIENTO DEL MEDIO. Huerto escolar"},"content":{"rendered":"<h2 style=\"text-align: center\">Actividades del huerto escolar&nbsp;<\/h2>\n<p>Como actividad previa a la realizaci\u00f3n del huerto escolar hicimos en clase varios experimentos para que entendieran el reino de las plantas y las fases que se necesitan para plantar. Realizamos unos mu\u00f1ecos cabeza de pasto y plantamos habichuelas en vasos de pl\u00e1stico como en el enlace siguiente:<img decoding=\"async\" src=\"https:\/\/i.pinimg.com\/originals\/3f\/46\/05\/3f46059da94fdc4b0ba38cc640f03222.jpg\" alt=\"Como hacer MU\u00d1ECO CON CABEZA DE CESPED \/ mu\u00f1eco con cabeza de pasto - YouTube | Cabeza de pasto, Se\u00f1or cabeza de pasto, Manualidades\"><\/p>\n<p><a href=\"https:\/\/images.app.goo.gl\/UPWrr7Qxr6J9EHUF9\">https:\/\/images.app.goo.gl\/UPWrr7Qxr6J9EHUF9<\/a><\/p>\n<p>Despu\u00e9s de conocer los elementos que componen las plantas: ra\u00edz, tallo y hojas. Y la funci\u00f3n que realizan cada uno en el crecimiento de las plantas nos dispusimos a plantar nuestro huerto:<br \/>\n<iframe src=\"https:\/\/blogsaverroes.juntadeandalucia.es\/ceipduquederivas\/wp-admin\/admin-ajax.php?action=h5p_embed&amp;id=22\" width=\"958\" height=\"589\" frameborder=\"0\"><\/iframe><br \/>\n[<\/p>\n<p>&nbsp;<\/p>\n","protected":false},"excerpt":{"rendered":"<p>Actividades del huerto escolar&nbsp; Como actividad previa a la realizaci\u00f3n del huerto escolar hicimos en clase varios experimentos para que entendieran el reino de las plantas y las fases que se necesitan para plantar.&#46;&#46;&#46;<\/p>\n","protected":false},"author":9751,"featured_media":0,"parent":0,"menu_order":0,"comment_status":"closed","ping_status":"closed","template":"","meta":{"ngg_post_thumbnail":0,"footnotes":"","_mc_calendar":[]},"aioseo_notices":[],"_links":{"self":[{"href":"https:\/\/blogsaverroes.juntadeandalucia.es\/ceipduquederivas\/wp-json\/wp\/v2\/pages\/5838"}],"collection":[{"href":"https:\/\/blogsaverroes.juntadeandalucia.es\/ceipduquederivas\/wp-json\/wp\/v2\/pages"}],"about":[{"href":"https:\/\/blogsaverroes.juntadeandalucia.es\/ceipduquederivas\/wp-json\/wp\/v2\/types\/page"}],"author":[{"embeddable":true,"href":"https:\/\/blogsaverroes.juntadeandalucia.es\/ceipduquederivas\/wp-json\/wp\/v2\/users\/9751"}],"replies":[{"embeddable":true,"href":"https:\/\/blogsaverroes.juntadeandalucia.es\/ceipduquederivas\/wp-json\/wp\/v2\/comments?post=5838"}],"version-history":[{"count":10,"href":"https:\/\/blogsaverroes.juntadeandalucia.es\/ceipduquederivas\/wp-json\/wp\/v2\/pages\/5838\/revisions"}],"predecessor-version":[{"id":6104,"href":"https:\/\/blogsaverroes.juntadeandalucia.es\/ceipduquederivas\/wp-json\/wp\/v2\/pages\/5838\/revisions\/6104"}],"wp:attachment":[{"href":"https:\/\/blogsaverroes.juntadeandalucia.es\/ceipduquederivas\/wp-json\/wp\/v2\/media?parent=5838"}],"curies":[{"name":"wp","href":"https:\/\/api.w.org\/{rel}","templated":true}]}}