{"id":118,"date":"2018-12-11T19:34:26","date_gmt":"2018-12-11T18:34:26","guid":{"rendered":"https:\/\/blogsaverroes.juntadeandalucia.es\/ceipeduardolucena\/?page_id=118"},"modified":"2024-09-03T18:33:50","modified_gmt":"2024-09-03T16:33:50","slug":"comedor","status":"publish","type":"page","link":"https:\/\/blogsaverroes.juntadeandalucia.es\/ceipeduardolucena\/comedor\/","title":{"rendered":"Comedor"},"content":{"rendered":"<div><span style=\"color: #ff0000;font-family: arial, sans-serif;font-size: medium\">EL SERVICIO DE COMEDOR ESCOLAR TIENE UN HORARIO DE&nbsp;<\/span><\/div>\n<div><span style=\"color: #ff0000;font-family: arial, sans-serif;font-size: medium\">14\u00b400 A 16\u00b400 H, SU PRECIO ES DE:<\/span><\/div>\n<div>PRECIO POR D\u00cdA: 5.54 EUROS<\/div>\n<div><span style=\"color: #ff0000\"><span style=\"font-family: arial, sans-serif;font-size: medium\">LOS PADRES\/MADRES PUEDEN RECOGER A<\/span>&nbsp;SUS HIJOS\/AS&nbsp;<\/span><\/div>\n<div><span style=\"color: #ff0000\">A PARTIR DE LAS 15\u00b400 H. SI HAN TERMINADO DE COMER<\/span><\/div>\n<div>&nbsp;<\/div>\n<div><span style=\"font-family: arial, sans-serif;font-size: medium\">Este servicio es prestado por la empresa&nbsp;<b>MEDITERR\u00c1NEA<u>:<\/u><\/b><\/span><\/div>\n<div>&nbsp;<\/div>\n<div>\n<ul>\n<li><span style=\"color: #666666;font-family: arial, sans-serif;font-size: medium\"><b>Tlfno: 952 03 82 48<\/b><\/span><\/li>\n<li><span style=\"color: #666666;font-family: arial, sans-serif;font-size: medium\"><b>Email: administracion.andalucia@mediterranea-catering.es<\/b><\/span><\/li>\n<li><a href=\"http:\/\/www.mediterranea-servicios.com\/index.php\/es\/\"><span style=\"color: #808080\"><strong>WEB Mediterranea<\/strong><\/span><\/a><\/li>\n<\/ul>\n<p><span style=\"font-family: arial, sans-serif;font-size: medium\">&nbsp;La petici\u00f3n de alta, baja o cualquier modificaci\u00f3n de USO del servicio para el&nbsp;<\/span><\/p>\n<\/div>\n<div><span style=\"font-family: arial, sans-serif;font-size: medium\">&nbsp;<\/span><\/div>\n<div><span style=\"font-family: arial, sans-serif;font-size: medium\">mes siguiente ha de comunicarse&nbsp;<b>ANTES DEL D\u00cdA 25 DE CADA MES&nbsp;<\/b><\/span><\/div>\n<div><span style=\"font-family: arial, sans-serif;font-size: medium\"><b>(INCLUSIVE)<\/b><\/span><\/div>\n<div>\n<div>\n<p>&nbsp;<\/p>\n<p><span style=\"color: #ff0000\"><b><u><span style=\"font-family: arial, sans-serif\">NORMAS DE COMEDOR<\/span><\/u><\/b><\/span><\/p>\n<p><span style=\"font-family: arial, sans-serif;font-size: medium\">a.&nbsp;&nbsp;&nbsp;&nbsp;&nbsp;&nbsp;&nbsp;Comportarse con correcci\u00f3n en todo momento<\/span><\/p>\n<p><span style=\"font-family: arial, sans-serif;font-size: medium\">b.&nbsp;&nbsp;&nbsp;&nbsp;&nbsp;&nbsp;Respetar a los dem\u00e1s compa\u00f1eros y compa\u00f1eras, los espacios y los materiales. El alumnado deben observar un comportamiento solidario, correcto y respetuoso. No se permitir\u00e1n peleas, ofensas, ni trato desconsiderado con los dem\u00e1s.<\/span><\/p>\n<p><span style=\"font-family: arial, sans-serif;font-size: medium\">c.&nbsp;&nbsp;&nbsp;&nbsp;&nbsp;&nbsp;&nbsp;Todo el alumnado debe guardar el debido respeto y seguir las indicaciones de las personas encargadas del servicio de comedor.<\/span><\/p>\n<p><span style=\"font-family: arial, sans-serif;font-size: medium\">d.&nbsp;&nbsp;&nbsp;&nbsp;&nbsp;&nbsp;Antes de entrar en el comedor todo el alumnado deber\u00e1 lavarse las manos y asearse.<\/span><\/p>\n<p><span style=\"font-family: arial, sans-serif;font-size: medium\">e.&nbsp;&nbsp;&nbsp;&nbsp;&nbsp;&nbsp;&nbsp;Hablar bajito y no hablar con la boca llena.<\/span><\/p>\n<p><span style=\"font-family: arial, sans-serif;font-size: medium\">f.&nbsp;&nbsp;&nbsp;&nbsp;&nbsp;&nbsp;&nbsp;Sentarse adecuadamente mientras se come.<\/span><\/p>\n<p><span style=\"font-family: arial, sans-serif;font-size: medium\">g.&nbsp;&nbsp;&nbsp;&nbsp;&nbsp;&nbsp;No tirar la comida.<\/span><\/p>\n<p><span style=\"font-family: arial, sans-serif;font-size: medium\">h.&nbsp;&nbsp;&nbsp;&nbsp;&nbsp;&nbsp;Usar un m\u00ednimo de tiempo para comer (45 minutos).<\/span><\/p>\n<p><span style=\"font-family: arial, sans-serif;font-size: medium\">i.&nbsp;&nbsp;&nbsp;&nbsp;&nbsp;&nbsp;&nbsp;&nbsp;Solicitar ayuda con correcci\u00f3n<\/span><\/p>\n<p><span style=\"font-family: arial, sans-serif;font-size: medium\">j.&nbsp;&nbsp;&nbsp;&nbsp;&nbsp;&nbsp;&nbsp;&nbsp;No se podr\u00e1 acceder al comedor escolar si no se ha asistido a clase.<\/span><\/p>\n<p><span style=\"font-family: arial, sans-serif;font-size: medium\">k.&nbsp;&nbsp;&nbsp;&nbsp;&nbsp;&nbsp;El alumnado que hace uso del comedor escolar debe comer de&nbsp; todas las comidas y en las cantidades que se le sirvan, que ser\u00e1n de acordes con su edad.<\/span><\/p>\n<p><span style=\"font-family: arial, sans-serif;font-size: medium\">l.&nbsp;&nbsp;&nbsp;&nbsp;&nbsp;&nbsp;&nbsp;&nbsp;El alumnado tiene la obligaci\u00f3n de colaborar en el servicio y orden de su mesa.<\/span><\/p>\n<p><span style=\"font-family: arial, sans-serif;font-size: medium\">m.&nbsp;&nbsp;&nbsp;&nbsp;El alumnado no podr\u00e1 desplazarse libremente por las dependencias del colegio. S\u00f3lo podr\u00e1n acceder a aquellas que se les indique.<\/span><\/p>\n<p><span style=\"font-family: arial, sans-serif;font-size: medium\">n.&nbsp;&nbsp;&nbsp;&nbsp;&nbsp;&nbsp;El menaje del comedor ser\u00e1 correctamente utilizado por los comensales, debiendo seguir en todo momento las instrucciones de los\/as encargados\/as, evitando el deterioro. En caso de mala utilizaci\u00f3n del menaje, el alumno o alumna estar\u00e1 obligado a reponerlo si resulta da\u00f1ado.<\/span><\/p>\n<p><span style=\"font-family: arial, sans-serif;font-size: medium\">o.&nbsp;&nbsp;&nbsp;&nbsp;&nbsp;&nbsp;Si alguien se negara a comer de forma reiterada, se pondr\u00e1 en conocimiento de su padre\/madre para tomar las medidas oportunas.<\/span><\/p>\n<p><span style=\"font-family: arial, sans-serif;font-size: medium\">p.&nbsp;&nbsp;&nbsp;&nbsp;&nbsp;&nbsp;Cumplir, en todo caso, con las normas de convivencia del Colegio.<\/span><\/p>\n<p><span style=\"font-family: arial, sans-serif;font-size: medium\"><b>El incumplimiento de las normas del comedor dar\u00e1 lugar a los avisos pertinentes y en su caso a la expulsi\u00f3n temporal o definitiva del comedor.<\/b><\/span><\/p>\n<p><span style=\"font-family: arial, sans-serif;font-size: medium\"><b>El alumnado que incumpla las normas podr\u00e1 ser sancionado por los\/as monitores\/as a recoger las mesas del comedor o realizar cualquier otra labor de bien com\u00fan.<\/b><\/span><\/p>\n<p><span style=\"font-family: arial, sans-serif;font-size: medium\"><b>En caso de que se produzca cualquier incidencia en la recogida del alumnado del servicio de comedor, el personal encargado del mismo notificar\u00e1 urgentemente la situaci\u00f3n al director\/a para su actuaci\u00f3n inmediata.<\/b><\/span><\/p>\n<p><span style=\"font-size: medium\"><strong><span style=\"font-family: arial, sans-serif;color: #ff0000\">Sanciones:<\/span><\/strong><\/span><\/p>\n<p><span style=\"font-family: arial, sans-serif;font-size: medium\">a.- Ser\u00e1 motivo de sanci\u00f3n el incumplimiento de las normas anteriores, as\u00ed como las se\u00f1aladas en el Plan de Convivencia.<\/span><\/p>\n<p><span style=\"font-family: arial, sans-serif;font-size: medium\">b.- Las sanciones ir\u00e1n desde la advertencia verbal y comunicaci\u00f3n escrita a los padres, hasta la expulsi\u00f3n temporal o definitiva del comedor.&nbsp;<\/span><\/p>\n<p><span style=\"font-family: arial, sans-serif;font-size: medium\">c.- La expulsi\u00f3n temporal o definitiva del comedor es potestad de la direcci\u00f3n del Centro dando cuenta al Consejo Escolar o a la Comisi\u00f3n Permanente en la mayor brevedad.<\/span><\/p>\n<p><span style=\"font-family: arial, sans-serif;font-size: medium\">d.- Todas las sanciones que requieran expulsi\u00f3n del comedor ser\u00e1n comunicadas por escrito previamente a los padres.<\/span><\/p>\n<\/div>\n<div><span style=\"color: #ff0000;font-family: arial, sans-serif;font-size: large\"><i><b><u>NO SE PODR\u00c1 HACER USO DE ESTE SERVICIO SIN ESTAR&nbsp;<\/u><\/b><\/i><\/span><\/div>\n<div><span style=\"color: #ff0000;font-family: arial, sans-serif;font-size: large\"><i><b><u>PREVIAMENTE APUNTADO.<\/u><\/b><\/i><\/span><\/div>\n<div><i><span style=\"font-family: arial, sans-serif;font-size: x-large\">&nbsp;<\/span><\/i><\/div>\n<div><span style=\"color: #38761d;font-family: arial, sans-serif;font-size: x-large\"><i><b><u>LAS ALTAS &nbsp;SE REALIZAR\u00c1N &nbsp;RELLENANDO Y&nbsp;<\/u><\/b><\/i><\/span><\/div>\n<div><span style=\"color: #38761d;font-family: arial, sans-serif;font-size: x-large\"><i><b><u>ENTREGANDO EL IMPRESO QUE SE&nbsp;<\/u><\/b><\/i><\/span><\/div>\n<div><span style=\"color: #38761d;font-family: arial, sans-serif;font-size: x-large\"><i><b><u>PROPORCIONA EN SECRETARIA.<\/u><\/b><\/i><\/span><\/div>\n<div>&nbsp;<\/div>\n<div><span style=\"color: #ff0000;font-family: arial, sans-serif;font-size: x-large\"><i><b><u>LAS BAJAS DE ESTE SERVICIO SE&nbsp;<\/u><\/b><\/i><\/span><\/div>\n<div><span style=\"color: #ff0000;font-family: arial, sans-serif;font-size: x-large\"><i><b><u>REALIZAR\u00c1N LLAMANDO O ENVIANDO UN&nbsp;<\/u><\/b><\/i><\/span><\/div>\n<div><span style=\"color: #ff0000;font-family: arial, sans-serif;font-size: x-large\"><i><b><u>EMAIL A LA EMPRESA DEL CATERING Y&nbsp;<\/u><\/b><\/i><\/span><\/div>\n<div><span style=\"color: #ff0000;font-size: x-large\"><i><b><u><span style=\"font-family: arial, sans-serif\">RELLENANDO EL IMP<\/span><span style=\"font-family: Helvetica, Arial, Verdana, sans-serif\">RESO EN SECRETARIA.<\/span><\/u><\/b><\/i><\/span><\/div>\n<\/div>\n<div>&nbsp;<\/div>\n<div><a href=\"https:\/\/blogsaverroes.juntadeandalucia.es\/ceipeduardolucena\/files\/2024\/03\/SOLICITUD-COMEDOR.pdf\"><strong><span style=\"color: #ff6600\">Descarga solicitud uso del comedor<\/span><\/strong><\/a><\/div>\n","protected":false},"excerpt":{"rendered":"<p>EL SERVICIO DE COMEDOR ESCOLAR TIENE UN HORARIO DE&nbsp; 14\u00b400 A 16\u00b400 H, SU PRECIO ES DE: PRECIO POR D\u00cdA: 5.54 EUROS LOS PADRES\/MADRES PUEDEN RECOGER A&nbsp;SUS HIJOS\/AS&nbsp; A PARTIR DE LAS 15\u00b400 H. SI HAN TERMINADO DE COMER &nbsp; Este servicio es prestado por la empresa&nbsp;MEDITERR\u00c1NEA: &nbsp; Tlfno: 952 03 82 48 Email: administracion.andalucia@mediterranea-catering.es &hellip; <\/p>\n<p><a class=\"more-link btn\" href=\"https:\/\/blogsaverroes.juntadeandalucia.es\/ceipeduardolucena\/comedor\/\">Seguir leyendo<\/a><\/p>\n","protected":false},"author":1459,"featured_media":0,"parent":0,"menu_order":0,"comment_status":"closed","ping_status":"closed","template":"","meta":{"ngg_post_thumbnail":0,"footnotes":""},"aioseo_notices":[],"_links":{"self":[{"href":"https:\/\/blogsaverroes.juntadeandalucia.es\/ceipeduardolucena\/wp-json\/wp\/v2\/pages\/118"}],"collection":[{"href":"https:\/\/blogsaverroes.juntadeandalucia.es\/ceipeduardolucena\/wp-json\/wp\/v2\/pages"}],"about":[{"href":"https:\/\/blogsaverroes.juntadeandalucia.es\/ceipeduardolucena\/wp-json\/wp\/v2\/types\/page"}],"author":[{"embeddable":true,"href":"https:\/\/blogsaverroes.juntadeandalucia.es\/ceipeduardolucena\/wp-json\/wp\/v2\/users\/1459"}],"replies":[{"embeddable":true,"href":"https:\/\/blogsaverroes.juntadeandalucia.es\/ceipeduardolucena\/wp-json\/wp\/v2\/comments?post=118"}],"version-history":[{"count":8,"href":"https:\/\/blogsaverroes.juntadeandalucia.es\/ceipeduardolucena\/wp-json\/wp\/v2\/pages\/118\/revisions"}],"predecessor-version":[{"id":1507,"href":"https:\/\/blogsaverroes.juntadeandalucia.es\/ceipeduardolucena\/wp-json\/wp\/v2\/pages\/118\/revisions\/1507"}],"wp:attachment":[{"href":"https:\/\/blogsaverroes.juntadeandalucia.es\/ceipeduardolucena\/wp-json\/wp\/v2\/media?parent=118"}],"curies":[{"name":"wp","href":"https:\/\/api.w.org\/{rel}","templated":true}]}}