{"id":122,"date":"2018-12-11T19:35:04","date_gmt":"2018-12-11T18:35:04","guid":{"rendered":"https:\/\/blogsaverroes.juntadeandalucia.es\/ceipeduardolucena\/?page_id=122"},"modified":"2023-10-02T10:53:00","modified_gmt":"2023-10-02T08:53:00","slug":"acividades-extraescolares","status":"publish","type":"page","link":"https:\/\/blogsaverroes.juntadeandalucia.es\/ceipeduardolucena\/acividades-extraescolares\/","title":{"rendered":"Actividades extraescolares"},"content":{"rendered":"<p><b>Los horarios pueden sufrir cambios con posterioridad a la presentaci\u00f3n de solicitudes dependiendo de la demanda de cada actividad.<\/b><\/p>\n<p><b>El precio de cada actividad es de 17,51\u20ac que se cobrar\u00e1 por domiciliaci\u00f3n bancaria. La bonificaci\u00f3n se aplica a una sola actividad por alumno\/a, aunque se pueden solicitar cuantas se quieran.<\/b><\/p>\n<p><b>Para dar de alta o baja en las Actividades Extraescolares se har\u00e1 cinco d\u00edas antes de cada comienzo de mes en la Secretar\u00eda del Centro.<\/b><\/p>\n<p><strong>Oferta actividades<\/strong><\/p>\n<p><a href=\"https:\/\/blogsaverroes.juntadeandalucia.es\/ceipeduardolucena\/files\/2023\/09\/Actividades-Extraescolares-Plan-de-familia-2023-24.pdf\">Plan de Familia<\/a><\/p>\n<p><a href=\"https:\/\/blogsaverroes.juntadeandalucia.es\/ceipeduardolucena\/files\/2023\/10\/Actividades-Extraescolares-AMPA-2023-24.pdf\">Actividades ofertadas de AMPA<\/a><\/p>\n<p><a href=\"https:\/\/blogsaverroes.juntadeandalucia.es\/ceipeduardolucena\/files\/2023\/10\/Impreso-solicitud-servicios.pdf\">Solicitud servicios complementarios (aula matinal-comedor-actividades complementarias)<\/a><\/p>\n<p><strong><a href=\"https:\/\/blogsaverroes.juntadeandalucia.es\/ceipeduardolucena\/files\/2022\/09\/solicitud-comedor.pdf\">Solicitud bonificaci\u00f3n servicios complementarios <\/a><\/strong><\/p>\n<p><b>&nbsp;&nbsp;&nbsp;&nbsp;&nbsp;&nbsp;&nbsp;&nbsp;&nbsp;&nbsp;&nbsp;&nbsp;&nbsp;&nbsp;&nbsp;&nbsp;&nbsp;&nbsp;&nbsp;&nbsp;&nbsp;&nbsp;&nbsp;&nbsp;&nbsp;&nbsp;&nbsp;&nbsp;&nbsp;&nbsp;&nbsp;&nbsp;&nbsp;&nbsp;&nbsp;&nbsp;&nbsp;&nbsp;&nbsp;&nbsp;&nbsp;&nbsp;&nbsp;&nbsp;&nbsp;&nbsp;&nbsp;&nbsp;&nbsp;&nbsp;&nbsp;&nbsp;&nbsp;&nbsp;&nbsp;&nbsp;&nbsp;&nbsp;&nbsp;&nbsp;&nbsp;&nbsp;&nbsp;&nbsp;&nbsp;&nbsp;&nbsp;&nbsp;&nbsp;&nbsp;&nbsp;&nbsp;&nbsp;&nbsp; La Direcci\u00f3n<\/b><\/p>\n<p>&nbsp;<\/p>\n","protected":false},"excerpt":{"rendered":"<p>Los horarios pueden sufrir cambios con posterioridad a la presentaci\u00f3n de solicitudes dependiendo de la demanda de cada actividad. El precio de cada actividad es de 17,51\u20ac que se cobrar\u00e1 por domiciliaci\u00f3n bancaria. La bonificaci\u00f3n se aplica a una sola actividad por alumno\/a, aunque se pueden solicitar cuantas se quieran. Para dar de alta o &hellip; <\/p>\n<p><a class=\"more-link btn\" href=\"https:\/\/blogsaverroes.juntadeandalucia.es\/ceipeduardolucena\/acividades-extraescolares\/\">Seguir leyendo<\/a><\/p>\n","protected":false},"author":1459,"featured_media":0,"parent":0,"menu_order":0,"comment_status":"closed","ping_status":"closed","template":"","meta":{"ngg_post_thumbnail":0,"footnotes":""},"aioseo_notices":[],"_links":{"self":[{"href":"https:\/\/blogsaverroes.juntadeandalucia.es\/ceipeduardolucena\/wp-json\/wp\/v2\/pages\/122"}],"collection":[{"href":"https:\/\/blogsaverroes.juntadeandalucia.es\/ceipeduardolucena\/wp-json\/wp\/v2\/pages"}],"about":[{"href":"https:\/\/blogsaverroes.juntadeandalucia.es\/ceipeduardolucena\/wp-json\/wp\/v2\/types\/page"}],"author":[{"embeddable":true,"href":"https:\/\/blogsaverroes.juntadeandalucia.es\/ceipeduardolucena\/wp-json\/wp\/v2\/users\/1459"}],"replies":[{"embeddable":true,"href":"https:\/\/blogsaverroes.juntadeandalucia.es\/ceipeduardolucena\/wp-json\/wp\/v2\/comments?post=122"}],"version-history":[{"count":11,"href":"https:\/\/blogsaverroes.juntadeandalucia.es\/ceipeduardolucena\/wp-json\/wp\/v2\/pages\/122\/revisions"}],"predecessor-version":[{"id":1433,"href":"https:\/\/blogsaverroes.juntadeandalucia.es\/ceipeduardolucena\/wp-json\/wp\/v2\/pages\/122\/revisions\/1433"}],"wp:attachment":[{"href":"https:\/\/blogsaverroes.juntadeandalucia.es\/ceipeduardolucena\/wp-json\/wp\/v2\/media?parent=122"}],"curies":[{"name":"wp","href":"https:\/\/api.w.org\/{rel}","templated":true}]}}