{"id":1233,"date":"2022-03-30T21:06:38","date_gmt":"2022-03-30T19:06:38","guid":{"rendered":"https:\/\/blogsaverroes.juntadeandalucia.es\/ceipeduardolucena\/?page_id=1233"},"modified":"2025-11-06T12:29:20","modified_gmt":"2025-11-06T11:29:20","slug":"1a-emision-01-04-2022","status":"publish","type":"page","link":"https:\/\/blogsaverroes.juntadeandalucia.es\/ceipeduardolucena\/1a-emision-01-04-2022\/","title":{"rendered":"RADIO"},"content":{"rendered":"<p style=\"text-align: center\"><span style=\"font-size: 24pt\"><strong>EduEmite<a href=\"https:\/\/blogsaverroes.juntadeandalucia.es\/ceipeduardolucena\/1a-emision-01-04-2022\/gemini_generated_image_mle32imle32imle3\/\" rel=\"attachment wp-att-1668\"><img loading=\"lazy\" decoding=\"async\" class=\"size-medium wp-image-1668 aligncenter\" src=\"https:\/\/blogsaverroes.juntadeandalucia.es\/ceipeduardolucena\/files\/2025\/11\/Gemini_Generated_Image_mle32imle32imle3-300x300.jpg\" alt=\"\" width=\"300\" height=\"300\" srcset=\"https:\/\/blogsaverroes.juntadeandalucia.es\/ceipeduardolucena\/files\/2025\/11\/Gemini_Generated_Image_mle32imle32imle3-300x300.jpg 300w, https:\/\/blogsaverroes.juntadeandalucia.es\/ceipeduardolucena\/files\/2025\/11\/Gemini_Generated_Image_mle32imle32imle3-1024x1024.jpg 1024w, https:\/\/blogsaverroes.juntadeandalucia.es\/ceipeduardolucena\/files\/2025\/11\/Gemini_Generated_Image_mle32imle32imle3-150x150.jpg 150w, https:\/\/blogsaverroes.juntadeandalucia.es\/ceipeduardolucena\/files\/2025\/11\/Gemini_Generated_Image_mle32imle32imle3-768x768.jpg 768w, https:\/\/blogsaverroes.juntadeandalucia.es\/ceipeduardolucena\/files\/2025\/11\/Gemini_Generated_Image_mle32imle32imle3-1536x1536.jpg 1536w, https:\/\/blogsaverroes.juntadeandalucia.es\/ceipeduardolucena\/files\/2025\/11\/Gemini_Generated_Image_mle32imle32imle3-750x750.jpg 750w, https:\/\/blogsaverroes.juntadeandalucia.es\/ceipeduardolucena\/files\/2025\/11\/Gemini_Generated_Image_mle32imle32imle3.jpg 2048w\" sizes=\"(max-width: 300px) 100vw, 300px\" \/><\/a><\/strong><\/span><\/p>\n<p>El presente proyecto propone la creaci\u00f3n de una radio y televisi\u00f3n escolar en el CEIP Eduardo Lucena, denominada&nbsp;<strong>EDUEMITE<\/strong>. Este proyecto busca desarrollar las competencias comunicativas, digitales y sociales del alumnado, adem\u00e1s de fortalecer el sentido de pertenencia a la comunidad educativa. EDUEMITE pretende ser un espacio de creatividad, inclusi\u00f3n y aprendizaje cooperativo en el que estudiantes y docentes colaboren para producir contenidos informativos, educativos y de entretenimiento.<\/p>\n<p>La principal finalidad del proyecto que aqu\u00ed se plantea, es la creaci\u00f3n de un proyecto multidisciplinar e incluso transversal que se convierta en centro neur\u00e1lgico de recogida y difusi\u00f3n de toda la vida del centro.<\/p>\n<p><em>\u00abUn proyecto innovador para dar voz al alumnado, fomentar la creatividad, mejorar las competencias digitales y fortalecer la comunidad educativa\u00bb.<\/em><\/p>\n<p><a href=\"https:\/\/blogsaverroes.juntadeandalucia.es\/ceipeduardolucena\/1a-emision-01-04-2022\/gemini_generated_image_5b25ua5b25ua5b25\/\" rel=\"attachment wp-att-1667\"><img loading=\"lazy\" decoding=\"async\" class=\"size-medium wp-image-1667 aligncenter\" src=\"https:\/\/blogsaverroes.juntadeandalucia.es\/ceipeduardolucena\/files\/2025\/11\/Gemini_Generated_Image_5b25ua5b25ua5b25-300x300.png\" alt=\"\" width=\"300\" height=\"300\" srcset=\"https:\/\/blogsaverroes.juntadeandalucia.es\/ceipeduardolucena\/files\/2025\/11\/Gemini_Generated_Image_5b25ua5b25ua5b25-300x300.png 300w, https:\/\/blogsaverroes.juntadeandalucia.es\/ceipeduardolucena\/files\/2025\/11\/Gemini_Generated_Image_5b25ua5b25ua5b25-150x150.png 150w, https:\/\/blogsaverroes.juntadeandalucia.es\/ceipeduardolucena\/files\/2025\/11\/Gemini_Generated_Image_5b25ua5b25ua5b25-768x768.png 768w, https:\/\/blogsaverroes.juntadeandalucia.es\/ceipeduardolucena\/files\/2025\/11\/Gemini_Generated_Image_5b25ua5b25ua5b25-750x750.png 750w, https:\/\/blogsaverroes.juntadeandalucia.es\/ceipeduardolucena\/files\/2025\/11\/Gemini_Generated_Image_5b25ua5b25ua5b25.png 1024w\" sizes=\"(max-width: 300px) 100vw, 300px\" \/><\/a><\/p>\n","protected":false},"excerpt":{"rendered":"<p>EduEmite El presente proyecto propone la creaci\u00f3n de una radio y televisi\u00f3n escolar en el CEIP Eduardo Lucena, denominada&nbsp;EDUEMITE. Este proyecto busca desarrollar las competencias comunicativas, digitales y sociales del alumnado, adem\u00e1s de fortalecer el sentido de pertenencia a la comunidad educativa. EDUEMITE pretende ser un espacio de creatividad, inclusi\u00f3n y aprendizaje cooperativo en el &hellip; <\/p>\n<p><a class=\"more-link btn\" href=\"https:\/\/blogsaverroes.juntadeandalucia.es\/ceipeduardolucena\/1a-emision-01-04-2022\/\">Seguir leyendo<\/a><\/p>\n","protected":false},"author":1459,"featured_media":0,"parent":0,"menu_order":0,"comment_status":"closed","ping_status":"closed","template":"","meta":{"ngg_post_thumbnail":0,"footnotes":""},"aioseo_notices":[],"_links":{"self":[{"href":"https:\/\/blogsaverroes.juntadeandalucia.es\/ceipeduardolucena\/wp-json\/wp\/v2\/pages\/1233"}],"collection":[{"href":"https:\/\/blogsaverroes.juntadeandalucia.es\/ceipeduardolucena\/wp-json\/wp\/v2\/pages"}],"about":[{"href":"https:\/\/blogsaverroes.juntadeandalucia.es\/ceipeduardolucena\/wp-json\/wp\/v2\/types\/page"}],"author":[{"embeddable":true,"href":"https:\/\/blogsaverroes.juntadeandalucia.es\/ceipeduardolucena\/wp-json\/wp\/v2\/users\/1459"}],"replies":[{"embeddable":true,"href":"https:\/\/blogsaverroes.juntadeandalucia.es\/ceipeduardolucena\/wp-json\/wp\/v2\/comments?post=1233"}],"version-history":[{"count":5,"href":"https:\/\/blogsaverroes.juntadeandalucia.es\/ceipeduardolucena\/wp-json\/wp\/v2\/pages\/1233\/revisions"}],"predecessor-version":[{"id":1669,"href":"https:\/\/blogsaverroes.juntadeandalucia.es\/ceipeduardolucena\/wp-json\/wp\/v2\/pages\/1233\/revisions\/1669"}],"wp:attachment":[{"href":"https:\/\/blogsaverroes.juntadeandalucia.es\/ceipeduardolucena\/wp-json\/wp\/v2\/media?parent=1233"}],"curies":[{"name":"wp","href":"https:\/\/api.w.org\/{rel}","templated":true}]}}