{"id":1536,"date":"2024-11-27T09:24:01","date_gmt":"2024-11-27T08:24:01","guid":{"rendered":"https:\/\/blogsaverroes.juntadeandalucia.es\/ceipeduardolucena\/?page_id=1536"},"modified":"2024-11-27T10:32:03","modified_gmt":"2024-11-27T09:32:03","slug":"anexos-plan-de-centro-24","status":"publish","type":"page","link":"https:\/\/blogsaverroes.juntadeandalucia.es\/ceipeduardolucena\/anexos-plan-de-centro-24\/","title":{"rendered":"ANEXOS PLAN DE CENTRO 24"},"content":{"rendered":"<ul>\n<li><a href=\"https:\/\/blogsaverroes.juntadeandalucia.es\/ceipeduardolucena\/files\/2024\/11\/ORGANIGRAMA-DEL-CENTRO-CURSO-2024.pdf\"><strong>ORGANIGRAMA DEL CENTRO 2024-2025<\/strong><\/a><\/li>\n<li><a href=\"https:\/\/blogsaverroes.juntadeandalucia.es\/ceipeduardolucena\/files\/2024\/11\/indicadores-homologados-2024.pdf\"><strong>INDICADORES HOMOLOGADOS&nbsp;<\/strong><\/a><\/li>\n<li><a href=\"https:\/\/blogsaverroes.juntadeandalucia.es\/ceipeduardolucena\/files\/2024\/11\/PLANDEMEJORA24-25.pdf\"><strong>PLAN DE MEJORA<\/strong><\/a><\/li>\n<li><a href=\"https:\/\/blogsaverroes.juntadeandalucia.es\/ceipeduardolucena\/files\/2024\/11\/PLANNING-DE-REUNIONES-24-25.pdf\"><strong>PLANNING DE REUNIONES ANUAL <\/strong><\/a><\/li>\n<li><a href=\"https:\/\/blogsaverroes.juntadeandalucia.es\/ceipeduardolucena\/files\/2024\/11\/Calendario-de-reuniones-24-25.pdf\"><strong>CALENDARIO DE REUNIONES ANUAL <\/strong><\/a><\/li>\n<li><a href=\"https:\/\/blogsaverroes.juntadeandalucia.es\/ceipeduardolucena\/files\/2024\/11\/CALENDARIO-COLOR-2024-2025.pdf\"><strong>CALENDARIO ESCOLAR <\/strong><\/a><\/li>\n<li><strong>LIBROS DE TEXTO <\/strong><\/li>\n<li><a href=\"https:\/\/blogsaverroes.juntadeandalucia.es\/ceipeduardolucena\/files\/2024\/11\/CELEBRACIONES-Y-EFEMERIDES-2024.pdf\"><strong>CELEBRACIONES Y EFEM\u00c9RIDES <\/strong><\/a><\/li>\n<li><a href=\"https:\/\/blogsaverroes.juntadeandalucia.es\/ceipeduardolucena\/files\/2024\/11\/ACTA-SESION-EVALUACION-Y-GP.pdf\"><strong>ACTA DE EVALUACI\u00d3N Y GARANT\u00cdAS PROCEDIMENTALES <\/strong><\/a><\/li>\n<li><strong>DOCUMENTOS PLAN DE APOYO Y REFUERZO<\/strong><\/li>\n<li><a href=\"https:\/\/blogsaverroes.juntadeandalucia.es\/ceipeduardolucena\/files\/2024\/11\/Plan-de-trabajo-del-EOE.pdf\"><strong>PLAN DE TRABAJO EOE.<\/strong><\/a><\/li>\n<\/ul>\n","protected":false},"excerpt":{"rendered":"<p>ORGANIGRAMA DEL CENTRO 2024-2025 INDICADORES HOMOLOGADOS&nbsp; PLAN DE MEJORA PLANNING DE REUNIONES ANUAL CALENDARIO DE REUNIONES ANUAL CALENDARIO ESCOLAR LIBROS DE TEXTO CELEBRACIONES Y EFEM\u00c9RIDES ACTA DE EVALUACI\u00d3N Y GARANT\u00cdAS PROCEDIMENTALES DOCUMENTOS PLAN DE APOYO Y REFUERZO PLAN DE TRABAJO EOE.<\/p>\n","protected":false},"author":1459,"featured_media":0,"parent":0,"menu_order":0,"comment_status":"closed","ping_status":"closed","template":"","meta":{"ngg_post_thumbnail":0,"footnotes":""},"aioseo_notices":[],"_links":{"self":[{"href":"https:\/\/blogsaverroes.juntadeandalucia.es\/ceipeduardolucena\/wp-json\/wp\/v2\/pages\/1536"}],"collection":[{"href":"https:\/\/blogsaverroes.juntadeandalucia.es\/ceipeduardolucena\/wp-json\/wp\/v2\/pages"}],"about":[{"href":"https:\/\/blogsaverroes.juntadeandalucia.es\/ceipeduardolucena\/wp-json\/wp\/v2\/types\/page"}],"author":[{"embeddable":true,"href":"https:\/\/blogsaverroes.juntadeandalucia.es\/ceipeduardolucena\/wp-json\/wp\/v2\/users\/1459"}],"replies":[{"embeddable":true,"href":"https:\/\/blogsaverroes.juntadeandalucia.es\/ceipeduardolucena\/wp-json\/wp\/v2\/comments?post=1536"}],"version-history":[{"count":5,"href":"https:\/\/blogsaverroes.juntadeandalucia.es\/ceipeduardolucena\/wp-json\/wp\/v2\/pages\/1536\/revisions"}],"predecessor-version":[{"id":1565,"href":"https:\/\/blogsaverroes.juntadeandalucia.es\/ceipeduardolucena\/wp-json\/wp\/v2\/pages\/1536\/revisions\/1565"}],"wp:attachment":[{"href":"https:\/\/blogsaverroes.juntadeandalucia.es\/ceipeduardolucena\/wp-json\/wp\/v2\/media?parent=1536"}],"curies":[{"name":"wp","href":"https:\/\/api.w.org\/{rel}","templated":true}]}}