{"id":155,"date":"2018-12-12T17:46:12","date_gmt":"2018-12-12T16:46:12","guid":{"rendered":"https:\/\/blogsaverroes.juntadeandalucia.es\/ceipeduardolucena\/?page_id=155"},"modified":"2025-10-21T11:52:53","modified_gmt":"2025-10-21T09:52:53","slug":"que-es-el-ampa","status":"publish","type":"page","link":"https:\/\/blogsaverroes.juntadeandalucia.es\/ceipeduardolucena\/que-es-el-ampa\/","title":{"rendered":"\u00bfQu\u00e9 es AFA?"},"content":{"rendered":"<p>&nbsp;<\/p>\n<h1>\u00bfQu\u00e9 es AFA del CEIP Eduardo Lucena?<\/h1>\n<p>Antes \u00e9ramos AMPA, ahora somos <strong>AFA \u2013 Asociaci\u00f3n de Familias de Alumnos<\/strong>. Un espacio creado <strong>por y para las familias<\/strong>, donde creemos que todas las formas de familia importan (familias monoparentales, diversas, adoptivas, ampliadas\u2026 todas).<\/p>\n<p><span style=\"font-size: 10pt;color: #ff0000\">Normativa<\/span><\/p>\n<p><span style=\"font-size: 10pt;color: #0000ff;font-family: 'comic sans ms', sans-serif\"><em><a title=\"DECRETO 27\/1988, de 10 de febrero, por el que se regulan las asociaciones de padres de alumnos de centros docentes no universitarios en el \u00e1mbito de la Comunidad Aut\u00f3noma de Andaluc\u00eda\" href=\"http:\/\/www.juntadeandalucia.es\/boja\/boletines\/1988\/17\/d\/4.html\">Decreto 27\/1988, de 10 de febrero, por el que se regulan las asociaciones de padres de alumnos de centros docentes no universitarios en el \u00e1mbito de la Comunidad Aut\u00f3noma de Andaluc\u00eda. <\/a><\/em><\/span><\/p>\n<p><strong>NUESTROS OBJETIVOS<\/strong><\/p>\n<ul>\n<li><strong>Acompa\u00f1ar a las familias<\/strong> en todo lo relacionado con la educaci\u00f3n de sus hijos e hijas.<\/li>\n<li><strong>Colaborar con el colegio<\/strong> en actividades educativas, culturales, deportivas y solidarias.<\/li>\n<li><strong>Impulsar la participaci\u00f3n<\/strong> de las familias en la vida y gesti\u00f3n del centro.<\/li>\n<li><strong>Representar a las familias<\/strong> en los Consejos Escolares y ante las instituciones educativas.<\/li>\n<\/ul>\n<ul>\n<li><strong>Promover la formaci\u00f3n familiar<\/strong>, el di\u00e1logo y la convivencia.<\/li>\n<li><strong>Ser puente de comunicaci\u00f3n<\/strong> entre las familias y el colegio, recogiendo propuestas y fomentando la cooperaci\u00f3n.<\/li>\n<\/ul>\n<p>Cuantas m\u00e1s familias participen, m\u00e1s ideas tendremos, m\u00e1s fuerza conseguiremos, y mejores cosas podremos hacer por nuestros hijos e hijas.<\/p>\n<p>Trabajamos junto al centro educativo para construir un entorno m\u00e1s participativo, inclusivo y enriquecedor para todos. Creemos que cuando las familias se implican, el colegio crece.<\/p>\n<h2><strong><span style=\"color: #ff0000\">Personas delegadas de padres y madres<\/span><\/strong><\/h2>\n<p>Las personas delegadas de padres y madres del alumnado en cada uno de los grupos aulas de los centros docentes ser\u00e1n elegidas para cada curso escolar por los propios padres,&nbsp;madres o representantes legales del alumnado, en la reuni\u00f3n que el profesorado que ejerza la tutor\u00eda realiza con las familias antes de finalizar el mes de noviembre.<\/p>\n<p><span style=\"font-size: 10pt;font-family: 'comic sans ms', sans-serif\"><em><a href=\"http:\/\/www.juntadeandalucia.es\/educacion\/portals\/web\/ced\/delegados-de-padres-y-madres\">Accede a m\u00e1s informaci\u00f3n<\/a><\/em><\/span><\/p>\n<h2><strong>M\u00e1s informaci\u00f3n<\/strong><\/h2>\n<ul class=\"enlaces\">\n<li><span style=\"font-size: 10pt;font-family: 'comic sans ms', sans-serif\"><em><a href=\"http:\/\/www.juntadeandalucia.es\/educacion\/webportal\/web\/portal-de-igualdad\/subvenciones-a-ampa\">Subvenciones a asociaciones de padres y madres del alumnado (AMPAS) y otras entidades p\u00fablicas y privadas para realizar proyectos de coeducaci\u00f3n<\/a><\/em><\/span><\/li>\n<li><span style=\"font-size: 10pt;font-family: 'comic sans ms', sans-serif\"><em><a href=\"http:\/\/www.codapa.org\/guiaparticipacion\/\">CODAPA. Confederaci\u00f3n Democr\u00e1tica de Asociaciones de Padres de Alumnos de Andaluc\u00eda por la Ense\u00f1anza P\u00fablica<\/a><\/em><\/span><\/li>\n<\/ul>\n","protected":false},"excerpt":{"rendered":"<p>&nbsp; \u00bfQu\u00e9 es AFA del CEIP Eduardo Lucena? Antes \u00e9ramos AMPA, ahora somos AFA \u2013 Asociaci\u00f3n de Familias de Alumnos. Un espacio creado por y para las familias, donde creemos que todas las formas de familia importan (familias monoparentales, diversas, adoptivas, ampliadas\u2026 todas). Normativa Decreto 27\/1988, de 10 de febrero, por el que se regulan &hellip; <\/p>\n<p><a class=\"more-link btn\" href=\"https:\/\/blogsaverroes.juntadeandalucia.es\/ceipeduardolucena\/que-es-el-ampa\/\">Seguir leyendo<\/a><\/p>\n","protected":false},"author":1459,"featured_media":0,"parent":0,"menu_order":0,"comment_status":"closed","ping_status":"closed","template":"","meta":{"ngg_post_thumbnail":0,"footnotes":""},"aioseo_notices":[],"_links":{"self":[{"href":"https:\/\/blogsaverroes.juntadeandalucia.es\/ceipeduardolucena\/wp-json\/wp\/v2\/pages\/155"}],"collection":[{"href":"https:\/\/blogsaverroes.juntadeandalucia.es\/ceipeduardolucena\/wp-json\/wp\/v2\/pages"}],"about":[{"href":"https:\/\/blogsaverroes.juntadeandalucia.es\/ceipeduardolucena\/wp-json\/wp\/v2\/types\/page"}],"author":[{"embeddable":true,"href":"https:\/\/blogsaverroes.juntadeandalucia.es\/ceipeduardolucena\/wp-json\/wp\/v2\/users\/1459"}],"replies":[{"embeddable":true,"href":"https:\/\/blogsaverroes.juntadeandalucia.es\/ceipeduardolucena\/wp-json\/wp\/v2\/comments?post=155"}],"version-history":[{"count":11,"href":"https:\/\/blogsaverroes.juntadeandalucia.es\/ceipeduardolucena\/wp-json\/wp\/v2\/pages\/155\/revisions"}],"predecessor-version":[{"id":1652,"href":"https:\/\/blogsaverroes.juntadeandalucia.es\/ceipeduardolucena\/wp-json\/wp\/v2\/pages\/155\/revisions\/1652"}],"wp:attachment":[{"href":"https:\/\/blogsaverroes.juntadeandalucia.es\/ceipeduardolucena\/wp-json\/wp\/v2\/media?parent=155"}],"curies":[{"name":"wp","href":"https:\/\/api.w.org\/{rel}","templated":true}]}}