{"id":157,"date":"2018-12-12T17:46:41","date_gmt":"2018-12-12T16:46:41","guid":{"rendered":"https:\/\/blogsaverroes.juntadeandalucia.es\/ceipeduardolucena\/?page_id=157"},"modified":"2025-10-21T11:54:26","modified_gmt":"2025-10-21T09:54:26","slug":"quienes-forman-el-ampa","status":"publish","type":"page","link":"https:\/\/blogsaverroes.juntadeandalucia.es\/ceipeduardolucena\/quienes-forman-el-ampa\/","title":{"rendered":"\u00bfQui\u00e9nes forman AFA?"},"content":{"rendered":"<h1>\u00bfQui\u00e9nes formamos la AFA?<\/h1>\n<p>La AFA est\u00e1 formada por madres, padres y tutores legales del alumnado del CEIP Eduardo Lucena.<\/p>\n<p>Somos familias como todas las dem\u00e1s: trabajamos, cuidamos, conciliamos y, dentro de nuestras posibilidades, dedicamos algo de tiempo a colaborar para que el colegio siga mejorando d\u00eda a d\u00eda.<\/p>\n","protected":false},"excerpt":{"rendered":"<p>\u00bfQui\u00e9nes formamos la AFA? La AFA est\u00e1 formada por madres, padres y tutores legales del alumnado del CEIP Eduardo Lucena. Somos familias como todas las dem\u00e1s: trabajamos, cuidamos, conciliamos y, dentro de nuestras posibilidades, dedicamos algo de tiempo a colaborar para que el colegio siga mejorando d\u00eda a d\u00eda.<\/p>\n","protected":false},"author":1459,"featured_media":0,"parent":0,"menu_order":0,"comment_status":"closed","ping_status":"closed","template":"","meta":{"ngg_post_thumbnail":0,"footnotes":""},"aioseo_notices":[],"_links":{"self":[{"href":"https:\/\/blogsaverroes.juntadeandalucia.es\/ceipeduardolucena\/wp-json\/wp\/v2\/pages\/157"}],"collection":[{"href":"https:\/\/blogsaverroes.juntadeandalucia.es\/ceipeduardolucena\/wp-json\/wp\/v2\/pages"}],"about":[{"href":"https:\/\/blogsaverroes.juntadeandalucia.es\/ceipeduardolucena\/wp-json\/wp\/v2\/types\/page"}],"author":[{"embeddable":true,"href":"https:\/\/blogsaverroes.juntadeandalucia.es\/ceipeduardolucena\/wp-json\/wp\/v2\/users\/1459"}],"replies":[{"embeddable":true,"href":"https:\/\/blogsaverroes.juntadeandalucia.es\/ceipeduardolucena\/wp-json\/wp\/v2\/comments?post=157"}],"version-history":[{"count":4,"href":"https:\/\/blogsaverroes.juntadeandalucia.es\/ceipeduardolucena\/wp-json\/wp\/v2\/pages\/157\/revisions"}],"predecessor-version":[{"id":1654,"href":"https:\/\/blogsaverroes.juntadeandalucia.es\/ceipeduardolucena\/wp-json\/wp\/v2\/pages\/157\/revisions\/1654"}],"wp:attachment":[{"href":"https:\/\/blogsaverroes.juntadeandalucia.es\/ceipeduardolucena\/wp-json\/wp\/v2\/media?parent=157"}],"curies":[{"name":"wp","href":"https:\/\/api.w.org\/{rel}","templated":true}]}}