{"id":1637,"date":"2025-10-21T11:32:02","date_gmt":"2025-10-21T09:32:02","guid":{"rendered":"https:\/\/blogsaverroes.juntadeandalucia.es\/ceipeduardolucena\/?page_id=1637"},"modified":"2025-10-21T11:55:50","modified_gmt":"2025-10-21T09:55:50","slug":"junta-directiva-del-afa","status":"publish","type":"page","link":"https:\/\/blogsaverroes.juntadeandalucia.es\/ceipeduardolucena\/junta-directiva-del-afa\/","title":{"rendered":"Junta directiva de la AFA"},"content":{"rendered":"<h2>La Junta Directiva<\/h2>\n<p>No somos profesionales ni una empresa, sino un grupo de familias que creemos que, con peque\u00f1os esfuerzos y la ayuda de todos, se pueden conseguir&nbsp;grandes&nbsp;cosas.<\/p>\n<p>Desde el 14 de octubre, fecha en que se aprob\u00f3 la constituci\u00f3n de la nueva Junta Directiva de la AFA Armon\u00eda por Asamblea Ordinaria, estos son los representantes:<\/p>\n<ul>\n<li>Presidencia: Beatriz Ruiz L\u00f3pez<\/li>\n<li>Vicepresidencia: Luisa Garc\u00eda Galiano<\/li>\n<li>Secretar\u00eda: Pablo Sim\u00f3n Rodr\u00edguez<\/li>\n<li>Tesorer\u00eda: Mar\u00eda Aguilera Garrido<\/li>\n<li>Vocal\u00eda: \u00c1ngel Mar\u00eda Pedraza Casado<\/li>\n<li>Vocal\u00eda: Araceli Luque<\/li>\n<li>Vocal\u00eda: Estefan\u00eda Montero Alabanda<\/li>\n<li>Vocal\u00eda: Farizha Ribani<\/li>\n<li>Vocal\u00eda: Juan A. Tu\u00f1\u00f3n Ruiz<\/li>\n<li>Vocal\u00eda: Luc\u00eda Chica Arnedo<\/li>\n<li>Vocal\u00eda: Manuel Garc\u00eda M\u00e1rquez<\/li>\n<li>Vocal\u00eda: Marta Llamas Vacas<\/li>\n<\/ul>\n","protected":false},"excerpt":{"rendered":"<p>La Junta Directiva No somos profesionales ni una empresa, sino un grupo de familias que creemos que, con peque\u00f1os esfuerzos y la ayuda de todos, se pueden conseguir&nbsp;grandes&nbsp;cosas. Desde el 14 de octubre, fecha en que se aprob\u00f3 la constituci\u00f3n de la nueva Junta Directiva de la AFA Armon\u00eda por Asamblea Ordinaria, estos son los &hellip; <\/p>\n<p><a class=\"more-link btn\" href=\"https:\/\/blogsaverroes.juntadeandalucia.es\/ceipeduardolucena\/junta-directiva-del-afa\/\">Seguir leyendo<\/a><\/p>\n","protected":false},"author":1459,"featured_media":0,"parent":0,"menu_order":0,"comment_status":"closed","ping_status":"closed","template":"","meta":{"ngg_post_thumbnail":0,"footnotes":""},"aioseo_notices":[],"_links":{"self":[{"href":"https:\/\/blogsaverroes.juntadeandalucia.es\/ceipeduardolucena\/wp-json\/wp\/v2\/pages\/1637"}],"collection":[{"href":"https:\/\/blogsaverroes.juntadeandalucia.es\/ceipeduardolucena\/wp-json\/wp\/v2\/pages"}],"about":[{"href":"https:\/\/blogsaverroes.juntadeandalucia.es\/ceipeduardolucena\/wp-json\/wp\/v2\/types\/page"}],"author":[{"embeddable":true,"href":"https:\/\/blogsaverroes.juntadeandalucia.es\/ceipeduardolucena\/wp-json\/wp\/v2\/users\/1459"}],"replies":[{"embeddable":true,"href":"https:\/\/blogsaverroes.juntadeandalucia.es\/ceipeduardolucena\/wp-json\/wp\/v2\/comments?post=1637"}],"version-history":[{"count":2,"href":"https:\/\/blogsaverroes.juntadeandalucia.es\/ceipeduardolucena\/wp-json\/wp\/v2\/pages\/1637\/revisions"}],"predecessor-version":[{"id":1655,"href":"https:\/\/blogsaverroes.juntadeandalucia.es\/ceipeduardolucena\/wp-json\/wp\/v2\/pages\/1637\/revisions\/1655"}],"wp:attachment":[{"href":"https:\/\/blogsaverroes.juntadeandalucia.es\/ceipeduardolucena\/wp-json\/wp\/v2\/media?parent=1637"}],"curies":[{"name":"wp","href":"https:\/\/api.w.org\/{rel}","templated":true}]}}