{"id":252,"date":"2018-12-25T20:37:12","date_gmt":"2018-12-25T19:37:12","guid":{"rendered":"https:\/\/blogsaverroes.juntadeandalucia.es\/ceipeduardolucena\/?page_id=252"},"modified":"2024-05-30T10:58:50","modified_gmt":"2024-05-30T08:58:50","slug":"matriculacion","status":"publish","type":"page","link":"https:\/\/blogsaverroes.juntadeandalucia.es\/ceipeduardolucena\/matriculacion\/","title":{"rendered":"MATRICULACI\u00d3N"},"content":{"rendered":"<p style=\"text-align: center\"><span style=\"font-family: impact, sans-serif;font-size: 24pt\"><strong><span style=\"color: #800080\">CURSO ESCOLAR 24-25:<\/span><\/strong><\/span><\/p>\n<h1 class=\"title\"><img loading=\"lazy\" decoding=\"async\" class=\"alignnone size-full wp-image-2435\" src=\"https:\/\/rafaelfernandezmayoralas.es\/wp-content\/uploads\/2020\/05\/cuadrado.gif\" alt=\"\" width=\"20\" height=\"20\">&nbsp;<span style=\"font-size: 18pt;color: #0000ff\">\u201ciANDE\u201d. IDENTIFICADOR ANDALUZ.<\/span><\/h1>\n<section class=\"words\">\n<div class=\"with-body\">\n<div class=\"body\" dir=\"auto\">\n<div>Habr\u00e1n recibido a trav\u00e9s de PASEN un c\u00f3digo por cada hij@. Este c\u00f3digo es un&nbsp;<strong>identificador<\/strong>&nbsp;con el que podr\u00e1n realizar varios<strong>&nbsp;tr\u00e1mites de forma f\u00e1cil y \u00e1gil,<\/strong>&nbsp;como por ejemplo la&nbsp;<strong>matriculaci\u00f3n<\/strong>. Este mensaje se quedar\u00e1 anclado en la aplicaci\u00f3n, para que lo puedan recuperar siempre que lo necesiten.&nbsp; Se ubicar\u00e1 en la<strong>&nbsp;bandeja de entrada de comunicaciones<\/strong>, en la&nbsp;<strong>secci\u00f3n de mensajer\u00eda<\/strong>&nbsp;de la aplicaci\u00f3n PASEN.<\/div>\n<\/div>\n<\/div>\n<\/section>\n<section class=\"stalker-bar\">\n<div class=\"surface-post-reaction\">\n<div class=\"reaction-show\">\n<section class=\"words\">\n<div class=\"with-body\">\n<div dir=\"auto\">.<\/div>\n<\/div>\n<\/section>\n<div class=\"surface-post-attachment\" data-view-mode=\"show\">\n<div class=\"surface-beethoven-preview\">&nbsp;<\/div>\n<div>Os dejamos un v\u00eddeo explicativo sobre iANDE<\/div>\n<div>\n<div class=\"\">\n<div id=\":ok\" class=\"hq gt a10\">\n<div id=\":om\" class=\"aQH\">\n<div aria-hidden=\"true\">\n<div class=\"aVY aZn\">\n<div class=\"aZm\">&nbsp;<\/div>\n<\/div>\n<div class=\"aSH\">\n<p><a href=\"https:\/\/youtu.be\/p8bqMdBsLd4\"><img decoding=\"async\" id=\":nd\" class=\"aQG aYB aligncenter\" src=\"https:\/\/i.ytimg.com\/vi\/p8bqMdBsLd4\/mqdefault.jpg\"><\/a><\/p>\n<div id=\":nj\" class=\"aYy\">\n<div class=\"aYA\"><img decoding=\"async\" id=\":nh\" class=\"aSM aligncenter\" src=\"https:\/\/ssl.gstatic.com\/docs\/doclist\/images\/mediatype\/icon_2_youtube_x16.png\"><\/div>\n<div class=\"aYz\">\n<div class=\"a12\">\n<div class=\"aQA\" style=\"text-align: center\"><span id=\":ng\" class=\"aV3 zzV0ie\">Acceso a la Secretar\u00eda Virtual con iANDE<\/span><\/div>\n<\/div>\n<\/div>\n<\/div>\n<\/div>\n<div class=\"aSI\">&nbsp;<\/div>\n<\/div>\n<\/div>\n<\/div>\n<\/div>\n<\/div>\n<\/div>\n<\/div>\n<\/div>\n<\/section>\n<h1 class=\"title\"><span style=\"font-size: 18pt\"><img loading=\"lazy\" decoding=\"async\" class=\"alignnone size-full wp-image-2435\" src=\"https:\/\/rafaelfernandezmayoralas.es\/wp-content\/uploads\/2020\/05\/cuadrado.gif\" alt=\"\" width=\"20\" height=\"20\"><span style=\"color: #0000ff\"> MATRICULACI\u00d3N (de nuevo ingreso y renovaci\u00f3n).<\/span><\/span><\/h1>\n<blockquote>\n<div class=\"subject\" dir=\"auto\" style=\"text-align: center\"><span style=\"color: #ff0000\">El tr\u00e1mite se realizar\u00e1<strong> telem\u00e1ticamente, a trav\u00e9s de la \u201cSecretar\u00eda Virtual\u201d o de manera presencial bajo cita previa<\/strong>.<\/span><\/div>\n<\/blockquote>\n<div dir=\"auto\"><a href=\"https:\/\/www.juntadeandalucia.es\/educacion\/secretariavirtual\/\" rel=\"attachment wp-att-872\"><img loading=\"lazy\" decoding=\"async\" class=\"size-full wp-image-872 aligncenter\" src=\"https:\/\/blogsaverroes.juntadeandalucia.es\/ceipeduardolucena\/files\/2020\/05\/secretariavirtual.jpg\" alt=\"\" width=\"280\" height=\"150\" srcset=\"https:\/\/blogsaverroes.juntadeandalucia.es\/ceipeduardolucena\/files\/2020\/05\/secretariavirtual.jpg 280w, https:\/\/blogsaverroes.juntadeandalucia.es\/ceipeduardolucena\/files\/2020\/05\/secretariavirtual-24x13.jpg 24w, https:\/\/blogsaverroes.juntadeandalucia.es\/ceipeduardolucena\/files\/2020\/05\/secretariavirtual-36x19.jpg 36w, https:\/\/blogsaverroes.juntadeandalucia.es\/ceipeduardolucena\/files\/2020\/05\/secretariavirtual-48x26.jpg 48w\" sizes=\"(max-width: 280px) 100vw, 280px\" \/><\/a><\/div>\n<div dir=\"auto\">&nbsp;<\/div>\n<div style=\"text-align: center\"><strong><span style=\"color: #0000ff\"><img loading=\"lazy\" decoding=\"async\" class=\"alignnone size-full wp-image-2205\" src=\"https:\/\/rafaelfernandezmayoralas.es\/wp-content\/uploads\/2020\/04\/calendar-interface-symbol-tool-1.png\" alt=\"\" width=\"16\" height=\"16\"> Del 1 al 10 de junio., ambos inclusive.<\/span><\/strong><\/div>\n<div>\n<div style=\"text-align: center\"><strong><span style=\"color: #0000ff\"><img loading=\"lazy\" decoding=\"async\" class=\"alignnone size-full wp-image-2418\" src=\"https:\/\/rafaelfernandezmayoralas.es\/wp-content\/uploads\/2020\/05\/gps.png\" alt=\"\" width=\"15\" height=\"20\"> A trav\u00e9s de la Secretar\u00eda Virtual<\/span><\/strong><\/div>\n<div>\n<div>&nbsp;<\/div>\n<\/div>\n<\/div>\n<div>A trav\u00e9s de PASEN han recibido un&nbsp;<strong>\u201clocalizador\u201d<\/strong>&nbsp;que se llama&nbsp;<strong>\u201ciANDE\u201d.&nbsp;&nbsp;<\/strong>Con su DNI\/Pasaporte y ese c\u00f3digo, podr\u00e1n realizar el tr\u00e1mite sin problemas.<\/div>\n<div>&nbsp;<\/div>\n<div>Como ayuda para tramitar el proceso de matriculaci\u00f3n os dejamos una presentaci\u00f3n que os servir\u00e1 de ayuda:<\/div>\n<div><strong><a href=\"https:\/\/view.genially.com\/6295e13926999a00115acb2c\/learning-experience-challenges-matriculaciones-20222023\">ENLACE PRESENTACI\u00d3N<\/a><\/strong><\/div>\n<div>&nbsp;<\/div>\n<div>Como ayuda, les dejamos un videotutorial (del anterior curso), que les guiar\u00e1 en el proceso.<\/div>\n<div>&nbsp;<\/div>\n<div>\n<div style=\"width: 640px;\" class=\"wp-video\"><!--[if lt IE 9]><script>document.createElement('video');<\/script><![endif]-->\n<video class=\"wp-video-shortcode\" id=\"video-252-1\" width=\"640\" height=\"360\" preload=\"metadata\" controls=\"controls\"><source type=\"video\/mp4\" src=\"https:\/\/blogsaverroes.juntadeandalucia.es\/ceipeduardolucena\/files\/2020\/05\/VIDEO-2020-05-29-10-04-24.mp4?_=1\" \/><a href=\"https:\/\/blogsaverroes.juntadeandalucia.es\/ceipeduardolucena\/files\/2020\/05\/VIDEO-2020-05-29-10-04-24.mp4\">https:\/\/blogsaverroes.juntadeandalucia.es\/ceipeduardolucena\/files\/2020\/05\/VIDEO-2020-05-29-10-04-24.mp4<\/a><\/video><\/div>\n<\/div>\n<h1 class=\"title\"><img loading=\"lazy\" decoding=\"async\" class=\"alignnone size-full wp-image-2435\" src=\"https:\/\/rafaelfernandezmayoralas.es\/wp-content\/uploads\/2020\/05\/cuadrado.gif\" alt=\"\" width=\"20\" height=\"20\"><span style=\"color: #0000ff\">&nbsp;<span style=\"font-size: 18pt\">SOLICITUD DE COMEDOR, AULA MATINAL Y ACTIVIDADES EXTRAESCOLARES<\/span><\/span><\/h1>\n<blockquote>\n<div class=\"subject\" dir=\"auto\" style=\"text-align: center\"><span style=\"color: #ff0000\"><strong>El tr\u00e1mite se realizar\u00e1 telem\u00e1ticamente, a trav\u00e9s de la \u201cSecretar\u00eda Virtual\u201d.<\/strong><\/span><\/div>\n<\/blockquote>\n<div class=\"body\" dir=\"auto\"><a href=\"https:\/\/www.juntadeandalucia.es\/educacion\/secretariavirtual\/\"><img loading=\"lazy\" decoding=\"async\" class=\"size-full wp-image-872 aligncenter\" src=\"https:\/\/blogsaverroes.juntadeandalucia.es\/ceipeduardolucena\/files\/2020\/05\/secretariavirtual.jpg\" alt=\"\" width=\"280\" height=\"150\" srcset=\"https:\/\/blogsaverroes.juntadeandalucia.es\/ceipeduardolucena\/files\/2020\/05\/secretariavirtual.jpg 280w, https:\/\/blogsaverroes.juntadeandalucia.es\/ceipeduardolucena\/files\/2020\/05\/secretariavirtual-24x13.jpg 24w, https:\/\/blogsaverroes.juntadeandalucia.es\/ceipeduardolucena\/files\/2020\/05\/secretariavirtual-36x19.jpg 36w, https:\/\/blogsaverroes.juntadeandalucia.es\/ceipeduardolucena\/files\/2020\/05\/secretariavirtual-48x26.jpg 48w\" sizes=\"(max-width: 280px) 100vw, 280px\" \/><\/a><strong style=\"text-align: center\"><span style=\"color: #0000ff\"><img loading=\"lazy\" decoding=\"async\" class=\"alignnone size-full wp-image-2418\" src=\"https:\/\/rafaelfernandezmayoralas.es\/wp-content\/uploads\/2020\/05\/gps.png\" alt=\"\" width=\"15\" height=\"20\"> A trav\u00e9s de la Secretar\u00eda Virtual<\/span><\/strong><\/div>\n<div class=\"body\" dir=\"auto\"><strong style=\"text-align: center\"><span style=\"color: #0000ff\"><img loading=\"lazy\" decoding=\"async\" class=\"size-full wp-image-2416 alignnone\" src=\"https:\/\/rafaelfernandezmayoralas.es\/wp-content\/uploads\/2020\/05\/user.gif\" alt=\"\" width=\"20\" height=\"21\"> Alumnado que TIENE MATR\u00cdCULA EN EL CENTRO en el curso 2023\/2024 o de NUEVA INCORPORACI\u00d3N.<\/span><\/strong><\/div>\n<div>\n<div>&nbsp;<\/div>\n<div>El comedor escolar, el aula matinal y actividades extraescolares podr\u00e1n solicitarse en el <strong>mismo tr\u00e1mite que la formalizaci\u00f3n de matr\u00edcula.<\/strong><\/div>\n<div>.<\/div>\n<div>Tendr\u00e1n que adjuntar la siguiente informaci\u00f3n, por lo que le sugerimos la tenga a mano cuando realice el tr\u00e1mite de matr\u00edcula:<\/div>\n<div>.<\/div>\n<ul>\n<li><strong>Certificados de empresa<\/strong>&nbsp;y&nbsp;<strong>vida laboral en caso de trabajar por cuenta ajena.<\/strong><\/li>\n<li><strong>Declaraci\u00f3n responsable y documentaci\u00f3n<\/strong> <strong>que acredite estar dado de alta en caso de trabajar por cuenta propia.<\/strong><\/li>\n<\/ul>\n<\/div>\n<div>&nbsp;<\/div>\n<div><span style=\"color: #0000ff\"><strong>OFERTA DE ACTIVIDADES EXTRAESCOLARES PARA EL CURSO 24-25<\/strong><\/span><\/div>\n<div>&nbsp;<\/div>\n<div><span style=\"color: #008000\"><strong><a style=\"color: #008000\" href=\"https:\/\/blogsaverroes.juntadeandalucia.es\/ceipeduardolucena\/files\/2024\/05\/Actividades-Extraescolares-Plan-de-familia-2024-25.pdf\">OFERTA ACTIVIDADES PLAN DE FAMILIA (solicitud sobre matr\u00edcula)<\/a><\/strong><\/span><\/div>\n<div>&nbsp;<\/div>\n<div><a href=\"https:\/\/blogsaverroes.juntadeandalucia.es\/ceipeduardolucena\/files\/2024\/05\/Actividades-Extraescolares-AMPA-24-25.pdf\"><strong><span style=\"color: #800080\">OFERTA ACTIVIDADES DE AMPA (solicitud a trav\u00e9s de AMPA)<\/span><\/strong><\/a><\/div>\n<div>&nbsp;<\/div>\n<p>&nbsp;<\/p>\n<div>&nbsp;<\/div>\n<div>&nbsp;<\/div>\n<div>&nbsp;<\/div>\n<div>\n<div>&nbsp;<\/div>\n<\/div>\n<div style=\"text-align: center\">\n<div>\n<div>\n<div class=\"body\" dir=\"auto\">\n<div dir=\"ltr\">&nbsp;<\/div>\n<\/div>\n<div>&nbsp;<\/div>\n<\/div>\n<div>&nbsp;<\/div>\n<\/div>\n<div>&nbsp;<\/div>\n<\/div>\n<div>&nbsp;<\/div>\n<div>&nbsp;<\/div>\n<div>&nbsp;<\/div>\n","protected":false},"excerpt":{"rendered":"<p>CURSO ESCOLAR 24-25: &nbsp;\u201ciANDE\u201d. IDENTIFICADOR ANDALUZ. Habr\u00e1n recibido a trav\u00e9s de PASEN un c\u00f3digo por cada hij@. Este c\u00f3digo es un&nbsp;identificador&nbsp;con el que podr\u00e1n realizar varios&nbsp;tr\u00e1mites de forma f\u00e1cil y \u00e1gil,&nbsp;como por ejemplo la&nbsp;matriculaci\u00f3n. Este mensaje se quedar\u00e1 anclado en la aplicaci\u00f3n, para que lo puedan recuperar siempre que lo necesiten.&nbsp; Se ubicar\u00e1 en la&nbsp;bandeja &hellip; <\/p>\n<p><a class=\"more-link btn\" href=\"https:\/\/blogsaverroes.juntadeandalucia.es\/ceipeduardolucena\/matriculacion\/\">Seguir leyendo<\/a><\/p>\n","protected":false},"author":1459,"featured_media":0,"parent":0,"menu_order":0,"comment_status":"closed","ping_status":"closed","template":"","meta":{"ngg_post_thumbnail":0,"footnotes":""},"aioseo_notices":[],"_links":{"self":[{"href":"https:\/\/blogsaverroes.juntadeandalucia.es\/ceipeduardolucena\/wp-json\/wp\/v2\/pages\/252"}],"collection":[{"href":"https:\/\/blogsaverroes.juntadeandalucia.es\/ceipeduardolucena\/wp-json\/wp\/v2\/pages"}],"about":[{"href":"https:\/\/blogsaverroes.juntadeandalucia.es\/ceipeduardolucena\/wp-json\/wp\/v2\/types\/page"}],"author":[{"embeddable":true,"href":"https:\/\/blogsaverroes.juntadeandalucia.es\/ceipeduardolucena\/wp-json\/wp\/v2\/users\/1459"}],"replies":[{"embeddable":true,"href":"https:\/\/blogsaverroes.juntadeandalucia.es\/ceipeduardolucena\/wp-json\/wp\/v2\/comments?post=252"}],"version-history":[{"count":40,"href":"https:\/\/blogsaverroes.juntadeandalucia.es\/ceipeduardolucena\/wp-json\/wp\/v2\/pages\/252\/revisions"}],"predecessor-version":[{"id":1472,"href":"https:\/\/blogsaverroes.juntadeandalucia.es\/ceipeduardolucena\/wp-json\/wp\/v2\/pages\/252\/revisions\/1472"}],"wp:attachment":[{"href":"https:\/\/blogsaverroes.juntadeandalucia.es\/ceipeduardolucena\/wp-json\/wp\/v2\/media?parent=252"}],"curies":[{"name":"wp","href":"https:\/\/api.w.org\/{rel}","templated":true}]}}