{"id":326,"date":"2018-12-29T17:01:59","date_gmt":"2018-12-29T16:01:59","guid":{"rendered":"https:\/\/blogsaverroes.juntadeandalucia.es\/ceipeduardolucena\/?page_id=326"},"modified":"2018-12-29T17:04:26","modified_gmt":"2018-12-29T16:04:26","slug":"escuela-tic","status":"publish","type":"page","link":"https:\/\/blogsaverroes.juntadeandalucia.es\/ceipeduardolucena\/escuela-tic\/","title":{"rendered":"ESCUELA TIC"},"content":{"rendered":"<div>\n<h1><strong><span style=\"color: #0000ff\">Escuela TIC 2.0<\/span><\/strong><\/h1>\n<p>El&nbsp;<strong>Plan Escuela TIC 2.0<\/strong>&nbsp;es una estrategia para la mejora de la educaci\u00f3n, que interviene directamente en el proceso de adquisici\u00f3n de las competencias b\u00e1sicas de las escuelas.<\/p>\n<p>La tecnolog\u00eda no debe prevalecer sobre la Educaci\u00f3n sino que tiene que servir para mejorar la calidad de la Ense\u00f1anza. Las nuevas tecnolog\u00edas pasar\u00e1n de ser un apoyo a ser parte fundamental en el proceso de ense\u00f1anza y aprendizaje.<\/p>\n<\/div>\n<div>\n<h2><a name=\"TOC-Una-nueva-apuesta\"><\/a>Una nueva apuesta<\/h2>\n<ul>\n<li><strong>Por la calidad del sistema educativo<\/strong>&nbsp;y tambi\u00e9n por la igualdad ya que es la \u00fanica garant\u00eda de acceso a las tecnolog\u00edas de la informaci\u00f3n y de la comunicaci\u00f3n, por ello, no puede estar ajena.<\/li>\n<li><strong>Por la penetraci\u00f3n de las nuevas tecnolog\u00edas<\/strong>, que requiere de un apoyo especial<br \/>\na determinadas zonas.<\/li>\n<\/ul>\n<\/div>\n<div>\n<h2>Objetivos<\/h2>\n<div>\n<div>\n<ul>\n<li>Profundizar&nbsp;<strong>en&nbsp;la&nbsp;calidad en la&nbsp;Educaci\u00f3n<\/strong><\/li>\n<li>y en la Igualdad de Oportunidades.<\/li>\n<li>Conseguir que las TIC se conviertan en<br \/>\n<strong>herramientas did\u00e1cticas<\/strong>&nbsp;de uso<br \/>\nhabitual en el aula.<\/li>\n<li><strong>Mejorar las pr\u00e1cticas educativas<\/strong><br \/>\npara alcanzar un mayor desarrollo<br \/>\nde las competencias del alumnado.<\/li>\n<\/ul>\n<\/div>\n<\/div>\n<\/div>\n","protected":false},"excerpt":{"rendered":"<p>Escuela TIC 2.0 El&nbsp;Plan Escuela TIC 2.0&nbsp;es una estrategia para la mejora de la educaci\u00f3n, que interviene directamente en el proceso de adquisici\u00f3n de las competencias b\u00e1sicas de las escuelas. La tecnolog\u00eda no debe prevalecer sobre la Educaci\u00f3n sino que tiene que servir para mejorar la calidad de la Ense\u00f1anza. Las nuevas tecnolog\u00edas pasar\u00e1n de &hellip; <\/p>\n<p><a class=\"more-link btn\" href=\"https:\/\/blogsaverroes.juntadeandalucia.es\/ceipeduardolucena\/escuela-tic\/\">Seguir leyendo<\/a><\/p>\n","protected":false},"author":1459,"featured_media":0,"parent":0,"menu_order":0,"comment_status":"closed","ping_status":"closed","template":"","meta":{"ngg_post_thumbnail":0,"footnotes":""},"aioseo_notices":[],"_links":{"self":[{"href":"https:\/\/blogsaverroes.juntadeandalucia.es\/ceipeduardolucena\/wp-json\/wp\/v2\/pages\/326"}],"collection":[{"href":"https:\/\/blogsaverroes.juntadeandalucia.es\/ceipeduardolucena\/wp-json\/wp\/v2\/pages"}],"about":[{"href":"https:\/\/blogsaverroes.juntadeandalucia.es\/ceipeduardolucena\/wp-json\/wp\/v2\/types\/page"}],"author":[{"embeddable":true,"href":"https:\/\/blogsaverroes.juntadeandalucia.es\/ceipeduardolucena\/wp-json\/wp\/v2\/users\/1459"}],"replies":[{"embeddable":true,"href":"https:\/\/blogsaverroes.juntadeandalucia.es\/ceipeduardolucena\/wp-json\/wp\/v2\/comments?post=326"}],"version-history":[{"count":2,"href":"https:\/\/blogsaverroes.juntadeandalucia.es\/ceipeduardolucena\/wp-json\/wp\/v2\/pages\/326\/revisions"}],"predecessor-version":[{"id":329,"href":"https:\/\/blogsaverroes.juntadeandalucia.es\/ceipeduardolucena\/wp-json\/wp\/v2\/pages\/326\/revisions\/329"}],"wp:attachment":[{"href":"https:\/\/blogsaverroes.juntadeandalucia.es\/ceipeduardolucena\/wp-json\/wp\/v2\/media?parent=326"}],"curies":[{"name":"wp","href":"https:\/\/api.w.org\/{rel}","templated":true}]}}