{"id":330,"date":"2018-12-29T17:05:14","date_gmt":"2018-12-29T16:05:14","guid":{"rendered":"https:\/\/blogsaverroes.juntadeandalucia.es\/ceipeduardolucena\/?page_id=330"},"modified":"2018-12-29T17:06:41","modified_gmt":"2018-12-29T16:06:41","slug":"creciendo-en-salud","status":"publish","type":"page","link":"https:\/\/blogsaverroes.juntadeandalucia.es\/ceipeduardolucena\/creciendo-en-salud\/","title":{"rendered":"CRECIENDO EN SALUD"},"content":{"rendered":"<p style=\"text-align: justify\">&nbsp;<span style=\"color: #38761d\"><b><u>Programa de \u201cAlimentaci\u00f3n Saludable en la Escuela\u201d<\/u><\/b><\/span><\/p>\n<p style=\"text-align: justify\"><span style=\"font-family: arial, sans-serif;font-size: large\">Iniciado en 2004, su finalidad es fomentar la sensibilizaci\u00f3n del alumnado sobre la importancia de la alimentaci\u00f3n para su salud. Igualmente proporciona al pro\u00adfesorado informaci\u00f3n y recursos para trabajar este aspecto tan importante para la salud de la poblaci\u00f3n escolar y general.<\/span><\/p>\n<p style=\"text-align: justify\"><b><span style=\"font-family: arial, sans-serif;font-size: large\">OBJETIVOS:<\/span><\/b><\/p>\n<p style=\"text-align: justify\"><span style=\"font-family: arial, sans-serif;font-size: large\">Persigue un cambio de las actitudes, que repercutan en el \u00e1mbito familiar y social:<\/span><\/p>\n<ul style=\"text-align: justify\">\n<li>Sensibilizar al alumnado sobre la importancia de una alimentaci\u00f3n equilibrada y la relaci\u00f3n entre esta y el estado de salud.<\/li>\n<li>Informar a las familias as\u00ed como potenciar su colaboraci\u00f3n.<\/li>\n<li>Promover un normopeso durante la etapa infantil.<\/li>\n<li>Sensibilizar sobre los riesgos del marketing comercial en la venta de alimentos infantiles.<\/li>\n<li>Dar a conocer los beneficios de la Dieta Mediterr\u00e1nea, como dieta saludable realizada por nuestros antepasados.<\/li>\n<li>Potenciar el conocimiento y an\u00e1lisis sobre el reparto de la riqueza y los problemas de mal\u00adnutrici\u00f3n en el mundo.<\/li>\n<\/ul>\n<p style=\"text-align: justify\"><b><span style=\"font-family: arial, sans-serif;font-size: large\">DESTINATARIOS<\/span><\/b><\/p>\n<p style=\"text-align: justify\"><span style=\"font-family: arial, sans-serif;font-size: large\">&nbsp;<\/span>Centros docentes, que imparten Educaci\u00f3n Primaria, sostenidos con fondos p\u00fablicos de Andalu\u00adc\u00eda. Destinado preferentemente al alumnado de Segundo Ciclo.<\/p>\n<p style=\"text-align: justify\"><span style=\"font-family: arial, sans-serif;font-size: large\"><b>DESARROLLO DEL PROGRAMA Y RECURSOS<\/b><\/span><\/p>\n<p style=\"text-align: justify\">El programa se basa en la introducci\u00f3n de contenidos de alimentaci\u00f3n<\/p>\n<p style=\"text-align: justify\">&nbsp;en el Proyecto Curricu\u00adlar del Centro Educativo, donde el profesorado&nbsp;<\/p>\n<p style=\"text-align: justify\">a trav\u00e9s una metodolog\u00eda participativa, otorga al alumnado un papel&nbsp;<\/p>\n<p style=\"text-align: justify\">protagonista en su proceso de aprendizaje, enfatizando los aspectos<\/p>\n<p style=\"text-align: justify\">&nbsp;positivos de mantener un estilo de vida saludable.<\/p>\n<p style=\"text-align: justify\">Los recursos b\u00e1sicos que se ponen a disposici\u00f3n de los docentes son:<\/p>\n<ul style=\"text-align: justify\">\n<li>Gu\u00eda Did\u00e1ctica: objetivos, metodolog\u00eda, evaluaci\u00f3n y bibliograf\u00eda.<\/li>\n<li>Unidad did\u00e1ctica 1: Los alimentos como fuentes de nutrientes.<\/li>\n<li>Unidad did\u00e1ctica 2: La pir\u00e1mide de la alimentaci\u00f3n.<\/li>\n<li>Unidad did\u00e1ctica 3: Las chuches.<\/li>\n<li>Unidad did\u00e1ctica 4: El desayuno.<\/li>\n<li>Unidades did\u00e1cticas en formato multimedia.<\/li>\n<\/ul>\n<p style=\"text-align: justify\"><span style=\"font-family: arial, sans-serif;font-size: large\">Estos materiales est\u00e1n disponibles en el&nbsp;<u>Portal de H\u00e1bitos de Vida Saludable de la Consejer\u00eda de Educaci\u00f3n, Cultura y Deporte&nbsp;<\/u>y en&nbsp;<u>Espacio web de la Consejer\u00eda de Igualdad, Salud y Pol\u00edticas Sociales<\/u><\/span><\/p>\n","protected":false},"excerpt":{"rendered":"<p>&nbsp;Programa de \u201cAlimentaci\u00f3n Saludable en la Escuela\u201d Iniciado en 2004, su finalidad es fomentar la sensibilizaci\u00f3n del alumnado sobre la importancia de la alimentaci\u00f3n para su salud. Igualmente proporciona al pro\u00adfesorado informaci\u00f3n y recursos para trabajar este aspecto tan importante para la salud de la poblaci\u00f3n escolar y general. OBJETIVOS: Persigue un cambio de las &hellip; <\/p>\n<p><a class=\"more-link btn\" href=\"https:\/\/blogsaverroes.juntadeandalucia.es\/ceipeduardolucena\/creciendo-en-salud\/\">Seguir leyendo<\/a><\/p>\n","protected":false},"author":1459,"featured_media":0,"parent":0,"menu_order":0,"comment_status":"closed","ping_status":"closed","template":"","meta":{"ngg_post_thumbnail":0,"footnotes":""},"aioseo_notices":[],"_links":{"self":[{"href":"https:\/\/blogsaverroes.juntadeandalucia.es\/ceipeduardolucena\/wp-json\/wp\/v2\/pages\/330"}],"collection":[{"href":"https:\/\/blogsaverroes.juntadeandalucia.es\/ceipeduardolucena\/wp-json\/wp\/v2\/pages"}],"about":[{"href":"https:\/\/blogsaverroes.juntadeandalucia.es\/ceipeduardolucena\/wp-json\/wp\/v2\/types\/page"}],"author":[{"embeddable":true,"href":"https:\/\/blogsaverroes.juntadeandalucia.es\/ceipeduardolucena\/wp-json\/wp\/v2\/users\/1459"}],"replies":[{"embeddable":true,"href":"https:\/\/blogsaverroes.juntadeandalucia.es\/ceipeduardolucena\/wp-json\/wp\/v2\/comments?post=330"}],"version-history":[{"count":3,"href":"https:\/\/blogsaverroes.juntadeandalucia.es\/ceipeduardolucena\/wp-json\/wp\/v2\/pages\/330\/revisions"}],"predecessor-version":[{"id":333,"href":"https:\/\/blogsaverroes.juntadeandalucia.es\/ceipeduardolucena\/wp-json\/wp\/v2\/pages\/330\/revisions\/333"}],"wp:attachment":[{"href":"https:\/\/blogsaverroes.juntadeandalucia.es\/ceipeduardolucena\/wp-json\/wp\/v2\/media?parent=330"}],"curies":[{"name":"wp","href":"https:\/\/api.w.org\/{rel}","templated":true}]}}