{"id":335,"date":"2018-12-29T17:08:01","date_gmt":"2018-12-29T16:08:01","guid":{"rendered":"https:\/\/blogsaverroes.juntadeandalucia.es\/ceipeduardolucena\/?page_id=335"},"modified":"2018-12-29T17:08:34","modified_gmt":"2018-12-29T16:08:34","slug":"consumo-de-frutas","status":"publish","type":"page","link":"https:\/\/blogsaverroes.juntadeandalucia.es\/ceipeduardolucena\/consumo-de-frutas\/","title":{"rendered":"CONSUMO DE FRUTAS"},"content":{"rendered":"<p><span style=\"font-size: 18pt\"><b>&nbsp;<\/b><u><span style=\"color: #cc0000\">Plan&nbsp;<\/span><span style=\"color: #e69138\">de Consumo<\/span><span style=\"color: #cc0000\">&nbsp;<\/span><span style=\"color: #f1c232\">de Frutas<\/span><span style=\"color: #cc0000\">&nbsp;<\/span><span style=\"color: #6aa84f\">en la Escuela<\/span><\/u><\/span><\/p>\n<p>Con motivo de la iniciativa europea para fomentar el consumo de frutas y hortalizas entre los escolares, la Consejer\u00eda de Educaci\u00f3n, Cultura y Deporte, la Consejer\u00eda de Igualdad, Salud y Pol\u00edticas Sociales y la Consejer\u00eda de Agricultura, Pesca y Desarrollo Rural ponen en marcha en el curso 2009-2010 el desarrollo del proyecto in\u00adtegral de distribuci\u00f3n de frutas y hortalizas en centros docentes sostenidos con fondos p\u00fablicos de Andaluc\u00eda.<\/p>\n<p>Proyecto impulsado por la Consejer\u00eda de Agricultura, Pesca y Desarrollo Rural con la ayuda financiera de la Comunidad Europea.<\/p>\n<p><b>OBJETIVOS<\/b><\/p>\n<p>Contribuir a reducir problemas de salud relacionados con la alimentaci\u00f3n, y en definitiva a mejorar los h\u00e1bitos alimenticios.<\/p>\n<p>Incrementar y consolidar la proporci\u00f3n de frutas y hortalizas en la dieta infantil. Invirtiendo la tendencia actual al descenso en el consumo de estos productos.<\/p>\n<p>Formar y concienciar de los beneficios saludables de las frutas y hortalizas.<\/p>\n<p>Crear nuevos estilos de vida saludables y respetuosos con el medio ambiente, haciendo part\u00edcipes a las familias y al profesorado como piezas claves.<\/p>\n<p><b>DESTINATARIOS<\/b><\/p>\n<p>Centros docentes de Andaluc\u00eda sostenidos con fondos p\u00fablicos que imparten Educaci\u00f3n Infantil y Primaria.<\/p>\n<p>En el curso 2014\/15, como novedad y mejora de la calidad del Plan, se ha ampliado la oferta al alumnado de Educaci\u00f3n Infantil de los 1.000 centros participantes seleccionados.&nbsp;<b>&nbsp;<\/b><\/p>\n<p><b>DESARROLLO DEL PROGRAMA Y RECURSOS<\/b><\/p>\n<p>El elemento central del programa se basa en garantizar el consumo de frutas y hortalizas por el alumnado en el centro con la intenci\u00f3n de que normalicen y se habit\u00faen a su consumo, para ello se organiza un sistema de reparto de fruta en los centros educativos adheridos al mismo.<\/p>\n<p>Para su desarrollo se pone a disposici\u00f3n de los centros adheridos una serie de acciones y recur\u00adsos que tienen como finalidad contribuir a mejorar los h\u00e1bitos alimenticios del alumnado y redu\u00adcir problemas de salud relacionados con la alimentaci\u00f3n. No obstante cada acci\u00f3n est\u00e1 dirigida a cubrir alg\u00fan objetivo concreto.<\/p>\n<p><b>Integraci\u00f3n curricular.&nbsp;<\/b>El profesorado debe integrar estas actuaciones en su programaci\u00f3n anual. En este sentido, para ayudar a reforzar y enriquecer los contenidos ya programados, se contar\u00e1 con un fichero de actividades para los diferentes niveles educativos.<\/p>\n<p><b>La Ruta de la Fruta (Frutib\u00fas): Ludoteca Itinerante.&nbsp;<\/b>Con esta iniciativa, los ni\u00f1os y las ni\u00f1as jugar\u00e1n para adquirir de forma interactiva y amena conocimientos relacionados con el consumo de frutas y hortalizas, adem\u00e1s de los beneficios de una alimentaci\u00f3n saludable.<\/p>\n<p><b>Concurso del Recetario Infantil.&nbsp;<\/b>Se propone la realizaci\u00f3n de 3 recetas libres que cuenten como ingrediente fundamental la fruta o verdura protagonista del concurso. Recetas que ser\u00e1n elaboradas por el alumnado en casa, con ayuda de su familia, y plasmadas en el recetario que lleva por nombre el del concurso.<\/p>\n<p><b>Plataforma de Informaci\u00f3n Nutricional.<\/b><\/p>\n<p>Tel\u00e9fono de Informaci\u00f3n Nutricional (900 87 85 25) a disposici\u00f3n del profesorado y las familias de forma gratuita.<\/p>\n<p>Correo electr\u00f3nico (<u>tini.agapa@juntadeandalucia.es<\/u>): soporte electr\u00f3nico que facilita al profeso\u00adrado y a las familias un lugar para formular todas sus preguntas de una forma sencilla.<\/p>\n<p>Estos materiales est\u00e1n publicados en el&nbsp;<u>Portal de H\u00e1bitos de Vida Saludable de la Consejer\u00eda de Educaci\u00f3n, Cultura y Deporte<\/u>.<\/p>\n","protected":false},"excerpt":{"rendered":"<p>&nbsp;Plan&nbsp;de Consumo&nbsp;de Frutas&nbsp;en la Escuela Con motivo de la iniciativa europea para fomentar el consumo de frutas y hortalizas entre los escolares, la Consejer\u00eda de Educaci\u00f3n, Cultura y Deporte, la Consejer\u00eda de Igualdad, Salud y Pol\u00edticas Sociales y la Consejer\u00eda de Agricultura, Pesca y Desarrollo Rural ponen en marcha en el curso 2009-2010 el desarrollo &hellip; <\/p>\n<p><a class=\"more-link btn\" href=\"https:\/\/blogsaverroes.juntadeandalucia.es\/ceipeduardolucena\/consumo-de-frutas\/\">Seguir leyendo<\/a><\/p>\n","protected":false},"author":1459,"featured_media":0,"parent":0,"menu_order":0,"comment_status":"closed","ping_status":"closed","template":"","meta":{"ngg_post_thumbnail":0,"footnotes":""},"aioseo_notices":[],"_links":{"self":[{"href":"https:\/\/blogsaverroes.juntadeandalucia.es\/ceipeduardolucena\/wp-json\/wp\/v2\/pages\/335"}],"collection":[{"href":"https:\/\/blogsaverroes.juntadeandalucia.es\/ceipeduardolucena\/wp-json\/wp\/v2\/pages"}],"about":[{"href":"https:\/\/blogsaverroes.juntadeandalucia.es\/ceipeduardolucena\/wp-json\/wp\/v2\/types\/page"}],"author":[{"embeddable":true,"href":"https:\/\/blogsaverroes.juntadeandalucia.es\/ceipeduardolucena\/wp-json\/wp\/v2\/users\/1459"}],"replies":[{"embeddable":true,"href":"https:\/\/blogsaverroes.juntadeandalucia.es\/ceipeduardolucena\/wp-json\/wp\/v2\/comments?post=335"}],"version-history":[{"count":2,"href":"https:\/\/blogsaverroes.juntadeandalucia.es\/ceipeduardolucena\/wp-json\/wp\/v2\/pages\/335\/revisions"}],"predecessor-version":[{"id":337,"href":"https:\/\/blogsaverroes.juntadeandalucia.es\/ceipeduardolucena\/wp-json\/wp\/v2\/pages\/335\/revisions\/337"}],"wp:attachment":[{"href":"https:\/\/blogsaverroes.juntadeandalucia.es\/ceipeduardolucena\/wp-json\/wp\/v2\/media?parent=335"}],"curies":[{"name":"wp","href":"https:\/\/api.w.org\/{rel}","templated":true}]}}