{"id":347,"date":"2018-12-29T17:14:18","date_gmt":"2018-12-29T16:14:18","guid":{"rendered":"https:\/\/blogsaverroes.juntadeandalucia.es\/ceipeduardolucena\/?page_id=347"},"modified":"2018-12-29T17:14:18","modified_gmt":"2018-12-29T16:14:18","slug":"escuela-espacio-de-paz","status":"publish","type":"page","link":"https:\/\/blogsaverroes.juntadeandalucia.es\/ceipeduardolucena\/escuela-espacio-de-paz\/","title":{"rendered":"ESCUELA ESPACIO DE PAZ"},"content":{"rendered":"<h3 id=\"sites-page-title-header\" align=\"left\"><span style=\"font-size: 18pt\"><strong><span id=\"sites-page-title\" dir=\"ltr\" style=\"color: #ff00ff\">Escuela Espacio de Paz<\/span><\/strong><\/span><\/h3>\n<div id=\"sites-canvas-main\" class=\"sites-canvas-main\">\n<div id=\"sites-canvas-main-content\">\n<table class=\"sites-layout-name-one-column sites-layout-hbox\" cellspacing=\"0\">\n<tbody>\n<tr>\n<td class=\"sites-layout-tile sites-tile-name-content-1\">\n<div dir=\"ltr\">\n<p>&nbsp;<\/p>\n<p><img decoding=\"async\" src=\"http:\/\/ceipvicentatarin.es\/wp-content\/uploads\/2013\/12\/escuela_espacio_paz1.jpg\"><\/p>\n<p>La construcci\u00f3n de la Cultura de Paz consiste en favorecer los valores, las actitudes y las conductas que manifiestan y suscitan interacciones e intercambios sociales basados en los principios que fundamentan el derecho humano a la paz, s\u00edntesis de los derechos humanos y base esencial de la democracia; rechazando as\u00ed la violencia y procurando prevenir los conflictos mediante el di\u00e1logo y la negociaci\u00f3n, de manera que se garantizan el pleno ejercicio de todos los derechos y se proporcionan los medios para participar plenamente en el proceso de desarrollo de la sociedad.<\/p>\n<p>&nbsp; La educaci\u00f3n es el principal instrumento para dicha construcci\u00f3n que encuentra en el aprendizaje de la ciudadan\u00eda democr\u00e1tica, la educaci\u00f3n para la paz y los derechos humanos, la mejora de la convivencia escolar y la resoluci\u00f3n de los conflictos, los \u00e1mbitos necesarios para alcanzar esa cultura que se define sobre la base de tres conceptos interactivos: la paz positiva, el desarrollo humano sostenible y la democracia participativa.<\/p>\n<\/div>\n<\/td>\n<\/tr>\n<\/tbody>\n<\/table>\n<\/div>\n<\/div>\n","protected":false},"excerpt":{"rendered":"<p>Escuela Espacio de Paz &nbsp; La construcci\u00f3n de la Cultura de Paz consiste en favorecer los valores, las actitudes y las conductas que manifiestan y suscitan interacciones e intercambios sociales basados en los principios que fundamentan el derecho humano a la paz, s\u00edntesis de los derechos humanos y base esencial de la democracia; rechazando as\u00ed &hellip; <\/p>\n<p><a class=\"more-link btn\" href=\"https:\/\/blogsaverroes.juntadeandalucia.es\/ceipeduardolucena\/escuela-espacio-de-paz\/\">Seguir leyendo<\/a><\/p>\n","protected":false},"author":1459,"featured_media":0,"parent":0,"menu_order":0,"comment_status":"closed","ping_status":"closed","template":"","meta":{"ngg_post_thumbnail":0,"footnotes":""},"aioseo_notices":[],"_links":{"self":[{"href":"https:\/\/blogsaverroes.juntadeandalucia.es\/ceipeduardolucena\/wp-json\/wp\/v2\/pages\/347"}],"collection":[{"href":"https:\/\/blogsaverroes.juntadeandalucia.es\/ceipeduardolucena\/wp-json\/wp\/v2\/pages"}],"about":[{"href":"https:\/\/blogsaverroes.juntadeandalucia.es\/ceipeduardolucena\/wp-json\/wp\/v2\/types\/page"}],"author":[{"embeddable":true,"href":"https:\/\/blogsaverroes.juntadeandalucia.es\/ceipeduardolucena\/wp-json\/wp\/v2\/users\/1459"}],"replies":[{"embeddable":true,"href":"https:\/\/blogsaverroes.juntadeandalucia.es\/ceipeduardolucena\/wp-json\/wp\/v2\/comments?post=347"}],"version-history":[{"count":1,"href":"https:\/\/blogsaverroes.juntadeandalucia.es\/ceipeduardolucena\/wp-json\/wp\/v2\/pages\/347\/revisions"}],"predecessor-version":[{"id":348,"href":"https:\/\/blogsaverroes.juntadeandalucia.es\/ceipeduardolucena\/wp-json\/wp\/v2\/pages\/347\/revisions\/348"}],"wp:attachment":[{"href":"https:\/\/blogsaverroes.juntadeandalucia.es\/ceipeduardolucena\/wp-json\/wp\/v2\/media?parent=347"}],"curies":[{"name":"wp","href":"https:\/\/api.w.org\/{rel}","templated":true}]}}