{"id":350,"date":"2018-12-29T17:16:54","date_gmt":"2018-12-29T16:16:54","guid":{"rendered":"https:\/\/blogsaverroes.juntadeandalucia.es\/ceipeduardolucena\/?page_id=350"},"modified":"2018-12-29T17:16:54","modified_gmt":"2018-12-29T16:16:54","slug":"andalucia-profundiza","status":"publish","type":"page","link":"https:\/\/blogsaverroes.juntadeandalucia.es\/ceipeduardolucena\/andalucia-profundiza\/","title":{"rendered":"ANDALUC\u00cdA PROFUNDIZA"},"content":{"rendered":"<p><span style=\"font-size: 1.5rem\"><strong><span style=\"color: #008000\">Andaluc\u00eda Profundiza&nbsp;<\/span><\/strong><\/span><\/p>\n<div>\n<p>Un curso m\u00e1s la Consejer\u00eda de Educaci\u00f3n, Cultura y Deporte de la Junta de Andaluc\u00eda pone en marcha el programa ANDALUC\u00cdA PROFUNDIZA. Un programa dirigido a todo el alumnado desde 3\u00ba de Primaria hasta 4\u00ba de la ESO que muestre inter\u00e9s en dedicar parte de su tiempo libre a investigar y a profundizar en el conocimiento a trav\u00e9s del desarrollo de proyectos de aprendizaje por descubrimiento dirigidos por profesorado de los centros docentes p\u00fablicos de Andaluc\u00eda. Andaluc\u00eda Profundiza cumple as\u00ed su 5\u00ba curso de vida en los centros&nbsp;andaluces&nbsp;y consolida su presencia debido al amplio inter\u00e9s mostrado por todos los sectores de la comunidad educativa y por estar convencidos de los beneficios que esta metodolog\u00eda de trabajo reportan al aprendizaje y a la motivaci\u00f3n del alumnado.<\/p>\n<p>Ve\u00e1moslo de manera m\u00e1s detallada:<\/p>\n<ul>\n<li>\u00bfQu\u00e9 es Andaluc\u00eda Profundiza?\n<ul>\n<li>Es un programa de profundizaci\u00f3n de conocimientos que consiste en la realizaci\u00f3n de proyectos de investigaci\u00f3n en los centros educativos en horario extraescolar. Estos proyectos se dirigen a la estimulaci\u00f3n del aprendizaje y de la iniciativa en aquellos alumnos y alumnas que se destacan por su inter\u00e9s y motivaci\u00f3n hacia la realizaci\u00f3n de actividades que supongan una profundizaci\u00f3n con respecto al curr\u00edculo ordinario.<\/li>\n<\/ul>\n<\/li>\n<li>Fomento de la innovaci\u00f3n educativa:\n<ul>\n<li>En Andaluc\u00eda Profundiza la clave reside en la investigaci\u00f3n, en el aprendizaje por descubrimiento, en el desarrollo de proyectos de aprendizaje activo por parte del alumnado, potenciando el inter\u00e9s de \u00e9stos por la experimentaci\u00f3n y la investigaci\u00f3n, convirti\u00e9ndolos en agentes activos en la construcci\u00f3n de sus aprendizajes.<\/li>\n<\/ul>\n<\/li>\n<li>Trabajo en Equipo, desarrollo de las CCBB:\n<ul>\n<li>Cada grupo de alumnado desarrolla un proyecto concreto dirigido por profesorado con experiencia en la realizaci\u00f3n de este tipo de actividades. Estos proyectos de trabajo permiten abordar el conocimiento desde otras perspectivas y desarrollar de manera activa las competencias b\u00e1sicas.<\/li>\n<\/ul>\n<\/li>\n<li>Desarrollo del programa:\n<ul>\n<li>Durante este curso 2014-2015, los programas de Andaluc\u00eda Profundiza se desarrollar\u00e1n desde principios del mes de&nbsp;marzo&nbsp;hasta finales del mes de&nbsp;junio, en horario extraescolar.<\/li>\n<\/ul>\n<\/li>\n<\/ul>\n<p>Para conocer todos los proyectos que se han venido realizando a lo largo de estos cursos, puedes visitar nuestro espacio web:&nbsp;<a href=\"http:\/\/profundiza.org\/\" rel=\"nofollow\">http:\/\/profundiza.org<\/a><\/p>\n<p>El plazo para solicitar la participaci\u00f3n en el programa finaliza el pr\u00f3ximo 10 de febrero. Pueden consultar todos los detalles y acceder a los modelos de solicitud en las&nbsp;<a href=\"http:\/\/goo.gl\/yM7Z8D\">instrucciones del programa<\/a>.<\/p>\n<\/div>\n","protected":false},"excerpt":{"rendered":"<p>Andaluc\u00eda Profundiza&nbsp; Un curso m\u00e1s la Consejer\u00eda de Educaci\u00f3n, Cultura y Deporte de la Junta de Andaluc\u00eda pone en marcha el programa ANDALUC\u00cdA PROFUNDIZA. Un programa dirigido a todo el alumnado desde 3\u00ba de Primaria hasta 4\u00ba de la ESO que muestre inter\u00e9s en dedicar parte de su tiempo libre a investigar y a profundizar &hellip; <\/p>\n<p><a class=\"more-link btn\" href=\"https:\/\/blogsaverroes.juntadeandalucia.es\/ceipeduardolucena\/andalucia-profundiza\/\">Seguir leyendo<\/a><\/p>\n","protected":false},"author":1459,"featured_media":0,"parent":0,"menu_order":0,"comment_status":"closed","ping_status":"closed","template":"","meta":{"ngg_post_thumbnail":0,"footnotes":""},"aioseo_notices":[],"_links":{"self":[{"href":"https:\/\/blogsaverroes.juntadeandalucia.es\/ceipeduardolucena\/wp-json\/wp\/v2\/pages\/350"}],"collection":[{"href":"https:\/\/blogsaverroes.juntadeandalucia.es\/ceipeduardolucena\/wp-json\/wp\/v2\/pages"}],"about":[{"href":"https:\/\/blogsaverroes.juntadeandalucia.es\/ceipeduardolucena\/wp-json\/wp\/v2\/types\/page"}],"author":[{"embeddable":true,"href":"https:\/\/blogsaverroes.juntadeandalucia.es\/ceipeduardolucena\/wp-json\/wp\/v2\/users\/1459"}],"replies":[{"embeddable":true,"href":"https:\/\/blogsaverroes.juntadeandalucia.es\/ceipeduardolucena\/wp-json\/wp\/v2\/comments?post=350"}],"version-history":[{"count":1,"href":"https:\/\/blogsaverroes.juntadeandalucia.es\/ceipeduardolucena\/wp-json\/wp\/v2\/pages\/350\/revisions"}],"predecessor-version":[{"id":351,"href":"https:\/\/blogsaverroes.juntadeandalucia.es\/ceipeduardolucena\/wp-json\/wp\/v2\/pages\/350\/revisions\/351"}],"wp:attachment":[{"href":"https:\/\/blogsaverroes.juntadeandalucia.es\/ceipeduardolucena\/wp-json\/wp\/v2\/media?parent=350"}],"curies":[{"name":"wp","href":"https:\/\/api.w.org\/{rel}","templated":true}]}}