{"id":409,"date":"2019-02-05T21:30:01","date_gmt":"2019-02-05T20:30:01","guid":{"rendered":"https:\/\/blogsaverroes.juntadeandalucia.es\/ceipeduardolucena\/?page_id=409"},"modified":"2019-02-05T21:34:23","modified_gmt":"2019-02-05T20:34:23","slug":"fotos-dia-de-la-paz","status":"publish","type":"page","link":"https:\/\/blogsaverroes.juntadeandalucia.es\/ceipeduardolucena\/fotos-dia-de-la-paz\/","title":{"rendered":"FOTOS DIA DE LA PAZ"},"content":{"rendered":"<p>En el siguiente <a href=\"https:\/\/photos.app.goo.gl\/GLxUyj8FmVuzNwVF7\"><strong><span style=\"color: #0000ff\">enlace<\/span><\/strong><\/a> podr\u00e1s ver las distintas fotos de la celebraci\u00f3n del d\u00eda de la PAZ<\/p>\n","protected":false},"excerpt":{"rendered":"<p>En el siguiente enlace podr\u00e1s ver las distintas fotos de la celebraci\u00f3n del d\u00eda de la PAZ<\/p>\n","protected":false},"author":1459,"featured_media":0,"parent":0,"menu_order":0,"comment_status":"closed","ping_status":"closed","template":"","meta":{"ngg_post_thumbnail":0,"footnotes":""},"aioseo_notices":[],"_links":{"self":[{"href":"https:\/\/blogsaverroes.juntadeandalucia.es\/ceipeduardolucena\/wp-json\/wp\/v2\/pages\/409"}],"collection":[{"href":"https:\/\/blogsaverroes.juntadeandalucia.es\/ceipeduardolucena\/wp-json\/wp\/v2\/pages"}],"about":[{"href":"https:\/\/blogsaverroes.juntadeandalucia.es\/ceipeduardolucena\/wp-json\/wp\/v2\/types\/page"}],"author":[{"embeddable":true,"href":"https:\/\/blogsaverroes.juntadeandalucia.es\/ceipeduardolucena\/wp-json\/wp\/v2\/users\/1459"}],"replies":[{"embeddable":true,"href":"https:\/\/blogsaverroes.juntadeandalucia.es\/ceipeduardolucena\/wp-json\/wp\/v2\/comments?post=409"}],"version-history":[{"count":3,"href":"https:\/\/blogsaverroes.juntadeandalucia.es\/ceipeduardolucena\/wp-json\/wp\/v2\/pages\/409\/revisions"}],"predecessor-version":[{"id":413,"href":"https:\/\/blogsaverroes.juntadeandalucia.es\/ceipeduardolucena\/wp-json\/wp\/v2\/pages\/409\/revisions\/413"}],"wp:attachment":[{"href":"https:\/\/blogsaverroes.juntadeandalucia.es\/ceipeduardolucena\/wp-json\/wp\/v2\/media?parent=409"}],"curies":[{"name":"wp","href":"https:\/\/api.w.org\/{rel}","templated":true}]}}