{"id":631,"date":"2020-03-07T11:21:24","date_gmt":"2020-03-07T10:21:24","guid":{"rendered":"https:\/\/blogsaverroes.juntadeandalucia.es\/ceipeduardolucena\/?page_id=631"},"modified":"2020-03-07T11:28:41","modified_gmt":"2020-03-07T10:28:41","slug":"carnaval-2020","status":"publish","type":"page","link":"https:\/\/blogsaverroes.juntadeandalucia.es\/ceipeduardolucena\/carnaval-2020\/","title":{"rendered":"CARNAVAL 2020"},"content":{"rendered":"<p>Actuaci\u00f3n de la clase de 4 a\u00f1os A en su celebraci\u00f3n de carnaval<\/p>\n<p>https:\/\/youtu.be\/la37FkdeTVs<\/p>\n<p>https:\/\/youtu.be\/sOaAuGIW5AM<\/p>\n<p><a href=\"https:\/\/blogsaverroes.juntadeandalucia.es\/ceipeduardolucena\/carnaval-2020\/img_4276\/\" rel=\"attachment wp-att-640\"><img loading=\"lazy\" decoding=\"async\" class=\"alignnone size-medium wp-image-640\" src=\"https:\/\/blogsaverroes.juntadeandalucia.es\/ceipeduardolucena\/files\/2020\/03\/IMG_4276-300x225.jpg\" alt=\"\" width=\"300\" height=\"225\" srcset=\"https:\/\/blogsaverroes.juntadeandalucia.es\/ceipeduardolucena\/files\/2020\/03\/IMG_4276-300x225.jpg 300w, https:\/\/blogsaverroes.juntadeandalucia.es\/ceipeduardolucena\/files\/2020\/03\/IMG_4276-768x576.jpg 768w, https:\/\/blogsaverroes.juntadeandalucia.es\/ceipeduardolucena\/files\/2020\/03\/IMG_4276-1024x768.jpg 1024w, https:\/\/blogsaverroes.juntadeandalucia.es\/ceipeduardolucena\/files\/2020\/03\/IMG_4276-24x18.jpg 24w, https:\/\/blogsaverroes.juntadeandalucia.es\/ceipeduardolucena\/files\/2020\/03\/IMG_4276-36x27.jpg 36w, https:\/\/blogsaverroes.juntadeandalucia.es\/ceipeduardolucena\/files\/2020\/03\/IMG_4276-48x36.jpg 48w, https:\/\/blogsaverroes.juntadeandalucia.es\/ceipeduardolucena\/files\/2020\/03\/IMG_4276.jpg 1600w\" sizes=\"(max-width: 300px) 100vw, 300px\" \/><\/a><a href=\"https:\/\/blogsaverroes.juntadeandalucia.es\/ceipeduardolucena\/carnaval-2020\/img_4275\/\" rel=\"attachment wp-att-639\"><img loading=\"lazy\" decoding=\"async\" class=\"alignnone size-medium wp-image-639\" src=\"https:\/\/blogsaverroes.juntadeandalucia.es\/ceipeduardolucena\/files\/2020\/03\/IMG_4275-300x225.jpg\" alt=\"\" width=\"300\" height=\"225\" srcset=\"https:\/\/blogsaverroes.juntadeandalucia.es\/ceipeduardolucena\/files\/2020\/03\/IMG_4275-300x225.jpg 300w, https:\/\/blogsaverroes.juntadeandalucia.es\/ceipeduardolucena\/files\/2020\/03\/IMG_4275-768x576.jpg 768w, https:\/\/blogsaverroes.juntadeandalucia.es\/ceipeduardolucena\/files\/2020\/03\/IMG_4275-1024x768.jpg 1024w, https:\/\/blogsaverroes.juntadeandalucia.es\/ceipeduardolucena\/files\/2020\/03\/IMG_4275-24x18.jpg 24w, https:\/\/blogsaverroes.juntadeandalucia.es\/ceipeduardolucena\/files\/2020\/03\/IMG_4275-36x27.jpg 36w, https:\/\/blogsaverroes.juntadeandalucia.es\/ceipeduardolucena\/files\/2020\/03\/IMG_4275-48x36.jpg 48w, https:\/\/blogsaverroes.juntadeandalucia.es\/ceipeduardolucena\/files\/2020\/03\/IMG_4275.jpg 1600w\" sizes=\"(max-width: 300px) 100vw, 300px\" \/><\/a><a href=\"https:\/\/blogsaverroes.juntadeandalucia.es\/ceipeduardolucena\/carnaval-2020\/img_4274\/\" rel=\"attachment wp-att-638\"><img loading=\"lazy\" decoding=\"async\" class=\"alignnone size-medium wp-image-638\" src=\"https:\/\/blogsaverroes.juntadeandalucia.es\/ceipeduardolucena\/files\/2020\/03\/IMG_4274-300x225.jpg\" alt=\"\" width=\"300\" height=\"225\" srcset=\"https:\/\/blogsaverroes.juntadeandalucia.es\/ceipeduardolucena\/files\/2020\/03\/IMG_4274-300x225.jpg 300w, https:\/\/blogsaverroes.juntadeandalucia.es\/ceipeduardolucena\/files\/2020\/03\/IMG_4274-768x576.jpg 768w, https:\/\/blogsaverroes.juntadeandalucia.es\/ceipeduardolucena\/files\/2020\/03\/IMG_4274-1024x768.jpg 1024w, https:\/\/blogsaverroes.juntadeandalucia.es\/ceipeduardolucena\/files\/2020\/03\/IMG_4274-24x18.jpg 24w, https:\/\/blogsaverroes.juntadeandalucia.es\/ceipeduardolucena\/files\/2020\/03\/IMG_4274-36x27.jpg 36w, https:\/\/blogsaverroes.juntadeandalucia.es\/ceipeduardolucena\/files\/2020\/03\/IMG_4274-48x36.jpg 48w, https:\/\/blogsaverroes.juntadeandalucia.es\/ceipeduardolucena\/files\/2020\/03\/IMG_4274.jpg 1600w\" sizes=\"(max-width: 300px) 100vw, 300px\" \/><\/a><a href=\"https:\/\/blogsaverroes.juntadeandalucia.es\/ceipeduardolucena\/carnaval-2020\/img_4273\/\" rel=\"attachment wp-att-637\"><img loading=\"lazy\" decoding=\"async\" class=\"alignnone size-medium wp-image-637\" src=\"https:\/\/blogsaverroes.juntadeandalucia.es\/ceipeduardolucena\/files\/2020\/03\/IMG_4273-300x225.jpg\" alt=\"\" width=\"300\" height=\"225\" srcset=\"https:\/\/blogsaverroes.juntadeandalucia.es\/ceipeduardolucena\/files\/2020\/03\/IMG_4273-300x225.jpg 300w, https:\/\/blogsaverroes.juntadeandalucia.es\/ceipeduardolucena\/files\/2020\/03\/IMG_4273-768x576.jpg 768w, https:\/\/blogsaverroes.juntadeandalucia.es\/ceipeduardolucena\/files\/2020\/03\/IMG_4273-1024x768.jpg 1024w, https:\/\/blogsaverroes.juntadeandalucia.es\/ceipeduardolucena\/files\/2020\/03\/IMG_4273-24x18.jpg 24w, https:\/\/blogsaverroes.juntadeandalucia.es\/ceipeduardolucena\/files\/2020\/03\/IMG_4273-36x27.jpg 36w, https:\/\/blogsaverroes.juntadeandalucia.es\/ceipeduardolucena\/files\/2020\/03\/IMG_4273-48x36.jpg 48w, https:\/\/blogsaverroes.juntadeandalucia.es\/ceipeduardolucena\/files\/2020\/03\/IMG_4273.jpg 1600w\" sizes=\"(max-width: 300px) 100vw, 300px\" \/><\/a><a href=\"https:\/\/blogsaverroes.juntadeandalucia.es\/ceipeduardolucena\/carnaval-2020\/img_4271\/\" rel=\"attachment wp-att-635\"><img loading=\"lazy\" decoding=\"async\" class=\"alignnone size-medium wp-image-635\" src=\"https:\/\/blogsaverroes.juntadeandalucia.es\/ceipeduardolucena\/files\/2020\/03\/IMG_4271-300x225.jpg\" alt=\"\" width=\"300\" height=\"225\" srcset=\"https:\/\/blogsaverroes.juntadeandalucia.es\/ceipeduardolucena\/files\/2020\/03\/IMG_4271-300x225.jpg 300w, https:\/\/blogsaverroes.juntadeandalucia.es\/ceipeduardolucena\/files\/2020\/03\/IMG_4271-768x576.jpg 768w, https:\/\/blogsaverroes.juntadeandalucia.es\/ceipeduardolucena\/files\/2020\/03\/IMG_4271-1024x768.jpg 1024w, https:\/\/blogsaverroes.juntadeandalucia.es\/ceipeduardolucena\/files\/2020\/03\/IMG_4271-24x18.jpg 24w, https:\/\/blogsaverroes.juntadeandalucia.es\/ceipeduardolucena\/files\/2020\/03\/IMG_4271-36x27.jpg 36w, https:\/\/blogsaverroes.juntadeandalucia.es\/ceipeduardolucena\/files\/2020\/03\/IMG_4271-48x36.jpg 48w, https:\/\/blogsaverroes.juntadeandalucia.es\/ceipeduardolucena\/files\/2020\/03\/IMG_4271.jpg 1600w\" sizes=\"(max-width: 300px) 100vw, 300px\" \/><\/a><\/p>\n","protected":false},"excerpt":{"rendered":"<p>Actuaci\u00f3n de la clase de 4 a\u00f1os A en su celebraci\u00f3n de carnaval https:\/\/youtu.be\/la37FkdeTVs https:\/\/youtu.be\/sOaAuGIW5AM<\/p>\n","protected":false},"author":1459,"featured_media":0,"parent":0,"menu_order":0,"comment_status":"closed","ping_status":"closed","template":"","meta":{"ngg_post_thumbnail":0,"footnotes":""},"aioseo_notices":[],"_links":{"self":[{"href":"https:\/\/blogsaverroes.juntadeandalucia.es\/ceipeduardolucena\/wp-json\/wp\/v2\/pages\/631"}],"collection":[{"href":"https:\/\/blogsaverroes.juntadeandalucia.es\/ceipeduardolucena\/wp-json\/wp\/v2\/pages"}],"about":[{"href":"https:\/\/blogsaverroes.juntadeandalucia.es\/ceipeduardolucena\/wp-json\/wp\/v2\/types\/page"}],"author":[{"embeddable":true,"href":"https:\/\/blogsaverroes.juntadeandalucia.es\/ceipeduardolucena\/wp-json\/wp\/v2\/users\/1459"}],"replies":[{"embeddable":true,"href":"https:\/\/blogsaverroes.juntadeandalucia.es\/ceipeduardolucena\/wp-json\/wp\/v2\/comments?post=631"}],"version-history":[{"count":3,"href":"https:\/\/blogsaverroes.juntadeandalucia.es\/ceipeduardolucena\/wp-json\/wp\/v2\/pages\/631\/revisions"}],"predecessor-version":[{"id":641,"href":"https:\/\/blogsaverroes.juntadeandalucia.es\/ceipeduardolucena\/wp-json\/wp\/v2\/pages\/631\/revisions\/641"}],"wp:attachment":[{"href":"https:\/\/blogsaverroes.juntadeandalucia.es\/ceipeduardolucena\/wp-json\/wp\/v2\/media?parent=631"}],"curies":[{"name":"wp","href":"https:\/\/api.w.org\/{rel}","templated":true}]}}