{"id":654,"date":"2020-03-15T18:34:22","date_gmt":"2020-03-15T17:34:22","guid":{"rendered":"https:\/\/blogsaverroes.juntadeandalucia.es\/ceipeduardolucena\/?page_id=654"},"modified":"2020-04-16T14:18:25","modified_gmt":"2020-04-16T12:18:25","slug":"aprende-desde-casa","status":"publish","type":"page","link":"https:\/\/blogsaverroes.juntadeandalucia.es\/ceipeduardolucena\/aprende-desde-casa\/","title":{"rendered":"APRENDE DESDE CASA"},"content":{"rendered":"<p>Con esta p\u00e1gina vamos a intentar facilitar diferentes recursos para poder ayudar la labor de ense\u00f1anza-aprendizaje desde nuestra casa.&nbsp; Se colocar\u00e1n de <strong>algunas \u00e1reas<\/strong> para no liar a las familias con las deberes mandados por cada uno de los tutores\/as. COMENZAMOS!!!!!!!!!!<\/p>\n<p><a href=\"https:\/\/blogsaverroes.juntadeandalucia.es\/ceipeduardolucena\/recursos-matematicas-desde-infantil-a-primaria\/\"><span style=\"font-size: 14pt;color: #3366ff\"><span style=\"color: #3366ff\"><span style=\"font-size: 14pt\"><b>RECURSOS <\/b><\/span><span style=\"font-size: 18.6667px\"><b>MATEM\u00c1TICAS<\/b><\/span><span style=\"font-size: 14pt\"><b>&nbsp;DESDE INFANTIL A PRIMARIA<\/b><\/span><\/span><\/span><\/a><\/p>\n<p><a href=\"https:\/\/blogsaverroes.juntadeandalucia.es\/ceipeduardolucena\/educacion-fisica\/\"><strong><span style=\"font-size: 14pt;color: #800080\">EDUCACI\u00d3N F\u00cdSICA<\/span><\/strong><\/a><\/p>\n<p><a href=\"https:\/\/blogsaverroes.juntadeandalucia.es\/ceipeduardolucena\/ingles\/\"><strong><span style=\"font-size: 14pt;color: #0000ff\">INGL\u00c9S<\/span><\/strong><\/a><\/p>\n<p><a href=\"https:\/\/blogsaverroes.juntadeandalucia.es\/ceipeduardolucena\/areas-instrumentales-todos-los-cursos\/\"><span style=\"font-size: 14pt\"><strong><span style=\"color: #008000\">\u00c1REAS INSTRUMENTALES TODOS LOS CURSOS<\/span><\/strong><\/span><\/a><\/p>\n<p><a href=\"https:\/\/blogsaverroes.juntadeandalucia.es\/ceipeduardolucena\/proyectos-semana-santa-2020\/\"><span style=\"font-size: 14pt\"><strong><span style=\"color: #333399\">PROYECTOS<\/span><\/strong><\/span><\/a><\/p>\n<p><a href=\"https:\/\/blogsaverroes.juntadeandalucia.es\/ceipeduardolucena\/retos\/\" target=\"_blank\" rel=\"noopener noreferrer\"><strong><span style=\"font-size: 14pt;color: #ff0000\">SEMANA DEL LIBRO<\/span><\/strong><\/a><\/p>\n<p>&nbsp;<\/p>\n<p>&nbsp;<\/p>\n<p>&nbsp;<\/p>\n<p>&nbsp;<\/p>\n<p>&nbsp;<\/p>\n<p>&nbsp;<\/p>\n<p>&nbsp;<\/p>\n<p>&nbsp;<\/p>\n","protected":false},"excerpt":{"rendered":"<p>Con esta p\u00e1gina vamos a intentar facilitar diferentes recursos para poder ayudar la labor de ense\u00f1anza-aprendizaje desde nuestra casa.&nbsp; Se colocar\u00e1n de algunas \u00e1reas para no liar a las familias con las deberes mandados por cada uno de los tutores\/as. COMENZAMOS!!!!!!!!!! RECURSOS MATEM\u00c1TICAS&nbsp;DESDE INFANTIL A PRIMARIA EDUCACI\u00d3N F\u00cdSICA INGL\u00c9S \u00c1REAS INSTRUMENTALES TODOS LOS CURSOS PROYECTOS &hellip; <\/p>\n<p><a class=\"more-link btn\" href=\"https:\/\/blogsaverroes.juntadeandalucia.es\/ceipeduardolucena\/aprende-desde-casa\/\">Seguir leyendo<\/a><\/p>\n","protected":false},"author":1459,"featured_media":0,"parent":0,"menu_order":0,"comment_status":"closed","ping_status":"closed","template":"","meta":{"ngg_post_thumbnail":0,"footnotes":""},"aioseo_notices":[],"_links":{"self":[{"href":"https:\/\/blogsaverroes.juntadeandalucia.es\/ceipeduardolucena\/wp-json\/wp\/v2\/pages\/654"}],"collection":[{"href":"https:\/\/blogsaverroes.juntadeandalucia.es\/ceipeduardolucena\/wp-json\/wp\/v2\/pages"}],"about":[{"href":"https:\/\/blogsaverroes.juntadeandalucia.es\/ceipeduardolucena\/wp-json\/wp\/v2\/types\/page"}],"author":[{"embeddable":true,"href":"https:\/\/blogsaverroes.juntadeandalucia.es\/ceipeduardolucena\/wp-json\/wp\/v2\/users\/1459"}],"replies":[{"embeddable":true,"href":"https:\/\/blogsaverroes.juntadeandalucia.es\/ceipeduardolucena\/wp-json\/wp\/v2\/comments?post=654"}],"version-history":[{"count":27,"href":"https:\/\/blogsaverroes.juntadeandalucia.es\/ceipeduardolucena\/wp-json\/wp\/v2\/pages\/654\/revisions"}],"predecessor-version":[{"id":751,"href":"https:\/\/blogsaverroes.juntadeandalucia.es\/ceipeduardolucena\/wp-json\/wp\/v2\/pages\/654\/revisions\/751"}],"wp:attachment":[{"href":"https:\/\/blogsaverroes.juntadeandalucia.es\/ceipeduardolucena\/wp-json\/wp\/v2\/media?parent=654"}],"curies":[{"name":"wp","href":"https:\/\/api.w.org\/{rel}","templated":true}]}}