{"id":71,"date":"2018-12-10T21:37:09","date_gmt":"2018-12-10T20:37:09","guid":{"rendered":"https:\/\/blogsaverroes.juntadeandalucia.es\/ceipeduardolucena\/?page_id=71"},"modified":"2018-12-11T19:16:20","modified_gmt":"2018-12-11T18:16:20","slug":"curso-escolar","status":"publish","type":"page","link":"https:\/\/blogsaverroes.juntadeandalucia.es\/ceipeduardolucena\/curso-escolar\/","title":{"rendered":"CURSO ESCOLAR"},"content":{"rendered":"<p>Esta joven aragonesa de 15 a\u00f1os, que se ha proclamado campeona del <strong>Mundial de f\u00fatbol sub-17<\/strong>, iba a ser <strong>homenajeada en el Alcoraz<\/strong> en los proleg\u00f3menos del partido entre Huesca y Real Madrid. Pero tal acto no qued\u00f3 como todo el mundo esperaba. No hubo ni saque de honor, ni saludo a los capitanes y equipo arbitral. Solo una <strong>entrega de una placa que no dur\u00f3 ni 15 segundos, precedido de un <em>\u00abSe lo das y vale, venga\u00bb<\/em><\/strong> de un trabajador del club.<\/p>\n<p>Las redes se han hecho r\u00e1pido eco de este <strong>feo gesto<\/strong> y han mostrado su desconformidad con lo sucedido.&nbsp;<\/p>\n","protected":false},"excerpt":{"rendered":"<p>Esta joven aragonesa de 15 a\u00f1os, que se ha proclamado campeona del Mundial de f\u00fatbol sub-17, iba a ser homenajeada en el Alcoraz en los proleg\u00f3menos del partido entre Huesca y Real Madrid. Pero tal acto no qued\u00f3 como todo el mundo esperaba. No hubo ni saque de honor, ni saludo a los capitanes y &hellip; <\/p>\n<p><a class=\"more-link btn\" href=\"https:\/\/blogsaverroes.juntadeandalucia.es\/ceipeduardolucena\/curso-escolar\/\">Seguir leyendo<\/a><\/p>\n","protected":false},"author":1459,"featured_media":0,"parent":0,"menu_order":0,"comment_status":"closed","ping_status":"closed","template":"","meta":{"ngg_post_thumbnail":0,"footnotes":""},"aioseo_notices":[],"_links":{"self":[{"href":"https:\/\/blogsaverroes.juntadeandalucia.es\/ceipeduardolucena\/wp-json\/wp\/v2\/pages\/71"}],"collection":[{"href":"https:\/\/blogsaverroes.juntadeandalucia.es\/ceipeduardolucena\/wp-json\/wp\/v2\/pages"}],"about":[{"href":"https:\/\/blogsaverroes.juntadeandalucia.es\/ceipeduardolucena\/wp-json\/wp\/v2\/types\/page"}],"author":[{"embeddable":true,"href":"https:\/\/blogsaverroes.juntadeandalucia.es\/ceipeduardolucena\/wp-json\/wp\/v2\/users\/1459"}],"replies":[{"embeddable":true,"href":"https:\/\/blogsaverroes.juntadeandalucia.es\/ceipeduardolucena\/wp-json\/wp\/v2\/comments?post=71"}],"version-history":[{"count":3,"href":"https:\/\/blogsaverroes.juntadeandalucia.es\/ceipeduardolucena\/wp-json\/wp\/v2\/pages\/71\/revisions"}],"predecessor-version":[{"id":86,"href":"https:\/\/blogsaverroes.juntadeandalucia.es\/ceipeduardolucena\/wp-json\/wp\/v2\/pages\/71\/revisions\/86"}],"wp:attachment":[{"href":"https:\/\/blogsaverroes.juntadeandalucia.es\/ceipeduardolucena\/wp-json\/wp\/v2\/media?parent=71"}],"curies":[{"name":"wp","href":"https:\/\/api.w.org\/{rel}","templated":true}]}}