{"id":77,"date":"2018-12-10T21:38:27","date_gmt":"2018-12-10T20:38:27","guid":{"rendered":"https:\/\/blogsaverroes.juntadeandalucia.es\/ceipeduardolucena\/?page_id=77"},"modified":"2018-12-29T16:15:04","modified_gmt":"2018-12-29T15:15:04","slug":"biblioteca","status":"publish","type":"page","link":"https:\/\/blogsaverroes.juntadeandalucia.es\/ceipeduardolucena\/biblioteca\/","title":{"rendered":"BIBLIOTECA"},"content":{"rendered":"<p>La biblioteca del centro pas\u00f3 desde el curso pasado y tras la tr\u00e1gica perdida de nuestro compa\u00f1ero, maestro y amigo Rafael Montilla Carde\u00f1osa a llamarse biblioteca Rafael Montilla.<\/p>\n<p>Podr\u00e1s visitar su blog accediendo desde el siguiente bot\u00f3n:<\/p>\n<p><a href=\"http:\/\/bibliotecaeduardolucenal.blogspot.com\/\" rel=\"attachment wp-att-311\"><img loading=\"lazy\" decoding=\"async\" class=\"alignnone size-medium wp-image-311\" src=\"https:\/\/blogsaverroes.juntadeandalucia.es\/ceipeduardolucena\/files\/2018\/12\/boton-300x150.jpg\" alt=\"\" width=\"300\" height=\"150\" srcset=\"https:\/\/blogsaverroes.juntadeandalucia.es\/ceipeduardolucena\/files\/2018\/12\/boton-300x150.jpg 300w, https:\/\/blogsaverroes.juntadeandalucia.es\/ceipeduardolucena\/files\/2018\/12\/boton-24x12.jpg 24w, https:\/\/blogsaverroes.juntadeandalucia.es\/ceipeduardolucena\/files\/2018\/12\/boton-36x18.jpg 36w, https:\/\/blogsaverroes.juntadeandalucia.es\/ceipeduardolucena\/files\/2018\/12\/boton-48x24.jpg 48w, https:\/\/blogsaverroes.juntadeandalucia.es\/ceipeduardolucena\/files\/2018\/12\/boton.jpg 317w\" sizes=\"(max-width: 300px) 100vw, 300px\" \/><\/a><\/p>\n","protected":false},"excerpt":{"rendered":"<p>La biblioteca del centro pas\u00f3 desde el curso pasado y tras la tr\u00e1gica perdida de nuestro compa\u00f1ero, maestro y amigo Rafael Montilla Carde\u00f1osa a llamarse biblioteca Rafael Montilla. Podr\u00e1s visitar su blog accediendo desde el siguiente bot\u00f3n:<\/p>\n","protected":false},"author":1459,"featured_media":0,"parent":0,"menu_order":0,"comment_status":"closed","ping_status":"closed","template":"","meta":{"ngg_post_thumbnail":0,"footnotes":""},"aioseo_notices":[],"_links":{"self":[{"href":"https:\/\/blogsaverroes.juntadeandalucia.es\/ceipeduardolucena\/wp-json\/wp\/v2\/pages\/77"}],"collection":[{"href":"https:\/\/blogsaverroes.juntadeandalucia.es\/ceipeduardolucena\/wp-json\/wp\/v2\/pages"}],"about":[{"href":"https:\/\/blogsaverroes.juntadeandalucia.es\/ceipeduardolucena\/wp-json\/wp\/v2\/types\/page"}],"author":[{"embeddable":true,"href":"https:\/\/blogsaverroes.juntadeandalucia.es\/ceipeduardolucena\/wp-json\/wp\/v2\/users\/1459"}],"replies":[{"embeddable":true,"href":"https:\/\/blogsaverroes.juntadeandalucia.es\/ceipeduardolucena\/wp-json\/wp\/v2\/comments?post=77"}],"version-history":[{"count":4,"href":"https:\/\/blogsaverroes.juntadeandalucia.es\/ceipeduardolucena\/wp-json\/wp\/v2\/pages\/77\/revisions"}],"predecessor-version":[{"id":312,"href":"https:\/\/blogsaverroes.juntadeandalucia.es\/ceipeduardolucena\/wp-json\/wp\/v2\/pages\/77\/revisions\/312"}],"wp:attachment":[{"href":"https:\/\/blogsaverroes.juntadeandalucia.es\/ceipeduardolucena\/wp-json\/wp\/v2\/media?parent=77"}],"curies":[{"name":"wp","href":"https:\/\/api.w.org\/{rel}","templated":true}]}}