{"id":791,"date":"2020-04-16T17:15:06","date_gmt":"2020-04-16T15:15:06","guid":{"rendered":"https:\/\/blogsaverroes.juntadeandalucia.es\/ceipeduardolucena\/?page_id=791"},"modified":"2020-04-16T17:15:06","modified_gmt":"2020-04-16T15:15:06","slug":"actividades-tercer-ciclo","status":"publish","type":"page","link":"https:\/\/blogsaverroes.juntadeandalucia.es\/ceipeduardolucena\/actividades-tercer-ciclo\/","title":{"rendered":"actividades TERCER CICLO"},"content":{"rendered":"<p><strong><span style=\"font-size: 14pt;color: #ff0000\">EL PEQUE\u00d1O NICOL\u00c1S<\/span><\/strong><\/p>\n<p><a href=\"https:\/\/view.genial.ly\/5c606fdc4e10564933e0e73b\/interactive-content-quiz-el-pequeno-nicolas\" rel=\"attachment wp-att-792\"><img loading=\"lazy\" decoding=\"async\" class=\"alignnone size-medium wp-image-792\" src=\"https:\/\/blogsaverroes.juntadeandalucia.es\/ceipeduardolucena\/files\/2020\/04\/5\u00ba-300x180.png\" alt=\"\" width=\"300\" height=\"180\" srcset=\"https:\/\/blogsaverroes.juntadeandalucia.es\/ceipeduardolucena\/files\/2020\/04\/5\u00ba-300x180.png 300w, https:\/\/blogsaverroes.juntadeandalucia.es\/ceipeduardolucena\/files\/2020\/04\/5\u00ba-768x460.png 768w, https:\/\/blogsaverroes.juntadeandalucia.es\/ceipeduardolucena\/files\/2020\/04\/5\u00ba-1024x614.png 1024w, https:\/\/blogsaverroes.juntadeandalucia.es\/ceipeduardolucena\/files\/2020\/04\/5\u00ba-24x14.png 24w, https:\/\/blogsaverroes.juntadeandalucia.es\/ceipeduardolucena\/files\/2020\/04\/5\u00ba-36x22.png 36w, https:\/\/blogsaverroes.juntadeandalucia.es\/ceipeduardolucena\/files\/2020\/04\/5\u00ba-48x29.png 48w, https:\/\/blogsaverroes.juntadeandalucia.es\/ceipeduardolucena\/files\/2020\/04\/5\u00ba.png 1405w\" sizes=\"(max-width: 300px) 100vw, 300px\" \/><\/a><\/p>\n<p><span style=\"font-size: 14pt;color: #ff00ff\"><strong>EL MARAVILLOSO JUEGO DE LOS CUENTOS<\/strong><\/span><\/p>\n<p><a href=\"https:\/\/view.genial.ly\/5aaaad1e69b63a6ade980af9\" rel=\"attachment wp-att-787\"><img loading=\"lazy\" decoding=\"async\" class=\"alignnone size-medium wp-image-787\" src=\"https:\/\/blogsaverroes.juntadeandalucia.es\/ceipeduardolucena\/files\/2020\/04\/JUEGO-DE-LIBROS-1-300x168.png\" alt=\"\" width=\"300\" height=\"168\" srcset=\"https:\/\/blogsaverroes.juntadeandalucia.es\/ceipeduardolucena\/files\/2020\/04\/JUEGO-DE-LIBROS-1-300x168.png 300w, https:\/\/blogsaverroes.juntadeandalucia.es\/ceipeduardolucena\/files\/2020\/04\/JUEGO-DE-LIBROS-1-768x429.png 768w, https:\/\/blogsaverroes.juntadeandalucia.es\/ceipeduardolucena\/files\/2020\/04\/JUEGO-DE-LIBROS-1-1024x572.png 1024w, https:\/\/blogsaverroes.juntadeandalucia.es\/ceipeduardolucena\/files\/2020\/04\/JUEGO-DE-LIBROS-1-24x13.png 24w, https:\/\/blogsaverroes.juntadeandalucia.es\/ceipeduardolucena\/files\/2020\/04\/JUEGO-DE-LIBROS-1-36x20.png 36w, https:\/\/blogsaverroes.juntadeandalucia.es\/ceipeduardolucena\/files\/2020\/04\/JUEGO-DE-LIBROS-1-48x27.png 48w, https:\/\/blogsaverroes.juntadeandalucia.es\/ceipeduardolucena\/files\/2020\/04\/JUEGO-DE-LIBROS-1.png 1276w\" sizes=\"(max-width: 300px) 100vw, 300px\" \/><\/a><\/p>\n<p><span style=\"font-size: 14pt;color: #ff0000\"><strong>BOOM DE LOS CUENTOS<\/strong><\/span><\/p>\n<p><a href=\"https:\/\/view.genial.ly\/5c9e34a7729926491680b55a\/game-boom-cuentos\" rel=\"attachment wp-att-783\"><img loading=\"lazy\" decoding=\"async\" class=\"alignnone size-medium wp-image-783\" src=\"https:\/\/blogsaverroes.juntadeandalucia.es\/ceipeduardolucena\/files\/2020\/04\/BOOM-2-300x153.png\" alt=\"\" width=\"300\" height=\"153\" srcset=\"https:\/\/blogsaverroes.juntadeandalucia.es\/ceipeduardolucena\/files\/2020\/04\/BOOM-2-300x153.png 300w, https:\/\/blogsaverroes.juntadeandalucia.es\/ceipeduardolucena\/files\/2020\/04\/BOOM-2-768x392.png 768w, https:\/\/blogsaverroes.juntadeandalucia.es\/ceipeduardolucena\/files\/2020\/04\/BOOM-2-1024x523.png 1024w, https:\/\/blogsaverroes.juntadeandalucia.es\/ceipeduardolucena\/files\/2020\/04\/BOOM-2-24x12.png 24w, https:\/\/blogsaverroes.juntadeandalucia.es\/ceipeduardolucena\/files\/2020\/04\/BOOM-2-36x18.png 36w, https:\/\/blogsaverroes.juntadeandalucia.es\/ceipeduardolucena\/files\/2020\/04\/BOOM-2-48x25.png 48w, https:\/\/blogsaverroes.juntadeandalucia.es\/ceipeduardolucena\/files\/2020\/04\/BOOM-2.png 1467w\" sizes=\"(max-width: 300px) 100vw, 300px\" \/><\/a><\/p>\n<p><strong><span style=\"color: #339966;font-size: 14pt\">CUENTOPOLIS<\/span><\/strong><\/p>\n<p><a href=\"https:\/\/view.genial.ly\/5ca08c8b72992649168377ab\/game-monopoly-cuentos\" rel=\"attachment wp-att-786\"><img loading=\"lazy\" decoding=\"async\" class=\"alignnone size-medium wp-image-786\" src=\"https:\/\/blogsaverroes.juntadeandalucia.es\/ceipeduardolucena\/files\/2020\/04\/CUENTOPOLI-300x176.png\" alt=\"\" width=\"300\" height=\"176\" srcset=\"https:\/\/blogsaverroes.juntadeandalucia.es\/ceipeduardolucena\/files\/2020\/04\/CUENTOPOLI-300x176.png 300w, https:\/\/blogsaverroes.juntadeandalucia.es\/ceipeduardolucena\/files\/2020\/04\/CUENTOPOLI-768x451.png 768w, https:\/\/blogsaverroes.juntadeandalucia.es\/ceipeduardolucena\/files\/2020\/04\/CUENTOPOLI-1024x602.png 1024w, https:\/\/blogsaverroes.juntadeandalucia.es\/ceipeduardolucena\/files\/2020\/04\/CUENTOPOLI-24x14.png 24w, https:\/\/blogsaverroes.juntadeandalucia.es\/ceipeduardolucena\/files\/2020\/04\/CUENTOPOLI-36x21.png 36w, https:\/\/blogsaverroes.juntadeandalucia.es\/ceipeduardolucena\/files\/2020\/04\/CUENTOPOLI-48x28.png 48w, https:\/\/blogsaverroes.juntadeandalucia.es\/ceipeduardolucena\/files\/2020\/04\/CUENTOPOLI.png 1468w\" sizes=\"(max-width: 300px) 100vw, 300px\" \/><\/a><\/p>\n<p>MISI\u00d3N EN \u00c1FRICA<\/p>\n<p><a href=\"http:\/\/www.juntadeandalucia.es\/averroes\/centros-tic\/41010435\/helvia\/aula\/archivos\/_13\/html\/7\/smtercerciclo2\/smtercerciclo\/leng5sm\/leng5sm\/files\/init.html\" rel=\"attachment wp-att-793\"><img loading=\"lazy\" decoding=\"async\" class=\"alignnone size-medium wp-image-793\" src=\"https:\/\/blogsaverroes.juntadeandalucia.es\/ceipeduardolucena\/files\/2020\/04\/AFRICA-300x176.png\" alt=\"\" width=\"300\" height=\"176\" srcset=\"https:\/\/blogsaverroes.juntadeandalucia.es\/ceipeduardolucena\/files\/2020\/04\/AFRICA-300x176.png 300w, https:\/\/blogsaverroes.juntadeandalucia.es\/ceipeduardolucena\/files\/2020\/04\/AFRICA-768x449.png 768w, https:\/\/blogsaverroes.juntadeandalucia.es\/ceipeduardolucena\/files\/2020\/04\/AFRICA-1024x599.png 1024w, https:\/\/blogsaverroes.juntadeandalucia.es\/ceipeduardolucena\/files\/2020\/04\/AFRICA-24x14.png 24w, https:\/\/blogsaverroes.juntadeandalucia.es\/ceipeduardolucena\/files\/2020\/04\/AFRICA-36x21.png 36w, https:\/\/blogsaverroes.juntadeandalucia.es\/ceipeduardolucena\/files\/2020\/04\/AFRICA-48x28.png 48w, https:\/\/blogsaverroes.juntadeandalucia.es\/ceipeduardolucena\/files\/2020\/04\/AFRICA.png 1217w\" sizes=\"(max-width: 300px) 100vw, 300px\" \/><\/a><\/p>\n<p><span style=\"font-size: 14pt\"><span style=\"color: #800080\"><span style=\"font-size: 18.6667px\"><b>G\u00c9NEROS<\/b><\/span><\/span><strong style=\"font-size: 14pt\"><span style=\"color: #800080\">&nbsp;LITERARIOS<\/span><\/strong><\/span><\/p>\n<p><a href=\"https:\/\/view.genial.ly\/5db1305e42f1f60f5fc54436\/learning-experience-challenges-generos-literarios\" rel=\"attachment wp-att-794\"><img loading=\"lazy\" decoding=\"async\" class=\"alignnone size-medium wp-image-794\" src=\"https:\/\/blogsaverroes.juntadeandalucia.es\/ceipeduardolucena\/files\/2020\/04\/GENEROS-300x161.png\" alt=\"\" width=\"300\" height=\"161\" srcset=\"https:\/\/blogsaverroes.juntadeandalucia.es\/ceipeduardolucena\/files\/2020\/04\/GENEROS-300x161.png 300w, https:\/\/blogsaverroes.juntadeandalucia.es\/ceipeduardolucena\/files\/2020\/04\/GENEROS-768x412.png 768w, https:\/\/blogsaverroes.juntadeandalucia.es\/ceipeduardolucena\/files\/2020\/04\/GENEROS-1024x549.png 1024w, https:\/\/blogsaverroes.juntadeandalucia.es\/ceipeduardolucena\/files\/2020\/04\/GENEROS-24x13.png 24w, https:\/\/blogsaverroes.juntadeandalucia.es\/ceipeduardolucena\/files\/2020\/04\/GENEROS-36x19.png 36w, https:\/\/blogsaverroes.juntadeandalucia.es\/ceipeduardolucena\/files\/2020\/04\/GENEROS-48x26.png 48w, https:\/\/blogsaverroes.juntadeandalucia.es\/ceipeduardolucena\/files\/2020\/04\/GENEROS.png 1522w\" sizes=\"(max-width: 300px) 100vw, 300px\" \/><\/a><\/p>\n<p><strong><span style=\"color: #993300;font-size: 14pt\">FIGURAS LITERARIAS 1<\/span><\/strong><\/p>\n<p><a href=\"https:\/\/view.genial.ly\/5c7bb04fa159c776290faaf1\" rel=\"attachment wp-att-795\"><img loading=\"lazy\" decoding=\"async\" class=\"alignnone size-medium wp-image-795\" src=\"https:\/\/blogsaverroes.juntadeandalucia.es\/ceipeduardolucena\/files\/2020\/04\/1-300x160.png\" alt=\"\" width=\"300\" height=\"160\" srcset=\"https:\/\/blogsaverroes.juntadeandalucia.es\/ceipeduardolucena\/files\/2020\/04\/1-300x160.png 300w, https:\/\/blogsaverroes.juntadeandalucia.es\/ceipeduardolucena\/files\/2020\/04\/1-768x410.png 768w, https:\/\/blogsaverroes.juntadeandalucia.es\/ceipeduardolucena\/files\/2020\/04\/1-1024x547.png 1024w, https:\/\/blogsaverroes.juntadeandalucia.es\/ceipeduardolucena\/files\/2020\/04\/1-24x13.png 24w, https:\/\/blogsaverroes.juntadeandalucia.es\/ceipeduardolucena\/files\/2020\/04\/1-36x19.png 36w, https:\/\/blogsaverroes.juntadeandalucia.es\/ceipeduardolucena\/files\/2020\/04\/1-48x26.png 48w, https:\/\/blogsaverroes.juntadeandalucia.es\/ceipeduardolucena\/files\/2020\/04\/1.png 1356w\" sizes=\"(max-width: 300px) 100vw, 300px\" \/><\/a><\/p>\n<p><strong><span style=\"font-size: 14pt;color: #993300\">FIGURAS LITERARIAS 2<\/span><\/strong><\/p>\n<p><a href=\"https:\/\/view.genial.ly\/5c7d965208403f0261358ee2\" rel=\"attachment wp-att-796\"><img loading=\"lazy\" decoding=\"async\" class=\"alignnone size-medium wp-image-796\" src=\"https:\/\/blogsaverroes.juntadeandalucia.es\/ceipeduardolucena\/files\/2020\/04\/2-300x166.png\" alt=\"\" width=\"300\" height=\"166\" srcset=\"https:\/\/blogsaverroes.juntadeandalucia.es\/ceipeduardolucena\/files\/2020\/04\/2-300x166.png 300w, https:\/\/blogsaverroes.juntadeandalucia.es\/ceipeduardolucena\/files\/2020\/04\/2-768x425.png 768w, https:\/\/blogsaverroes.juntadeandalucia.es\/ceipeduardolucena\/files\/2020\/04\/2-1024x567.png 1024w, https:\/\/blogsaverroes.juntadeandalucia.es\/ceipeduardolucena\/files\/2020\/04\/2-24x13.png 24w, https:\/\/blogsaverroes.juntadeandalucia.es\/ceipeduardolucena\/files\/2020\/04\/2-36x20.png 36w, https:\/\/blogsaverroes.juntadeandalucia.es\/ceipeduardolucena\/files\/2020\/04\/2-48x27.png 48w, https:\/\/blogsaverroes.juntadeandalucia.es\/ceipeduardolucena\/files\/2020\/04\/2.png 1343w\" sizes=\"(max-width: 300px) 100vw, 300px\" \/><\/a><\/p>\n<p><span style=\"color: #993300\"><strong><span style=\"font-size: 14pt\">FIGURAS LITERARIAS 3<\/span><\/strong><\/span><\/p>\n<p><a href=\"https:\/\/view.genial.ly\/5dc4a03b759d2a0f4c7d175c\/game-recursos-literarios\" rel=\"attachment wp-att-797\"><img loading=\"lazy\" decoding=\"async\" class=\"alignnone size-medium wp-image-797\" src=\"https:\/\/blogsaverroes.juntadeandalucia.es\/ceipeduardolucena\/files\/2020\/04\/3-300x250.png\" alt=\"\" width=\"300\" height=\"250\" srcset=\"https:\/\/blogsaverroes.juntadeandalucia.es\/ceipeduardolucena\/files\/2020\/04\/3-300x250.png 300w, https:\/\/blogsaverroes.juntadeandalucia.es\/ceipeduardolucena\/files\/2020\/04\/3-768x640.png 768w, https:\/\/blogsaverroes.juntadeandalucia.es\/ceipeduardolucena\/files\/2020\/04\/3-24x20.png 24w, https:\/\/blogsaverroes.juntadeandalucia.es\/ceipeduardolucena\/files\/2020\/04\/3-36x30.png 36w, https:\/\/blogsaverroes.juntadeandalucia.es\/ceipeduardolucena\/files\/2020\/04\/3-48x40.png 48w, https:\/\/blogsaverroes.juntadeandalucia.es\/ceipeduardolucena\/files\/2020\/04\/3.png 785w\" sizes=\"(max-width: 300px) 100vw, 300px\" \/><\/a><\/p>\n","protected":false},"excerpt":{"rendered":"<p>EL PEQUE\u00d1O NICOL\u00c1S EL MARAVILLOSO JUEGO DE LOS CUENTOS BOOM DE LOS CUENTOS CUENTOPOLIS MISI\u00d3N EN \u00c1FRICA G\u00c9NEROS&nbsp;LITERARIOS FIGURAS LITERARIAS 1 FIGURAS LITERARIAS 2 FIGURAS LITERARIAS 3<\/p>\n","protected":false},"author":1459,"featured_media":0,"parent":0,"menu_order":0,"comment_status":"closed","ping_status":"closed","template":"","meta":{"ngg_post_thumbnail":0,"footnotes":""},"aioseo_notices":[],"_links":{"self":[{"href":"https:\/\/blogsaverroes.juntadeandalucia.es\/ceipeduardolucena\/wp-json\/wp\/v2\/pages\/791"}],"collection":[{"href":"https:\/\/blogsaverroes.juntadeandalucia.es\/ceipeduardolucena\/wp-json\/wp\/v2\/pages"}],"about":[{"href":"https:\/\/blogsaverroes.juntadeandalucia.es\/ceipeduardolucena\/wp-json\/wp\/v2\/types\/page"}],"author":[{"embeddable":true,"href":"https:\/\/blogsaverroes.juntadeandalucia.es\/ceipeduardolucena\/wp-json\/wp\/v2\/users\/1459"}],"replies":[{"embeddable":true,"href":"https:\/\/blogsaverroes.juntadeandalucia.es\/ceipeduardolucena\/wp-json\/wp\/v2\/comments?post=791"}],"version-history":[{"count":1,"href":"https:\/\/blogsaverroes.juntadeandalucia.es\/ceipeduardolucena\/wp-json\/wp\/v2\/pages\/791\/revisions"}],"predecessor-version":[{"id":798,"href":"https:\/\/blogsaverroes.juntadeandalucia.es\/ceipeduardolucena\/wp-json\/wp\/v2\/pages\/791\/revisions\/798"}],"wp:attachment":[{"href":"https:\/\/blogsaverroes.juntadeandalucia.es\/ceipeduardolucena\/wp-json\/wp\/v2\/media?parent=791"}],"curies":[{"name":"wp","href":"https:\/\/api.w.org\/{rel}","templated":true}]}}