{"id":835,"date":"2020-04-21T17:02:27","date_gmt":"2020-04-21T15:02:27","guid":{"rendered":"https:\/\/blogsaverroes.juntadeandalucia.es\/ceipeduardolucena\/?page_id=835"},"modified":"2020-04-21T17:06:47","modified_gmt":"2020-04-21T15:06:47","slug":"todos-los-niveles","status":"publish","type":"page","link":"https:\/\/blogsaverroes.juntadeandalucia.es\/ceipeduardolucena\/todos-los-niveles\/","title":{"rendered":"TODOS LOS NIVELES"},"content":{"rendered":"<div>&nbsp;<\/div>\n<div><a href=\"https:\/\/blogsaverroes.juntadeandalucia.es\/ceipeduardolucena\/todos-los-niveles\/banner-ayuda-maestros\/\" rel=\"attachment wp-att-839\"><img loading=\"lazy\" decoding=\"async\" class=\"alignnone size-full wp-image-839\" src=\"https:\/\/blogsaverroes.juntadeandalucia.es\/ceipeduardolucena\/files\/2020\/04\/banner-ayuda-maestros.png\" alt=\"\" width=\"400\" height=\"103\" srcset=\"https:\/\/blogsaverroes.juntadeandalucia.es\/ceipeduardolucena\/files\/2020\/04\/banner-ayuda-maestros.png 400w, https:\/\/blogsaverroes.juntadeandalucia.es\/ceipeduardolucena\/files\/2020\/04\/banner-ayuda-maestros-300x77.png 300w, https:\/\/blogsaverroes.juntadeandalucia.es\/ceipeduardolucena\/files\/2020\/04\/banner-ayuda-maestros-24x6.png 24w, https:\/\/blogsaverroes.juntadeandalucia.es\/ceipeduardolucena\/files\/2020\/04\/banner-ayuda-maestros-36x9.png 36w, https:\/\/blogsaverroes.juntadeandalucia.es\/ceipeduardolucena\/files\/2020\/04\/banner-ayuda-maestros-48x12.png 48w\" sizes=\"(max-width: 400px) 100vw, 400px\" \/><\/a><\/div>\n<div>&nbsp;<\/div>\n<div>De la Web ayuda para maestros hemos recopilado miles de recursos y que pueden servirnos para celebrar el D\u00eda del Libro con nuestros alumnos. Para acceder a ellos haced clic en el t\u00edtulo de cada uno. \u00a1Espero que os sirvan!<\/div>\n<p>1.&nbsp;<a href=\"http:\/\/www.ayudaparamaestros.com\/2016\/04\/50-actividades-para-celebrar-el-dia-del.html\" target=\"_blank\" rel=\"noopener noreferrer\">50 actividades para celebrar el D\u00eda del Libro<\/a>.<br \/>\n2.&nbsp;<a href=\"http:\/\/www.ayudaparamaestros.com\/2015\/12\/12-libros-infantiles-magicos.html\" target=\"_blank\" rel=\"noopener noreferrer\">12 libros infantiles m\u00e1gicos<\/a>.<br \/>\n3.&nbsp;<a href=\"http:\/\/www.ayudaparamaestros.com\/2015\/04\/lecturas-para-celebrar-el-dia-del-libro.html\" target=\"_blank\" rel=\"noopener noreferrer\">Lecturas para celebrar el D\u00eda del Libro<\/a>.<br \/>\n4.&nbsp;<a href=\"http:\/\/www.ayudaparamaestros.com\/2015\/05\/20-libros-sorprendentes-para-leer-con.html\" target=\"_blank\" rel=\"noopener noreferrer\">20 libros sorprendentes para leer con ni\u00f1os<\/a>.<br \/>\n5.&nbsp;<a href=\"http:\/\/www.ayudaparamaestros.com\/2016\/04\/40-recursos-para-llenar-el-aula-de.html\" target=\"_blank\" rel=\"noopener noreferrer\">40 recursos para llenar el aula de lectura y Quijote<\/a>.<br \/>\n6.&nbsp;<a href=\"http:\/\/www.ayudaparamaestros.com\/2016\/04\/5-ideas-para-celebrar-el-dia-del-libro.html\" target=\"_blank\" rel=\"noopener noreferrer\">5 ideas para celebrar el D\u00eda del Libro de forma diferente<\/a>.<br \/>\n7.&nbsp;<a href=\"http:\/\/www.ayudaparamaestros.com\/2016\/03\/10-ideas-para-celebrar-el-dia-del-libro.html\" target=\"_blank\" rel=\"noopener noreferrer\">10 ideas para celebrar el D\u00eda del Libro en la escuela<\/a>.<br \/>\n8.&nbsp;<a href=\"http:\/\/www.ayudaparamaestros.com\/2015\/06\/11-libros-para-ninos-de-cualquier-edad.html\" target=\"_blank\" rel=\"noopener noreferrer\">11 libros para ni\u00f1os de cualquier edad que har\u00e1n volar nuestra imaginaci\u00f3n<\/a>.<br \/>\n9.&nbsp;<a href=\"http:\/\/www.ayudaparamaestros.com\/2014\/08\/ideas-para-hacer-de-nuestros-hijos-o.html\" target=\"_blank\" rel=\"noopener noreferrer\">Ideas para hacer de nuestros hijos o alumnos grandes lectores<\/a>.<br \/>\n10.&nbsp;<a href=\"http:\/\/www.ayudaparamaestros.com\/2015\/04\/40-libros-infantiles-para-educar-en.html\" target=\"_blank\" rel=\"noopener noreferrer\">40 libros infantiles para educar en valores<\/a>.<br \/>\n11.&nbsp;<a href=\"http:\/\/www.ayudaparamaestros.com\/2015\/04\/15-frases-celebres-de-libros-increibles.html\" target=\"_blank\" rel=\"noopener noreferrer\">15 frases c\u00e9lebres de libros incre\u00edbles que nos ense\u00f1an algo importante sobre la vida<\/a>.<br \/>\n12.&nbsp;<a href=\"http:\/\/www.ayudaparamaestros.com\/2015\/04\/10-recursos-para-celebrar-el-dia-del.html\" target=\"_blank\" rel=\"noopener noreferrer\">10 recursos para celebrar el D\u00eda del Libro<\/a>.<br \/>\n13.&nbsp;<a href=\"http:\/\/www.ayudaparamaestros.com\/2014\/04\/don-quijote-de-la-mancha-dia-del-libro.html\" target=\"_blank\" rel=\"noopener noreferrer\">Celebra el D\u00eda del Libro con Don Quijote de la Mancha<\/a>.<br \/>\n14.&nbsp;<a href=\"http:\/\/www.ayudaparamaestros.com\/2015\/04\/los-mejores-recursos-educativos-para.html\" target=\"_blank\" rel=\"noopener noreferrer\">Los mejores recursos educativos para celebrar el D\u00eda del Libro<\/a>.<br \/>\n15.&nbsp;<a href=\"http:\/\/www.ayudaparamaestros.com\/2015\/04\/celebra-el-dia-del-libro-haciendo-mini.html\" target=\"_blank\" rel=\"noopener noreferrer\">Celebra el D\u00eda del Libro haciendo minilibros<\/a>.<br \/>\n16.&nbsp;<a href=\"http:\/\/www.ayudaparamaestros.com\/2014\/03\/book.html\" target=\"_blank\" rel=\"noopener noreferrer\">V\u00eddeo: Book, un producto revolucionario<\/a>.<br \/>\n17.&nbsp;<a href=\"http:\/\/www.ayudaparamaestros.com\/2017\/01\/25-recursos-originales-para-contar.html\" target=\"_blank\" rel=\"noopener noreferrer\">25 recursos originales para contar cuentos<\/a>.<br \/>\n18.&nbsp;<a href=\"http:\/\/www.ayudaparamaestros.com\/2016\/10\/5-tecnicas-creativas-de-gianni-rodari.html\" target=\"_blank\" rel=\"noopener noreferrer\">5 t\u00e9cnicas de Gianni Rodari para inventar historias<\/a>.<br \/>\n19.&nbsp;<a href=\"http:\/\/www.ayudaparamaestros.com\/2016\/10\/el-lectometro-actividad-diy-para.html\" target=\"_blank\" rel=\"noopener noreferrer\">El Lect\u00f3metro<\/a>.<br \/>\n20.&nbsp;<a href=\"http:\/\/www.ayudaparamaestros.com\/2011\/03\/biblioburro.html\" target=\"_blank\" rel=\"noopener noreferrer\">V\u00eddeo: Biblioburro, una biblioteca muy especial<\/a>.<br \/>\n21.&nbsp;<a href=\"http:\/\/www.ayudaparamaestros.com\/2016\/09\/senales-lectoras-para-conseguir-un-buen.html\" target=\"_blank\" rel=\"noopener noreferrer\">Se\u00f1ales lectoras para conseguir un buen ambiente lector<\/a>.<br \/>\n22.&nbsp;<a href=\"http:\/\/www.ayudaparamaestros.com\/2016\/08\/14-libros-practicos-para-que-nuestros.html\" target=\"_blank\" rel=\"noopener noreferrer\">14 libros pr\u00e1cticos para que nuestros alumnos disfruten leyendo y escribiendo<\/a>.<br \/>\n23.&nbsp;<a href=\"http:\/\/www.ayudaparamaestros.com\/2015\/01\/10-apps-de-libros-interactivos-para.html\" target=\"_blank\" rel=\"noopener noreferrer\">10 Apps de libros interactivos para nuestros alumnos<\/a>.<br \/>\n24.&nbsp;<a href=\"http:\/\/www.ayudaparamaestros.com\/2013\/10\/los-10-derechos-del-lector-de-daniel.html\" target=\"_blank\" rel=\"noopener noreferrer\">Los 10 derechos del lector de Daniel Pennac<\/a>.<br \/>\n25.&nbsp;<a href=\"http:\/\/www.ayudaparamaestros.com\/2015\/09\/juegos-de-la-oca-para-aprender-leer.html\" target=\"_blank\" rel=\"noopener noreferrer\">Juego de la oca para aprender a leer<\/a>.<br \/>\n26.&nbsp;<a href=\"http:\/\/www.ayudaparamaestros.com\/2015\/08\/10-valores-para-trabajar-traves-de-la.html\" target=\"_blank\" rel=\"noopener noreferrer\">10 valores para trabajar a trav\u00e9s de la lectura<\/a>.<br \/>\n27.&nbsp;<a href=\"http:\/\/www.ayudaparamaestros.com\/2014\/11\/10-ideas-para-visitar-la-biblioteca-con.html\" target=\"_blank\" rel=\"noopener noreferrer\">10 ideas para visitar la biblioteca con ni\u00f1os y desatar su pasi\u00f3n por los libros<\/a>.<br \/>\n28.&nbsp;<a href=\"http:\/\/www.ayudaparamaestros.com\/2015\/03\/8-actividades-divertidas-sobre-lectura.html\" target=\"_blank\" rel=\"noopener noreferrer\">8 actividades divertidas sobre lectura<\/a>.<br \/>\n29.&nbsp;<a href=\"http:\/\/www.ayudaparamaestros.com\/2015\/03\/5-ideas-y-10-recursos-para-fomentar-la.html\" target=\"_blank\" rel=\"noopener noreferrer\">5 ideas y 10 recursos para fomentar la lectura en nuestros alumnos<\/a>.<br \/>\n30.&nbsp;<a href=\"http:\/\/www.ayudaparamaestros.com\/2014\/10\/10-peliculas-para-sumergir-nuestros.html\" target=\"_blank\" rel=\"noopener noreferrer\">10 pel\u00edculas para sumergir a nuestros alumnos en la literatura<\/a>.<br \/>\n31.&nbsp;<a href=\"http:\/\/www.ayudaparamaestros.com\/2013\/10\/10-consejos-para-ser-un-buen-lector.html\" target=\"_blank\" rel=\"noopener noreferrer\">10 consejos para ser un buen lector<\/a>.<br \/>\n32.&nbsp;<a href=\"http:\/\/www.ayudaparamaestros.com\/2010\/03\/leer-es-un-juego.html\" target=\"_blank\" rel=\"noopener noreferrer\">Leer es un juego<\/a>.<br \/>\n33.&nbsp;<a href=\"http:\/\/www.ayudaparamaestros.com\/2014\/04\/artpoetica-increible-maravilloso.html\" target=\"_blank\" rel=\"noopener noreferrer\">Artpo\u00e9tica &#8211; Donde la poes\u00eda cobra vida<\/a>.<br \/>\n34.&nbsp;<a href=\"http:\/\/www.ayudaparamaestros.com\/2017\/03\/10-poemas-de-gloria-fuertes-la-poeta-de.html\" target=\"_blank\" rel=\"noopener noreferrer\">10 poemas de Gloria Fuertes, la poeta de coraz\u00f3n inmenso<\/a>.<br \/>\n35.&nbsp;<a href=\"http:\/\/www.ayudaparamaestros.com\/2016\/06\/herramientas-para-crear-cuentos.html\" target=\"_blank\" rel=\"noopener noreferrer\">Herramientas para crear cuentos digitales e interactivos<\/a>.<br \/>\n36.&nbsp;<a href=\"http:\/\/www.ayudaparamaestros.com\/2014\/04\/juan-ramon-jimenez-recursos-tic.html\" target=\"_blank\" rel=\"noopener noreferrer\">Juan Ram\u00f3n Jim\u00e9nez &#8211; Recursos TIC<\/a>.<br \/>\n37.&nbsp;<a href=\"http:\/\/www.ayudaparamaestros.com\/2017\/01\/15-libros-maravillosos-de-eric-carle.html\" target=\"_blank\" rel=\"noopener noreferrer\">15 libros maravillosos de Eric Carle<\/a>.<br \/>\n38.&nbsp;<a href=\"http:\/\/www.ayudaparamaestros.com\/2016\/11\/5-libros-infantiles-que-todo-adulto.html\" target=\"_blank\" rel=\"noopener noreferrer\">5 libros infantiles que todo adulto debe leer<\/a>.<br \/>\n39.&nbsp;<a href=\"http:\/\/www.ayudaparamaestros.com\/2016\/10\/23-libros-que-me-encanta-leer-mis-hijas.html\" target=\"_blank\" rel=\"noopener noreferrer\">23 libros que me encanta leer a mis hijas<\/a>.<br \/>\n40.&nbsp;<a href=\"http:\/\/www.ayudaparamaestros.com\/2016\/01\/10-bibliotecas-virtuales-infantiles-con.html\" target=\"_blank\" rel=\"noopener noreferrer\">10 bibliotecas virtuales infantiles con cientos de libros gratis para ni\u00f1os<\/a>.<br \/>\n41.&nbsp;<a href=\"http:\/\/www.ayudaparamaestros.com\/2017\/04\/6-ideas-sencillas-e-increibles-para.html\" target=\"_blank\" rel=\"noopener noreferrer\">6 ideas sencillas e incre\u00edbles para fomentar el amor por la lectura<\/a>.<\/p>\n","protected":false},"excerpt":{"rendered":"<p>&nbsp; &nbsp; De la Web ayuda para maestros hemos recopilado miles de recursos y que pueden servirnos para celebrar el D\u00eda del Libro con nuestros alumnos. Para acceder a ellos haced clic en el t\u00edtulo de cada uno. \u00a1Espero que os sirvan! 1.&nbsp;50 actividades para celebrar el D\u00eda del Libro. 2.&nbsp;12 libros infantiles m\u00e1gicos. 3.&nbsp;Lecturas &hellip; <\/p>\n<p><a class=\"more-link btn\" href=\"https:\/\/blogsaverroes.juntadeandalucia.es\/ceipeduardolucena\/todos-los-niveles\/\">Seguir leyendo<\/a><\/p>\n","protected":false},"author":1459,"featured_media":0,"parent":0,"menu_order":0,"comment_status":"closed","ping_status":"closed","template":"","meta":{"ngg_post_thumbnail":0,"footnotes":""},"aioseo_notices":[],"_links":{"self":[{"href":"https:\/\/blogsaverroes.juntadeandalucia.es\/ceipeduardolucena\/wp-json\/wp\/v2\/pages\/835"}],"collection":[{"href":"https:\/\/blogsaverroes.juntadeandalucia.es\/ceipeduardolucena\/wp-json\/wp\/v2\/pages"}],"about":[{"href":"https:\/\/blogsaverroes.juntadeandalucia.es\/ceipeduardolucena\/wp-json\/wp\/v2\/types\/page"}],"author":[{"embeddable":true,"href":"https:\/\/blogsaverroes.juntadeandalucia.es\/ceipeduardolucena\/wp-json\/wp\/v2\/users\/1459"}],"replies":[{"embeddable":true,"href":"https:\/\/blogsaverroes.juntadeandalucia.es\/ceipeduardolucena\/wp-json\/wp\/v2\/comments?post=835"}],"version-history":[{"count":4,"href":"https:\/\/blogsaverroes.juntadeandalucia.es\/ceipeduardolucena\/wp-json\/wp\/v2\/pages\/835\/revisions"}],"predecessor-version":[{"id":841,"href":"https:\/\/blogsaverroes.juntadeandalucia.es\/ceipeduardolucena\/wp-json\/wp\/v2\/pages\/835\/revisions\/841"}],"wp:attachment":[{"href":"https:\/\/blogsaverroes.juntadeandalucia.es\/ceipeduardolucena\/wp-json\/wp\/v2\/media?parent=835"}],"curies":[{"name":"wp","href":"https:\/\/api.w.org\/{rel}","templated":true}]}}