{"id":94,"date":"2018-12-11T19:28:20","date_gmt":"2018-12-11T18:28:20","guid":{"rendered":"https:\/\/blogsaverroes.juntadeandalucia.es\/ceipeduardolucena\/?page_id=94"},"modified":"2026-03-04T11:28:34","modified_gmt":"2026-03-04T10:28:34","slug":"datos-del-centro","status":"publish","type":"page","link":"https:\/\/blogsaverroes.juntadeandalucia.es\/ceipeduardolucena\/","title":{"rendered":"Datos del Centro"},"content":{"rendered":"<div>\n<div><span style=\"color: #800000\"><a href=\"https:\/\/blogsaverroes.juntadeandalucia.es\/ceipeduardolucena\/017f76bc8447fd3b84fb9d375eebeddbb8de7e228b_00001\/\"><img loading=\"lazy\" decoding=\"async\" class=\"aligncenter wp-image-372 size-large\" src=\"https:\/\/blogsaverroes.juntadeandalucia.es\/ceipeduardolucena\/files\/2018\/12\/017f76bc8447fd3b84fb9d375eebeddbb8de7e228b_00001-1024x768.jpg\" alt=\"\" width=\"525\" height=\"394\"><\/a><\/span><\/div>\n<div>&nbsp;<\/div>\n<div style=\"text-align: justify\">Nuestro centro est\u00e1 localizado en el barrio de Poniente de C\u00f3rdoba, Avenida Guerrita s\/n. Es un barrio de reciente creaci\u00f3n, la mayor\u00eda de los edificios son m\u00e1s recientes que el colegio, en el que se han instalado j\u00f3venes parejas que son en su mayor\u00eda los padres de nuestros alumnos. Las viviendas son plurifamiliares, predominando las que presentan espacios comunes con equipamientos deportivos y recreativos. Esta configuraci\u00f3n determina a su vez que las relaciones que se establecen entre las familias transciendan la mera vecindad, cre\u00e1ndose v\u00ednculos de amistad que se proyectan a los hijos. A nivel social estas familias pertenecen a una clase social media, media alta, con profesiones liberales y abundante funcionariado. En su gran mayor\u00eda la edad media est\u00e1 dentro del grupo con descendencia en edad escolar que va desde la educaci\u00f3n infantil a los primeros cursos de ense\u00f1anza universitaria. En cuanto a estudios hay un gran n\u00famero con titulaci\u00f3n universitaria lo que de alguna manera se refleja en la importancia que conceden a la educaci\u00f3n de sus hijos.<\/div>\n<div style=\"text-align: justify\">A nivel general nuestro barrio est\u00e1 muy bien equipado. Dispone de una amplia oferta comercial tanto de establecimientos peque\u00f1os como de un gran centro comercial. Las instalaciones deportivas tambi\u00e9n son considerables, dos grandes polideportivos municipales y pistas al aire libre, a las que se deben a\u00f1adir los gimnasios de propiedad privada. En cuanto a espacios de recreo y esparcimiento dispone de algunos con mobiliario de juegos infantiles y un parque m\u00e1s extenso en el l\u00edmite occidental.&nbsp;<\/div>\n<\/div>\n<div style=\"text-align: justify\">El edificio consta de dos plantas en forma de \u00abL\u00bb. En el ala de la derecha, planta baja, se encuentran las 6 aulas de infantil, los servicios de alumnos\/as,sala cambiador y sala de profesores\/as. En el Holl de entrada la Conserjer\u00eda,&nbsp;, Secretar\u00eda , Direcci\u00f3n y Jefatura de Estudios,&nbsp;Ampa y acceso al patio de pistas. En la misma ala en la planta de arriba se encuentran las aulas del Primer Ciclo, los terceros y tambi\u00e9n est\u00e1n los servicios de alumnos\/as, profesores\/as. Si continuamos en la planta baja y nos dirigimos al otro ala (de frente a la entrada) se encuentra una sala de uso m\u00faltiple, aula de Audici\u00f3n y Lenguaje, aula de Pedagog\u00eda Terap\u00e9utica, Biblioteca, Comedor y el Aula Espec\u00edfica. En la misma ala pero arriba se encuentran las aulas de los cuartos y del Tercer Ciclo.<\/div>\n<div>&nbsp;<\/div>\n<div>&nbsp;<\/div>\n<p><iframe loading=\"lazy\" src=\"https:\/\/www.google.com\/maps\/embed?pb=!1m10!1m8!1m3!1d6298.509216576169!2d-4.792438976368927!3d37.87772799238545!3m2!1i1024!2i768!4f13.1!5e0!3m2!1ses!2ses!4v1544612425313\" width=\"400\" height=\"300\" frameborder=\"0\"><\/iframe><\/p>\n<div class=\"embed-container\"><iframe loading=\"lazy\" title=\"Puertas abiertas\" width=\"750\" height=\"422\" src=\"https:\/\/www.youtube.com\/embed\/xLqmsewcSrc?feature=oembed\" frameborder=\"0\" allow=\"accelerometer; autoplay; clipboard-write; encrypted-media; gyroscope; picture-in-picture; web-share\" referrerpolicy=\"strict-origin-when-cross-origin\" allowfullscreen><\/iframe><\/div>\n<p>&nbsp;<\/p>\n<p>&nbsp;<\/p>\n","protected":false},"excerpt":{"rendered":"<p>&nbsp; Nuestro centro est\u00e1 localizado en el barrio de Poniente de C\u00f3rdoba, Avenida Guerrita s\/n. Es un barrio de reciente creaci\u00f3n, la mayor\u00eda de los edificios son m\u00e1s recientes que el colegio, en el que se han instalado j\u00f3venes parejas que son en su mayor\u00eda los padres de nuestros alumnos. Las viviendas son plurifamiliares, predominando &hellip; <\/p>\n<p><a class=\"more-link btn\" href=\"https:\/\/blogsaverroes.juntadeandalucia.es\/ceipeduardolucena\/\">Seguir leyendo<\/a><\/p>\n","protected":false},"author":1459,"featured_media":0,"parent":0,"menu_order":0,"comment_status":"closed","ping_status":"closed","template":"","meta":{"ngg_post_thumbnail":0,"footnotes":""},"aioseo_notices":[],"_links":{"self":[{"href":"https:\/\/blogsaverroes.juntadeandalucia.es\/ceipeduardolucena\/wp-json\/wp\/v2\/pages\/94"}],"collection":[{"href":"https:\/\/blogsaverroes.juntadeandalucia.es\/ceipeduardolucena\/wp-json\/wp\/v2\/pages"}],"about":[{"href":"https:\/\/blogsaverroes.juntadeandalucia.es\/ceipeduardolucena\/wp-json\/wp\/v2\/types\/page"}],"author":[{"embeddable":true,"href":"https:\/\/blogsaverroes.juntadeandalucia.es\/ceipeduardolucena\/wp-json\/wp\/v2\/users\/1459"}],"replies":[{"embeddable":true,"href":"https:\/\/blogsaverroes.juntadeandalucia.es\/ceipeduardolucena\/wp-json\/wp\/v2\/comments?post=94"}],"version-history":[{"count":12,"href":"https:\/\/blogsaverroes.juntadeandalucia.es\/ceipeduardolucena\/wp-json\/wp\/v2\/pages\/94\/revisions"}],"predecessor-version":[{"id":1739,"href":"https:\/\/blogsaverroes.juntadeandalucia.es\/ceipeduardolucena\/wp-json\/wp\/v2\/pages\/94\/revisions\/1739"}],"wp:attachment":[{"href":"https:\/\/blogsaverroes.juntadeandalucia.es\/ceipeduardolucena\/wp-json\/wp\/v2\/media?parent=94"}],"curies":[{"name":"wp","href":"https:\/\/api.w.org\/{rel}","templated":true}]}}