{"id":144,"date":"2015-03-17T07:46:28","date_gmt":"2015-03-17T07:46:28","guid":{"rendered":"http:\/\/blogsaverroes.juntadeandalucia.es\/pre\/ceip\/?page_id=144"},"modified":"2022-01-13T19:26:42","modified_gmt":"2022-01-13T18:26:42","slug":"orientacion","status":"publish","type":"page","link":"https:\/\/blogsaverroes.juntadeandalucia.es\/ceipelalmendralcarmona\/orientacion\/","title":{"rendered":"E.O.E"},"content":{"rendered":"<div class=\"osc-res-tab tabbable   osc-tabs-left\"><div style=\"clear:both;width: 100%;\"><ul class=\"nav osc-res-nav nav-tabs osc-tabs-left-ul\" id=\"oscitas-restabs-1-orientacion-29278\"><li class=\"active\"><a href=\"#ert_pane1-0\" data-toggle=\"tab\"><strong>COMPONENTES<\/strong><\/a><\/li><li class=\"\"><a href=\"#ert_pane1-1\" data-toggle=\"tab\"><strong>PLAN DE TRABAJO<\/strong><\/a><\/li><li class=\"\"><a href=\"#ert_pane1-2\" data-toggle=\"tab\">P\u00e1ginas y Men\u00fas<\/a><\/li><li class=\"\"><a href=\"#ert_pane1-3\" data-toggle=\"tab\">Categor\u00edas y Entradas T<\/a><\/li><\/ul><\/div><div style=\"clear:both;width: 100%;\"><ul class=\"tab-content\" id=\"oscitas-restabcontent-1-orientacion-29278\"><li class=\"tab-pane active\" id=\"ert_pane1-0\"><\/p>\n<p>PODKSFPOAJSDPOJS<\/p>\n<p><\/li><li class=\"tab-pane \" id=\"ert_pane1-1\"><\/p>\n<p>NMCSCPOASPOAOP<\/p>\n<p><\/li><li class=\"tab-pane \" id=\"ert_pane1-2\"><\/p>\n<p>Al iniciar la construcci\u00f3n de un sitio Web, es necesario un proceso de reflexi\u00f3n sobre la informaci\u00f3n que un centro muestra sobre s\u00ed mismo en cuanto a las ense\u00f1anzas que imparte, profesorado, secretar\u00eda, servicios que oferta, ubicaci\u00f3n, etc. Es decir, todo aquello que tiene un car\u00e1cter m\u00e1s o menos general e institucional y que permite al visitante que accede a la Web hacerse una idea del centro, su funcionamiento y sus caracter\u00edsticas principales. Por esta raz\u00f3n, su contenido ser\u00eda fundamentalmente de tipo est\u00e1tico, ya que la informaci\u00f3n no precisar\u00eda de modificaciones continuas, siendo el concepto P\u00e1ginas el formato mas aconsejable para su construcci\u00f3n. Las p\u00e1ginas as\u00ed creadas deben ser organizadas en Men\u00fas coherentes y comprensibles para el visitante de la Web.<\/p>\n<p><\/li><li class=\"tab-pane \" id=\"ert_pane1-3\"><\/p>\n<p>Por otro lado, en todo centro se producen noticias y eventos, asociados a su funcionamiento, cuyo rasgo esencial es el car\u00e1cter din\u00e1mico de la informaci\u00f3n. Para estos contenidos el formato m\u00e1s apropiado es el de Entradas que, organizadas en Categor\u00edas, mantienen a la comunidad educativa informada de la vida del centro y de las actividades, acontecimientos o novedades de inter\u00e9s, posibilitando al mismo tiempo interactuar con los mismos y crear una red social.<\/p>\n<p><\/li><\/ul><\/div><\/div>\n","protected":false},"excerpt":{"rendered":"","protected":false},"author":1,"featured_media":0,"parent":0,"menu_order":0,"comment_status":"closed","ping_status":"open","template":"","meta":{"ngg_post_thumbnail":0,"footnotes":"","_mc_calendar":[]},"aioseo_notices":[],"_links":{"self":[{"href":"https:\/\/blogsaverroes.juntadeandalucia.es\/ceipelalmendralcarmona\/wp-json\/wp\/v2\/pages\/144"}],"collection":[{"href":"https:\/\/blogsaverroes.juntadeandalucia.es\/ceipelalmendralcarmona\/wp-json\/wp\/v2\/pages"}],"about":[{"href":"https:\/\/blogsaverroes.juntadeandalucia.es\/ceipelalmendralcarmona\/wp-json\/wp\/v2\/types\/page"}],"author":[{"embeddable":true,"href":"https:\/\/blogsaverroes.juntadeandalucia.es\/ceipelalmendralcarmona\/wp-json\/wp\/v2\/users\/1"}],"replies":[{"embeddable":true,"href":"https:\/\/blogsaverroes.juntadeandalucia.es\/ceipelalmendralcarmona\/wp-json\/wp\/v2\/comments?post=144"}],"version-history":[{"count":4,"href":"https:\/\/blogsaverroes.juntadeandalucia.es\/ceipelalmendralcarmona\/wp-json\/wp\/v2\/pages\/144\/revisions"}],"predecessor-version":[{"id":6277,"href":"https:\/\/blogsaverroes.juntadeandalucia.es\/ceipelalmendralcarmona\/wp-json\/wp\/v2\/pages\/144\/revisions\/6277"}],"wp:attachment":[{"href":"https:\/\/blogsaverroes.juntadeandalucia.es\/ceipelalmendralcarmona\/wp-json\/wp\/v2\/media?parent=144"}],"curies":[{"name":"wp","href":"https:\/\/api.w.org\/{rel}","templated":true}]}}