{"id":2340,"date":"2016-01-06T14:02:50","date_gmt":"2016-01-06T13:02:50","guid":{"rendered":"http:\/\/blogsaverroes.juntadeandalucia.es\/ceipelalmendralcarmona\/?page_id=2340"},"modified":"2021-09-08T18:31:52","modified_gmt":"2021-09-08T17:31:52","slug":"transporte-escolar","status":"publish","type":"page","link":"https:\/\/blogsaverroes.juntadeandalucia.es\/ceipelalmendralcarmona\/transporte-escolar\/","title":{"rendered":"Transporte escolar"},"content":{"rendered":"<div class=\"osc-res-tab tabbable   osc-tabs-left\"><div style=\"clear:both;width: 100%;\"><ul class=\"nav osc-res-nav nav-tabs osc-tabs-left-ul\" id=\"oscitas-restabs-1-transporte-escolar-31046\"><li class=\"active\"><a href=\"#ert_pane1-0\" data-toggle=\"tab\"><strong>GENERAL<\/strong><\/a><\/li><li class=\"\"><a href=\"#ert_pane1-1\" data-toggle=\"tab\"><strong>REQUISITOS<\/strong><\/a><\/li><li class=\"\"><a href=\"#ert_pane1-2\" data-toggle=\"tab\"><strong>PLAZO DE PRESENTACI\u00d3N \/ IMPRESO<\/strong><\/a><\/li><li class=\"\"><a href=\"#ert_pane1-3\" data-toggle=\"tab\"><strong>PARADAS<\/strong><\/a><\/li><li class=\"\"><a href=\"#ert_pane1-4\" data-toggle=\"tab\"><strong>NORMATIVA<\/strong><\/a><\/li><\/ul><\/div><div style=\"clear:both;width: 100%;\"><ul class=\"tab-content\" id=\"oscitas-restabcontent-1-transporte-escolar-31046\"><li class=\"tab-pane active\" id=\"ert_pane1-0\"><\/p>\n<p style=\"text-align: justify\">La legislaci\u00f3n vigente determina que la prestaci\u00f3n gratuita del servicio complementario de transporte escolar tiene como finalidad garantizar la igualdad de todas las personas en el ejercicio del derecho a la educaci\u00f3n, facilitando el desplazamiento gratuito del alumnado del segundo ciclo de Educaci\u00f3n Infantil, de Educaci\u00f3n Primaria, de Educaci\u00f3n Especial, de Educaci\u00f3n Secundaria Obligatoria, de Bachillerato y de Formaci\u00f3n Profesional Inicial desde su localidad de residencia al Centro docente asignado por la Administraci\u00f3n educativa.<\/p>\n<p style=\"text-align: justify\"><strong>Modalidades:<\/strong><\/p>\n<p style=\"text-align: justify\">La prestaci\u00f3n gratuita del servicio complementario de transporte escolar se realizar\u00e1 en alguna de las siguientes modalidades:<\/p>\n<p style=\"text-align: justify\">a) Mediante la realizaci\u00f3n por una empresa del sector de un servicio de transporte p\u00fablico regular de uso especial de escolares por carretera.<\/p>\n<p style=\"text-align: justify\">b) Mediante la contrataci\u00f3n del servicio a trav\u00e9s de la reserva de plazas en transportes p\u00fablicos regulares de viajeros de uso general o, en su caso, mediante la contrataci\u00f3n inicial conjunta del servicio de transporte escolar y del servicio de transporte regular permanente de viajeros de uso general.<\/p>\n<p style=\"text-align: justify\">c) Mediante la concesi\u00f3n de subvenciones instrumentalizadas a trav\u00e9s de convenios de colaboraci\u00f3n con Corporaciones Locales o con entidades privadas sin fines de lucro.<\/p>\n<p style=\"text-align: center\"><a href=\"https:\/\/blogsaverroes.juntadeandalucia.es\/ceipelalmendralcarmona\/2017\/03\/02\/tablon-de-anuncios-procedimiento-de-admision-20162017\/indice-2\/\" rel=\"attachment wp-att-2594\"><img loading=\"lazy\" decoding=\"async\" class=\"alignnone size-full wp-image-2594\" src=\"https:\/\/blogsaverroes.juntadeandalucia.es\/ceipelalmendralcarmona\/files\/2016\/03\/\u00edndice.jpeg\" alt=\"\" width=\"170\" height=\"200\"><\/a><\/p>\n<p>&nbsp;<\/p>\n<p><\/li><li class=\"tab-pane \" id=\"ert_pane1-1\"><\/p>\n<p style=\"text-align: justify\">Excepcionalmente, cuando el alumnado se encuentre escolarizado en un centro docente de su misma localidad de residencia que presente barreras naturales o artificiales que dificulten gravemente el acceso al mismo o para atender necesidades urgentes de escolarizaci\u00f3n con car\u00e1cter excepcional y transitorio. La prestaci\u00f3n del servicio se mantendr\u00e1n mientras persistan las circunstancias que aconsejaron la adopci\u00f3n de la medida.<\/p>\n<p style=\"text-align: justify\">El alumnado del segundo ciclo de Educaci\u00f3n Infantil, de Educaci\u00f3n Primaria, de ESO, de Bachillerato y de Formaci\u00f3n Profesional Inicial que est\u00e9 obligado a desplazarse fuera de su localidad de residencia, por inexistencia en la misma de la etapa educativa correspondiente o que resida en n\u00facleos dispersos de poblaci\u00f3n o en edificaciones diseminadas.<\/p>\n<p style=\"text-align: justify\">El alumnado escolarizado en un centro espec\u00edfico de educaci\u00f3n especial ubicado en la misma o distinta localidad de la del domicilio familiar, cuando las necesidades derivadas de su discapacidad dificulten su desplazamiento al centro, de acuerdo con lo que establezca el dictamen de escolarizaci\u00f3n.<\/p>\n<p>&nbsp;<\/p>\n<p><\/li><li class=\"tab-pane \" id=\"ert_pane1-2\"><\/p>\n<p><strong>El plazo de presentaci\u00f3n de la solicitud de servicios complementario de transporte escolar ser\u00e1 el mismo que el per\u00edodo establecido para la matriculaci\u00f3n o admisi\u00f3n del alumnado<\/strong> (seg\u00fan cada caso).<\/p>\n<p style=\"text-align: center\"><span style=\"text-decoration: underline;font-size: 18pt;color: #339966\"><strong>IMPRESO DE SOLICITUD<\/strong><\/span><\/p>\n<p>https:\/\/blogsaverroes.juntadeandalucia.es\/ceipelalmendralcarmona\/files\/2021\/09\/transporte_rellenable.pdf<\/p>\n<p>&nbsp;<\/p>\n<p><\/li><li class=\"tab-pane \" id=\"ert_pane1-3\"><\/p>\n<p>https:\/\/blogsaverroes.juntadeandalucia.es\/ceipelalmendralcarmona\/files\/2021\/09\/PARADAS_TRANSPORTE_21_22_2.pdf<\/p>\n<p>&nbsp;<\/p>\n<p>&nbsp;<\/p>\n<p><\/li><li class=\"tab-pane \" id=\"ert_pane1-4\"><\/p>\n<p>Pulsa sobre este enlace para acceder a la legislaci\u00f3n actualizada sobre el servicio complementario de transporte escolar alojada en la web de Consejer\u00eda de Educaci\u00f3n.<\/p>\n<p style=\"text-align: center\"><a href=\"https:\/\/www.juntadeandalucia.es\/servicios\/procedimientos\/detalle\/4997.html#toc-normativa\" target=\"_blank\" rel=\"noopener noreferrer\"><strong>NORMATIVA WEB CONSEJER\u00cdA DE EDUCACI\u00d3N<\/strong><\/a><\/p>\n<p><a href=\"http:\/\/blogsaverroes.juntadeandalucia.es\/ceipelalmendralcarmona\/files\/2016\/01\/bus.jpg\"><img loading=\"lazy\" decoding=\"async\" class=\"size-medium wp-image-2369 aligncenter\" src=\"http:\/\/blogsaverroes.juntadeandalucia.es\/ceipelalmendralcarmona\/files\/2016\/01\/bus-300x214.jpg\" alt=\"bus\" width=\"300\" height=\"214\" srcset=\"https:\/\/blogsaverroes.juntadeandalucia.es\/ceipelalmendralcarmona\/files\/2016\/01\/bus-300x214.jpg 300w, https:\/\/blogsaverroes.juntadeandalucia.es\/ceipelalmendralcarmona\/files\/2016\/01\/bus.jpg 470w\" sizes=\"(max-width: 300px) 100vw, 300px\" \/><\/a><\/p>\n<p>&nbsp;<\/p>\n<p><\/li><\/ul><\/div><\/div>\n<p>&nbsp;<\/p>\n<h1 style=\"text-align: center\">&nbsp;<a href=\"http:\/\/blogsaverroes.juntadeandalucia.es\/ceipelalmendralcarmona\/files\/2014\/12\/autobus.png\"><img loading=\"lazy\" decoding=\"async\" class=\"alignnone wp-image-534 size-medium\" src=\"http:\/\/blogsaverroes.juntadeandalucia.es\/ceipelalmendralcarmona\/files\/2014\/12\/autobus-300x215.png\" alt=\"autobus\" width=\"300\" height=\"215\" srcset=\"https:\/\/blogsaverroes.juntadeandalucia.es\/ceipelalmendralcarmona\/files\/2014\/12\/autobus-300x215.png 300w, https:\/\/blogsaverroes.juntadeandalucia.es\/ceipelalmendralcarmona\/files\/2014\/12\/autobus-1024x736.png 1024w, https:\/\/blogsaverroes.juntadeandalucia.es\/ceipelalmendralcarmona\/files\/2014\/12\/autobus.png 1280w\" sizes=\"(max-width: 300px) 100vw, 300px\" \/><\/a><\/h1>\n","protected":false},"excerpt":{"rendered":"<p>&nbsp; &nbsp;<\/p>\n","protected":false},"author":2517,"featured_media":0,"parent":0,"menu_order":0,"comment_status":"open","ping_status":"open","template":"","meta":{"ngg_post_thumbnail":0,"footnotes":"","_mc_calendar":[]},"aioseo_notices":[],"_links":{"self":[{"href":"https:\/\/blogsaverroes.juntadeandalucia.es\/ceipelalmendralcarmona\/wp-json\/wp\/v2\/pages\/2340"}],"collection":[{"href":"https:\/\/blogsaverroes.juntadeandalucia.es\/ceipelalmendralcarmona\/wp-json\/wp\/v2\/pages"}],"about":[{"href":"https:\/\/blogsaverroes.juntadeandalucia.es\/ceipelalmendralcarmona\/wp-json\/wp\/v2\/types\/page"}],"author":[{"embeddable":true,"href":"https:\/\/blogsaverroes.juntadeandalucia.es\/ceipelalmendralcarmona\/wp-json\/wp\/v2\/users\/2517"}],"replies":[{"embeddable":true,"href":"https:\/\/blogsaverroes.juntadeandalucia.es\/ceipelalmendralcarmona\/wp-json\/wp\/v2\/comments?post=2340"}],"version-history":[{"count":14,"href":"https:\/\/blogsaverroes.juntadeandalucia.es\/ceipelalmendralcarmona\/wp-json\/wp\/v2\/pages\/2340\/revisions"}],"predecessor-version":[{"id":5569,"href":"https:\/\/blogsaverroes.juntadeandalucia.es\/ceipelalmendralcarmona\/wp-json\/wp\/v2\/pages\/2340\/revisions\/5569"}],"wp:attachment":[{"href":"https:\/\/blogsaverroes.juntadeandalucia.es\/ceipelalmendralcarmona\/wp-json\/wp\/v2\/media?parent=2340"}],"curies":[{"name":"wp","href":"https:\/\/api.w.org\/{rel}","templated":true}]}}