{"id":2426,"date":"2016-01-08T13:07:48","date_gmt":"2016-01-08T12:07:48","guid":{"rendered":"http:\/\/blogsaverroes.juntadeandalucia.es\/ceipelalmendralcarmona\/?page_id=2426"},"modified":"2025-01-06T13:03:08","modified_gmt":"2025-01-06T12:03:08","slug":"consejo-escolar","status":"publish","type":"page","link":"https:\/\/blogsaverroes.juntadeandalucia.es\/ceipelalmendralcarmona\/consejo-escolar\/","title":{"rendered":"Consejo Escolar"},"content":{"rendered":"<table style=\"background-color: #e1f25c\" border=\"3\" cellpadding=\"2\">\n<tbody>\n<tr style=\"height: 28px\">\n<td style=\"height: 28px\" colspan=\"3\"><img decoding=\"async\" class=\" aligncenter\" src=\"http:\/\/www.juntadeandalucia.es\/averroes\/elalmendral\/centro\/consejoesc.gif\" alt=\"\"><\/td>\n<\/tr>\n<tr style=\"height: 78px\" align=\"center\">\n<td style=\"height: 78px\" colspan=\"3\"><img decoding=\"async\" src=\"http:\/\/www.juntadeandalucia.es\/averroes\/elalmendral\/centro\/consejoescomp.gif\" alt=\"\"><\/p>\n<h3><strong><big>2024\/2025<\/big><\/strong><\/h3>\n<\/td>\n<\/tr>\n<tr style=\"height: 38px\" align=\"center\">\n<td style=\"height: 38px\" colspan=\"3\">\n<h3><strong><big>EQUIPO DIRECTIVO<\/big><\/strong><\/h3>\n<\/td>\n<\/tr>\n<tr style=\"height: 93px\">\n<td style=\"height: 93px\"><img decoding=\"async\" src=\"http:\/\/www.juntadeandalucia.es\/averroes\/elalmendral\/centro\/boton_3.gif\" alt=\"\"><small><strong>Directora<\/strong><br \/>\n<\/small><\/td>\n<td style=\"height: 93px\"><strong>Inmaculada Acal Cabello<\/strong><\/td>\n<td style=\"text-align: center;height: 280px\" rowspan=\"3\"><a href=\"http:\/\/blogsaverroes.juntadeandalucia.es\/ceipelalmendralcarmona\/files\/2015\/12\/abstracto_3.jpg\"><img loading=\"lazy\" decoding=\"async\" class=\"alignnone size-medium wp-image-2175\" src=\"http:\/\/blogsaverroes.juntadeandalucia.es\/ceipelalmendralcarmona\/files\/2015\/12\/abstracto_3-300x225.jpg\" alt=\"abstracto_3\" width=\"300\" height=\"225\" srcset=\"https:\/\/blogsaverroes.juntadeandalucia.es\/ceipelalmendralcarmona\/files\/2015\/12\/abstracto_3-300x225.jpg 300w, https:\/\/blogsaverroes.juntadeandalucia.es\/ceipelalmendralcarmona\/files\/2015\/12\/abstracto_3.jpg 620w\" sizes=\"(max-width: 300px) 100vw, 300px\" \/><\/a><\/td>\n<\/tr>\n<tr style=\"height: 93px\">\n<td style=\"height: 93px\"><img decoding=\"async\" src=\"http:\/\/www.juntadeandalucia.es\/averroes\/elalmendral\/centro\/boton_3.gif\" alt=\"\"><small><strong>Jefa de Estudios<\/strong><br \/>\n<\/small><\/td>\n<td style=\"height: 93px\"><strong>Roc\u00edo Toral Pe\u00f1a<\/strong><\/td>\n<\/tr>\n<tr style=\"height: 94px\">\n<td style=\"height: 94px\"><img decoding=\"async\" src=\"http:\/\/www.juntadeandalucia.es\/averroes\/elalmendral\/centro\/boton_3.gif\" alt=\"\"><small><strong>Secretaria<\/strong><br \/>\n<\/small><\/td>\n<td style=\"height: 94px\"><strong>Antonia Buiza Barrera<\/strong><\/td>\n<\/tr>\n<tr style=\"height: 38px\" align=\"center\">\n<td style=\"height: 38px\" colspan=\"3\">\n<h3><strong><big>SECTOR PROFESORADO<\/big><\/strong><\/h3>\n<\/td>\n<\/tr>\n<tr style=\"height: 26px\">\n<td style=\"height: 26px\" colspan=\"2\"><img decoding=\"async\" src=\"http:\/\/www.juntadeandalucia.es\/averroes\/elalmendral\/centro\/boton_3.gif\" alt=\"\"> <strong>Manuela Belloso Reyes<\/strong><\/td>\n<td style=\"text-align: center;height: 210px\" rowspan=\"8\"><strong style=\"line-height: 1.6\"><a href=\"http:\/\/blogsaverroes.juntadeandalucia.es\/ceipelalmendralcarmona\/files\/2015\/12\/abstracto_5.jpg\"><img loading=\"lazy\" decoding=\"async\" class=\"alignnone wp-image-2173\" src=\"http:\/\/blogsaverroes.juntadeandalucia.es\/ceipelalmendralcarmona\/files\/2015\/12\/abstracto_5-225x300.jpg\" alt=\"abstracto_5\" width=\"294\" height=\"392\" srcset=\"https:\/\/blogsaverroes.juntadeandalucia.es\/ceipelalmendralcarmona\/files\/2015\/12\/abstracto_5-225x300.jpg 225w, https:\/\/blogsaverroes.juntadeandalucia.es\/ceipelalmendralcarmona\/files\/2015\/12\/abstracto_5.jpg 620w\" sizes=\"(max-width: 294px) 100vw, 294px\" \/><\/a><\/strong><\/td>\n<\/tr>\n<tr style=\"height: 26px\">\n<td style=\"height: 26px\" colspan=\"2\"><img decoding=\"async\" src=\"http:\/\/www.juntadeandalucia.es\/averroes\/elalmendral\/centro\/boton_3.gif\" alt=\"\"><strong> Laura Casta\u00f1eda Fern\u00e1ndez<\/strong><span style=\"font-size: 12pt\"><strong><br \/>\n<\/strong><\/span><\/td>\n<\/tr>\n<tr style=\"height: 26px\">\n<td style=\"height: 26px\" colspan=\"2\"><img decoding=\"async\" src=\"http:\/\/www.juntadeandalucia.es\/averroes\/elalmendral\/centro\/boton_3.gif\" alt=\"\"><strong>Gabriel C\u00e9sar D\u00edaz de la Fuente Amor<\/strong><span style=\"font-size: 12pt\"><strong><br \/>\n<\/strong><\/span><\/td>\n<\/tr>\n<tr style=\"height: 26px\">\n<td style=\"height: 26px\" colspan=\"2\"><img decoding=\"async\" src=\"http:\/\/www.juntadeandalucia.es\/averroes\/elalmendral\/centro\/boton_3.gif\" alt=\"\"> <strong>Francisco Javier Fern\u00e1ndez Caraballo<\/strong><strong><br \/>\n<\/strong><\/td>\n<\/tr>\n<tr style=\"height: 26px\">\n<td style=\"height: 26px\" colspan=\"2\"><img decoding=\"async\" class=\"\" src=\"http:\/\/www.juntadeandalucia.es\/averroes\/elalmendral\/centro\/boton_3.gif\" alt=\"\"><strong> Antonio David Gamero Delgado<br \/>\n<\/strong><\/td>\n<\/tr>\n<tr style=\"height: 26px\">\n<td style=\"height: 26px\" colspan=\"2\"><span style=\"font-size: 10pt\"><img decoding=\"async\" src=\"http:\/\/www.juntadeandalucia.es\/averroes\/elalmendral\/centro\/boton_3.gif\" alt=\"\"> <strong>Mar\u00eda Garc\u00eda Sanz<\/strong><\/span><strong><br \/>\n<\/strong><\/td>\n<\/tr>\n<tr style=\"height: 28px\">\n<td style=\"height: 28px\" colspan=\"2\"><img decoding=\"async\" src=\"http:\/\/www.juntadeandalucia.es\/averroes\/elalmendral\/centro\/boton_3.gif\" alt=\"\"> <strong>Eduardo Jos\u00e9 Mu\u00f1oz Conejero<\/strong><span style=\"font-size: 12pt\"><strong><br \/>\n<\/strong><\/span><\/td>\n<\/tr>\n<tr style=\"height: 26px\">\n<td style=\"height: 26px\" colspan=\"2\"><img decoding=\"async\" src=\"http:\/\/www.juntadeandalucia.es\/averroes\/elalmendral\/centro\/boton_3.gif\" alt=\"\"><strong> Esther Rodr\u00edguez Santos<\/strong><\/td>\n<\/tr>\n<tr style=\"height: 38px\">\n<td style=\"height: 38px\" colspan=\"3\">\n<h3 style=\"text-align: center\"><strong><big>SECTOR MADRES\/PADRES<\/big><\/strong><\/h3>\n<\/td>\n<\/tr>\n<tr style=\"height: 33px\">\n<td style=\"height: 33px\" colspan=\"2\"><img decoding=\"async\" src=\"http:\/\/www.juntadeandalucia.es\/averroes\/elalmendral\/centro\/boton_3.gif\" alt=\"\"> <strong>Marco Antonio Cadena Ajenjo<\/strong><b><br \/>\n<\/b><\/td>\n<td style=\"text-align: center;height: 261px\" rowspan=\"6\"><small><br \/>\n<\/small><small><br \/>\n<\/small><a href=\"http:\/\/blogsaverroes.juntadeandalucia.es\/ceipelalmendralcarmona\/files\/2015\/12\/abstracto_2.jpg\"><img loading=\"lazy\" decoding=\"async\" class=\"alignnone size-medium wp-image-2176\" src=\"http:\/\/blogsaverroes.juntadeandalucia.es\/ceipelalmendralcarmona\/files\/2015\/12\/abstracto_2-300x225.jpg\" alt=\"abstracto_2\" width=\"300\" height=\"225\" srcset=\"https:\/\/blogsaverroes.juntadeandalucia.es\/ceipelalmendralcarmona\/files\/2015\/12\/abstracto_2-300x225.jpg 300w, https:\/\/blogsaverroes.juntadeandalucia.es\/ceipelalmendralcarmona\/files\/2015\/12\/abstracto_2.jpg 620w\" sizes=\"(max-width: 300px) 100vw, 300px\" \/><\/a><br \/>\n<small><br \/>\n<\/small><\/td>\n<\/tr>\n<tr style=\"height: 32px\">\n<td style=\"height: 32px\" colspan=\"2\"><img decoding=\"async\" src=\"http:\/\/www.juntadeandalucia.es\/averroes\/elalmendral\/centro\/boton_3.gif\" alt=\"\"><strong> Salud Castej\u00f3n Garc\u00eda<br \/>\n<\/strong><\/td>\n<\/tr>\n<tr style=\"height: 33px\">\n<td style=\"height: 33px\" colspan=\"2\">&nbsp;<strong>Elena M\u00aa Falc\u00f3n Rodr\u00edguez<\/strong><\/td>\n<\/tr>\n<tr style=\"height: 32px\">\n<td style=\"height: 32px\" colspan=\"2\"><img decoding=\"async\" src=\"http:\/\/www.juntadeandalucia.es\/averroes\/elalmendral\/centro\/boton_3.gif\" alt=\"\"><strong> Inmaculada Falc\u00f3n Rodr\u00edguez<br \/>\n<\/strong><\/td>\n<\/tr>\n<tr style=\"height: 33px\">\n<td style=\"height: 33px\" colspan=\"2\"><img decoding=\"async\" src=\"http:\/\/www.juntadeandalucia.es\/averroes\/elalmendral\/centro\/boton_3.gif\" alt=\"\">&nbsp; <img decoding=\"async\" src=\"http:\/\/www.juntadeandalucia.es\/averroes\/elalmendral\/centro\/boton_3.gif\" alt=\"\"> <strong>M\u00aa Carmen Jim\u00e9nez Garrido<\/strong><strong><br \/>\n<\/strong><\/td>\n<\/tr>\n<tr style=\"height: 33px\">\n<td style=\"height: 33px\" colspan=\"2\"><img decoding=\"async\" src=\"http:\/\/www.juntadeandalucia.es\/averroes\/elalmendral\/centro\/boton_3.gif\" alt=\"\"> <strong> Trinidad Maqueda Rosendo<\/strong><span style=\"font-size: 12pt\"><strong><br \/>\n<\/strong><\/span><\/td>\n<\/tr>\n<tr>\n<td colspan=\"2\"><strong>&nbsp;M\u00aa Carmen N\u00fa\u00f1ez Nogales<\/strong><\/td>\n<td style=\"text-align: center\">&nbsp;<\/td>\n<\/tr>\n<tr>\n<td colspan=\"2\"><strong>M\u00f3nica Sanrom\u00e1n Gavira<\/strong><br \/>\n<strong>&nbsp;<\/strong><\/td>\n<td style=\"text-align: center\">&nbsp;<\/td>\n<\/tr>\n<tr style=\"height: 38px\" align=\"center\">\n<td style=\"height: 38px\" colspan=\"3\">\n<h3><strong><big>REPRESENTACI\u00d3N AMPA<\/big><\/strong><\/h3>\n<\/td>\n<\/tr>\n<tr style=\"height: 314px\">\n<td style=\"height: 314px\" colspan=\"2\"><small><img decoding=\"async\" src=\"http:\/\/www.juntadeandalucia.es\/averroes\/elalmendral\/centro\/boton_3.gif\" alt=\"\"><\/small><span style=\"font-size: 12pt\"><strong><small> Macarena Pulido P\u00e9rez<\/small><span style=\"line-height: 22.3999996185303px\"><br \/>\n<\/span><\/strong><\/span><\/td>\n<td style=\"text-align: center;height: 314px\"><small><a href=\"http:\/\/blogsaverroes.juntadeandalucia.es\/ceipelalmendralcarmona\/files\/2015\/03\/portada_graphene.jpg\"><img loading=\"lazy\" decoding=\"async\" class=\"alignnone size-medium wp-image-130\" src=\"http:\/\/blogsaverroes.juntadeandalucia.es\/ceipelalmendralcarmona\/files\/2015\/03\/portada_graphene-300x42.jpg\" alt=\"portada_graphene\" width=\"300\" height=\"42\" srcset=\"https:\/\/blogsaverroes.juntadeandalucia.es\/ceipelalmendralcarmona\/files\/2015\/03\/portada_graphene-300x42.jpg 300w, https:\/\/blogsaverroes.juntadeandalucia.es\/ceipelalmendralcarmona\/files\/2015\/03\/portada_graphene-1024x144.jpg 1024w, https:\/\/blogsaverroes.juntadeandalucia.es\/ceipelalmendralcarmona\/files\/2015\/03\/portada_graphene.jpg 1140w\" sizes=\"(max-width: 300px) 100vw, 300px\" \/><\/a><br \/>\n<\/small><\/td>\n<\/tr>\n<tr style=\"height: 38px\" align=\"center\">\n<td style=\"height: 38px\" colspan=\"3\">\n<h3><strong><big>REPRESENTACI\u00d3N DEL AYUNTAMIENTO<\/big><\/strong><\/h3>\n<\/td>\n<\/tr>\n<tr style=\"height: 314px\">\n<td style=\"height: 314px\" colspan=\"2\"><small><span style=\"font-size: 10pt\"><img decoding=\"async\" src=\"http:\/\/www.juntadeandalucia.es\/averroes\/elalmendral\/centro\/boton_3.gif\" alt=\"\"> <strong>Juan Carlos Ramos Romo<\/strong><\/span><span style=\"font-size: 12pt\"><b><br \/>\n<\/b><\/span><\/small><\/td>\n<td style=\"text-align: center;height: 314px\"><small><a href=\"http:\/\/blogsaverroes.juntadeandalucia.es\/ceipelalmendralcarmona\/files\/2015\/03\/cabecera.jpg\"><img loading=\"lazy\" decoding=\"async\" class=\"alignnone size-medium wp-image-66\" src=\"http:\/\/blogsaverroes.juntadeandalucia.es\/ceipelalmendralcarmona\/files\/2015\/03\/cabecera-300x37.jpg\" alt=\"cabecera\" width=\"300\" height=\"37\" srcset=\"https:\/\/blogsaverroes.juntadeandalucia.es\/ceipelalmendralcarmona\/files\/2015\/03\/cabecera-300x37.jpg 300w, https:\/\/blogsaverroes.juntadeandalucia.es\/ceipelalmendralcarmona\/files\/2015\/03\/cabecera-1024x126.jpg 1024w, https:\/\/blogsaverroes.juntadeandalucia.es\/ceipelalmendralcarmona\/files\/2015\/03\/cabecera.jpg 1140w\" sizes=\"(max-width: 300px) 100vw, 300px\" \/><\/a><br \/>\n<\/small><\/td>\n<\/tr>\n<tr style=\"height: 38px\" align=\"center\">\n<td style=\"height: 38px\" colspan=\"3\">\n<h3><strong><big>PERSONAL&nbsp; DE&nbsp;<\/big><big>ADMINISTRACI\u00d3N Y SERVICIOS<\/big><\/strong><\/h3>\n<\/td>\n<\/tr>\n<tr style=\"height: 26px\">\n<td style=\"height: 26px\" colspan=\"2\"><small><img decoding=\"async\" src=\"http:\/\/www.juntadeandalucia.es\/averroes\/elalmendral\/centro\/boton_3.gif\" alt=\"\"><\/small><small>&nbsp;<strong>Sin representaci\u00f3n<\/strong><\/small><\/td>\n<td style=\"height: 26px\"><small>&nbsp;<\/small><\/td>\n<\/tr>\n<\/tbody>\n<\/table>\n<p>&nbsp;<\/p>\n<p>&nbsp;<\/p>\n","protected":false},"excerpt":{"rendered":"<p>2024\/2025 EQUIPO DIRECTIVO Directora Inmaculada Acal Cabello Jefa de Estudios Roc\u00edo Toral Pe\u00f1a Secretaria Antonia Buiza Barrera SECTOR PROFESORADO Manuela Belloso Reyes Laura Casta\u00f1eda Fern\u00e1ndez Gabriel C\u00e9sar D\u00edaz de la Fuente Amor Francisco Javier Fern\u00e1ndez Caraballo Antonio David Gamero Delgado Mar\u00eda Garc\u00eda Sanz Eduardo Jos\u00e9 Mu\u00f1oz Conejero Esther Rodr\u00edguez Santos SECTOR MADRES\/PADRES Marco Antonio Cadena &hellip; <\/p>\n<p><a class=\"more-link btn\" href=\"https:\/\/blogsaverroes.juntadeandalucia.es\/ceipelalmendralcarmona\/consejo-escolar\/\">Seguir leyendo<\/a><\/p>\n","protected":false},"author":2517,"featured_media":0,"parent":0,"menu_order":0,"comment_status":"open","ping_status":"open","template":"","meta":{"ngg_post_thumbnail":0,"footnotes":"","_mc_calendar":[]},"aioseo_notices":[],"_links":{"self":[{"href":"https:\/\/blogsaverroes.juntadeandalucia.es\/ceipelalmendralcarmona\/wp-json\/wp\/v2\/pages\/2426"}],"collection":[{"href":"https:\/\/blogsaverroes.juntadeandalucia.es\/ceipelalmendralcarmona\/wp-json\/wp\/v2\/pages"}],"about":[{"href":"https:\/\/blogsaverroes.juntadeandalucia.es\/ceipelalmendralcarmona\/wp-json\/wp\/v2\/types\/page"}],"author":[{"embeddable":true,"href":"https:\/\/blogsaverroes.juntadeandalucia.es\/ceipelalmendralcarmona\/wp-json\/wp\/v2\/users\/2517"}],"replies":[{"embeddable":true,"href":"https:\/\/blogsaverroes.juntadeandalucia.es\/ceipelalmendralcarmona\/wp-json\/wp\/v2\/comments?post=2426"}],"version-history":[{"count":12,"href":"https:\/\/blogsaverroes.juntadeandalucia.es\/ceipelalmendralcarmona\/wp-json\/wp\/v2\/pages\/2426\/revisions"}],"predecessor-version":[{"id":8314,"href":"https:\/\/blogsaverroes.juntadeandalucia.es\/ceipelalmendralcarmona\/wp-json\/wp\/v2\/pages\/2426\/revisions\/8314"}],"wp:attachment":[{"href":"https:\/\/blogsaverroes.juntadeandalucia.es\/ceipelalmendralcarmona\/wp-json\/wp\/v2\/media?parent=2426"}],"curies":[{"name":"wp","href":"https:\/\/api.w.org\/{rel}","templated":true}]}}